{"id":22311,"date":"2024-04-11T16:31:06","date_gmt":"2024-04-11T14:31:06","guid":{"rendered":"https:\/\/puurexloo.nl\/?page_id=22311"},"modified":"2024-11-07T11:59:58","modified_gmt":"2024-11-07T10:59:58","slug":"blumenstraeusse-und-dekorationen","status":"publish","type":"page","link":"https:\/\/puurexloo.nl\/de\/onlineshop\/blumenstraeusse-und-dekorationen\/","title":{"rendered":"Blumenstr\u00e4u\u00dfe und Dekorationen"},"content":{"rendered":"\t\t<div data-elementor-type=\"wp-page\" data-elementor-id=\"22311\" class=\"elementor elementor-22311\" data-elementor-post-type=\"page\">\n\t\t\t\t\t\t<section class=\"elementor-section elementor-top-section elementor-element elementor-element-dbd4476 elementor-section-boxed elementor-section-height-default elementor-section-height-default\" data-id=\"dbd4476\" data-element_type=\"section\">\n\t\t\t\t\t\t<div class=\"elementor-container elementor-column-gap-default\">\n\t\t\t\t\t<div class=\"elementor-column elementor-col-100 elementor-top-column elementor-element elementor-element-19b092c\" data-id=\"19b092c\" data-element_type=\"column\">\n\t\t\t<div class=\"elementor-widget-wrap elementor-element-populated\">\n\t\t\t\t\t\t<div class=\"elementor-element elementor-element-2a58271 elementor-widget elementor-widget-global elementor-global-22316 elementor-widget-heading\" data-id=\"2a58271\" data-element_type=\"widget\" data-widget_type=\"heading.default\">\n\t\t\t\t<div class=\"elementor-widget-container\">\n\t\t\t\t\t<h2 class=\"elementor-heading-title elementor-size-default\">Jetzt bestellen bei<\/h2>\t\t\t\t<\/div>\n\t\t\t\t<\/div>\n\t\t\t\t<section class=\"elementor-section elementor-inner-section elementor-element elementor-element-3045d91 elementor-section-boxed elementor-section-height-default elementor-section-height-default\" data-id=\"3045d91\" data-element_type=\"section\">\n\t\t\t\t\t\t<div class=\"elementor-container elementor-column-gap-default\">\n\t\t\t\t\t<div class=\"elementor-column elementor-col-33 elementor-inner-column elementor-element elementor-element-ecc2da3\" data-id=\"ecc2da3\" data-element_type=\"column\">\n\t\t\t<div class=\"elementor-widget-wrap elementor-element-populated\">\n\t\t\t\t\t\t<div class=\"elementor-element elementor-element-35d846c elementor-widget elementor-widget-image\" data-id=\"35d846c\" data-element_type=\"widget\" data-widget_type=\"image.default\">\n\t\t\t\t<div class=\"elementor-widget-container\">\n\t\t\t\t\t\t\t\t\t\t\t\t\t\t\t<img fetchpriority=\"high\" decoding=\"async\" width=\"1024\" height=\"1024\" src=\"https:\/\/puurexloo.nl\/wp-content\/uploads\/2022\/03\/debloemerie-logo.jpg\" class=\"attachment-large size-large wp-image-4964\" alt=\"\" srcset=\"https:\/\/puurexloo.nl\/wp-content\/uploads\/2022\/03\/debloemerie-logo.jpg 1024w, https:\/\/puurexloo.nl\/wp-content\/uploads\/2022\/03\/debloemerie-logo-768x768.jpg 768w, https:\/\/puurexloo.nl\/wp-content\/uploads\/2022\/03\/debloemerie-logo-300x300.jpg 300w, https:\/\/puurexloo.nl\/wp-content\/uploads\/2022\/03\/debloemerie-logo-600x600.jpg 600w, https:\/\/puurexloo.nl\/wp-content\/uploads\/2022\/03\/debloemerie-logo-100x100.jpg 100w\" sizes=\"(max-width: 1024px) 100vw, 1024px\" \/>\t\t\t\t\t\t\t\t\t\t\t\t\t\t\t<\/div>\n\t\t\t\t<\/div>\n\t\t\t\t\t<\/div>\n\t\t<\/div>\n\t\t\t\t<div class=\"elementor-column elementor-col-66 elementor-inner-column elementor-element elementor-element-8f4007e\" data-id=\"8f4007e\" data-element_type=\"column\">\n\t\t\t<div class=\"elementor-widget-wrap elementor-element-populated\">\n\t\t\t\t\t\t<div class=\"elementor-element elementor-element-93c3e3a elementor-widget elementor-widget-text-editor\" data-id=\"93c3e3a\" data-element_type=\"widget\" data-widget_type=\"text-editor.default\">\n\t\t\t\t<div class=\"elementor-widget-container\">\n\t\t\t\t\t\t\t\t\t<p>Bei <strong>De Bloemerie<\/strong> in Exloo kannst du wundersch\u00f6ne Blumenstr\u00e4u\u00dfe in verschiedenen Gr\u00f6\u00dfen bestellen. Je nach Jahreszeit k\u00f6nnen die Blumen variieren.<\/p><p>Bei Fragen oder f\u00fcr n\u00e4here Informationen ist <strong>De Bloemerie<\/strong> telefonisch unter <strong><em>+31 (0)591 &#8211; 548336<\/em><\/strong> oder per E-Mail <strong>(<em>info@debloemerie-exloo.nl) <\/em><\/strong>erreichbar.<\/p>\t\t\t\t\t\t\t\t<\/div>\n\t\t\t\t<\/div>\n\t\t\t\t\t<\/div>\n\t\t<\/div>\n\t\t\t\t\t<\/div>\n\t\t<\/section>\n\t\t\t\t\t<\/div>\n\t\t<\/div>\n\t\t\t\t\t<\/div>\n\t\t<\/section>\n\t\t\t\t<\/div>\n\t\t","protected":false},"excerpt":{"rendered":"<p>Jetzt bestellen bei Bei De Bloemerie in Exloo kannst du wundersch\u00f6ne Blumenstr\u00e4u\u00dfe in verschiedenen Gr\u00f6\u00dfen bestellen. Je nach Jahreszeit k\u00f6nnen die Blumen variieren. Bei Fragen oder f\u00fcr n\u00e4here Informationen ist De Bloemerie telefonisch unter +31 (0)591 &#8211; 548336 oder per E-Mail (info@debloemerie-exloo.nl) erreichbar.<\/p>\n","protected":false},"author":27,"featured_media":0,"parent":22117,"menu_order":0,"comment_status":"closed","ping_status":"closed","template":"","meta":{"footnotes":""},"class_list":["post-22311","page","type-page","status-publish","hentry"],"_links":{"self":[{"href":"https:\/\/puurexloo.nl\/de\/wp-json\/wp\/v2\/pages\/22311","targetHints":{"allow":["GET"]}}],"collection":[{"href":"https:\/\/puurexloo.nl\/de\/wp-json\/wp\/v2\/pages"}],"about":[{"href":"https:\/\/puurexloo.nl\/de\/wp-json\/wp\/v2\/types\/page"}],"author":[{"embeddable":true,"href":"https:\/\/puurexloo.nl\/de\/wp-json\/wp\/v2\/users\/27"}],"replies":[{"embeddable":true,"href":"https:\/\/puurexloo.nl\/de\/wp-json\/wp\/v2\/comments?post=22311"}],"version-history":[{"count":22,"href":"https:\/\/puurexloo.nl\/de\/wp-json\/wp\/v2\/pages\/22311\/revisions"}],"predecessor-version":[{"id":30974,"href":"https:\/\/puurexloo.nl\/de\/wp-json\/wp\/v2\/pages\/22311\/revisions\/30974"}],"up":[{"embeddable":true,"href":"https:\/\/puurexloo.nl\/de\/wp-json\/wp\/v2\/pages\/22117"}],"wp:attachment":[{"href":"https:\/\/puurexloo.nl\/de\/wp-json\/wp\/v2\/media?parent=22311"}],"curies":[{"name":"wp","href":"https:\/\/api.w.org\/{rel}","templated":true}]}}