{"id":22357,"date":"2024-04-12T11:23:57","date_gmt":"2024-04-12T09:23:57","guid":{"rendered":"https:\/\/puurexloo.nl\/?page_id=22357"},"modified":"2024-10-25T14:09:57","modified_gmt":"2024-10-25T12:09:57","slug":"fahrraeder-reservieren","status":"publish","type":"page","link":"https:\/\/puurexloo.nl\/de\/onlineshop\/fahrraeder-reservieren\/","title":{"rendered":"Fahrr\u00e4der reservieren"},"content":{"rendered":"\t\t<div data-elementor-type=\"wp-page\" data-elementor-id=\"22357\" class=\"elementor elementor-22357 elementor-12753\" data-elementor-post-type=\"page\">\n\t\t\t\t\t\t<section class=\"elementor-section elementor-top-section elementor-element elementor-element-7ff67d35 elementor-section-boxed elementor-section-height-default elementor-section-height-default\" data-id=\"7ff67d35\" data-element_type=\"section\">\n\t\t\t\t\t\t<div class=\"elementor-container elementor-column-gap-default\">\n\t\t\t\t\t<div class=\"elementor-column elementor-col-100 elementor-top-column elementor-element elementor-element-7fe26f9\" data-id=\"7fe26f9\" data-element_type=\"column\">\n\t\t\t<div class=\"elementor-widget-wrap elementor-element-populated\">\n\t\t\t\t\t\t<div class=\"elementor-element elementor-element-fd68e9b elementor-widget elementor-widget-global elementor-global-22316 elementor-widget-heading\" data-id=\"fd68e9b\" data-element_type=\"widget\" data-widget_type=\"heading.default\">\n\t\t\t\t<div class=\"elementor-widget-container\">\n\t\t\t\t\t<h2 class=\"elementor-heading-title elementor-size-default\">Jetzt bestellen bei<\/h2>\t\t\t\t<\/div>\n\t\t\t\t<\/div>\n\t\t\t\t<section class=\"elementor-section elementor-inner-section elementor-element elementor-element-d82e40e elementor-section-boxed elementor-section-height-default elementor-section-height-default\" data-id=\"d82e40e\" data-element_type=\"section\">\n\t\t\t\t\t\t<div class=\"elementor-container elementor-column-gap-default\">\n\t\t\t\t\t<div class=\"elementor-column elementor-col-33 elementor-inner-column elementor-element elementor-element-34c489a\" data-id=\"34c489a\" data-element_type=\"column\">\n\t\t\t<div class=\"elementor-widget-wrap elementor-element-populated\">\n\t\t\t\t\t\t<div class=\"elementor-element elementor-element-ee21b1c elementor-widget elementor-widget-image\" data-id=\"ee21b1c\" data-element_type=\"widget\" data-widget_type=\"image.default\">\n\t\t\t\t<div class=\"elementor-widget-container\">\n\t\t\t\t\t\t\t\t\t\t\t\t\t\t\t<img fetchpriority=\"high\" decoding=\"async\" width=\"300\" height=\"195\" src=\"https:\/\/puurexloo.nl\/wp-content\/uploads\/2021\/07\/fietspunt_logo.png\" class=\"attachment-large size-large wp-image-9912\" alt=\"\" \/>\t\t\t\t\t\t\t\t\t\t\t\t\t\t\t<\/div>\n\t\t\t\t<\/div>\n\t\t\t\t\t<\/div>\n\t\t<\/div>\n\t\t\t\t<div class=\"elementor-column elementor-col-66 elementor-inner-column elementor-element elementor-element-bb33852\" data-id=\"bb33852\" data-element_type=\"column\">\n\t\t\t<div class=\"elementor-widget-wrap elementor-element-populated\">\n\t\t\t\t\t\t<div class=\"elementor-element elementor-element-ac2e48a elementor-widget elementor-widget-text-editor\" data-id=\"ac2e48a\" data-element_type=\"widget\" data-widget_type=\"text-editor.default\">\n\t\t\t\t<div class=\"elementor-widget-container\">\n\t\t\t\t\t\t\t\t\t<p><strong>Fietspunt Exloo<\/strong> ist ein Full-Service-Gesch\u00e4ft mit Mietfahrr\u00e4dern aller Art und Gr\u00f6\u00dfe. G\u00e4ste im Resort PUUR Exloo k\u00f6nnen \u00fcber den Webshop Fahrr\u00e4der f\u00fcr einen bestimmten Zeitraum reservieren. Die Fahrr\u00e4der werden zum angegebenen Termin zum Ferienhaus gebracht. Nach Ablauf der Mietzeit werden die Fahrr\u00e4der wieder dort abgeholt. <strong>Unbeschwert genie\u00dfen<\/strong>.<\/p><p>F\u00fcr die Mietbedingungen verweisen wir auf die Website von &#8216;T Fietspunt: <span style=\"color: #916188;\"><a style=\"background-color: #ffffff; color: #916188;\" href=\"https:\/\/fietspuntexloo.nl\/huurvoorwaarden\/\">Fietspunt Exloo &#8211; Mietbedingungen<\/a><\/span><span style=\"color: #916188;\"><span style=\"color: #000000;\">.<\/span><\/span><\/p><p>F\u00fcr weitere Informationen und Fragen zum Fahrradverleih kannst du dich au\u00dferdem direkt an <strong>&#8216;t Fietspunt<\/strong> wenden: <strong><em>+31 (0) 591 &#8211; 308430<\/em><\/strong> oder\u00a0<em><strong>info@fietspuntexloo.nl<\/strong><\/em>.<\/p><p>Bei Interesse ist bei uns die <span style=\"color: #916188;\"><a style=\"color: #916188;\" href=\"https:\/\/puurexloo.nl\/de\/radfahren\/\">PUUR Exloo-Karte mit Radknotenpunkten<\/a> <\/span>f\u00fcr spezielle Radarrangements erh\u00e4ltlich.<\/p>\t\t\t\t\t\t\t\t<\/div>\n\t\t\t\t<\/div>\n\t\t\t\t\t<\/div>\n\t\t<\/div>\n\t\t\t\t\t<\/div>\n\t\t<\/section>\n\t\t\t\t\t<\/div>\n\t\t<\/div>\n\t\t\t\t\t<\/div>\n\t\t<\/section>\n\t\t\t\t<\/div>\n\t\t","protected":false},"excerpt":{"rendered":"<p>Jetzt bestellen bei Fietspunt Exloo ist ein Full-Service-Gesch\u00e4ft mit Mietfahrr\u00e4dern aller Art und Gr\u00f6\u00dfe. G\u00e4ste im Resort PUUR Exloo k\u00f6nnen \u00fcber den Webshop Fahrr\u00e4der f\u00fcr einen bestimmten Zeitraum reservieren. Die Fahrr\u00e4der werden zum angegebenen Termin zum Ferienhaus gebracht. Nach Ablauf der Mietzeit werden die Fahrr\u00e4der wieder dort abgeholt. Unbeschwert genie\u00dfen. F\u00fcr die Mietbedingungen verweisen wir [&hellip;]<\/p>\n","protected":false},"author":27,"featured_media":0,"parent":22117,"menu_order":0,"comment_status":"closed","ping_status":"closed","template":"","meta":{"footnotes":""},"class_list":["post-22357","page","type-page","status-publish","hentry"],"_links":{"self":[{"href":"https:\/\/puurexloo.nl\/de\/wp-json\/wp\/v2\/pages\/22357","targetHints":{"allow":["GET"]}}],"collection":[{"href":"https:\/\/puurexloo.nl\/de\/wp-json\/wp\/v2\/pages"}],"about":[{"href":"https:\/\/puurexloo.nl\/de\/wp-json\/wp\/v2\/types\/page"}],"author":[{"embeddable":true,"href":"https:\/\/puurexloo.nl\/de\/wp-json\/wp\/v2\/users\/27"}],"replies":[{"embeddable":true,"href":"https:\/\/puurexloo.nl\/de\/wp-json\/wp\/v2\/comments?post=22357"}],"version-history":[{"count":31,"href":"https:\/\/puurexloo.nl\/de\/wp-json\/wp\/v2\/pages\/22357\/revisions"}],"predecessor-version":[{"id":29963,"href":"https:\/\/puurexloo.nl\/de\/wp-json\/wp\/v2\/pages\/22357\/revisions\/29963"}],"up":[{"embeddable":true,"href":"https:\/\/puurexloo.nl\/de\/wp-json\/wp\/v2\/pages\/22117"}],"wp:attachment":[{"href":"https:\/\/puurexloo.nl\/de\/wp-json\/wp\/v2\/media?parent=22357"}],"curies":[{"name":"wp","href":"https:\/\/api.w.org\/{rel}","templated":true}]}}