{"id":22367,"date":"2024-04-12T11:35:34","date_gmt":"2024-04-12T09:35:34","guid":{"rendered":"https:\/\/puurexloo.nl\/?page_id=22367"},"modified":"2024-04-26T12:14:44","modified_gmt":"2024-04-26T10:14:44","slug":"high-tea","status":"publish","type":"page","link":"https:\/\/puurexloo.nl\/de\/onlineshop\/high-tea\/","title":{"rendered":"High Tea"},"content":{"rendered":"\t\t<div data-elementor-type=\"wp-page\" data-elementor-id=\"22367\" class=\"elementor elementor-22367 elementor-12795\" data-elementor-post-type=\"page\">\n\t\t\t\t\t\t<section class=\"elementor-section elementor-top-section elementor-element elementor-element-16234d4 elementor-section-boxed elementor-section-height-default elementor-section-height-default\" data-id=\"16234d4\" data-element_type=\"section\">\n\t\t\t\t\t\t<div class=\"elementor-container elementor-column-gap-default\">\n\t\t\t\t\t<div class=\"elementor-column elementor-col-100 elementor-top-column elementor-element elementor-element-7e54301\" data-id=\"7e54301\" data-element_type=\"column\">\n\t\t\t<div class=\"elementor-widget-wrap elementor-element-populated\">\n\t\t\t\t\t\t<div class=\"elementor-element elementor-element-fde8836 elementor-widget elementor-widget-global elementor-global-22316 elementor-widget-heading\" data-id=\"fde8836\" data-element_type=\"widget\" data-widget_type=\"heading.default\">\n\t\t\t\t<div class=\"elementor-widget-container\">\n\t\t\t\t\t<h2 class=\"elementor-heading-title elementor-size-default\">Jetzt bestellen bei<\/h2>\t\t\t\t<\/div>\n\t\t\t\t<\/div>\n\t\t\t\t<section class=\"elementor-section elementor-inner-section elementor-element elementor-element-962306d elementor-section-boxed elementor-section-height-default elementor-section-height-default\" data-id=\"962306d\" data-element_type=\"section\">\n\t\t\t\t\t\t<div class=\"elementor-container elementor-column-gap-default\">\n\t\t\t\t\t<div class=\"elementor-column elementor-col-33 elementor-inner-column elementor-element elementor-element-7a92104\" data-id=\"7a92104\" data-element_type=\"column\">\n\t\t\t<div class=\"elementor-widget-wrap elementor-element-populated\">\n\t\t\t\t\t\t<div class=\"elementor-element elementor-element-befea68 elementor-widget elementor-widget-image\" data-id=\"befea68\" data-element_type=\"widget\" data-widget_type=\"image.default\">\n\t\t\t\t<div class=\"elementor-widget-container\">\n\t\t\t\t\t\t\t\t\t\t\t\t\t\t\t<img fetchpriority=\"high\" decoding=\"async\" width=\"336\" height=\"280\" src=\"https:\/\/puurexloo.nl\/wp-content\/uploads\/2021\/07\/thijs-aafke-logo.jpg\" class=\"attachment-large size-large wp-image-2002\" alt=\"\" \/>\t\t\t\t\t\t\t\t\t\t\t\t\t\t\t<\/div>\n\t\t\t\t<\/div>\n\t\t\t\t\t<\/div>\n\t\t<\/div>\n\t\t\t\t<div class=\"elementor-column elementor-col-66 elementor-inner-column elementor-element elementor-element-876b3a7\" data-id=\"876b3a7\" data-element_type=\"column\">\n\t\t\t<div class=\"elementor-widget-wrap elementor-element-populated\">\n\t\t\t\t\t\t<div class=\"elementor-element elementor-element-8a956ea elementor-widget elementor-widget-text-editor\" data-id=\"8a956ea\" data-element_type=\"widget\" data-widget_type=\"text-editor.default\">\n\t\t\t\t<div class=\"elementor-widget-container\">\n\t\t\t\t\t\t\t\t\t<p>F\u00fcr den High Tea bei <strong>Thijs und Aafke<\/strong> in Drenthe gibt es eine gro\u00dfe Auswahl an Fair-Trade-Teesorten. Au\u00dferdem ist ein High Tea nat\u00fcrlich nicht komplett ohne tolle kleine Leckereien und s\u00fc\u00dfe K\u00f6stlichkeiten.<\/p><p>Zum High Tea werden unter anderem Scones mit Clotted Cream und Marmelade, kleine mit Sahne gef\u00fcllte Windbeutel, unterschiedlich belegte Mini-Sandwiches, Petit Fours, Brownies, Muffins, Luxus-Pralinen und Quiche serviert.<\/p><p>Bei Thijs und Aafke ist Genuss pur angesagt!<\/p><p>Bei Fragen zur Bestellung kannst du dich direkt an <strong>Thijs &amp; Aafke<\/strong> wenden: <strong><em>+31 (0) 591 \u2013 580035<\/em><\/strong>.<\/p>\t\t\t\t\t\t\t\t<\/div>\n\t\t\t\t<\/div>\n\t\t\t\t\t<\/div>\n\t\t<\/div>\n\t\t\t\t\t<\/div>\n\t\t<\/section>\n\t\t\t\t\t<\/div>\n\t\t<\/div>\n\t\t\t\t\t<\/div>\n\t\t<\/section>\n\t\t\t\t<\/div>\n\t\t","protected":false},"excerpt":{"rendered":"<p>Jetzt bestellen bei F\u00fcr den High Tea bei Thijs und Aafke in Drenthe gibt es eine gro\u00dfe Auswahl an Fair-Trade-Teesorten. Au\u00dferdem ist ein High Tea nat\u00fcrlich nicht komplett ohne tolle kleine Leckereien und s\u00fc\u00dfe K\u00f6stlichkeiten. Zum High Tea werden unter anderem Scones mit Clotted Cream und Marmelade, kleine mit Sahne gef\u00fcllte Windbeutel, unterschiedlich belegte Mini-Sandwiches, [&hellip;]<\/p>\n","protected":false},"author":27,"featured_media":0,"parent":22117,"menu_order":0,"comment_status":"closed","ping_status":"closed","template":"","meta":{"footnotes":""},"class_list":["post-22367","page","type-page","status-publish","hentry"],"_links":{"self":[{"href":"https:\/\/puurexloo.nl\/de\/wp-json\/wp\/v2\/pages\/22367","targetHints":{"allow":["GET"]}}],"collection":[{"href":"https:\/\/puurexloo.nl\/de\/wp-json\/wp\/v2\/pages"}],"about":[{"href":"https:\/\/puurexloo.nl\/de\/wp-json\/wp\/v2\/types\/page"}],"author":[{"embeddable":true,"href":"https:\/\/puurexloo.nl\/de\/wp-json\/wp\/v2\/users\/27"}],"replies":[{"embeddable":true,"href":"https:\/\/puurexloo.nl\/de\/wp-json\/wp\/v2\/comments?post=22367"}],"version-history":[{"count":7,"href":"https:\/\/puurexloo.nl\/de\/wp-json\/wp\/v2\/pages\/22367\/revisions"}],"predecessor-version":[{"id":23147,"href":"https:\/\/puurexloo.nl\/de\/wp-json\/wp\/v2\/pages\/22367\/revisions\/23147"}],"up":[{"embeddable":true,"href":"https:\/\/puurexloo.nl\/de\/wp-json\/wp\/v2\/pages\/22117"}],"wp:attachment":[{"href":"https:\/\/puurexloo.nl\/de\/wp-json\/wp\/v2\/media?parent=22367"}],"curies":[{"name":"wp","href":"https:\/\/api.w.org\/{rel}","templated":true}]}}