{"id":22382,"date":"2024-04-12T11:49:16","date_gmt":"2024-04-12T09:49:16","guid":{"rendered":"https:\/\/puurexloo.nl\/?page_id=22382"},"modified":"2024-04-26T12:16:29","modified_gmt":"2024-04-26T10:16:29","slug":"regionale-produkte","status":"publish","type":"page","link":"https:\/\/puurexloo.nl\/de\/onlineshop\/regionale-produkte\/","title":{"rendered":"Regionale Produkte"},"content":{"rendered":"\t\t<div data-elementor-type=\"wp-page\" data-elementor-id=\"22382\" class=\"elementor elementor-22382 elementor-12820\" data-elementor-post-type=\"page\">\n\t\t\t\t\t\t<section class=\"elementor-section elementor-top-section elementor-element elementor-element-f5bae20 elementor-section-boxed elementor-section-height-default elementor-section-height-default\" data-id=\"f5bae20\" data-element_type=\"section\">\n\t\t\t\t\t\t<div class=\"elementor-container elementor-column-gap-default\">\n\t\t\t\t\t<div class=\"elementor-column elementor-col-100 elementor-top-column elementor-element elementor-element-014ce48\" data-id=\"014ce48\" data-element_type=\"column\">\n\t\t\t<div class=\"elementor-widget-wrap elementor-element-populated\">\n\t\t\t\t\t\t<div class=\"elementor-element elementor-element-f801ee9 elementor-widget elementor-widget-global elementor-global-22316 elementor-widget-heading\" data-id=\"f801ee9\" data-element_type=\"widget\" data-widget_type=\"heading.default\">\n\t\t\t\t<div class=\"elementor-widget-container\">\n\t\t\t\t\t<h2 class=\"elementor-heading-title elementor-size-default\">Jetzt bestellen bei<\/h2>\t\t\t\t<\/div>\n\t\t\t\t<\/div>\n\t\t\t\t<section class=\"elementor-section elementor-inner-section elementor-element elementor-element-a4fd6c6 elementor-section-boxed elementor-section-height-default elementor-section-height-default\" data-id=\"a4fd6c6\" data-element_type=\"section\">\n\t\t\t\t\t\t<div class=\"elementor-container elementor-column-gap-default\">\n\t\t\t\t\t<div class=\"elementor-column elementor-col-33 elementor-inner-column elementor-element elementor-element-beca29a\" data-id=\"beca29a\" data-element_type=\"column\">\n\t\t\t<div class=\"elementor-widget-wrap elementor-element-populated\">\n\t\t\t\t\t\t<div class=\"elementor-element elementor-element-b3a5d49 elementor-widget elementor-widget-image\" data-id=\"b3a5d49\" data-element_type=\"widget\" data-widget_type=\"image.default\">\n\t\t\t\t<div class=\"elementor-widget-container\">\n\t\t\t\t\t\t\t\t\t\t\t\t\t\t\t<img fetchpriority=\"high\" decoding=\"async\" width=\"759\" height=\"532\" src=\"https:\/\/puurexloo.nl\/wp-content\/uploads\/2021\/10\/landwinkel-exloo.jpg\" class=\"attachment-large size-large wp-image-3704\" alt=\"\" srcset=\"https:\/\/puurexloo.nl\/wp-content\/uploads\/2021\/10\/landwinkel-exloo.jpg 759w, https:\/\/puurexloo.nl\/wp-content\/uploads\/2021\/10\/landwinkel-exloo-600x421.jpg 600w\" sizes=\"(max-width: 759px) 100vw, 759px\" \/>\t\t\t\t\t\t\t\t\t\t\t\t\t\t\t<\/div>\n\t\t\t\t<\/div>\n\t\t\t\t\t<\/div>\n\t\t<\/div>\n\t\t\t\t<div class=\"elementor-column elementor-col-66 elementor-inner-column elementor-element elementor-element-7de4cef\" data-id=\"7de4cef\" data-element_type=\"column\">\n\t\t\t<div class=\"elementor-widget-wrap elementor-element-populated\">\n\t\t\t\t\t\t<div class=\"elementor-element elementor-element-5990fff elementor-widget elementor-widget-text-editor\" data-id=\"5990fff\" data-element_type=\"widget\" data-widget_type=\"text-editor.default\">\n\t\t\t\t<div class=\"elementor-widget-container\">\n\t\t\t\t\t\t\t\t\t<p><strong>Landwinkel Exloo ist ein Hofladen <\/strong>auf der Freilandh\u00fchnerfarm von Thale und Marlous Hulshof. Die braunen Legehennen, die die St\u00e4lle der Familie Hulshof bev\u00f6lkern, liefern jeden Tag leckere, frische Eier.<\/p><p>Die Eier werden an lokale Gastst\u00e4tten, Superm\u00e4rkte und direkt an den Verbraucher verkauft. Rechts auf dem Grundst\u00fcck befindet sich der Eierautomat, der immer mit t\u00e4glich frischen Eiern gef\u00fcllt ist. Von dort aus sieht man bereits das Schaufenster vom Hofladen.<\/p><p>In den Regalen vom Hofladen Exloo findest du geschmackvolle, einzigartige Produkte, die zum Aperitif passen, sowie gutes Schweine- und Rindfleisch und den leckeren Bauernk\u00e4se aus eigener Herstellung. Reich gef\u00fcllte Feinkostkisten und sch\u00f6n dekorierte K\u00f6rbe mit Produkten aus der Region sind ebenfalls erh\u00e4ltlich.<\/p><p><strong>Schau ruhig einmal zum Probieren vorbei!<\/strong><\/p>\t\t\t\t\t\t\t\t<\/div>\n\t\t\t\t<\/div>\n\t\t\t\t\t<\/div>\n\t\t<\/div>\n\t\t\t\t\t<\/div>\n\t\t<\/section>\n\t\t\t\t\t<\/div>\n\t\t<\/div>\n\t\t\t\t\t<\/div>\n\t\t<\/section>\n\t\t\t\t<\/div>\n\t\t","protected":false},"excerpt":{"rendered":"<p>Jetzt bestellen bei Landwinkel Exloo ist ein Hofladen auf der Freilandh\u00fchnerfarm von Thale und Marlous Hulshof. Die braunen Legehennen, die die St\u00e4lle der Familie Hulshof bev\u00f6lkern, liefern jeden Tag leckere, frische Eier. Die Eier werden an lokale Gastst\u00e4tten, Superm\u00e4rkte und direkt an den Verbraucher verkauft. Rechts auf dem Grundst\u00fcck befindet sich der Eierautomat, der immer [&hellip;]<\/p>\n","protected":false},"author":27,"featured_media":0,"parent":22117,"menu_order":0,"comment_status":"closed","ping_status":"closed","template":"","meta":{"footnotes":""},"class_list":["post-22382","page","type-page","status-publish","hentry"],"_links":{"self":[{"href":"https:\/\/puurexloo.nl\/de\/wp-json\/wp\/v2\/pages\/22382","targetHints":{"allow":["GET"]}}],"collection":[{"href":"https:\/\/puurexloo.nl\/de\/wp-json\/wp\/v2\/pages"}],"about":[{"href":"https:\/\/puurexloo.nl\/de\/wp-json\/wp\/v2\/types\/page"}],"author":[{"embeddable":true,"href":"https:\/\/puurexloo.nl\/de\/wp-json\/wp\/v2\/users\/27"}],"replies":[{"embeddable":true,"href":"https:\/\/puurexloo.nl\/de\/wp-json\/wp\/v2\/comments?post=22382"}],"version-history":[{"count":7,"href":"https:\/\/puurexloo.nl\/de\/wp-json\/wp\/v2\/pages\/22382\/revisions"}],"predecessor-version":[{"id":23153,"href":"https:\/\/puurexloo.nl\/de\/wp-json\/wp\/v2\/pages\/22382\/revisions\/23153"}],"up":[{"embeddable":true,"href":"https:\/\/puurexloo.nl\/de\/wp-json\/wp\/v2\/pages\/22117"}],"wp:attachment":[{"href":"https:\/\/puurexloo.nl\/de\/wp-json\/wp\/v2\/media?parent=22382"}],"curies":[{"name":"wp","href":"https:\/\/api.w.org\/{rel}","templated":true}]}}