{"id":22407,"date":"2024-04-12T13:37:38","date_gmt":"2024-04-12T11:37:38","guid":{"rendered":"https:\/\/puurexloo.nl\/?page_id=22407"},"modified":"2024-05-06T16:23:39","modified_gmt":"2024-05-06T14:23:39","slug":"hausordnung-des-ferienparks-puur-exloo","status":"publish","type":"page","link":"https:\/\/puurexloo.nl\/de\/service-kontakt\/hausordnung-des-ferienparks-puur-exloo\/","title":{"rendered":"Hausordnung des Ferienparks PUUR Exloo"},"content":{"rendered":"\t\t<div data-elementor-type=\"wp-page\" data-elementor-id=\"22407\" class=\"elementor elementor-22407 elementor-14495\" data-elementor-post-type=\"page\">\n\t\t\t\t\t\t<section class=\"elementor-section elementor-top-section elementor-element elementor-element-7480357 elementor-section-boxed elementor-section-height-default elementor-section-height-default\" data-id=\"7480357\" data-element_type=\"section\">\n\t\t\t\t\t\t<div class=\"elementor-container elementor-column-gap-default\">\n\t\t\t\t\t<div class=\"elementor-column elementor-col-100 elementor-top-column elementor-element elementor-element-7029ff4\" data-id=\"7029ff4\" data-element_type=\"column\">\n\t\t\t<div class=\"elementor-widget-wrap elementor-element-populated\">\n\t\t\t\t\t\t<div class=\"elementor-element elementor-element-4d89749 elementor-widget elementor-widget-text-editor\" data-id=\"4d89749\" data-element_type=\"widget\" data-widget_type=\"text-editor.default\">\n\t\t\t\t<div class=\"elementor-widget-container\">\n\t\t\t\t\t\t\t\t\t<p><strong>Auto<\/strong><\/p><ul><li>Die zul\u00e4ssige H\u00f6chstgeschwindigkeit im Resort betr\u00e4gt 10 km\/h.<\/li><li>Zum Be- und Entladen des Gep\u00e4cks kann man mit dem Auto durch den Ferienpark bis zum Ferienhaus fahren. <br \/>W\u00e4hrend des Aufenthaltes bitten wir jedoch darum, das Auto auf einem der angegebenen Parkpl\u00e4tze abzustellen, <br \/>es sei denn, das Ferienhaus verf\u00fcgt \u00fcber einen eigenen Parkplatz.<\/li><li>Auf P2 befindet sich Ladestationen f\u00fcr Elektrofahrzeuge. Die Nutzung dieser Ladestationen ist nur mit einer entsprechenden <br \/>Ladekarte und je nach Verf\u00fcgbarkeit m\u00f6glich. Wenn das Auto aufgeladen ist, bitten wir darum, das Auto umzuparken.<\/li><\/ul><p><strong>Hunde<\/strong><\/p><ul><li>Hunde sind im Familienresort erlaubt, aber au\u00dferhalb des Ferienhauses <br \/>m\u00fcssen sie an die Leine. Au\u00dferdem gilt die Beseitigungspflicht f\u00fcr Hundekot.<\/li><\/ul><p><strong>Whirlpool\/Pool<\/strong><\/p><ul><li>Das Mitnehmen und Aufstellen von Whirlpools und (gro\u00dfen) Pools ist <strong>nicht <\/strong>erlaubt.<\/li><\/ul><p><strong>Ruhe<\/strong><\/p><ul><li>Nach 22 Uhr herrscht im Familienresort Nachtruhe. Wir bitten dich, <br \/>auch tags\u00fcber R\u00fccksicht auf andere G\u00e4ste und Anwohner zu nehmen.<\/li><\/ul><p><strong>M\u00fcll<\/strong><\/p><ul><li>Bitte entsorge M\u00fcll in den daf\u00fcr bestimmten Abfallbeh\u00e4ltern. Diese befinden <br \/>sich im hinteren Teil des Ferienparks bei den Parkpl\u00e4tzen P2 und P4.<\/li><\/ul><p><strong>Rauchen<\/strong><\/p><ul><li>Rauchst du? Achte dann darauf, die Zigarette richtig auszudr\u00fccken. Das Rauchen im Ferienhaus ist nicht gestattet.<\/li><\/ul><p><strong>Offenes Feuer<\/strong><\/p><ul><li>Offenes Feuer ist nicht erlaubt.<\/li><\/ul><p><strong>Grillen<\/strong><\/p><ul><li>Grillen ist erlaubt, allerdings wegen der Schilfd\u00e4cher und der vielen B\u00e4ume in der Umgebung nur mit einem Elektrogrill. <br \/>\u00dcber unseren Webshop kannst du ein Grillpaket inklusive Grill zur Miete bestellen: <a href=\"https:\/\/puurexloo.nl\/barbecueen\/\"><span style=\"color: #916188;\">Barbecuen \u2013 PUUR Genieten (puurexloo.nl)<\/span><\/a>.\u00a0<\/li><\/ul><p><strong>Natur<\/strong><\/p><ul><li>Respektiere die Natur und die Mitbewohner des Waldes.<\/li><li>Weiche beim Wandern\/Radfahren nicht von den Wegen ab.<\/li><\/ul>\t\t\t\t\t\t\t\t<\/div>\n\t\t\t\t<\/div>\n\t\t\t\t\t<\/div>\n\t\t<\/div>\n\t\t\t\t\t<\/div>\n\t\t<\/section>\n\t\t\t\t<\/div>\n\t\t","protected":false},"excerpt":{"rendered":"<p>Auto Die zul\u00e4ssige H\u00f6chstgeschwindigkeit im Resort betr\u00e4gt 10 km\/h. Zum Be- und Entladen des Gep\u00e4cks kann man mit dem Auto durch den Ferienpark bis zum Ferienhaus fahren. W\u00e4hrend des Aufenthaltes bitten wir jedoch darum, das Auto auf einem der angegebenen Parkpl\u00e4tze abzustellen, es sei denn, das Ferienhaus verf\u00fcgt \u00fcber einen eigenen Parkplatz. Auf P2 befindet [&hellip;]<\/p>\n","protected":false},"author":27,"featured_media":0,"parent":22387,"menu_order":0,"comment_status":"closed","ping_status":"closed","template":"","meta":{"footnotes":""},"class_list":["post-22407","page","type-page","status-publish","hentry"],"_links":{"self":[{"href":"https:\/\/puurexloo.nl\/de\/wp-json\/wp\/v2\/pages\/22407","targetHints":{"allow":["GET"]}}],"collection":[{"href":"https:\/\/puurexloo.nl\/de\/wp-json\/wp\/v2\/pages"}],"about":[{"href":"https:\/\/puurexloo.nl\/de\/wp-json\/wp\/v2\/types\/page"}],"author":[{"embeddable":true,"href":"https:\/\/puurexloo.nl\/de\/wp-json\/wp\/v2\/users\/27"}],"replies":[{"embeddable":true,"href":"https:\/\/puurexloo.nl\/de\/wp-json\/wp\/v2\/comments?post=22407"}],"version-history":[{"count":10,"href":"https:\/\/puurexloo.nl\/de\/wp-json\/wp\/v2\/pages\/22407\/revisions"}],"predecessor-version":[{"id":22417,"href":"https:\/\/puurexloo.nl\/de\/wp-json\/wp\/v2\/pages\/22407\/revisions\/22417"}],"up":[{"embeddable":true,"href":"https:\/\/puurexloo.nl\/de\/wp-json\/wp\/v2\/pages\/22387"}],"wp:attachment":[{"href":"https:\/\/puurexloo.nl\/de\/wp-json\/wp\/v2\/media?parent=22407"}],"curies":[{"name":"wp","href":"https:\/\/api.w.org\/{rel}","templated":true}]}}