{"id":22418,"date":"2024-04-12T13:57:03","date_gmt":"2024-04-12T11:57:03","guid":{"rendered":"https:\/\/puurexloo.nl\/?page_id=22418"},"modified":"2024-05-06T16:23:45","modified_gmt":"2024-05-06T14:23:45","slug":"verhaltenskodex-fuer-gruppen","status":"publish","type":"page","link":"https:\/\/puurexloo.nl\/de\/service-kontakt\/verhaltenskodex-fuer-gruppen\/","title":{"rendered":"Verhaltenskodex f\u00fcr Gruppen"},"content":{"rendered":"\t\t<div data-elementor-type=\"wp-page\" data-elementor-id=\"22418\" class=\"elementor elementor-22418 elementor-20397\" data-elementor-post-type=\"page\">\n\t\t\t\t\t\t<section class=\"elementor-section elementor-top-section elementor-element elementor-element-da2916d elementor-section-boxed elementor-section-height-default elementor-section-height-default\" data-id=\"da2916d\" data-element_type=\"section\">\n\t\t\t\t\t\t<div class=\"elementor-container elementor-column-gap-default\">\n\t\t\t\t\t<div class=\"elementor-column elementor-col-100 elementor-top-column elementor-element elementor-element-6592386\" data-id=\"6592386\" data-element_type=\"column\">\n\t\t\t<div class=\"elementor-widget-wrap elementor-element-populated\">\n\t\t\t\t\t\t<div class=\"elementor-element elementor-element-14e2dd3 elementor-widget elementor-widget-text-editor\" data-id=\"14e2dd3\" data-element_type=\"widget\" data-widget_type=\"text-editor.default\">\n\t\t\t\t<div class=\"elementor-widget-container\">\n\t\t\t\t\t\t\t\t\t<p><span style=\"font-size: 18px;\"><strong>Wir m\u00f6chten Gruppen auf Folgendes aufmerksam machen<\/strong><\/span><\/p><p><strong>Verhaltenskodex<\/strong><\/p><ul><li>Den Anweisungen des Ferienparkpersonals ist jederzeit direkt Folge zu leisten.<\/li><li>Bitte achtet darauf, die <a href=\"https:\/\/puurexloo.nl\/park-informatie\/service-contact\/parkreglement\/\"><strong><span style=\"color: #916188;\">Hausordnung des Ferienparks<\/span><\/strong><\/a> einzuhalten.<\/li><li>Verhaltet euch so, dass niemand sich bel\u00e4stigt oder gest\u00f6rt f\u00fchlt. Genie\u00dft euren Aufenthalt und bietet auch anderen <br \/>G\u00e4sten die M\u00f6glichkeit, ihren Urlaub in aller Ruhe zu genie\u00dfen. Respektiert die Meinungen und \u00dcberzeugungen der anderen.<\/li><li>Verhaltet euch so, dass niemand sich bel\u00e4stigt oder gest\u00f6rt f\u00fchlt. Genie\u00dft euren Aufenthalt und bietet auch anderen G\u00e4sten <br \/>die M\u00f6glichkeit, ihren Urlaub in aller Ruhe zu genie\u00dfen. Respektiert die Meinungen und \u00dcberzeugungen der anderen.<\/li><li>Auf dem gesamten Gel\u00e4nde ist von 22:00 bis 07:00 Uhr Nachtruhe einzuhalten. Auch zu anderen Zeiten gilt \u00fcberm\u00e4\u00dfiger L\u00e4rm als unerw\u00fcnscht.<\/li><li>Die in der Unterkunft befindlichen Gegenst\u00e4nde d\u00fcrfen nur zum vorgesehenen Zweck verwendet werden.<\/li><li>Es ist Pflicht, die Bettw\u00e4sche von Puur Exloo als Bezug f\u00fcr die bereitgestellte Bettw\u00e4sche zu verwenden.<\/li><li>Bettw\u00e4sche und -bez\u00fcge, Kissen, Wohnzimmerst\u00fchle etc. d\u00fcrfen nicht mit nach drau\u00dfen genommen werden.<\/li><li>Das Aufstellen von Partyzelten an der Unterkunft ist nicht erlaubt.<\/li><li>Der Konsum von Alkohol ist nur in der Unterkunft erlaubt. Drogen sind strengstens verboten, auch in eurer eigenen Unterkunft.<\/li><li>Hinterlasst euren Abfall ausschlie\u00dflich in den daf\u00fcr bestimmten M\u00fcllbeh\u00e4ltern. Aus hygienischen Gr\u00fcnden und um kein Ungeziefer anzuziehen, d\u00fcrfen Essensreste oder andere verderbliche Waren niemals in Plastikt\u00fcten oder anderen Aufbewahrungsm\u00f6glichkeiten au\u00dferhalb der Unterkunft gelagert werden.<\/li><li>Aus Sicherheits- und Umweltschutzgr\u00fcnden bitten wir euch, die Autofahrten im Ferienpark auf ein <br \/>Minimum zu beschr\u00e4nken. Die zugelassene H\u00f6chstgeschwindigkeit im Ferienpark betr\u00e4gt 15 km\/h.<\/li><li>Unser Ferienpark ist teilweise autofrei. Das hei\u00dft, dass das Parken von Autos an der Unterkunft nicht gestattet ist (es sei denn, die Unterkunft verf\u00fcgt \u00fcber einen eigenen Parkplatz). Zum Be- und Entladen d\u00fcrft ihr mit dem Auto bis zum Ferienhaus fahren. Anschlie\u00dfend k\u00f6nnt ihr das Auto auf dem n\u00e4chstgelegenen Parkplatz abstellen.<\/li><li>Wenn ihr eine der Ladestationen im Ferienpark nutzt, m\u00fcsst ihr das Auto umparken, sobald der Ladevorgang beendet ist.<\/li><\/ul><p><strong>Regeln bei der Abreise <\/strong><\/p><ul><li>Zieht die Bettw\u00e4sche von den (gebrauchten) Betten ab und legt diese im Flur bei der Haust\u00fcr ab.<\/li><li>Sorgt daf\u00fcr, dass die Sp\u00fclmaschine leer ist und dass alle Gl\u00e4ser und das Geschirr wieder sauber und ordentlich in den K\u00fcchenschr\u00e4nken stehen.<\/li><li>Entsorgt den Abfall in den daf\u00fcr vorgesehenen Beh\u00e4ltern.<\/li><li>Hinterlasst eure Unterkunft besenrein und ohne Fett- und Klebereste.<\/li><li>Verlasst das Ferienhaus bis 10:00 Uhr und verwendet beim Abschlie\u00dfen den \u201eCheck-out-Code\u201c: <strong>112112#<\/strong><\/li><\/ul><p><strong>Beschwerden Dritter und\/oder des Sicherheitsdienstes bez\u00fcglich eures Verhaltens\/L\u00e4rmbel\u00e4stigung\/Zerst\u00f6rungen k\u00f6nnen dazu f\u00fchren, dass die Kaution einbehalten wird und dass ihr den Ferienpark ohne weitere Warnung verlassen m\u00fcsst. Ihr habt keinen Anspruch auf R\u00fcckerstattung der Miete.<\/strong><\/p><ul><li>Personen unter Alkohol- und\/oder Drogeneinfluss werden direkt vom Ferienparkgel\u00e4nde entfernt.<\/li><li>Die Verwendung von Knallfr\u00f6schen und\/oder Konfetti ist nicht erlaubt.<\/li><li>F\u00fcr Sch\u00e4den, die ihr oder einer eurer G\u00e4ste am Eigentum von Landal Puur Exloo verursacht, m\u00fcsst ihr als Verursacher immer direkt aufkommen.<\/li><li>Falls aufgrund eures Verhaltens zus\u00e4tzliche Mitarbeiter (inkl. Sicherheitsdienst) von uns eingesetzt <br \/>werden m\u00fcssen, k\u00f6nnen daf\u00fcr Kosten anfallen, die eventuell mit der Kaution verrechnet werden.<\/li><li>Die Nichtbeachtung dieser Verhaltensregeln trotz zweifacher Verwarnung kann zum <br \/>direkten Entfernen der gesamten Gruppe aus der Unterkunft und dem Ferienpark f\u00fchren.<\/li><li>Bestehen Unstimmigkeiten in Bezug auf diese Verhaltensregeln oder <br \/>die Sanktionen, entscheidet die Ferienparkleitung, wie vorzugehen ist.<\/li><\/ul><p><strong>Einige Beispiele f\u00fcr Kosten, die in Rechnung gestellt werden k\u00f6nnen<\/strong><\/p><ul><li>M\u00fcllentsorgung aus dem Ferienhaus und dessen Umgebung: 50 \u20ac<\/li><li>Zus\u00e4tzliche Reinigung; dies liegt im Ermessen der Reinigungsfirma: mindestens 50 \u20ac<\/li><li>Schmutziges Geschirr oder in der Sp\u00fclmaschine hinterlassenes Geschirr: 25 \u20ac<\/li><li>Zerst\u00f6rungen am Ferienhaus oder am Inventar; erfolgt keine ordnungsgem\u00e4\u00dfe Meldung <br \/>vor der Abreise, berechnen wir die tats\u00e4chlichen Kosten des Reparaturbetriebes\/Lieferanten.<\/li><li>Ermahnungen\/zus\u00e4tzlicher Aufsichtsaufwand durch Ferienparkmitarbeiter bzw. den Sicherheitsdienst aufgrund von Geschrei, Musik oder L\u00e4rmbel\u00e4stigung anderer Art: 50 \u20ac pro Ereignis. Je nach Schwere des Versto\u00dfes wird auch eine schwerere Sanktion auferlegt oder es folgt die direkte Entfernung aus dem Ferienpark.<\/li><li>Sch\u00e4den, die anderen G\u00e4sten aufgrund des Verhaltens eines Gruppenmitglieds oder eurer gesamten Gruppe entstehen: Der Betrag wird von der Ferienparkleitung festgelegt. Hinweis: Bei den genannten Preisen handelt es sich um Richtpreise zzgl. Mehrwertsteuer. Sollte der Schaden h\u00f6her sein, wird dieser berechnet.<\/li><\/ul><p><strong>Landal PUUR Exloo beh\u00e4lt sich das Recht vor, etwaige Kosten, die durch Sch\u00e4den, Beschwerden anderer G\u00e4ste \u00fcber das Gruppenverhalten, zus\u00e4tzliche Arbeiten oder Zerst\u00f6rungen entstehen, mit der Kaution zu verrechnen, und zwar unabh\u00e4ngig davon, welches Mitglied der Gruppe daf\u00fcr verantwortlich ist. Der Erhalt und die Kenntnisnahme dieser Verhaltensregeln m\u00fcssen durch den Hauptverantwortlichen der Gruppe per Unterschrift best\u00e4tigt werden. Der Unterzeichner verpflichtet sich, die anderen Personen in der Gruppe \u00fcber diese Verhaltensregeln zu informieren. Er\/Sie kann pers\u00f6nlich f\u00fcr das Fehlverhalten der Gruppe haftbar gemacht werden. Er\/Sie ist befugt, diese Vereinbarungen im Namen der Gruppe zu treffen.<\/strong><\/p>\t\t\t\t\t\t\t\t<\/div>\n\t\t\t\t<\/div>\n\t\t\t\t\t<\/div>\n\t\t<\/div>\n\t\t\t\t\t<\/div>\n\t\t<\/section>\n\t\t\t\t<\/div>\n\t\t","protected":false},"excerpt":{"rendered":"<p>Wir m\u00f6chten Gruppen auf Folgendes aufmerksam machen Verhaltenskodex Den Anweisungen des Ferienparkpersonals ist jederzeit direkt Folge zu leisten. Bitte achtet darauf, die Hausordnung des Ferienparks einzuhalten. Verhaltet euch so, dass niemand sich bel\u00e4stigt oder gest\u00f6rt f\u00fchlt. Genie\u00dft euren Aufenthalt und bietet auch anderen G\u00e4sten die M\u00f6glichkeit, ihren Urlaub in aller Ruhe zu genie\u00dfen. Respektiert die [&hellip;]<\/p>\n","protected":false},"author":27,"featured_media":0,"parent":22387,"menu_order":0,"comment_status":"closed","ping_status":"closed","template":"","meta":{"footnotes":""},"class_list":["post-22418","page","type-page","status-publish","hentry"],"_links":{"self":[{"href":"https:\/\/puurexloo.nl\/de\/wp-json\/wp\/v2\/pages\/22418","targetHints":{"allow":["GET"]}}],"collection":[{"href":"https:\/\/puurexloo.nl\/de\/wp-json\/wp\/v2\/pages"}],"about":[{"href":"https:\/\/puurexloo.nl\/de\/wp-json\/wp\/v2\/types\/page"}],"author":[{"embeddable":true,"href":"https:\/\/puurexloo.nl\/de\/wp-json\/wp\/v2\/users\/27"}],"replies":[{"embeddable":true,"href":"https:\/\/puurexloo.nl\/de\/wp-json\/wp\/v2\/comments?post=22418"}],"version-history":[{"count":25,"href":"https:\/\/puurexloo.nl\/de\/wp-json\/wp\/v2\/pages\/22418\/revisions"}],"predecessor-version":[{"id":22443,"href":"https:\/\/puurexloo.nl\/de\/wp-json\/wp\/v2\/pages\/22418\/revisions\/22443"}],"up":[{"embeddable":true,"href":"https:\/\/puurexloo.nl\/de\/wp-json\/wp\/v2\/pages\/22387"}],"wp:attachment":[{"href":"https:\/\/puurexloo.nl\/de\/wp-json\/wp\/v2\/media?parent=22418"}],"curies":[{"name":"wp","href":"https:\/\/api.w.org\/{rel}","templated":true}]}}