{"id":22459,"date":"2024-04-12T14:54:35","date_gmt":"2024-04-12T12:54:35","guid":{"rendered":"https:\/\/puurexloo.nl\/?page_id=22459"},"modified":"2024-06-18T13:31:12","modified_gmt":"2024-06-18T11:31:12","slug":"radfahren","status":"publish","type":"page","link":"https:\/\/puurexloo.nl\/de\/radfahren\/","title":{"rendered":"Radfahren"},"content":{"rendered":"\t\t<div data-elementor-type=\"wp-page\" data-elementor-id=\"22459\" class=\"elementor elementor-22459 elementor-202\" data-elementor-post-type=\"page\">\n\t\t\t\t\t\t<section class=\"elementor-section elementor-top-section elementor-element elementor-element-153ce6b9 elementor-section-boxed elementor-section-height-default elementor-section-height-default\" data-id=\"153ce6b9\" data-element_type=\"section\">\n\t\t\t\t\t\t<div class=\"elementor-container elementor-column-gap-default\">\n\t\t\t\t\t<div class=\"elementor-column elementor-col-100 elementor-top-column elementor-element elementor-element-703afe73\" data-id=\"703afe73\" data-element_type=\"column\">\n\t\t\t<div class=\"elementor-widget-wrap elementor-element-populated\">\n\t\t\t\t\t\t<section class=\"elementor-section elementor-inner-section elementor-element elementor-element-6029d5d elementor-section-boxed elementor-section-height-default elementor-section-height-default\" data-id=\"6029d5d\" data-element_type=\"section\">\n\t\t\t\t\t\t<div class=\"elementor-container elementor-column-gap-default\">\n\t\t\t\t\t<div class=\"elementor-column elementor-col-50 elementor-inner-column elementor-element elementor-element-adfd332\" data-id=\"adfd332\" data-element_type=\"column\">\n\t\t\t<div class=\"elementor-widget-wrap elementor-element-populated\">\n\t\t\t\t\t\t<div class=\"elementor-element elementor-element-ea8e7b7 elementor-widget elementor-widget-text-editor\" data-id=\"ea8e7b7\" data-element_type=\"widget\" data-widget_type=\"text-editor.default\">\n\t\t\t\t<div class=\"elementor-widget-container\">\n\t\t\t\t\t\t\t\t\t<p><span style=\"color: #0e0e0e; font-family: Bodoni Moda, sans-serif;\"><span style=\"font-size: 28px;\"><b>PUUR Exloo-Karte mit Radknotenpunkten, Weltkulturerbe Geopark De Hondsrug<\/b><\/span><\/span><\/p><p>Die Landschaft des Hondsrug Unesco Global Geopark l\u00e4sst sich ideal mit dem Fahrrad erkunden. Man kommt dabei unter anderem zu den vielen H\u00fcnengr\u00e4bern, Pingoruinen, H\u00fcgelgr\u00e4bern und authentischen Drenther D\u00f6rfern. Die PUUR Exloo-Karte mit den Radknotenpunkten f\u00fchrt dich mit f\u00fcnf wundersch\u00f6nen Fahrradrouten zu den sch\u00f6nsten Stellen des UNESCO Global Geoparks. Die Radtouren sind 22 bis 33 Kilometer lang. Selbstverst\u00e4ndlich sind alle Sehensw\u00fcrdigkeiten auf dem Hondsrug auch auf der Karte mit den Radknotenpunkten angegeben.<\/p><p>Wem es noch nicht abenteuerlich genug ist, der findet auf der Fahrradkarte auch die 36 Kilometer lange Mountainbike-Route Exloo. Die PUUR Exloo-Karte mit Radknotenpunkten liegt in deinem Ferienhaus aus, ist aber auch im Guesthouse erh\u00e4ltlich.<\/p>\t\t\t\t\t\t\t\t<\/div>\n\t\t\t\t<\/div>\n\t\t\t\t\t<\/div>\n\t\t<\/div>\n\t\t\t\t<div class=\"elementor-column elementor-col-50 elementor-inner-column elementor-element elementor-element-5ac9de8\" data-id=\"5ac9de8\" data-element_type=\"column\">\n\t\t\t<div class=\"elementor-widget-wrap elementor-element-populated\">\n\t\t\t\t\t\t<div class=\"elementor-element elementor-element-3cb3e7e elementor-widget elementor-widget-image\" data-id=\"3cb3e7e\" data-element_type=\"widget\" data-widget_type=\"image.default\">\n\t\t\t\t<div class=\"elementor-widget-container\">\n\t\t\t\t\t\t\t\t\t\t\t\t\t\t\t<img decoding=\"async\" src=\"https:\/\/puurexloo.nl\/wp-content\/uploads\/elementor\/thumbs\/Puur-Exloo-Fietsknooppuntenkaart-e1682691005343-q5ok2tfp8yl1yoz90538p4ef5a82oftz12uxlypvv8.jpg\" title=\"Puur Exloo Fietsknooppuntenkaart\" alt=\"Puur Exloo Fietsknooppuntenkaart\" loading=\"lazy\" \/>\t\t\t\t\t\t\t\t\t\t\t\t\t\t\t<\/div>\n\t\t\t\t<\/div>\n\t\t\t\t\t<\/div>\n\t\t<\/div>\n\t\t\t\t\t<\/div>\n\t\t<\/section>\n\t\t\t\t<div class=\"elementor-element elementor-element-7da3f0b9 elementor-widget__width-initial elementor-widget elementor-widget-text-editor\" data-id=\"7da3f0b9\" data-element_type=\"widget\" data-widget_type=\"text-editor.default\">\n\t\t\t\t<div class=\"elementor-widget-container\">\n\t\t\t\t\t\t\t\t\t<div class=\"wp-block-columns\"><div class=\"wp-block-column\"><span style=\"color: #0e0e0e; font-family: var( --e-global-typography-secondary-font-family ), Sans-serif; font-size: var( --e-global-typography-secondary-font-size ); font-weight: var( --e-global-typography-secondary-font-weight );\">\u00a0 GPS-Audiogeschichten f\u00fcrs Smartphone<\/span><\/div><\/div><h3>\u00a0 Audio 1 Die Schafgrube von Valthe<\/h3><figure class=\"wp-block-audio\"><audio src=\"http:\/\/puurexloo.nl\/wp-content\/uploads\/2021\/11\/Luisterplek-1-De-Schaapskuil-Valthe.mp3\" controls=\"controls\"><\/audio><\/figure><h3>\u00a0 Audio 2 Mental Map Exloo<\/h3><figure class=\"wp-block-audio\"><audio src=\"http:\/\/puurexloo.nl\/wp-content\/uploads\/2021\/11\/Luisterplek-2-Mental-Map-Exloo.mp3\" controls=\"controls\"><\/audio><\/figure><h3>\u00a0 Audio 3 H\u00fcnengrab D30 Forst Exloo<\/h3><figure class=\"wp-block-audio\"><audio src=\"http:\/\/puurexloo.nl\/wp-content\/uploads\/2021\/11\/Luisterplek-3-Hunebed-D30-Boswachterij-Exloo.mp3\" controls=\"controls\"><\/audio><\/figure><div class=\"wp-block-spacer\" style=\"height: 40px;\" aria-hidden=\"true\">\u00a0<\/div><h2>\u00a0 Speziell zusammengestellte Radtouren f\u00fcr G\u00e4ste<\/h2><div class=\"wp-block-spacer\" style=\"height: 25px;\" aria-hidden=\"true\">\u00a0<\/div><div class=\"wp-block-media-text alignwide is-stacked-on-mobile\" style=\"grid-template-columns: 25% auto;\"><figure class=\"wp-block-media-text__media\"><img fetchpriority=\"high\" decoding=\"async\" width=\"576\" height=\"576\" class=\"wp-image-2958 size-full\" src=\"http:\/\/puurexloo.nl\/wp-content\/uploads\/2021\/08\/Borger-Grootste-Hunebed-1.jpg\" alt=\"\" srcset=\"https:\/\/puurexloo.nl\/wp-content\/uploads\/2021\/08\/Borger-Grootste-Hunebed-1.jpg 576w, https:\/\/puurexloo.nl\/wp-content\/uploads\/2021\/08\/Borger-Grootste-Hunebed-1-300x300.jpg 300w, https:\/\/puurexloo.nl\/wp-content\/uploads\/2021\/08\/Borger-Grootste-Hunebed-1-100x100.jpg 100w, https:\/\/puurexloo.nl\/wp-content\/uploads\/2021\/08\/elementor\/thumbs\/Borger-Grootste-Hunebed-1-pbr5373167ehe5j3xr7oixnhctcmv8kmj3rc4w65y8.jpg 400w\" sizes=\"(max-width: 576px) 100vw, 576px\" \/><\/figure><div class=\"wp-block-media-text__content\"><h3>Eiszeitenroute 38 km<\/h3><p><strong>Auf und ab \u00fcber H\u00fcgel aus der Eiszeit<\/strong><\/p><p>Vom H\u00fcnengrabmuseum in Borger aus kannst du eine Radtour \u00fcber den Hondsrug machen. Sie f\u00fchrt an vier Hotspots in der N\u00e4he von Borger entlang: dem H\u00fcgel namens Buunerbult auf der Noorderesch von Buinen mit einem wundersch\u00f6nen Blick auf den Hondsrug; den H\u00e4ngen der Trockent\u00e4ler aus der letzten Eiszeit beim Hunzebos; dem Molenveld mit dem besonderen Leewal bei Exloo und der Pingoruine im Wald hinter dem Dorf Ees. Alle zusammen erz\u00e4hlen die Geschichte der Hondsrug-Region nach, die w\u00e4hrend der Eiszeiten entstanden ist.<\/p><\/div><\/div><div class=\"wp-block-spacer\" style=\"height: 60px;\" aria-hidden=\"true\">\u00a0<\/div><h2>\u00a0 Auswahl der Fahrr\u00e4der aus dem Fahrradverleih<\/h2><div class=\"woocommerce columns-5 \"><\/div><div class=\"wp-block-buttons\"><div class=\"wp-block-button\"><a class=\"wp-block-button__link\" href=\"https:\/\/puurexloo.nl\/de\/onlineshop\/fahrraeder-reservieren\/\">Alle Fahrr\u00e4der ansehen<\/a><\/div><\/div>\t\t\t\t\t\t\t\t<\/div>\n\t\t\t\t<\/div>\n\t\t\t\t\t<\/div>\n\t\t<\/div>\n\t\t\t\t\t<\/div>\n\t\t<\/section>\n\t\t\t\t<\/div>\n\t\t","protected":false},"excerpt":{"rendered":"<p>PUUR Exloo-Karte mit Radknotenpunkten, Weltkulturerbe Geopark De Hondsrug Die Landschaft des Hondsrug Unesco Global Geopark l\u00e4sst sich ideal mit dem Fahrrad erkunden. Man kommt dabei unter anderem zu den vielen H\u00fcnengr\u00e4bern, Pingoruinen, H\u00fcgelgr\u00e4bern und authentischen Drenther D\u00f6rfern. Die PUUR Exloo-Karte mit den Radknotenpunkten f\u00fchrt dich mit f\u00fcnf wundersch\u00f6nen Fahrradrouten zu den sch\u00f6nsten Stellen des UNESCO [&hellip;]<\/p>\n","protected":false},"author":27,"featured_media":9759,"parent":0,"menu_order":0,"comment_status":"closed","ping_status":"closed","template":"","meta":{"footnotes":""},"class_list":["post-22459","page","type-page","status-publish","has-post-thumbnail","hentry"],"_links":{"self":[{"href":"https:\/\/puurexloo.nl\/de\/wp-json\/wp\/v2\/pages\/22459","targetHints":{"allow":["GET"]}}],"collection":[{"href":"https:\/\/puurexloo.nl\/de\/wp-json\/wp\/v2\/pages"}],"about":[{"href":"https:\/\/puurexloo.nl\/de\/wp-json\/wp\/v2\/types\/page"}],"author":[{"embeddable":true,"href":"https:\/\/puurexloo.nl\/de\/wp-json\/wp\/v2\/users\/27"}],"replies":[{"embeddable":true,"href":"https:\/\/puurexloo.nl\/de\/wp-json\/wp\/v2\/comments?post=22459"}],"version-history":[{"count":7,"href":"https:\/\/puurexloo.nl\/de\/wp-json\/wp\/v2\/pages\/22459\/revisions"}],"predecessor-version":[{"id":25149,"href":"https:\/\/puurexloo.nl\/de\/wp-json\/wp\/v2\/pages\/22459\/revisions\/25149"}],"wp:featuredmedia":[{"embeddable":true,"href":"https:\/\/puurexloo.nl\/de\/wp-json\/wp\/v2\/media\/9759"}],"wp:attachment":[{"href":"https:\/\/puurexloo.nl\/de\/wp-json\/wp\/v2\/media?parent=22459"}],"curies":[{"name":"wp","href":"https:\/\/api.w.org\/{rel}","templated":true}]}}