{"id":22465,"date":"2024-04-12T15:35:11","date_gmt":"2024-04-12T13:35:11","guid":{"rendered":"https:\/\/puurexloo.nl\/?page_id=22465"},"modified":"2024-04-15T11:40:13","modified_gmt":"2024-04-15T09:40:13","slug":"wandern","status":"publish","type":"page","link":"https:\/\/puurexloo.nl\/de\/wandern\/","title":{"rendered":"Wandern"},"content":{"rendered":"\t\t<div data-elementor-type=\"wp-page\" data-elementor-id=\"22465\" class=\"elementor elementor-22465 elementor-213\" data-elementor-post-type=\"page\">\n\t\t\t\t\t\t<section class=\"elementor-section elementor-top-section elementor-element elementor-element-7383801 elementor-section-boxed elementor-section-height-default elementor-section-height-default\" data-id=\"7383801\" data-element_type=\"section\">\n\t\t\t\t\t\t<div class=\"elementor-container elementor-column-gap-default\">\n\t\t\t\t\t<div class=\"elementor-column elementor-col-100 elementor-top-column elementor-element elementor-element-5ef3f76c\" data-id=\"5ef3f76c\" data-element_type=\"column\">\n\t\t\t<div class=\"elementor-widget-wrap elementor-element-populated\">\n\t\t\t\t\t\t<section class=\"elementor-section elementor-inner-section elementor-element elementor-element-d8a0cc4 elementor-section-boxed elementor-section-height-default elementor-section-height-default\" data-id=\"d8a0cc4\" data-element_type=\"section\">\n\t\t\t\t\t\t<div class=\"elementor-container elementor-column-gap-default\">\n\t\t\t\t\t<div class=\"elementor-column elementor-col-50 elementor-inner-column elementor-element elementor-element-86244ee\" data-id=\"86244ee\" data-element_type=\"column\">\n\t\t\t<div class=\"elementor-widget-wrap elementor-element-populated\">\n\t\t\t\t\t\t<div class=\"elementor-element elementor-element-a732d65 elementor-widget elementor-widget-text-editor\" data-id=\"a732d65\" data-element_type=\"widget\" data-widget_type=\"text-editor.default\">\n\t\t\t\t<div class=\"elementor-widget-container\">\n\t\t\t\t\t\t\t\t\t<p><span style=\"font-weight: bolder; color: #0e0e0e; font-family: 'Bodoni Moda', sans-serif; font-size: 28px;\">PUUR Exloo Wanderkarte Weltkulturerbe Geopark De Hondsrug<\/span><\/p><p><strong>In der wundersch\u00f6nen Umgebung von PUUR Exloo kann man viel unternehmen und erleben. Die Landschaft rund um das Familienresort PUUR Exloo ist das pulsierende Herz vom UNESCO Global Geopark De Hondsrug. <\/strong>Die in der Eiszeit entstandene Landschaft des Hondsrug ist noch weitgehend unber\u00fchrt. In diesem Gebiet liegen zwei wichtige Hotspots des Geoparks: Hunzebos und Leewal. Letzterer ist eine r\u00e4tselhafte steile Anh\u00f6he, die sich durch die Landschaft schl\u00e4ngelt.<\/p>\t\t\t\t\t\t\t\t<\/div>\n\t\t\t\t<\/div>\n\t\t\t\t\t<\/div>\n\t\t<\/div>\n\t\t\t\t<div class=\"elementor-column elementor-col-50 elementor-inner-column elementor-element elementor-element-fd2417c\" data-id=\"fd2417c\" data-element_type=\"column\">\n\t\t\t<div class=\"elementor-widget-wrap elementor-element-populated\">\n\t\t\t\t\t\t<div class=\"elementor-element elementor-element-74af5ce elementor-widget elementor-widget-image\" data-id=\"74af5ce\" data-element_type=\"widget\" data-widget_type=\"image.default\">\n\t\t\t\t<div class=\"elementor-widget-container\">\n\t\t\t\t\t\t\t\t\t\t\t\t\t\t\t<img fetchpriority=\"high\" decoding=\"async\" width=\"593\" height=\"1099\" src=\"https:\/\/puurexloo.nl\/wp-content\/uploads\/2021\/09\/Puur-Exloo-Wandelkaart-e1682692291797.jpg\" class=\"attachment-full size-full wp-image-3329\" alt=\"\" \/>\t\t\t\t\t\t\t\t\t\t\t\t\t\t\t<\/div>\n\t\t\t\t<\/div>\n\t\t\t\t\t<\/div>\n\t\t<\/div>\n\t\t\t\t\t<\/div>\n\t\t<\/section>\n\t\t\t\t<div class=\"elementor-element elementor-element-2e27527b elementor-widget elementor-widget-text-editor\" data-id=\"2e27527b\" data-element_type=\"widget\" data-widget_type=\"text-editor.default\">\n\t\t\t\t<div class=\"elementor-widget-container\">\n\t\t\t\t\t\t\t\t\t<div class=\"wp-block-columns\"><div class=\"wp-block-column\">\u00a0\u00a0<span style=\"color: #0e0e0e; font-family: var( --e-global-typography-secondary-font-family ), Sans-serif; font-size: var( --e-global-typography-secondary-font-size ); font-weight: var( --e-global-typography-secondary-font-weight );\">GPS-Audiogeschichten f\u00fcrs Smartphone<\/span><\/div><\/div><h3>\u00a0 Audio 1 Die Schafgrube von Valthe<\/h3><figure class=\"wp-block-audio\"><audio src=\"http:\/\/puurexloo.nl\/wp-content\/uploads\/2021\/11\/Luisterplek-1-De-Schaapskuil-Valthe.mp3\" controls=\"controls\"><\/audio><\/figure><h3>\u00a0 Audio 2 Mental Map Exloo<\/h3><figure class=\"wp-block-audio\"><audio src=\"http:\/\/puurexloo.nl\/wp-content\/uploads\/2021\/11\/Luisterplek-2-Mental-Map-Exloo.mp3\" controls=\"controls\"><\/audio><\/figure><h3>\u00a0 Audio 3 H\u00fcnengrab D30 Forst Exloo<\/h3><figure class=\"wp-block-audio\"><audio src=\"http:\/\/puurexloo.nl\/wp-content\/uploads\/2021\/11\/Luisterplek-3-Hunebed-D30-Boswachterij-Exloo.mp3\" controls=\"controls\"><\/audio><\/figure><div class=\"wp-block-spacer\" style=\"height: 40px;\" aria-hidden=\"true\">\u00a0<\/div><h2>\u00a0 Speziell zusammengestellte Wanderungen f\u00fcr G\u00e4ste<\/h2><div class=\"wp-block-columns mt-3\"><div class=\"wp-block-column\" style=\"flex-basis: 20%;\"><figure class=\"wp-block-image size-full\"><img decoding=\"async\" width=\"750\" height=\"750\" class=\"wp-image-2872\" src=\"http:\/\/puurexloo.nl\/wp-content\/uploads\/2021\/08\/boomtoppen.jpg\" alt=\"\" srcset=\"https:\/\/puurexloo.nl\/wp-content\/uploads\/2021\/08\/boomtoppen.jpg 750w, https:\/\/puurexloo.nl\/wp-content\/uploads\/2021\/08\/boomtoppen-300x300.jpg 300w, https:\/\/puurexloo.nl\/wp-content\/uploads\/2021\/08\/boomtoppen-100x100.jpg 100w, https:\/\/puurexloo.nl\/wp-content\/uploads\/2021\/08\/boomtoppen-600x600.jpg 600w\" sizes=\"(max-width: 750px) 100vw, 750px\" \/><\/figure><\/div><div class=\"wp-block-column\" style=\"flex-basis: 80%;\"><h3>Baumkronenpfad \u2013 M\u00f6chtest du den Wald einmal aus einem anderen Blickwinkel betrachten?<\/h3><p>Am Buitencentrum Boomkroonpad starten verschiedene Rad- und Wanderstrecken durch dieses weitl\u00e4ufige Gebiet. Wenn du den Wald einmal aus einem anderen Blickwinkel betrachten m\u00f6chtest, dann bietet sich eine Wanderung \u00fcber den Boomkroonpad (w\u00f6rtlich Baumkronenpfad) an.<\/p><div class=\"wp-block-buttons\"><div class=\"wp-block-button\"><a class=\"wp-block-button__link\" href=\"https:\/\/www.staatsbosbeheer.nl\/natuurgebieden\/hondsrug\/buitencentrum\" target=\"_blank\" rel=\"noreferrer noopener\">Website<\/a><\/div><\/div><\/div><\/div><div class=\"wp-block-columns mt-3\"><div class=\"wp-block-column\" style=\"flex-basis: 20%;\"><figure class=\"wp-block-image size-full\"><img decoding=\"async\" width=\"600\" height=\"600\" class=\"wp-image-2962\" src=\"http:\/\/puurexloo.nl\/wp-content\/uploads\/2021\/08\/38048_large-2.jpg\" alt=\"\" srcset=\"https:\/\/puurexloo.nl\/wp-content\/uploads\/2021\/08\/38048_large-2.jpg 600w, https:\/\/puurexloo.nl\/wp-content\/uploads\/2021\/08\/38048_large-2-300x300.jpg 300w, https:\/\/puurexloo.nl\/wp-content\/uploads\/2021\/08\/38048_large-2-100x100.jpg 100w\" sizes=\"(max-width: 600px) 100vw, 600px\" \/><\/figure><\/div><div class=\"wp-block-column\" style=\"flex-basis: 80%;\"><h3>Veenpark \u2013 Alles \u00fcber Moore und Torfabbau in Drenthe<\/h3><p>Im Freilichtmuseum Veenpark in Barger-Compascuum erf\u00e4hrst du alles \u00fcber das Moor und den Torfabbau in Drenthe. Per Bahn und Boot geht es durch nostalgische D\u00f6rfer und nat\u00fcrlich durch das Hochmoorgebiet, wo die Torfstecher zugange sind.<\/p><div class=\"wp-block-buttons\"><div class=\"wp-block-button\"><a class=\"wp-block-button__link\" href=\"http:\/\/www.veenpark.nl\/\" target=\"_blank\" rel=\"noreferrer noopener\">Website<\/a><\/div><\/div><\/div><\/div><div class=\"wp-block-columns mt-3\"><div class=\"wp-block-column\" style=\"flex-basis: 20%;\"><figure class=\"wp-block-image size-full\"><img loading=\"lazy\" decoding=\"async\" width=\"576\" height=\"576\" class=\"wp-image-2958\" src=\"http:\/\/puurexloo.nl\/wp-content\/uploads\/2021\/08\/Borger-Grootste-Hunebed-1.jpg\" alt=\"\" srcset=\"https:\/\/puurexloo.nl\/wp-content\/uploads\/2021\/08\/Borger-Grootste-Hunebed-1.jpg 576w, https:\/\/puurexloo.nl\/wp-content\/uploads\/2021\/08\/Borger-Grootste-Hunebed-1-300x300.jpg 300w, https:\/\/puurexloo.nl\/wp-content\/uploads\/2021\/08\/Borger-Grootste-Hunebed-1-100x100.jpg 100w, https:\/\/puurexloo.nl\/wp-content\/uploads\/2021\/08\/elementor\/thumbs\/Borger-Grootste-Hunebed-1-pbr5373167ehe5j3xr7oixnhctcmv8kmj3rc4w65y8.jpg 400w\" sizes=\"(max-width: 576px) 100vw, 576px\" \/><\/figure><\/div><div class=\"wp-block-column\" style=\"flex-basis: 80%;\"><h3>Gro\u00dfsteingr\u00e4ber \u2013 Ein Urzeitpark in Drenthe<\/h3><p>Begib dich in die Fr\u00fchgeschichte zu unseren j\u00fcngsten Vorfahren. Nur einen Steinwurf entfernt vom gr\u00f6\u00dften Gro\u00dfsteingrab (H\u00fcnengrab) der Niederlande spielen sich Geschichten aus l\u00e4ngst vergangenen Zeiten ab. Das solltest du dir nicht entgehen lassen!<\/p><div class=\"wp-block-buttons\"><div class=\"wp-block-button\"><a class=\"wp-block-button__link\" href=\"https:\/\/www.hunebedcentrum.eu\/\" target=\"_blank\" rel=\"noreferrer noopener\">Website<\/a><\/div><\/div><\/div><\/div><div class=\"wp-block-columns mt-3\"><div class=\"wp-block-column\" style=\"flex-basis: 20%;\"><figure class=\"wp-block-image size-full\"><img loading=\"lazy\" decoding=\"async\" width=\"600\" height=\"600\" class=\"wp-image-2956\" src=\"http:\/\/puurexloo.nl\/wp-content\/uploads\/2021\/08\/47639_large-1.jpg\" alt=\"\" srcset=\"https:\/\/puurexloo.nl\/wp-content\/uploads\/2021\/08\/47639_large-1.jpg 600w, https:\/\/puurexloo.nl\/wp-content\/uploads\/2021\/08\/47639_large-1-300x300.jpg 300w, https:\/\/puurexloo.nl\/wp-content\/uploads\/2021\/08\/47639_large-1-100x100.jpg 100w\" sizes=\"(max-width: 600px) 100vw, 600px\" \/><\/figure><\/div><div class=\"wp-block-column\" style=\"flex-basis: 80%;\"><h3>Fluchtversteck im Valtherbos \u2013 Entdecke das Fluchtversteck und die verschiedenen H\u00fcnengr\u00e4ber<\/h3><p>Eine gut acht Kilometer lange Wanderung f\u00fchrt von Valthe aus am ehemaligen Bahnhof des Dorfes vorbei. \u00dcber eine Eschflur des Dorfes gelangt man in das Waldst\u00fcck Valtherbos. Wundersch\u00f6ne Waldwege f\u00fchren letztlich zum verborgenen Fluchtversteck (Onderduikershol), einem Ort mit bewegender Kriegsgeschichte. Unterwegs passiert man drei H\u00fcnengr\u00e4ber.<\/p><div class=\"wp-block-buttons\"><div class=\"wp-block-button\"><a class=\"wp-block-button__link\" href=\"https:\/\/www.dehondsrug.nl\/routes\/ontdek-het-onderduikershol-bij-valthe\/\" target=\"_blank\" rel=\"noreferrer noopener\">Website<\/a><\/div><\/div><\/div><\/div><div class=\"wp-block-columns mt-3\"><div class=\"wp-block-column\" style=\"flex-basis: 20%;\"><figure class=\"wp-block-image size-full\"><img loading=\"lazy\" decoding=\"async\" width=\"432\" height=\"432\" class=\"wp-image-2954\" src=\"http:\/\/puurexloo.nl\/wp-content\/uploads\/2021\/08\/Molenveld-1.jpg\" alt=\"\" srcset=\"https:\/\/puurexloo.nl\/wp-content\/uploads\/2021\/08\/Molenveld-1.jpg 432w, https:\/\/puurexloo.nl\/wp-content\/uploads\/2021\/08\/Molenveld-1-300x300.jpg 300w, https:\/\/puurexloo.nl\/wp-content\/uploads\/2021\/08\/Molenveld-1-100x100.jpg 100w\" sizes=\"(max-width: 432px) 100vw, 432px\" \/><\/figure><\/div><div class=\"wp-block-column\" style=\"flex-basis: 80%;\"><h3>Molenveld Exloo \u2013 Ein wundersch\u00f6nes Naturschutzgebiet mit der Exlooer Schafherde<\/h3><p>S\u00fcdwestlich des Dorfes Exloo liegt das Naturgebiet Molenveld mit wundersch\u00f6ner Heide, Feuchtgebieten und einer leicht h\u00fcgeligen Landschaft. Die Exlooer Schafherde zieht jeden Tag vom Dorf hierher. Mit etwas Gl\u00fcck begegnest du bei deiner Wanderung \u00fcber die Heide den Schafen.<\/p><div class=\"wp-block-buttons\"><div class=\"wp-block-button\"><a class=\"wp-block-button__link\" href=\"https:\/\/www.hunebednieuwscafe.nl\/2018\/08\/molenveld-schapen-en-heide\/\" target=\"_blank\" rel=\"noreferrer noopener\">Website<\/a><\/div><\/div><\/div><\/div><div class=\"wp-block-columns mt-3\"><div class=\"wp-block-column\" style=\"flex-basis: 20%;\"><figure class=\"wp-block-image size-full\"><img loading=\"lazy\" decoding=\"async\" width=\"576\" height=\"576\" class=\"wp-image-2952\" src=\"http:\/\/puurexloo.nl\/wp-content\/uploads\/2021\/08\/Hondsrug-_-SabeltandspoorP4221921-scaled-1-1.jpg\" alt=\"\" srcset=\"https:\/\/puurexloo.nl\/wp-content\/uploads\/2021\/08\/Hondsrug-_-SabeltandspoorP4221921-scaled-1-1.jpg 576w, https:\/\/puurexloo.nl\/wp-content\/uploads\/2021\/08\/Hondsrug-_-SabeltandspoorP4221921-scaled-1-1-300x300.jpg 300w, https:\/\/puurexloo.nl\/wp-content\/uploads\/2021\/08\/Hondsrug-_-SabeltandspoorP4221921-scaled-1-1-100x100.jpg 100w\" sizes=\"(max-width: 576px) 100vw, 576px\" \/><\/figure><\/div><div class=\"wp-block-column\" style=\"flex-basis: 80%;\"><h3>Auf den Spuren des S\u00e4belzahntigers im Hunzebos \u2013 Wer ist schneller, du oder der S\u00e4belzahntiger?<\/h3><p>Die ca. 2 km lange und beliebte Wanderung \u201eSabeltandtijgerspoor\u201c im Hunzebos beginnt beim Familienresort und schl\u00e4ngelt sich \u00fcber die H\u00fcgel aus der Eiszeit. Man kann springen, klettern, sich auf die Seilbahn schwingen, auf einer H\u00e4ngebr\u00fccke balancieren und es mit dem S\u00e4belzahntiger aufnehmen. Wer ist schneller?<\/p><p>Was diesen spielerischen Weg einzigartig macht, ist die Kombination aus den in den Wald integrierten Spielger\u00e4ten und der App mit virtueller und erweiterter Realit\u00e4t, 360-Grad-Videos und Games, die den Spielger\u00e4ten eine zus\u00e4tzliche Dimension verleihen.<\/p><div class=\"wp-block-buttons\"><div class=\"wp-block-button\"><a class=\"wp-block-button__link\" href=\"https:\/\/www.dehondsrug.nl\/routes\/sabeltandtijgerspoor\/\" target=\"_blank\" rel=\"noreferrer noopener\">Website<\/a><\/div><\/div><\/div><\/div><div class=\"wp-block-columns mt-3\"><div class=\"wp-block-column\" style=\"flex-basis: 20%;\"><figure class=\"wp-block-image size-full\"><img loading=\"lazy\" decoding=\"async\" width=\"600\" height=\"600\" class=\"wp-image-2950\" src=\"http:\/\/puurexloo.nl\/wp-content\/uploads\/2021\/08\/47651_large-1.jpg\" alt=\"\" srcset=\"https:\/\/puurexloo.nl\/wp-content\/uploads\/2021\/08\/47651_large-1.jpg 600w, https:\/\/puurexloo.nl\/wp-content\/uploads\/2021\/08\/47651_large-1-300x300.jpg 300w, https:\/\/puurexloo.nl\/wp-content\/uploads\/2021\/08\/47651_large-1-100x100.jpg 100w\" sizes=\"(max-width: 600px) 100vw, 600px\" \/><\/figure><\/div><div class=\"wp-block-column\" style=\"flex-basis: 80%;\"><h3>Naturreservat Bargerveen \u2013 Einziger \u00dcberrest des gro\u00dfen Bourtanger Moores<\/h3><p>Das Bargerveen wurde im Rahmen der europ\u00e4ischen Vogelschutzrichtlinien als besonderes Schutzgebiet ausgewiesen, da es eine Reihe besonders wertvoller Tier- und Pflanzenarten beheimatet.<\/p><p>Der gr\u00f6\u00dfte Teil des Naturreservates ist durch Wanderwege erschlossen. Hier k\u00f6nnen Naturliebhaber auf 30 Kilometer Wanderwegen au\u00dfergew\u00f6hnliche Entdeckungen machen. Die F\u00f6rster von Staatsbosbeheer (der niederl\u00e4ndischen Forstverwaltung) sowie die erfahrenen F\u00fchrer vom Veenloopcentrum in Weiteveen bieten auch Naturf\u00fchrungen an.<\/p><div class=\"wp-block-buttons\"><div class=\"wp-block-button\"><a class=\"wp-block-button__link\" href=\"https:\/\/nl.naturpark-moor.eu\/wissen\/charakter\/natura-2000-gebiet-bargerveen\/\" target=\"_blank\" rel=\"noreferrer noopener\">Website<\/a><\/div><\/div><\/div><\/div><div class=\"wp-block-columns mt-3\"><div class=\"wp-block-column\" style=\"flex-basis: 20%;\"><figure class=\"wp-block-image size-full\"><img loading=\"lazy\" decoding=\"async\" width=\"600\" height=\"600\" class=\"wp-image-2948\" src=\"http:\/\/puurexloo.nl\/wp-content\/uploads\/2021\/08\/38037_large-1.jpg\" alt=\"\" srcset=\"https:\/\/puurexloo.nl\/wp-content\/uploads\/2021\/08\/38037_large-1.jpg 600w, https:\/\/puurexloo.nl\/wp-content\/uploads\/2021\/08\/38037_large-1-300x300.jpg 300w, https:\/\/puurexloo.nl\/wp-content\/uploads\/2021\/08\/38037_large-1-100x100.jpg 100w\" sizes=\"(max-width: 600px) 100vw, 600px\" \/><\/figure><\/div><div class=\"wp-block-column\" style=\"flex-basis: 80%;\"><h3>Drentsche Aa \u2013 Erleben, wie alles historisch zusammenh\u00e4ngt!<\/h3><p>In der am besten erhaltenen Eschflurlandschaft Westeuropas erschlie\u00dft sich bis heute der historische Zusammenhang von D\u00f6rfern, Eschfluren, Feldern und B\u00e4chen. Dazu braucht man nur den jahrhundertealten Wagenspuren zu Grabh\u00fcgeln, Gro\u00dfsteingr\u00e4bern und Galgenbergen zu folgen.<\/p><div class=\"wp-block-buttons\"><div class=\"wp-block-button\"><a class=\"wp-block-button__link\" href=\"https:\/\/www.drentscheaa.nl\/\" target=\"_blank\" rel=\"noreferrer noopener\">Website<\/a><\/div><\/div><\/div><\/div>\t\t\t\t\t\t\t\t<\/div>\n\t\t\t\t<\/div>\n\t\t\t\t\t<\/div>\n\t\t<\/div>\n\t\t\t\t\t<\/div>\n\t\t<\/section>\n\t\t\t\t<\/div>\n\t\t","protected":false},"excerpt":{"rendered":"<p>PUUR Exloo Wanderkarte Weltkulturerbe Geopark De Hondsrug In der wundersch\u00f6nen Umgebung von PUUR Exloo kann man viel unternehmen und erleben. Die Landschaft rund um das Familienresort PUUR Exloo ist das pulsierende Herz vom UNESCO Global Geopark De Hondsrug. Die in der Eiszeit entstandene Landschaft des Hondsrug ist noch weitgehend unber\u00fchrt. In diesem Gebiet liegen zwei [&hellip;]<\/p>\n","protected":false},"author":27,"featured_media":2811,"parent":0,"menu_order":0,"comment_status":"closed","ping_status":"closed","template":"","meta":{"footnotes":""},"class_list":["post-22465","page","type-page","status-publish","has-post-thumbnail","hentry"],"_links":{"self":[{"href":"https:\/\/puurexloo.nl\/de\/wp-json\/wp\/v2\/pages\/22465","targetHints":{"allow":["GET"]}}],"collection":[{"href":"https:\/\/puurexloo.nl\/de\/wp-json\/wp\/v2\/pages"}],"about":[{"href":"https:\/\/puurexloo.nl\/de\/wp-json\/wp\/v2\/types\/page"}],"author":[{"embeddable":true,"href":"https:\/\/puurexloo.nl\/de\/wp-json\/wp\/v2\/users\/27"}],"replies":[{"embeddable":true,"href":"https:\/\/puurexloo.nl\/de\/wp-json\/wp\/v2\/comments?post=22465"}],"version-history":[{"count":7,"href":"https:\/\/puurexloo.nl\/de\/wp-json\/wp\/v2\/pages\/22465\/revisions"}],"predecessor-version":[{"id":22542,"href":"https:\/\/puurexloo.nl\/de\/wp-json\/wp\/v2\/pages\/22465\/revisions\/22542"}],"wp:featuredmedia":[{"embeddable":true,"href":"https:\/\/puurexloo.nl\/de\/wp-json\/wp\/v2\/media\/2811"}],"wp:attachment":[{"href":"https:\/\/puurexloo.nl\/de\/wp-json\/wp\/v2\/media?parent=22465"}],"curies":[{"name":"wp","href":"https:\/\/api.w.org\/{rel}","templated":true}]}}