{"id":22746,"date":"2024-04-19T14:50:13","date_gmt":"2024-04-19T12:50:13","guid":{"rendered":"https:\/\/puurexloo.nl\/?page_id=22746"},"modified":"2024-04-19T14:54:48","modified_gmt":"2024-04-19T12:54:48","slug":"check-in-und-check-out-per-selbstbedienung","status":"publish","type":"page","link":"https:\/\/puurexloo.nl\/de\/check-in-und-check-out-per-selbstbedienung\/","title":{"rendered":"Check-in und Check-out per Selbstbedienung"},"content":{"rendered":"\t\t<div data-elementor-type=\"wp-page\" data-elementor-id=\"22746\" class=\"elementor elementor-22746 elementor-1681\" data-elementor-post-type=\"page\">\n\t\t\t\t\t\t<section class=\"elementor-section elementor-top-section elementor-element elementor-element-4ca06133 elementor-section-boxed elementor-section-height-default elementor-section-height-default\" data-id=\"4ca06133\" data-element_type=\"section\">\n\t\t\t\t\t\t<div class=\"elementor-container elementor-column-gap-default\">\n\t\t\t\t\t<div class=\"elementor-column elementor-col-100 elementor-top-column elementor-element elementor-element-5b0a2ed9\" data-id=\"5b0a2ed9\" data-element_type=\"column\">\n\t\t\t<div class=\"elementor-widget-wrap elementor-element-populated\">\n\t\t\t\t\t\t<div class=\"elementor-element elementor-element-4a51beb3 elementor-widget elementor-widget-text-editor\" data-id=\"4a51beb3\" data-element_type=\"widget\" data-widget_type=\"text-editor.default\">\n\t\t\t\t<div class=\"elementor-widget-container\">\n\t\t\t\t\t\t\t\t\t<p>Unser Resort verf\u00fcgt \u00fcber eine Rezeption ohne Anreise, Sie erhalten 3 Tage vor Anreise eine E-Mail mit einem eindeutigen Zugangscode, mit dem Sie die Villa betreten k\u00f6nnen. Wenn Sie keinen Code erhalten haben, kontaktieren Sie uns bitte \u00fcber unsere <span style=\"color: #916188;\"><a style=\"color: #916188;\" href=\"https:\/\/puurexloo.nl\/park-informatie\/service-contact\/\" target=\"_blank\" rel=\"noopener\">Service- und Kontaktseite<\/a><\/span>.<\/p><p><strong>Ankunftstag<\/strong> <br \/>Ab 16:00 Uhr sind Sie willkommen in der Villa. Alle Luxusferienvillen sind mit einem elektronischen Schloss ausgestattet, das Sie mit Ihrem eigenen, einzigartigen Code \u00f6ffnen k\u00f6nnen. Diesen Code erhalten Sie einige Tage vor Anreise <em>per E-Mail<\/em>. Unser Team wird Sie gerne begr\u00fc\u00dfen. Sie m\u00fcssen sich also nicht bei uns melden.<\/p><p><strong>Abreisetag<\/strong> <br \/>Am Abreisetag k\u00f6nnen Sie bis 10:00 Uhr in der Villa bleiben. Wenn Sie die Villa verlassen, bitten wir Sie, den Abfahrtscode 112112# einzugeben. M\u00f6chten Sie die Bettw\u00e4sche und Handt\u00fccher vor der Abreise in separaten W\u00e4sches\u00e4cken im Flur abholen und den M\u00fcll in den entsprechenden M\u00fcllcontainern bei P2 oder P4 deponieren? Vielen Dank im Voraus!<\/p><p><strong>Lageplan <br \/><\/strong>F\u00fcr einen \u00dcberblick \u00fcber den Park und alle Einrichtungen kann die Karte \u00fcber <span style=\"color: #916188;\"><a style=\"color: #916188;\" href=\"https:\/\/www.landal.nl\/-\/media\/files\/plo\/plo_plat.pdf?v=638137322310000000\" target=\"_blank\" rel=\"noopener\">diese Link<\/a> <\/span>eingesehen werden.<\/p><p><strong>Kontakt<br \/><\/strong>An Werktagen von Montag bis Freitag (ausgenommen Feiertage) sind wir ab 10:00 Uhr f\u00fcr alle Fragen erreichbar im <strong>G\u00e4stehaus<\/strong>. Das G\u00e4stehaus schlie\u00dft um 17:00 Uhr.<\/p><p>Sie k\u00f6nnen <em>w\u00e4hrend Ihres Aufenthaltes<\/em> auch unseren WhatsApp-Service unter <strong>+31 (0) 6 48075684<\/strong> nutzen. Dieser Service steht Ihnen t\u00e4glich bis 21:00 Uhr zur Verf\u00fcgung, auch am Wochenende. Au\u00dferhalb dieser Zeiten und auch am Wochenende rufen Sie bitte bei dringenden Fragen\/St\u00f6rungen die Nummer <strong>+31<\/strong> <strong>(0) 88 \u2013 298 1747<\/strong> an.<\/p><p>F\u00fcr weitere wichtige Telefonnummern klicken Sie <span style=\"color: #916188;\"><a style=\"color: #916188;\" href=\"https:\/\/puurexloo.nl\/park-informatie\/service-contact\/\" target=\"_blank\" rel=\"noopener\">hier<\/a><\/span>.<\/p>\t\t\t\t\t\t\t\t<\/div>\n\t\t\t\t<\/div>\n\t\t\t\t\t<\/div>\n\t\t<\/div>\n\t\t\t\t\t<\/div>\n\t\t<\/section>\n\t\t\t\t<\/div>\n\t\t","protected":false},"excerpt":{"rendered":"<p>Unser Resort verf\u00fcgt \u00fcber eine Rezeption ohne Anreise, Sie erhalten 3 Tage vor Anreise eine E-Mail mit einem eindeutigen Zugangscode, mit dem Sie die Villa betreten k\u00f6nnen. Wenn Sie keinen Code erhalten haben, kontaktieren Sie uns bitte \u00fcber unsere Service- und Kontaktseite. Ankunftstag Ab 16:00 Uhr sind Sie willkommen in der Villa. Alle Luxusferienvillen sind [&hellip;]<\/p>\n","protected":false},"author":27,"featured_media":2815,"parent":0,"menu_order":0,"comment_status":"closed","ping_status":"closed","template":"","meta":{"footnotes":""},"class_list":["post-22746","page","type-page","status-publish","has-post-thumbnail","hentry"],"_links":{"self":[{"href":"https:\/\/puurexloo.nl\/de\/wp-json\/wp\/v2\/pages\/22746","targetHints":{"allow":["GET"]}}],"collection":[{"href":"https:\/\/puurexloo.nl\/de\/wp-json\/wp\/v2\/pages"}],"about":[{"href":"https:\/\/puurexloo.nl\/de\/wp-json\/wp\/v2\/types\/page"}],"author":[{"embeddable":true,"href":"https:\/\/puurexloo.nl\/de\/wp-json\/wp\/v2\/users\/27"}],"replies":[{"embeddable":true,"href":"https:\/\/puurexloo.nl\/de\/wp-json\/wp\/v2\/comments?post=22746"}],"version-history":[{"count":4,"href":"https:\/\/puurexloo.nl\/de\/wp-json\/wp\/v2\/pages\/22746\/revisions"}],"predecessor-version":[{"id":22750,"href":"https:\/\/puurexloo.nl\/de\/wp-json\/wp\/v2\/pages\/22746\/revisions\/22750"}],"wp:featuredmedia":[{"embeddable":true,"href":"https:\/\/puurexloo.nl\/de\/wp-json\/wp\/v2\/media\/2815"}],"wp:attachment":[{"href":"https:\/\/puurexloo.nl\/de\/wp-json\/wp\/v2\/media?parent=22746"}],"curies":[{"name":"wp","href":"https:\/\/api.w.org\/{rel}","templated":true}]}}