{"id":22751,"date":"2024-04-19T15:13:22","date_gmt":"2024-04-19T13:13:22","guid":{"rendered":"https:\/\/puurexloo.nl\/?page_id=22751"},"modified":"2024-11-06T16:09:50","modified_gmt":"2024-11-06T15:09:50","slug":"selbstbedienungssaeule","status":"publish","type":"page","link":"https:\/\/puurexloo.nl\/de\/selbstbedienungssaeule\/","title":{"rendered":"Selbstbedienungsspalte"},"content":{"rendered":"\t\t<div data-elementor-type=\"wp-page\" data-elementor-id=\"22751\" class=\"elementor elementor-22751 elementor-3155\" data-elementor-post-type=\"page\">\n\t\t\t\t\t\t<section class=\"elementor-section elementor-top-section elementor-element elementor-element-225c0265 elementor-section-boxed elementor-section-height-default elementor-section-height-default\" data-id=\"225c0265\" data-element_type=\"section\">\n\t\t\t\t\t\t<div class=\"elementor-container elementor-column-gap-default\">\n\t\t\t\t\t<div class=\"elementor-column elementor-col-100 elementor-top-column elementor-element elementor-element-600b3a67\" data-id=\"600b3a67\" data-element_type=\"column\">\n\t\t\t<div class=\"elementor-widget-wrap elementor-element-populated\">\n\t\t\t\t\t\t<section class=\"elementor-section elementor-inner-section elementor-element elementor-element-2422f52 elementor-section-boxed elementor-section-height-default elementor-section-height-default\" data-id=\"2422f52\" data-element_type=\"section\">\n\t\t\t\t\t\t<div class=\"elementor-container elementor-column-gap-default\">\n\t\t\t\t\t<div class=\"elementor-column elementor-col-33 elementor-inner-column elementor-element elementor-element-0c2bbe5\" data-id=\"0c2bbe5\" data-element_type=\"column\">\n\t\t\t<div class=\"elementor-widget-wrap elementor-element-populated\">\n\t\t\t\t\t\t<div class=\"elementor-element elementor-element-8e45019 elementor-widget elementor-widget-image\" data-id=\"8e45019\" data-element_type=\"widget\" data-widget_type=\"image.default\">\n\t\t\t\t<div class=\"elementor-widget-container\">\n\t\t\t\t\t\t\t\t\t\t\t\t\t\t\t<img fetchpriority=\"high\" decoding=\"async\" width=\"960\" height=\"1280\" src=\"https:\/\/puurexloo.nl\/wp-content\/uploads\/2021\/08\/zuil.png\" class=\"attachment-medium size-medium wp-image-3171\" alt=\"\" srcset=\"https:\/\/puurexloo.nl\/wp-content\/uploads\/2021\/08\/zuil.png 960w, https:\/\/puurexloo.nl\/wp-content\/uploads\/2021\/08\/zuil-600x800.png 600w, https:\/\/puurexloo.nl\/wp-content\/uploads\/2021\/08\/zuil-768x1024.png 768w\" sizes=\"(max-width: 960px) 100vw, 960px\" \/>\t\t\t\t\t\t\t\t\t\t\t\t\t\t\t<\/div>\n\t\t\t\t<\/div>\n\t\t\t\t\t<\/div>\n\t\t<\/div>\n\t\t\t\t<div class=\"elementor-column elementor-col-66 elementor-inner-column elementor-element elementor-element-876e3e0\" data-id=\"876e3e0\" data-element_type=\"column\">\n\t\t\t<div class=\"elementor-widget-wrap elementor-element-populated\">\n\t\t\t\t\t\t<div class=\"elementor-element elementor-element-ab7ae34 elementor-widget elementor-widget-text-editor\" data-id=\"ab7ae34\" data-element_type=\"widget\" data-widget_type=\"text-editor.default\">\n\t\t\t\t<div class=\"elementor-widget-container\">\n\t\t\t\t\t\t\t\t\t<p><span style=\"font-size: 24px;\"><strong>Im G\u00e4stehaus gibt es eine Selbstbedienungss\u00e4ule<\/strong><\/span><\/p>\n<p>Auf dieser S\u00e4ule k\u00f6nnen Sie alle Produkte, Dienstleistungen und Aktivit\u00e4ten, die in unserem Online-Shop erh\u00e4ltlich sind, bestellen und mit PIN bezahlen.<\/p>\n<ul>\n<li><a href=\"https:\/\/puurexloo.nl\/de\/elementor-22146\/aktivitaeten-shop\/\" target=\"_blank\" rel=\"noopener\"><span style=\"color: #916188;\">Activity Shop<\/span><\/a><\/li>\n<li><a href=\"https:\/\/puurexloo.nl\/de\/onlineshop\/blumenstraeusse-und-dekorationen\/\" target=\"_blank\" rel=\"noopener\"><span style=\"color: #916188;\">Str\u00e4u\u00dfe &amp; Dekorationen<\/span><\/a><\/li>\n<li><a href=\"https:\/\/puurexloo.nl\/de\/lieferdienst-fuers-abendessen\/\" target=\"_blank\" rel=\"noopener\"><span style=\"color: #916188;\">Abendessen mit Lieferservice<\/span><\/a><\/li>\n<li><a href=\"https:\/\/puurexloo.nl\/de\/onlineshop\/fahrraeder-reservieren\/\" target=\"_blank\" rel=\"noopener\"><span style=\"color: #916188;\">Fahrr\u00e4der reservieren<\/span><\/a><\/li>\n<li><a href=\"https:\/\/puurexloo.nl\/de\/onlineshop\/high-tea\/\" target=\"_blank\" rel=\"noopener\"><span style=\"color: #916188;\">Hoher Tee<\/span><\/a><\/li>\n<li><a href=\"https:\/\/puurexloo.nl\/de\/onlineshop\/hotelservice\/\" target=\"_blank\" rel=\"noopener\"><span style=\"color: #916188;\">Hotel Service<\/span><\/a><\/li>\n<li><a href=\"https:\/\/puurexloo.nl\/de\/onlineshop\/fruehstuecken\/\" target=\"_blank\" rel=\"noopener\"><span style=\"color: #916188;\">Fr\u00fchst\u00fcck, Sandwiches &amp; Geb\u00e4ck<\/span><\/a><\/li>\n<li><a href=\"https:\/\/puurexloo.nl\/de\/onlineshop\/regionale-produkte\/\" target=\"_blank\" rel=\"noopener\"><span style=\"color: #916188;\">Regionale Produkte<\/span><\/a><\/li>\n<\/ul>\n<p>Sie k\u00f6nnen sich auch die <span style=\"color: #916188;\"><a style=\"color: #916188;\" href=\"https:\/\/www.landal.nl\/-\/media\/files\/plo\/plo_plat.pdf?v=638339533600000000\" target=\"_blank\" rel=\"noopener\">Parkkarte<\/a><\/span> und den Rest unserer Website ansehen.<\/p>\n\t\t\t\t\t\t\t\t<\/div>\n\t\t\t\t<\/div>\n\t\t\t\t\t<\/div>\n\t\t<\/div>\n\t\t\t\t\t<\/div>\n\t\t<\/section>\n\t\t\t\t\t<\/div>\n\t\t<\/div>\n\t\t\t\t\t<\/div>\n\t\t<\/section>\n\t\t\t\t<\/div>\n\t\t","protected":false},"excerpt":{"rendered":"<p>Im G\u00e4stehaus gibt es eine Selbstbedienungss\u00e4ule Auf dieser S\u00e4ule k\u00f6nnen Sie alle Produkte, Dienstleistungen und Aktivit\u00e4ten, die in unserem Online-Shop erh\u00e4ltlich sind, bestellen und mit PIN bezahlen. Activity Shop Str\u00e4u\u00dfe &amp; Dekorationen Abendessen mit Lieferservice Fahrr\u00e4der reservieren Hoher Tee Hotel Service Fr\u00fchst\u00fcck, Sandwiches &amp; Geb\u00e4ck Regionale Produkte Sie k\u00f6nnen sich auch die Parkkarte und den [&hellip;]<\/p>\n","protected":false},"author":1,"featured_media":2815,"parent":0,"menu_order":0,"comment_status":"closed","ping_status":"closed","template":"","meta":{"footnotes":""},"class_list":["post-22751","page","type-page","status-publish","has-post-thumbnail","hentry"],"_links":{"self":[{"href":"https:\/\/puurexloo.nl\/de\/wp-json\/wp\/v2\/pages\/22751","targetHints":{"allow":["GET"]}}],"collection":[{"href":"https:\/\/puurexloo.nl\/de\/wp-json\/wp\/v2\/pages"}],"about":[{"href":"https:\/\/puurexloo.nl\/de\/wp-json\/wp\/v2\/types\/page"}],"author":[{"embeddable":true,"href":"https:\/\/puurexloo.nl\/de\/wp-json\/wp\/v2\/users\/1"}],"replies":[{"embeddable":true,"href":"https:\/\/puurexloo.nl\/de\/wp-json\/wp\/v2\/comments?post=22751"}],"version-history":[{"count":7,"href":"https:\/\/puurexloo.nl\/de\/wp-json\/wp\/v2\/pages\/22751\/revisions"}],"predecessor-version":[{"id":30914,"href":"https:\/\/puurexloo.nl\/de\/wp-json\/wp\/v2\/pages\/22751\/revisions\/30914"}],"wp:featuredmedia":[{"embeddable":true,"href":"https:\/\/puurexloo.nl\/de\/wp-json\/wp\/v2\/media\/2815"}],"wp:attachment":[{"href":"https:\/\/puurexloo.nl\/de\/wp-json\/wp\/v2\/media?parent=22751"}],"curies":[{"name":"wp","href":"https:\/\/api.w.org\/{rel}","templated":true}]}}