{"id":23722,"date":"2024-05-03T13:18:13","date_gmt":"2024-05-03T11:18:13","guid":{"rendered":"https:\/\/puurexloo.nl\/?page_id=23722"},"modified":"2024-05-03T13:19:37","modified_gmt":"2024-05-03T11:19:37","slug":"grillen","status":"publish","type":"page","link":"https:\/\/puurexloo.nl\/de\/grillen\/","title":{"rendered":"Grillen"},"content":{"rendered":"\t\t<div data-elementor-type=\"wp-page\" data-elementor-id=\"23722\" class=\"elementor elementor-23722 elementor-14851\" data-elementor-post-type=\"page\">\n\t\t\t\t\t\t<section class=\"elementor-section elementor-top-section elementor-element elementor-element-38d41e3 elementor-section-boxed elementor-section-height-default elementor-section-height-default\" data-id=\"38d41e3\" data-element_type=\"section\">\n\t\t\t\t\t\t<div class=\"elementor-container elementor-column-gap-default\">\n\t\t\t\t\t<div class=\"elementor-column elementor-col-100 elementor-top-column elementor-element elementor-element-3041fb7\" data-id=\"3041fb7\" data-element_type=\"column\">\n\t\t\t<div class=\"elementor-widget-wrap elementor-element-populated\">\n\t\t\t\t\t\t<div class=\"elementor-element elementor-element-ae2810a elementor-widget elementor-widget-global elementor-global-22316 elementor-widget-heading\" data-id=\"ae2810a\" data-element_type=\"widget\" data-widget_type=\"heading.default\">\n\t\t\t\t<div class=\"elementor-widget-container\">\n\t\t\t\t\t<h2 class=\"elementor-heading-title elementor-size-default\">Jetzt bestellen bei<\/h2>\t\t\t\t<\/div>\n\t\t\t\t<\/div>\n\t\t\t\t<section class=\"elementor-section elementor-inner-section elementor-element elementor-element-cbdbe71 elementor-section-boxed elementor-section-height-default elementor-section-height-default\" data-id=\"cbdbe71\" data-element_type=\"section\">\n\t\t\t\t\t\t<div class=\"elementor-container elementor-column-gap-default\">\n\t\t\t\t\t<div class=\"elementor-column elementor-col-33 elementor-inner-column elementor-element elementor-element-36e5a8b\" data-id=\"36e5a8b\" data-element_type=\"column\">\n\t\t\t<div class=\"elementor-widget-wrap elementor-element-populated\">\n\t\t\t\t\t\t<div class=\"elementor-element elementor-element-90efd0d elementor-widget elementor-widget-image\" data-id=\"90efd0d\" data-element_type=\"widget\" data-widget_type=\"image.default\">\n\t\t\t\t<div class=\"elementor-widget-container\">\n\t\t\t\t\t\t\t\t\t\t\t\t\t\t\t<img decoding=\"async\" src=\"https:\/\/puurexloo.nl\/wp-content\/uploads\/elementor\/thumbs\/bruut-catering-ppbra9lsz5blzqiezgk5k31evypysf485iayz9gyxc.png\" title=\"bruut-catering\" alt=\"bruut-catering\" loading=\"lazy\" \/>\t\t\t\t\t\t\t\t\t\t\t\t\t\t\t<\/div>\n\t\t\t\t<\/div>\n\t\t\t\t\t<\/div>\n\t\t<\/div>\n\t\t\t\t<div class=\"elementor-column elementor-col-66 elementor-inner-column elementor-element elementor-element-02df63a\" data-id=\"02df63a\" data-element_type=\"column\">\n\t\t\t<div class=\"elementor-widget-wrap elementor-element-populated\">\n\t\t\t\t\t\t<div class=\"elementor-element elementor-element-43335fc elementor-widget elementor-widget-text-editor\" data-id=\"43335fc\" data-element_type=\"widget\" data-widget_type=\"text-editor.default\">\n\t\t\t\t<div class=\"elementor-widget-container\">\n\t\t\t\t\t\t\t\t\t<p><strong>BRUUT Catering<\/strong> bietet verschiedene Optionen f\u00fcr (gro\u00dfe und kleine) Familien oder Freundescliquen, wenn es ums Abendessen geht. Man denke an B\u00fcffets oder verschiedene leckere Pfannengerichte.<\/p><p>Bei Fragen zur Bestellung k\u00f6nnt ihr euch direkt an <em><strong>BRUUT Catering<\/strong><\/em> wenden: +<strong><em>31 (0) 591 \u2013 547729<\/em><\/strong>.<\/p>\t\t\t\t\t\t\t\t<\/div>\n\t\t\t\t<\/div>\n\t\t\t\t\t<\/div>\n\t\t<\/div>\n\t\t\t\t\t<\/div>\n\t\t<\/section>\n\t\t\t\t\t<\/div>\n\t\t<\/div>\n\t\t\t\t\t<\/div>\n\t\t<\/section>\n\t\t\t\t<section class=\"elementor-section elementor-top-section elementor-element elementor-element-d4bec99 elementor-section-boxed elementor-section-height-default elementor-section-height-default\" data-id=\"d4bec99\" data-element_type=\"section\">\n\t\t\t\t\t\t<div class=\"elementor-container elementor-column-gap-default\">\n\t\t\t\t\t<div class=\"elementor-column elementor-col-100 elementor-top-column elementor-element elementor-element-edc8850\" data-id=\"edc8850\" data-element_type=\"column\">\n\t\t\t<div class=\"elementor-widget-wrap elementor-element-populated\">\n\t\t\t\t\t\t<div class=\"elementor-element elementor-element-0ce4ddc elementor-grid-4 elementor-grid-tablet-3 elementor-grid-mobile-2 elementor-products-grid elementor-wc-products elementor-show-pagination-border-yes elementor-widget elementor-widget-woocommerce-products\" data-id=\"0ce4ddc\" data-element_type=\"widget\" data-widget_type=\"woocommerce-products.default\">\n\t\t\t\t<div class=\"elementor-widget-container\">\n\t\t\t\t\t<div class=\"woocommerce columns-4 \"><div class=\"woocommerce-notices-wrapper\"><\/div><ul class=\"products elementor-grid columns-4\">\n<li class=\"wcpa_has_options product type-product post-23719 status-publish first instock product_cat-barbecuen product_cat-bruut-catering product_cat-diner-met-bezorgservice has-post-thumbnail sold-individually taxable shipping-taxable purchasable product-type-simple\">\n\t<a href=\"https:\/\/puurexloo.nl\/de\/product\/bruuts-bbq-deluxe\/\" class=\"woocommerce-LoopProduct-link woocommerce-loop-product__link\"><img fetchpriority=\"high\" decoding=\"async\" width=\"300\" height=\"300\" src=\"https:\/\/puurexloo.nl\/wp-content\/uploads\/2024\/06\/BBQ-Deluxe-300x300.jpg\" class=\"attachment-woocommerce_thumbnail size-woocommerce_thumbnail\" alt=\"Bruut&#039;s BBQ Deluxe\" srcset=\"https:\/\/puurexloo.nl\/wp-content\/uploads\/2024\/06\/BBQ-Deluxe-300x300.jpg 300w, https:\/\/puurexloo.nl\/wp-content\/uploads\/2024\/06\/BBQ-Deluxe-768x768.jpg 768w, https:\/\/puurexloo.nl\/wp-content\/uploads\/2024\/06\/BBQ-Deluxe-1536x1536.jpg 1536w, https:\/\/puurexloo.nl\/wp-content\/uploads\/2024\/06\/BBQ-Deluxe-2048x2048.jpg 2048w, https:\/\/puurexloo.nl\/wp-content\/uploads\/2024\/06\/BBQ-Deluxe-600x600.jpg 600w, https:\/\/puurexloo.nl\/wp-content\/uploads\/2024\/06\/BBQ-Deluxe-100x100.jpg 100w\" sizes=\"(max-width: 300px) 100vw, 300px\" data-xooWscFly=\"fly\" \/><h2 class=\"woocommerce-loop-product__title\">Bruut&#8217;s BBQ Deluxe<\/h2>\n\t<span class=\"price\"><span class=\"woocommerce-Price-amount amount\"><bdi><span class=\"woocommerce-Price-currencySymbol\">&euro;<\/span>21,50<\/bdi><\/span><\/span>\n<\/a><a href=\"https:\/\/puurexloo.nl\/de\/product\/bruuts-bbq-deluxe\/\" aria-describedby=\"woocommerce_loop_add_to_cart_link_describedby_23719\" data-quantity=\"1\" class=\"button product_type_simple add_to_cart_button\" data-product_id=\"23719\" data-product_sku=\"\" aria-label=\"In den Warenkorb legen: \u201eBruut&#039;s BBQ Deluxe\u201c\" rel=\"nofollow\" data-success_message=\"\u201eBruut&#039;s BBQ Deluxe\u201c wurde deinem Warenkorb hinzugef\u00fcgt\">Reserveren<\/a>\t<span id=\"woocommerce_loop_add_to_cart_link_describedby_23719\" class=\"screen-reader-text\">\n\t\t\t<\/span>\n<span class=\"gtm4wp_productdata\" style=\"display:none; visibility:hidden;\" data-gtm4wp_product_data=\"{&quot;internal_id&quot;:23719,&quot;item_id&quot;:23719,&quot;item_name&quot;:&quot;Bruut&#039;s BBQ Deluxe&quot;,&quot;sku&quot;:23719,&quot;price&quot;:21.5,&quot;stocklevel&quot;:null,&quot;stockstatus&quot;:&quot;instock&quot;,&quot;google_business_vertical&quot;:&quot;retail&quot;,&quot;item_category&quot;:&quot;Barbecuen&quot;,&quot;id&quot;:23719,&quot;item_brand&quot;:&quot;&quot;,&quot;productlink&quot;:&quot;https:\\\/\\\/puurexloo.nl\\\/de\\\/product\\\/bruuts-bbq-deluxe\\\/&quot;,&quot;item_list_name&quot;:&quot;General Product List&quot;,&quot;index&quot;:1,&quot;product_type&quot;:&quot;simple&quot;}\"><\/span><\/li>\n<li class=\"wcpa_has_options product type-product post-23720 status-publish instock product_cat-barbecuen product_cat-bruut-catering product_cat-diner-met-bezorgservice has-post-thumbnail sold-individually taxable shipping-taxable purchasable product-type-simple\">\n\t<a href=\"https:\/\/puurexloo.nl\/de\/product\/bruuts-bbq-special\/\" class=\"woocommerce-LoopProduct-link woocommerce-loop-product__link\"><img decoding=\"async\" width=\"300\" height=\"300\" src=\"https:\/\/puurexloo.nl\/wp-content\/uploads\/2022\/05\/Bruuts-BBQ-Special-300x300.jpg\" class=\"attachment-woocommerce_thumbnail size-woocommerce_thumbnail\" alt=\"Bruut&#039;s BBQ Spezial\" srcset=\"https:\/\/puurexloo.nl\/wp-content\/uploads\/2022\/05\/Bruuts-BBQ-Special-300x300.jpg 300w, https:\/\/puurexloo.nl\/wp-content\/uploads\/2022\/05\/Bruuts-BBQ-Special-768x768.jpg 768w, https:\/\/puurexloo.nl\/wp-content\/uploads\/2022\/05\/Bruuts-BBQ-Special-1536x1536.jpg 1536w, https:\/\/puurexloo.nl\/wp-content\/uploads\/2022\/05\/Bruuts-BBQ-Special-2048x2048.jpg 2048w, https:\/\/puurexloo.nl\/wp-content\/uploads\/2022\/05\/Bruuts-BBQ-Special-600x600.jpg 600w, https:\/\/puurexloo.nl\/wp-content\/uploads\/2022\/05\/Bruuts-BBQ-Special-100x100.jpg 100w\" sizes=\"(max-width: 300px) 100vw, 300px\" data-xooWscFly=\"fly\" \/><h2 class=\"woocommerce-loop-product__title\">Bruut&#8217;s BBQ Spezial<\/h2>\n\t<span class=\"price\"><span class=\"woocommerce-Price-amount amount\"><bdi><span class=\"woocommerce-Price-currencySymbol\">&euro;<\/span>26,50<\/bdi><\/span><\/span>\n<\/a><a href=\"https:\/\/puurexloo.nl\/de\/product\/bruuts-bbq-special\/\" aria-describedby=\"woocommerce_loop_add_to_cart_link_describedby_23720\" data-quantity=\"1\" class=\"button product_type_simple add_to_cart_button\" data-product_id=\"23720\" data-product_sku=\"\" aria-label=\"In den Warenkorb legen: \u201eBruut&#039;s BBQ Spezial\u201c\" rel=\"nofollow\" data-success_message=\"\u201eBruut&#039;s BBQ Spezial\u201c wurde deinem Warenkorb hinzugef\u00fcgt\">Reserveren<\/a>\t<span id=\"woocommerce_loop_add_to_cart_link_describedby_23720\" class=\"screen-reader-text\">\n\t\t\t<\/span>\n<span class=\"gtm4wp_productdata\" style=\"display:none; visibility:hidden;\" data-gtm4wp_product_data=\"{&quot;internal_id&quot;:23720,&quot;item_id&quot;:23720,&quot;item_name&quot;:&quot;Bruut&#039;s BBQ Spezial&quot;,&quot;sku&quot;:23720,&quot;price&quot;:26.5,&quot;stocklevel&quot;:null,&quot;stockstatus&quot;:&quot;instock&quot;,&quot;google_business_vertical&quot;:&quot;retail&quot;,&quot;item_category&quot;:&quot;Barbecuen&quot;,&quot;id&quot;:23720,&quot;item_brand&quot;:&quot;&quot;,&quot;productlink&quot;:&quot;https:\\\/\\\/puurexloo.nl\\\/de\\\/product\\\/bruuts-bbq-special\\\/&quot;,&quot;item_list_name&quot;:&quot;General Product List&quot;,&quot;index&quot;:2,&quot;product_type&quot;:&quot;simple&quot;}\"><\/span><\/li>\n<li class=\"wcpa_has_options product type-product post-23721 status-publish instock product_cat-barbecuen product_cat-bruut-catering product_cat-diner-met-bezorgservice has-post-thumbnail taxable shipping-taxable purchasable product-type-simple\">\n\t<a href=\"https:\/\/puurexloo.nl\/de\/product\/bruuts-bbq-classic\/\" class=\"woocommerce-LoopProduct-link woocommerce-loop-product__link\"><img decoding=\"async\" width=\"300\" height=\"300\" src=\"https:\/\/puurexloo.nl\/wp-content\/uploads\/2024\/06\/Classic-BBQ-300x300.jpg\" class=\"attachment-woocommerce_thumbnail size-woocommerce_thumbnail\" alt=\"Bruut&#039;s Classic BBQ\" srcset=\"https:\/\/puurexloo.nl\/wp-content\/uploads\/2024\/06\/Classic-BBQ-300x300.jpg 300w, https:\/\/puurexloo.nl\/wp-content\/uploads\/2024\/06\/Classic-BBQ-768x768.jpg 768w, https:\/\/puurexloo.nl\/wp-content\/uploads\/2024\/06\/Classic-BBQ-1536x1536.jpg 1536w, https:\/\/puurexloo.nl\/wp-content\/uploads\/2024\/06\/Classic-BBQ-2048x2048.jpg 2048w, https:\/\/puurexloo.nl\/wp-content\/uploads\/2024\/06\/Classic-BBQ-600x600.jpg 600w, https:\/\/puurexloo.nl\/wp-content\/uploads\/2024\/06\/Classic-BBQ-100x100.jpg 100w\" sizes=\"(max-width: 300px) 100vw, 300px\" data-xooWscFly=\"fly\" \/><h2 class=\"woocommerce-loop-product__title\">Bruut&#8217;s Classic BBQ<\/h2>\n\t<span class=\"price\"><span class=\"woocommerce-Price-amount amount\"><bdi><span class=\"woocommerce-Price-currencySymbol\">&euro;<\/span>16,50<\/bdi><\/span><\/span>\n<\/a><a href=\"https:\/\/puurexloo.nl\/de\/product\/bruuts-bbq-classic\/\" aria-describedby=\"woocommerce_loop_add_to_cart_link_describedby_23721\" data-quantity=\"1\" class=\"button product_type_simple add_to_cart_button\" data-product_id=\"23721\" data-product_sku=\"\" aria-label=\"In den Warenkorb legen: \u201eBruut&#039;s Classic BBQ\u201c\" rel=\"nofollow\" data-success_message=\"\u201eBruut&#039;s Classic BBQ\u201c wurde deinem Warenkorb hinzugef\u00fcgt\">Reserveren<\/a>\t<span id=\"woocommerce_loop_add_to_cart_link_describedby_23721\" class=\"screen-reader-text\">\n\t\t\t<\/span>\n<span class=\"gtm4wp_productdata\" style=\"display:none; visibility:hidden;\" data-gtm4wp_product_data=\"{&quot;internal_id&quot;:23721,&quot;item_id&quot;:23721,&quot;item_name&quot;:&quot;Bruut&#039;s Classic BBQ&quot;,&quot;sku&quot;:23721,&quot;price&quot;:16.5,&quot;stocklevel&quot;:null,&quot;stockstatus&quot;:&quot;instock&quot;,&quot;google_business_vertical&quot;:&quot;retail&quot;,&quot;item_category&quot;:&quot;Barbecuen&quot;,&quot;id&quot;:23721,&quot;item_brand&quot;:&quot;&quot;,&quot;productlink&quot;:&quot;https:\\\/\\\/puurexloo.nl\\\/de\\\/product\\\/bruuts-bbq-classic\\\/&quot;,&quot;item_list_name&quot;:&quot;General Product List&quot;,&quot;index&quot;:3,&quot;product_type&quot;:&quot;simple&quot;}\"><\/span><\/li>\n<li class=\"wcpa_has_options product type-product post-30643 status-publish last instock product_cat-barbecuen product_cat-bruut-catering product_cat-diner-met-bezorgservice has-post-thumbnail sold-individually taxable shipping-taxable purchasable product-type-simple\">\n\t<a href=\"https:\/\/puurexloo.nl\/de\/product\/bruuts-fleisch-fisch-bbq\/\" class=\"woocommerce-LoopProduct-link woocommerce-loop-product__link\"><img loading=\"lazy\" decoding=\"async\" width=\"300\" height=\"300\" src=\"https:\/\/puurexloo.nl\/wp-content\/uploads\/2024\/06\/Vlees-Vis-BBQ-300x300.jpg\" class=\"attachment-woocommerce_thumbnail size-woocommerce_thumbnail\" alt=\"Bruut&#039;s Fleisch\/Fisch BBQ\" srcset=\"https:\/\/puurexloo.nl\/wp-content\/uploads\/2024\/06\/Vlees-Vis-BBQ-300x300.jpg 300w, https:\/\/puurexloo.nl\/wp-content\/uploads\/2024\/06\/Vlees-Vis-BBQ-768x768.jpg 768w, https:\/\/puurexloo.nl\/wp-content\/uploads\/2024\/06\/Vlees-Vis-BBQ-1536x1536.jpg 1536w, https:\/\/puurexloo.nl\/wp-content\/uploads\/2024\/06\/Vlees-Vis-BBQ-2048x2048.jpg 2048w, https:\/\/puurexloo.nl\/wp-content\/uploads\/2024\/06\/Vlees-Vis-BBQ-600x600.jpg 600w, https:\/\/puurexloo.nl\/wp-content\/uploads\/2024\/06\/Vlees-Vis-BBQ-100x100.jpg 100w\" sizes=\"(max-width: 300px) 100vw, 300px\" data-xooWscFly=\"fly\" \/><h2 class=\"woocommerce-loop-product__title\">Bruut&#8217;s Fleisch\/Fisch BBQ<\/h2>\n\t<span class=\"price\"><span class=\"woocommerce-Price-amount amount\"><bdi><span class=\"woocommerce-Price-currencySymbol\">&euro;<\/span>31,50<\/bdi><\/span><\/span>\n<\/a><a href=\"https:\/\/puurexloo.nl\/de\/product\/bruuts-fleisch-fisch-bbq\/\" aria-describedby=\"woocommerce_loop_add_to_cart_link_describedby_30643\" data-quantity=\"1\" class=\"button product_type_simple add_to_cart_button\" data-product_id=\"30643\" data-product_sku=\"\" aria-label=\"In den Warenkorb legen: \u201eBruut&#039;s Fleisch\/Fisch BBQ\u201c\" rel=\"nofollow\" data-success_message=\"\u201eBruut&#039;s Fleisch\/Fisch BBQ\u201c wurde deinem Warenkorb hinzugef\u00fcgt\">Reserveren<\/a>\t<span id=\"woocommerce_loop_add_to_cart_link_describedby_30643\" class=\"screen-reader-text\">\n\t\t\t<\/span>\n<span class=\"gtm4wp_productdata\" style=\"display:none; visibility:hidden;\" data-gtm4wp_product_data=\"{&quot;internal_id&quot;:30643,&quot;item_id&quot;:30643,&quot;item_name&quot;:&quot;Bruut&#039;s Fleisch\\\/Fisch BBQ&quot;,&quot;sku&quot;:30643,&quot;price&quot;:31.5,&quot;stocklevel&quot;:null,&quot;stockstatus&quot;:&quot;instock&quot;,&quot;google_business_vertical&quot;:&quot;retail&quot;,&quot;item_category&quot;:&quot;Barbecuen&quot;,&quot;id&quot;:30643,&quot;item_brand&quot;:&quot;&quot;,&quot;productlink&quot;:&quot;https:\\\/\\\/puurexloo.nl\\\/de\\\/product\\\/bruuts-fleisch-fisch-bbq\\\/&quot;,&quot;item_list_name&quot;:&quot;General Product List&quot;,&quot;index&quot;:4,&quot;product_type&quot;:&quot;simple&quot;}\"><\/span><\/li>\n<li class=\"product type-product post-30665 status-publish first instock product_cat-barbecuen product_cat-bruut-catering product_cat-diner-met-bezorgservice has-post-thumbnail sold-individually taxable shipping-taxable purchasable product-type-simple\">\n\t<a href=\"https:\/\/puurexloo.nl\/de\/product\/bruuts-kinder-bbq-paket\/\" class=\"woocommerce-LoopProduct-link woocommerce-loop-product__link\"><img loading=\"lazy\" decoding=\"async\" width=\"300\" height=\"300\" src=\"https:\/\/puurexloo.nl\/wp-content\/uploads\/2024\/06\/Kids-BBQ-300x300.jpg\" class=\"attachment-woocommerce_thumbnail size-woocommerce_thumbnail\" alt=\"Bruut&#039;s Kinder BBQ Paket\" srcset=\"https:\/\/puurexloo.nl\/wp-content\/uploads\/2024\/06\/Kids-BBQ-300x300.jpg 300w, https:\/\/puurexloo.nl\/wp-content\/uploads\/2024\/06\/Kids-BBQ-768x768.jpg 768w, https:\/\/puurexloo.nl\/wp-content\/uploads\/2024\/06\/Kids-BBQ-1536x1536.jpg 1536w, https:\/\/puurexloo.nl\/wp-content\/uploads\/2024\/06\/Kids-BBQ-2048x2048.jpg 2048w, https:\/\/puurexloo.nl\/wp-content\/uploads\/2024\/06\/Kids-BBQ-600x600.jpg 600w, https:\/\/puurexloo.nl\/wp-content\/uploads\/2024\/06\/Kids-BBQ-100x100.jpg 100w\" sizes=\"(max-width: 300px) 100vw, 300px\" data-xooWscFly=\"fly\" \/><h2 class=\"woocommerce-loop-product__title\">Bruut&#8217;s Kinder BBQ Paket<\/h2>\n\t<span class=\"price\"><span class=\"woocommerce-Price-amount amount\"><bdi><span class=\"woocommerce-Price-currencySymbol\">&euro;<\/span>9,50<\/bdi><\/span><\/span>\n<\/a><a href=\"https:\/\/puurexloo.nl\/de\/product\/bruuts-kinder-bbq-paket\/\" aria-describedby=\"woocommerce_loop_add_to_cart_link_describedby_30665\" data-quantity=\"1\" class=\"button product_type_simple add_to_cart_button\" data-product_id=\"30665\" data-product_sku=\"\" aria-label=\"In den Warenkorb legen: \u201eBruut&#039;s Kinder BBQ Paket\u201c\" rel=\"nofollow\" data-success_message=\"\u201eBruut&#039;s Kinder BBQ Paket\u201c wurde deinem Warenkorb hinzugef\u00fcgt\">Reserveren<\/a>\t<span id=\"woocommerce_loop_add_to_cart_link_describedby_30665\" class=\"screen-reader-text\">\n\t\t\t<\/span>\n<span class=\"gtm4wp_productdata\" style=\"display:none; visibility:hidden;\" data-gtm4wp_product_data=\"{&quot;internal_id&quot;:30665,&quot;item_id&quot;:30665,&quot;item_name&quot;:&quot;Bruut&#039;s Kinder BBQ Paket&quot;,&quot;sku&quot;:30665,&quot;price&quot;:9.5,&quot;stocklevel&quot;:null,&quot;stockstatus&quot;:&quot;instock&quot;,&quot;google_business_vertical&quot;:&quot;retail&quot;,&quot;item_category&quot;:&quot;Barbecuen&quot;,&quot;id&quot;:30665,&quot;item_brand&quot;:&quot;&quot;,&quot;productlink&quot;:&quot;https:\\\/\\\/puurexloo.nl\\\/de\\\/product\\\/bruuts-kinder-bbq-paket\\\/&quot;,&quot;item_list_name&quot;:&quot;General Product List&quot;,&quot;index&quot;:5,&quot;product_type&quot;:&quot;simple&quot;}\"><\/span><\/li>\n<\/ul>\n<\/div>\t\t\t\t<\/div>\n\t\t\t\t<\/div>\n\t\t\t\t\t<\/div>\n\t\t<\/div>\n\t\t\t\t\t<\/div>\n\t\t<\/section>\n\t\t\t\t<\/div>\n\t\t","protected":false},"excerpt":{"rendered":"<p>Jetzt bestellen bei BRUUT Catering bietet verschiedene Optionen f\u00fcr (gro\u00dfe und kleine) Familien oder Freundescliquen, wenn es ums Abendessen geht. Man denke an B\u00fcffets oder verschiedene leckere Pfannengerichte. Bei Fragen zur Bestellung k\u00f6nnt ihr euch direkt an BRUUT Catering wenden: +31 (0) 591 \u2013 547729.<\/p>\n","protected":false},"author":27,"featured_media":0,"parent":0,"menu_order":0,"comment_status":"closed","ping_status":"closed","template":"","meta":{"footnotes":""},"class_list":["post-23722","page","type-page","status-publish","hentry"],"_links":{"self":[{"href":"https:\/\/puurexloo.nl\/de\/wp-json\/wp\/v2\/pages\/23722","targetHints":{"allow":["GET"]}}],"collection":[{"href":"https:\/\/puurexloo.nl\/de\/wp-json\/wp\/v2\/pages"}],"about":[{"href":"https:\/\/puurexloo.nl\/de\/wp-json\/wp\/v2\/types\/page"}],"author":[{"embeddable":true,"href":"https:\/\/puurexloo.nl\/de\/wp-json\/wp\/v2\/users\/27"}],"replies":[{"embeddable":true,"href":"https:\/\/puurexloo.nl\/de\/wp-json\/wp\/v2\/comments?post=23722"}],"version-history":[{"count":5,"href":"https:\/\/puurexloo.nl\/de\/wp-json\/wp\/v2\/pages\/23722\/revisions"}],"predecessor-version":[{"id":30981,"href":"https:\/\/puurexloo.nl\/de\/wp-json\/wp\/v2\/pages\/23722\/revisions\/30981"}],"wp:attachment":[{"href":"https:\/\/puurexloo.nl\/de\/wp-json\/wp\/v2\/media?parent=23722"}],"curies":[{"name":"wp","href":"https:\/\/api.w.org\/{rel}","templated":true}]}}