{"id":23894,"date":"2024-05-06T16:38:25","date_gmt":"2024-05-06T14:38:25","guid":{"rendered":"https:\/\/puurexloo.nl\/?page_id=23894"},"modified":"2024-05-06T16:40:04","modified_gmt":"2024-05-06T14:40:04","slug":"foodsharing","status":"publish","type":"page","link":"https:\/\/puurexloo.nl\/de\/onlineshop\/foodsharing\/","title":{"rendered":"Foodsharing"},"content":{"rendered":"\t\t<div data-elementor-type=\"wp-page\" data-elementor-id=\"23894\" class=\"elementor elementor-23894 elementor-12785\" data-elementor-post-type=\"page\">\n\t\t\t\t\t\t<section class=\"elementor-section elementor-top-section elementor-element elementor-element-149bab8 elementor-section-boxed elementor-section-height-default elementor-section-height-default\" data-id=\"149bab8\" data-element_type=\"section\">\n\t\t\t\t\t\t<div class=\"elementor-container elementor-column-gap-default\">\n\t\t\t\t\t<div class=\"elementor-column elementor-col-100 elementor-top-column elementor-element elementor-element-0fd1e56\" data-id=\"0fd1e56\" data-element_type=\"column\">\n\t\t\t<div class=\"elementor-widget-wrap elementor-element-populated\">\n\t\t\t\t\t\t<div class=\"elementor-element elementor-element-afc3701 elementor-widget elementor-widget-global elementor-global-22316 elementor-widget-heading\" data-id=\"afc3701\" data-element_type=\"widget\" data-widget_type=\"heading.default\">\n\t\t\t\t<div class=\"elementor-widget-container\">\n\t\t\t\t\t<h2 class=\"elementor-heading-title elementor-size-default\">Jetzt bestellen bei<\/h2>\t\t\t\t<\/div>\n\t\t\t\t<\/div>\n\t\t\t\t\t<\/div>\n\t\t<\/div>\n\t\t\t\t\t<\/div>\n\t\t<\/section>\n\t\t\t\t<section class=\"elementor-section elementor-inner-section elementor-element elementor-element-43808af elementor-section-boxed elementor-section-height-default elementor-section-height-default\" data-id=\"43808af\" data-element_type=\"section\">\n\t\t\t\t\t\t<div class=\"elementor-container elementor-column-gap-default\">\n\t\t\t\t\t<div class=\"elementor-column elementor-col-33 elementor-inner-column elementor-element elementor-element-6c0c7cd\" data-id=\"6c0c7cd\" data-element_type=\"column\">\n\t\t\t<div class=\"elementor-widget-wrap elementor-element-populated\">\n\t\t\t\t\t\t<div class=\"elementor-element elementor-element-0e63784 elementor-widget elementor-widget-image\" data-id=\"0e63784\" data-element_type=\"widget\" data-widget_type=\"image.default\">\n\t\t\t\t<div class=\"elementor-widget-container\">\n\t\t\t\t\t\t\t\t\t\t\t\t\t\t\t<img fetchpriority=\"high\" decoding=\"async\" width=\"274\" height=\"274\" src=\"https:\/\/puurexloo.nl\/wp-content\/uploads\/2022\/05\/bruut-catering.png\" class=\"attachment-large size-large wp-image-5620\" alt=\"\" srcset=\"https:\/\/puurexloo.nl\/wp-content\/uploads\/2022\/05\/bruut-catering.png 274w, https:\/\/puurexloo.nl\/wp-content\/uploads\/2022\/05\/bruut-catering-100x100.png 100w\" sizes=\"(max-width: 274px) 100vw, 274px\" \/>\t\t\t\t\t\t\t\t\t\t\t\t\t\t\t<\/div>\n\t\t\t\t<\/div>\n\t\t\t\t\t<\/div>\n\t\t<\/div>\n\t\t\t\t<div class=\"elementor-column elementor-col-66 elementor-inner-column elementor-element elementor-element-7c7b563\" data-id=\"7c7b563\" data-element_type=\"column\">\n\t\t\t<div class=\"elementor-widget-wrap elementor-element-populated\">\n\t\t\t\t\t\t<div class=\"elementor-element elementor-element-2edd5cb elementor-widget elementor-widget-text-editor\" data-id=\"2edd5cb\" data-element_type=\"widget\" data-widget_type=\"text-editor.default\">\n\t\t\t\t<div class=\"elementor-widget-container\">\n\t\t\t\t\t\t\t\t\t<p><strong>Mit der ganzen Familie lecker zu Abend essen, aber keine Lust zum Kochen?<\/strong><\/p><p><strong>BRUUT Catering<\/strong>\u00a0bietet verschiedene Optionen f\u00fcr (gro\u00dfe und kleine) Familien oder Freundescliquen, wenn es ums Abendessen geht. Man denke an B\u00fcffets oder verschiedene leckere Pfannengerichte.<\/p><p>Bei Fragen zur Bestellung k\u00f6nnt ihr euch direkt an\u00a0<em><strong>BRUUT Catering<\/strong><\/em>\u00a0wenden: +<strong><em>31 (0) 591 \u2013 547729<\/em><\/strong>.<\/p><p><strong>Pasqua-Weine<br \/><\/strong>Im Jahr 1925 gr\u00fcndeten die vier Pasqua-Br\u00fcder ihr Weinunternehmen in der N\u00e4he von Verona. Sie konzentrierten sich zun\u00e4chst auf die Herstellung von Bardolino, Soave und Valpolicella. Urspr\u00fcnglich wurden diese Weine in Venetien verkauft. Im Laufe der Zeit weitete sich das Einzugsgebiet von Pasqua aus und der Umsatz nahm in allen Teilen Italiens zu. Nach dem Krieg wurde weiter ausgebaut und in die Weinanbaufl\u00e4chen investiert.<\/p><p>Als auch die zweite Generation der Familie Pasqua in das Unternehmen einstieg, nahmen sie die Expansion in die Hand. Europ\u00e4ische M\u00e4rkte wurden erschlossen und weitere Kontinente folgten. In den 1980er Jahren setzte die Familie auf die Zusammenarbeit mit spezialisierten italienischen Universit\u00e4ten im Bereich Weinbau, Rebsorten und Veredelungstechniken. Der Wein Passimento Bianco ist eine Hommage der Familie Pasqua an Verona, also an die Stadt, die sie als Stadt der Liebe betrachten. Nicht nur wegen ihrer Geschichte und den vielen unter Denkmalschutz stehenden Geb\u00e4uden, sondern sicherlich auch wegen ihrer Verbindung zum Wein. Die Garganega-Trauben f\u00fcr diesen Wein werden unmittelbar nach der Ernte f\u00fcr kurze Zeit in Holzkisten getrocknet. Beim Trocknen verlieren die Trauben etwa 25\u00a0% ihres Gewichts und der Zucker- und Aromagehalt konzentriert sich. Anschlie\u00dfend folgt eine 12-st\u00fcndige Mazeration, die der Komplexit\u00e4t und Struktur zugutekommt. Die Weinherstellung erfolgt in Edelstahlf\u00e4ssern. Anschlie\u00dfend reift ein Teil des Weins drei Monate lang in Holzf\u00e4ssern. Der endg\u00fcltige Wein wird dann gemischt und in Flaschen abgef\u00fcllt. Der Wein hat intensive Aromen von Zitrusfr\u00fcchten, Pfirsich und Mandeln und ist frisch und weich.<\/p>\t\t\t\t\t\t\t\t<\/div>\n\t\t\t\t<\/div>\n\t\t\t\t\t<\/div>\n\t\t<\/div>\n\t\t\t\t\t<\/div>\n\t\t<\/section>\n\t\t\t\t<section class=\"elementor-section elementor-top-section elementor-element elementor-element-09dc5df elementor-section-boxed elementor-section-height-default elementor-section-height-default\" data-id=\"09dc5df\" data-element_type=\"section\">\n\t\t\t\t\t\t<div class=\"elementor-container elementor-column-gap-default\">\n\t\t\t\t\t<div class=\"elementor-column elementor-col-100 elementor-top-column elementor-element elementor-element-9d65900\" data-id=\"9d65900\" data-element_type=\"column\">\n\t\t\t<div class=\"elementor-widget-wrap elementor-element-populated\">\n\t\t\t\t\t\t<div class=\"elementor-element elementor-element-fdf3eb8 elementor-grid-4 elementor-grid-tablet-3 elementor-grid-mobile-2 elementor-products-grid elementor-wc-products elementor-show-pagination-border-yes elementor-widget elementor-widget-woocommerce-products\" data-id=\"fdf3eb8\" data-element_type=\"widget\" data-widget_type=\"woocommerce-products.default\">\n\t\t\t\t<div class=\"elementor-widget-container\">\n\t\t\t\t\t<div class=\"woocommerce columns-4 \"><div class=\"woocommerce-notices-wrapper\"><\/div><ul class=\"products elementor-grid columns-4\">\n<li class=\"product type-product post-23942 status-publish first instock product_cat-bruut-catering product_cat-diner-met-bezorgservice product_cat-foodsharing has-post-thumbnail sold-individually taxable shipping-taxable purchasable product-type-simple\">\n\t<a href=\"https:\/\/puurexloo.nl\/de\/product\/foodsharing-dinner-fuer-feinschmecker\/\" class=\"woocommerce-LoopProduct-link woocommerce-loop-product__link\"><img decoding=\"async\" width=\"300\" height=\"300\" src=\"https:\/\/puurexloo.nl\/wp-content\/uploads\/2022\/05\/Bourgondisch--300x300.jpg\" class=\"attachment-woocommerce_thumbnail size-woocommerce_thumbnail\" alt=\"BRUUT Burgundisches Foodsharing-Dinner\" srcset=\"https:\/\/puurexloo.nl\/wp-content\/uploads\/2022\/05\/Bourgondisch--300x300.jpg 300w, https:\/\/puurexloo.nl\/wp-content\/uploads\/2022\/05\/Bourgondisch--768x768.jpg 768w, https:\/\/puurexloo.nl\/wp-content\/uploads\/2022\/05\/Bourgondisch--1536x1536.jpg 1536w, https:\/\/puurexloo.nl\/wp-content\/uploads\/2022\/05\/Bourgondisch--2048x2048.jpg 2048w, https:\/\/puurexloo.nl\/wp-content\/uploads\/2022\/05\/Bourgondisch--600x600.jpg 600w, https:\/\/puurexloo.nl\/wp-content\/uploads\/2022\/05\/Bourgondisch--100x100.jpg 100w\" sizes=\"(max-width: 300px) 100vw, 300px\" data-xooWscFly=\"fly\" \/><h2 class=\"woocommerce-loop-product__title\">BRUUT Burgundisches Foodsharing-Dinner<\/h2>\n\t<span class=\"price\"><span class=\"woocommerce-Price-amount amount\"><bdi><span class=\"woocommerce-Price-currencySymbol\">&euro;<\/span>30,50<\/bdi><\/span><\/span>\n<\/a><a href=\"https:\/\/puurexloo.nl\/de\/product\/foodsharing-dinner-fuer-feinschmecker\/\" aria-describedby=\"woocommerce_loop_add_to_cart_link_describedby_23942\" data-quantity=\"1\" class=\"button product_type_simple add_to_cart_button\" data-product_id=\"23942\" data-product_sku=\"BOURG-FOODSH\" aria-label=\"In den Warenkorb legen: \u201eBRUUT Burgundisches Foodsharing-Dinner\u201c\" rel=\"nofollow\" data-success_message=\"\u201eBRUUT Burgundisches Foodsharing-Dinner\u201c wurde deinem Warenkorb hinzugef\u00fcgt\">Reserveren<\/a>\t<span id=\"woocommerce_loop_add_to_cart_link_describedby_23942\" class=\"screen-reader-text\">\n\t\t\t<\/span>\n<span class=\"gtm4wp_productdata\" style=\"display:none; visibility:hidden;\" data-gtm4wp_product_data=\"{&quot;internal_id&quot;:23942,&quot;item_id&quot;:&quot;BOURG-FOODSH&quot;,&quot;item_name&quot;:&quot;BRUUT Burgundisches Foodsharing-Dinner&quot;,&quot;sku&quot;:&quot;BOURG-FOODSH&quot;,&quot;price&quot;:30.5,&quot;stocklevel&quot;:null,&quot;stockstatus&quot;:&quot;instock&quot;,&quot;google_business_vertical&quot;:&quot;retail&quot;,&quot;item_category&quot;:&quot;Foodsharing&quot;,&quot;id&quot;:&quot;BOURG-FOODSH&quot;,&quot;item_brand&quot;:&quot;&quot;,&quot;productlink&quot;:&quot;https:\\\/\\\/puurexloo.nl\\\/de\\\/product\\\/foodsharing-dinner-fuer-feinschmecker\\\/&quot;,&quot;item_list_name&quot;:&quot;General Product List&quot;,&quot;index&quot;:1,&quot;product_type&quot;:&quot;simple&quot;}\"><\/span><\/li>\n<li class=\"product type-product post-23974 status-publish instock product_cat-bruut-catering product_cat-diner-met-bezorgservice product_cat-foodsharing has-post-thumbnail taxable shipping-taxable purchasable product-type-simple\">\n\t<a href=\"https:\/\/puurexloo.nl\/de\/product\/carpaccio-platte\/\" class=\"woocommerce-LoopProduct-link woocommerce-loop-product__link\"><img decoding=\"async\" width=\"300\" height=\"300\" src=\"https:\/\/puurexloo.nl\/wp-content\/uploads\/2022\/05\/Carpaccio-Schotel-1-300x300.jpg\" class=\"attachment-woocommerce_thumbnail size-woocommerce_thumbnail\" alt=\"BRUUT Carpaccio-Platte\" srcset=\"https:\/\/puurexloo.nl\/wp-content\/uploads\/2022\/05\/Carpaccio-Schotel-1-300x300.jpg 300w, https:\/\/puurexloo.nl\/wp-content\/uploads\/2022\/05\/Carpaccio-Schotel-1-768x768.jpg 768w, https:\/\/puurexloo.nl\/wp-content\/uploads\/2022\/05\/Carpaccio-Schotel-1-1536x1536.jpg 1536w, https:\/\/puurexloo.nl\/wp-content\/uploads\/2022\/05\/Carpaccio-Schotel-1-2048x2048.jpg 2048w, https:\/\/puurexloo.nl\/wp-content\/uploads\/2022\/05\/Carpaccio-Schotel-1-600x600.jpg 600w, https:\/\/puurexloo.nl\/wp-content\/uploads\/2022\/05\/Carpaccio-Schotel-1-100x100.jpg 100w\" sizes=\"(max-width: 300px) 100vw, 300px\" data-xooWscFly=\"fly\" \/><h2 class=\"woocommerce-loop-product__title\">BRUUT Carpaccio-Platte<\/h2>\n\t<span class=\"price\"><span class=\"woocommerce-Price-amount amount\"><bdi><span class=\"woocommerce-Price-currencySymbol\">&euro;<\/span>21,95<\/bdi><\/span><\/span>\n<\/a><a href=\"https:\/\/puurexloo.nl\/de\/product\/carpaccio-platte\/\" aria-describedby=\"woocommerce_loop_add_to_cart_link_describedby_23974\" data-quantity=\"1\" class=\"button product_type_simple add_to_cart_button\" data-product_id=\"23974\" data-product_sku=\"carpaccio-schotel\" aria-label=\"In den Warenkorb legen: \u201eBRUUT Carpaccio-Platte\u201c\" rel=\"nofollow\" data-success_message=\"\u201eBRUUT Carpaccio-Platte\u201c wurde deinem Warenkorb hinzugef\u00fcgt\">Reserveren<\/a>\t<span id=\"woocommerce_loop_add_to_cart_link_describedby_23974\" class=\"screen-reader-text\">\n\t\t\t<\/span>\n<span class=\"gtm4wp_productdata\" style=\"display:none; visibility:hidden;\" data-gtm4wp_product_data=\"{&quot;internal_id&quot;:23974,&quot;item_id&quot;:&quot;carpaccio-schotel&quot;,&quot;item_name&quot;:&quot;BRUUT Carpaccio-Platte&quot;,&quot;sku&quot;:&quot;carpaccio-schotel&quot;,&quot;price&quot;:21.95,&quot;stocklevel&quot;:null,&quot;stockstatus&quot;:&quot;instock&quot;,&quot;google_business_vertical&quot;:&quot;retail&quot;,&quot;item_category&quot;:&quot;Foodsharing&quot;,&quot;id&quot;:&quot;carpaccio-schotel&quot;,&quot;item_brand&quot;:&quot;&quot;,&quot;productlink&quot;:&quot;https:\\\/\\\/puurexloo.nl\\\/de\\\/product\\\/carpaccio-platte\\\/&quot;,&quot;item_list_name&quot;:&quot;General Product List&quot;,&quot;index&quot;:2,&quot;product_type&quot;:&quot;simple&quot;}\"><\/span><\/li>\n<li class=\"product type-product post-24740 status-publish instock product_cat-bruut-catering product_cat-diner-met-bezorgservice product_cat-foodsharing has-post-thumbnail sold-individually taxable shipping-taxable purchasable product-type-simple\">\n\t<a href=\"https:\/\/puurexloo.nl\/de\/product\/drenther-bueffet\/\" class=\"woocommerce-LoopProduct-link woocommerce-loop-product__link\"><img loading=\"lazy\" decoding=\"async\" width=\"300\" height=\"300\" src=\"https:\/\/puurexloo.nl\/wp-content\/uploads\/2022\/05\/Drents-Buffet-1-300x300.jpg\" class=\"attachment-woocommerce_thumbnail size-woocommerce_thumbnail\" alt=\"BRUUT Drents Buffet\" srcset=\"https:\/\/puurexloo.nl\/wp-content\/uploads\/2022\/05\/Drents-Buffet-1-300x300.jpg 300w, https:\/\/puurexloo.nl\/wp-content\/uploads\/2022\/05\/Drents-Buffet-1-768x768.jpg 768w, https:\/\/puurexloo.nl\/wp-content\/uploads\/2022\/05\/Drents-Buffet-1-1536x1536.jpg 1536w, https:\/\/puurexloo.nl\/wp-content\/uploads\/2022\/05\/Drents-Buffet-1-2048x2048.jpg 2048w, https:\/\/puurexloo.nl\/wp-content\/uploads\/2022\/05\/Drents-Buffet-1-600x600.jpg 600w, https:\/\/puurexloo.nl\/wp-content\/uploads\/2022\/05\/Drents-Buffet-1-100x100.jpg 100w\" sizes=\"(max-width: 300px) 100vw, 300px\" data-xooWscFly=\"fly\" \/><h2 class=\"woocommerce-loop-product__title\">BRUUT Drents Buffet<\/h2>\n\t<span class=\"price\"><span class=\"woocommerce-Price-amount amount\"><bdi><span class=\"woocommerce-Price-currencySymbol\">&euro;<\/span>27,50<\/bdi><\/span><\/span>\n<\/a><a href=\"https:\/\/puurexloo.nl\/de\/product\/drenther-bueffet\/\" aria-describedby=\"woocommerce_loop_add_to_cart_link_describedby_24740\" data-quantity=\"1\" class=\"button product_type_simple add_to_cart_button\" data-product_id=\"24740\" data-product_sku=\"\" aria-label=\"In den Warenkorb legen: \u201eBRUUT Drents Buffet\u201c\" rel=\"nofollow\" data-success_message=\"\u201eBRUUT Drents Buffet\u201c wurde deinem Warenkorb hinzugef\u00fcgt\">Reserveren<\/a>\t<span id=\"woocommerce_loop_add_to_cart_link_describedby_24740\" class=\"screen-reader-text\">\n\t\t\t<\/span>\n<span class=\"gtm4wp_productdata\" style=\"display:none; visibility:hidden;\" data-gtm4wp_product_data=\"{&quot;internal_id&quot;:24740,&quot;item_id&quot;:24740,&quot;item_name&quot;:&quot;BRUUT Drents Buffet&quot;,&quot;sku&quot;:24740,&quot;price&quot;:27.5,&quot;stocklevel&quot;:null,&quot;stockstatus&quot;:&quot;instock&quot;,&quot;google_business_vertical&quot;:&quot;retail&quot;,&quot;item_category&quot;:&quot;Foodsharing&quot;,&quot;id&quot;:24740,&quot;item_brand&quot;:&quot;&quot;,&quot;productlink&quot;:&quot;https:\\\/\\\/puurexloo.nl\\\/de\\\/product\\\/drenther-bueffet\\\/&quot;,&quot;item_list_name&quot;:&quot;General Product List&quot;,&quot;index&quot;:3,&quot;product_type&quot;:&quot;simple&quot;}\"><\/span><\/li>\n<li class=\"product type-product post-24742 status-publish last instock product_cat-bruut-catering product_cat-diner-met-bezorgservice product_cat-foodsharing has-post-thumbnail sold-individually taxable shipping-taxable purchasable product-type-simple\">\n\t<a href=\"https:\/\/puurexloo.nl\/de\/product\/grill-chill-bueffet\/\" class=\"woocommerce-LoopProduct-link woocommerce-loop-product__link\"><img loading=\"lazy\" decoding=\"async\" width=\"300\" height=\"300\" src=\"https:\/\/puurexloo.nl\/wp-content\/uploads\/2022\/05\/Grill-Chill-Bruut-1-300x300.jpg\" class=\"attachment-woocommerce_thumbnail size-woocommerce_thumbnail\" alt=\"BRUUT Grill &amp; Chill Buffet\" srcset=\"https:\/\/puurexloo.nl\/wp-content\/uploads\/2022\/05\/Grill-Chill-Bruut-1-300x300.jpg 300w, https:\/\/puurexloo.nl\/wp-content\/uploads\/2022\/05\/Grill-Chill-Bruut-1-768x768.jpg 768w, https:\/\/puurexloo.nl\/wp-content\/uploads\/2022\/05\/Grill-Chill-Bruut-1-1536x1536.jpg 1536w, https:\/\/puurexloo.nl\/wp-content\/uploads\/2022\/05\/Grill-Chill-Bruut-1-2048x2048.jpg 2048w, https:\/\/puurexloo.nl\/wp-content\/uploads\/2022\/05\/Grill-Chill-Bruut-1-600x600.jpg 600w, https:\/\/puurexloo.nl\/wp-content\/uploads\/2022\/05\/Grill-Chill-Bruut-1-100x100.jpg 100w\" sizes=\"(max-width: 300px) 100vw, 300px\" data-xooWscFly=\"fly\" \/><h2 class=\"woocommerce-loop-product__title\">BRUUT Grill &amp; Chill Buffet<\/h2>\n\t<span class=\"price\"><span class=\"woocommerce-Price-amount amount\"><bdi><span class=\"woocommerce-Price-currencySymbol\">&euro;<\/span>26,50<\/bdi><\/span><\/span>\n<\/a><a href=\"https:\/\/puurexloo.nl\/de\/product\/grill-chill-bueffet\/\" aria-describedby=\"woocommerce_loop_add_to_cart_link_describedby_24742\" data-quantity=\"1\" class=\"button product_type_simple add_to_cart_button\" data-product_id=\"24742\" data-product_sku=\"\" aria-label=\"In den Warenkorb legen: \u201eBRUUT Grill &amp; Chill Buffet\u201c\" rel=\"nofollow\" data-success_message=\"\u201eBRUUT Grill &amp; Chill Buffet\u201c wurde deinem Warenkorb hinzugef\u00fcgt\">Reserveren<\/a>\t<span id=\"woocommerce_loop_add_to_cart_link_describedby_24742\" class=\"screen-reader-text\">\n\t\t\t<\/span>\n<span class=\"gtm4wp_productdata\" style=\"display:none; visibility:hidden;\" data-gtm4wp_product_data=\"{&quot;internal_id&quot;:24742,&quot;item_id&quot;:24742,&quot;item_name&quot;:&quot;BRUUT Grill &amp; Chill Buffet&quot;,&quot;sku&quot;:24742,&quot;price&quot;:26.5,&quot;stocklevel&quot;:null,&quot;stockstatus&quot;:&quot;instock&quot;,&quot;google_business_vertical&quot;:&quot;retail&quot;,&quot;item_category&quot;:&quot;Foodsharing&quot;,&quot;id&quot;:24742,&quot;item_brand&quot;:&quot;&quot;,&quot;productlink&quot;:&quot;https:\\\/\\\/puurexloo.nl\\\/de\\\/product\\\/grill-chill-bueffet\\\/&quot;,&quot;item_list_name&quot;:&quot;General Product List&quot;,&quot;index&quot;:4,&quot;product_type&quot;:&quot;simple&quot;}\"><\/span><\/li>\n<li class=\"product type-product post-30594 status-publish first instock product_cat-bruut-catering product_cat-diner-met-bezorgservice product_cat-foodsharing has-post-thumbnail sold-individually taxable shipping-taxable purchasable product-type-simple\">\n\t<a href=\"https:\/\/puurexloo.nl\/de\/product\/bruuts-buffet\/\" class=\"woocommerce-LoopProduct-link woocommerce-loop-product__link\"><img loading=\"lazy\" decoding=\"async\" width=\"300\" height=\"300\" src=\"https:\/\/puurexloo.nl\/wp-content\/uploads\/2024\/06\/Bruuts-Buffet-300x300.jpeg\" class=\"attachment-woocommerce_thumbnail size-woocommerce_thumbnail\" alt=\"Bruuts Buffet\" srcset=\"https:\/\/puurexloo.nl\/wp-content\/uploads\/2024\/06\/Bruuts-Buffet-300x300.jpeg 300w, https:\/\/puurexloo.nl\/wp-content\/uploads\/2024\/06\/Bruuts-Buffet-768x768.jpeg 768w, https:\/\/puurexloo.nl\/wp-content\/uploads\/2024\/06\/Bruuts-Buffet-1536x1536.jpeg 1536w, https:\/\/puurexloo.nl\/wp-content\/uploads\/2024\/06\/Bruuts-Buffet-2048x2048.jpeg 2048w, https:\/\/puurexloo.nl\/wp-content\/uploads\/2024\/06\/Bruuts-Buffet-600x600.jpeg 600w, https:\/\/puurexloo.nl\/wp-content\/uploads\/2024\/06\/Bruuts-Buffet-100x100.jpeg 100w\" sizes=\"(max-width: 300px) 100vw, 300px\" data-xooWscFly=\"fly\" \/><h2 class=\"woocommerce-loop-product__title\">Bruuts Buffet<\/h2>\n\t<span class=\"price\"><span class=\"woocommerce-Price-amount amount\"><bdi><span class=\"woocommerce-Price-currencySymbol\">&euro;<\/span>34,50<\/bdi><\/span><\/span>\n<\/a><a href=\"https:\/\/puurexloo.nl\/de\/product\/bruuts-buffet\/\" aria-describedby=\"woocommerce_loop_add_to_cart_link_describedby_30594\" data-quantity=\"1\" class=\"button product_type_simple add_to_cart_button\" data-product_id=\"30594\" data-product_sku=\"\" aria-label=\"In den Warenkorb legen: \u201eBruuts Buffet\u201c\" rel=\"nofollow\" data-success_message=\"\u201eBruuts Buffet\u201c wurde deinem Warenkorb hinzugef\u00fcgt\">Reserveren<\/a>\t<span id=\"woocommerce_loop_add_to_cart_link_describedby_30594\" class=\"screen-reader-text\">\n\t\t\t<\/span>\n<span class=\"gtm4wp_productdata\" style=\"display:none; visibility:hidden;\" data-gtm4wp_product_data=\"{&quot;internal_id&quot;:30594,&quot;item_id&quot;:30594,&quot;item_name&quot;:&quot;Bruuts Buffet&quot;,&quot;sku&quot;:30594,&quot;price&quot;:34.5,&quot;stocklevel&quot;:null,&quot;stockstatus&quot;:&quot;instock&quot;,&quot;google_business_vertical&quot;:&quot;retail&quot;,&quot;item_category&quot;:&quot;Foodsharing&quot;,&quot;id&quot;:30594,&quot;item_brand&quot;:&quot;&quot;,&quot;productlink&quot;:&quot;https:\\\/\\\/puurexloo.nl\\\/de\\\/product\\\/bruuts-buffet\\\/&quot;,&quot;item_list_name&quot;:&quot;General Product List&quot;,&quot;index&quot;:5,&quot;product_type&quot;:&quot;simple&quot;}\"><\/span><\/li>\n<\/ul>\n<\/div>\t\t\t\t<\/div>\n\t\t\t\t<\/div>\n\t\t\t\t\t<\/div>\n\t\t<\/div>\n\t\t\t\t\t<\/div>\n\t\t<\/section>\n\t\t\t\t<\/div>\n\t\t","protected":false},"excerpt":{"rendered":"<p>Jetzt bestellen bei Mit der ganzen Familie lecker zu Abend essen, aber keine Lust zum Kochen? BRUUT Catering\u00a0bietet verschiedene Optionen f\u00fcr (gro\u00dfe und kleine) Familien oder Freundescliquen, wenn es ums Abendessen geht. Man denke an B\u00fcffets oder verschiedene leckere Pfannengerichte. Bei Fragen zur Bestellung k\u00f6nnt ihr euch direkt an\u00a0BRUUT Catering\u00a0wenden: +31 (0) 591 \u2013 547729. [&hellip;]<\/p>\n","protected":false},"author":27,"featured_media":0,"parent":22117,"menu_order":0,"comment_status":"closed","ping_status":"closed","template":"","meta":{"footnotes":""},"class_list":["post-23894","page","type-page","status-publish","hentry"],"_links":{"self":[{"href":"https:\/\/puurexloo.nl\/de\/wp-json\/wp\/v2\/pages\/23894","targetHints":{"allow":["GET"]}}],"collection":[{"href":"https:\/\/puurexloo.nl\/de\/wp-json\/wp\/v2\/pages"}],"about":[{"href":"https:\/\/puurexloo.nl\/de\/wp-json\/wp\/v2\/types\/page"}],"author":[{"embeddable":true,"href":"https:\/\/puurexloo.nl\/de\/wp-json\/wp\/v2\/users\/27"}],"replies":[{"embeddable":true,"href":"https:\/\/puurexloo.nl\/de\/wp-json\/wp\/v2\/comments?post=23894"}],"version-history":[{"count":4,"href":"https:\/\/puurexloo.nl\/de\/wp-json\/wp\/v2\/pages\/23894\/revisions"}],"predecessor-version":[{"id":23898,"href":"https:\/\/puurexloo.nl\/de\/wp-json\/wp\/v2\/pages\/23894\/revisions\/23898"}],"up":[{"embeddable":true,"href":"https:\/\/puurexloo.nl\/de\/wp-json\/wp\/v2\/pages\/22117"}],"wp:attachment":[{"href":"https:\/\/puurexloo.nl\/de\/wp-json\/wp\/v2\/media?parent=23894"}],"curies":[{"name":"wp","href":"https:\/\/api.w.org\/{rel}","templated":true}]}}