{"id":23902,"date":"2024-05-06T16:43:28","date_gmt":"2024-05-06T14:43:28","guid":{"rendered":"https:\/\/puurexloo.nl\/?page_id=23902"},"modified":"2024-05-06T16:44:54","modified_gmt":"2024-05-06T14:44:54","slug":"grill-raclette","status":"publish","type":"page","link":"https:\/\/puurexloo.nl\/de\/onlineshop\/grill-raclette\/","title":{"rendered":"Grill &amp; Raclette"},"content":{"rendered":"\t\t<div data-elementor-type=\"wp-page\" data-elementor-id=\"23902\" class=\"elementor elementor-23902 elementor-12790\" data-elementor-post-type=\"page\">\n\t\t\t\t\t\t<section class=\"elementor-section elementor-top-section elementor-element elementor-element-d8155a9 elementor-section-boxed elementor-section-height-default elementor-section-height-default\" data-id=\"d8155a9\" data-element_type=\"section\">\n\t\t\t\t\t\t<div class=\"elementor-container elementor-column-gap-default\">\n\t\t\t\t\t<div class=\"elementor-column elementor-col-100 elementor-top-column elementor-element elementor-element-c93cab0\" data-id=\"c93cab0\" data-element_type=\"column\">\n\t\t\t<div class=\"elementor-widget-wrap elementor-element-populated\">\n\t\t\t\t\t\t<div class=\"elementor-element elementor-element-0d69a98 elementor-widget elementor-widget-global elementor-global-22316 elementor-widget-heading\" data-id=\"0d69a98\" data-element_type=\"widget\" data-widget_type=\"heading.default\">\n\t\t\t\t<div class=\"elementor-widget-container\">\n\t\t\t\t\t<h2 class=\"elementor-heading-title elementor-size-default\">Jetzt bestellen bei<\/h2>\t\t\t\t<\/div>\n\t\t\t\t<\/div>\n\t\t\t\t<section class=\"elementor-section elementor-inner-section elementor-element elementor-element-fdbceb0 elementor-section-boxed elementor-section-height-default elementor-section-height-default\" data-id=\"fdbceb0\" data-element_type=\"section\">\n\t\t\t\t\t\t<div class=\"elementor-container elementor-column-gap-default\">\n\t\t\t\t\t<div class=\"elementor-column elementor-col-50 elementor-inner-column elementor-element elementor-element-f7b2cdb\" data-id=\"f7b2cdb\" data-element_type=\"column\">\n\t\t\t<div class=\"elementor-widget-wrap elementor-element-populated\">\n\t\t\t\t\t\t<div class=\"elementor-element elementor-element-8235fb1 elementor-widget elementor-widget-image\" data-id=\"8235fb1\" data-element_type=\"widget\" data-widget_type=\"image.default\">\n\t\t\t\t<div class=\"elementor-widget-container\">\n\t\t\t\t\t\t\t\t\t\t\t\t\t\t\t<img decoding=\"async\" src=\"https:\/\/puurexloo.nl\/wp-content\/uploads\/elementor\/thumbs\/bruut-catering-ppbra9lsz5blzqiezgk5k31evypysf485iayz9gyxc.png\" title=\"bruut-catering\" alt=\"bruut-catering\" loading=\"lazy\" \/>\t\t\t\t\t\t\t\t\t\t\t\t\t\t\t<\/div>\n\t\t\t\t<\/div>\n\t\t\t\t<div class=\"elementor-element elementor-element-e7f4692 elementor-widget elementor-widget-text-editor\" data-id=\"e7f4692\" data-element_type=\"widget\" data-widget_type=\"text-editor.default\">\n\t\t\t\t<div class=\"elementor-widget-container\">\n\t\t\t\t\t\t\t\t\t<p><strong>BRUUT Catering<\/strong>\u00a0bietet verschiedene Optionen f\u00fcr (gro\u00dfe und kleine) Familien oder Freundescliquen, wenn es ums Abendessen geht. Man denke an B\u00fcffets oder verschiedene leckere Pfannengerichte.<\/p><p>Bei Fragen zur Bestellung k\u00f6nnt ihr euch direkt an\u00a0<em><strong>BRUUT Catering<\/strong><\/em>\u00a0wenden: +<strong><em>31 (0) 591 \u2013 547729<\/em><\/strong>.<\/p>\t\t\t\t\t\t\t\t<\/div>\n\t\t\t\t<\/div>\n\t\t\t\t\t<\/div>\n\t\t<\/div>\n\t\t\t\t<div class=\"elementor-column elementor-col-50 elementor-inner-column elementor-element elementor-element-f140c50\" data-id=\"f140c50\" data-element_type=\"column\">\n\t\t\t<div class=\"elementor-widget-wrap elementor-element-populated\">\n\t\t\t\t\t\t<div class=\"elementor-element elementor-element-d3d366a elementor-widget elementor-widget-image\" data-id=\"d3d366a\" data-element_type=\"widget\" data-widget_type=\"image.default\">\n\t\t\t\t<div class=\"elementor-widget-container\">\n\t\t\t\t\t\t\t\t\t\t\t\t\t\t\t<img decoding=\"async\" src=\"https:\/\/puurexloo.nl\/wp-content\/uploads\/elementor\/thumbs\/thijs-aafke-logo-pa3q326kicyrai0l6gv9ei31boig9d27ofgaay0ixc.jpg\" title=\"thijs-aafke-logo\" alt=\"thijs-aafke-logo\" loading=\"lazy\" \/>\t\t\t\t\t\t\t\t\t\t\t\t\t\t\t<\/div>\n\t\t\t\t<\/div>\n\t\t\t\t<div class=\"elementor-element elementor-element-02dd625 elementor-widget elementor-widget-text-editor\" data-id=\"02dd625\" data-element_type=\"widget\" data-widget_type=\"text-editor.default\">\n\t\t\t\t<div class=\"elementor-widget-container\">\n\t\t\t\t\t\t\t\t\t<p>Beim <strong>B\u00fcffetrestaurant Thijs en Aafke<\/strong> kann man eine umfangreiche Platte mit verschiedenen St\u00fccken Fleisch, einschlie\u00dflich einer Grillplatte, bestellen.<\/p><p>Bei Fragen zur Bestellung kannst du dich direkt an <em><strong>Thijs &amp; Aafke<\/strong><\/em> wenden: <strong><em>+31 (0) 591 \u2013 580035<\/em><\/strong>.<\/p>\t\t\t\t\t\t\t\t<\/div>\n\t\t\t\t<\/div>\n\t\t\t\t\t<\/div>\n\t\t<\/div>\n\t\t\t\t\t<\/div>\n\t\t<\/section>\n\t\t\t\t<div class=\"elementor-element elementor-element-53b7d4d elementor-grid-4 elementor-grid-tablet-3 elementor-grid-mobile-2 elementor-products-grid elementor-wc-products elementor-show-pagination-border-yes elementor-widget elementor-widget-woocommerce-products\" data-id=\"53b7d4d\" data-element_type=\"widget\" data-widget_type=\"woocommerce-products.default\">\n\t\t\t\t<div class=\"elementor-widget-container\">\n\t\t\t\t\t<div class=\"woocommerce columns-4 \"><div class=\"woocommerce-notices-wrapper\"><\/div><ul class=\"products elementor-grid columns-4\">\n<li class=\"wcpa_has_options product type-product post-24745 status-publish first instock product_cat-bruut-catering product_cat-diner-met-bezorgservice product_cat-gourmetten has-post-thumbnail sold-individually taxable shipping-taxable purchasable product-type-simple\">\n\t<a href=\"https:\/\/puurexloo.nl\/de\/product\/klassisches-raclette\/\" class=\"woocommerce-LoopProduct-link woocommerce-loop-product__link\"><img fetchpriority=\"high\" decoding=\"async\" width=\"300\" height=\"300\" src=\"https:\/\/puurexloo.nl\/wp-content\/uploads\/2022\/05\/Gourmet-Classic-300x300.jpg\" class=\"attachment-woocommerce_thumbnail size-woocommerce_thumbnail\" alt=\"BRUUT Klassischer Feinschmecker\" srcset=\"https:\/\/puurexloo.nl\/wp-content\/uploads\/2022\/05\/Gourmet-Classic-300x300.jpg 300w, https:\/\/puurexloo.nl\/wp-content\/uploads\/2022\/05\/Gourmet-Classic-768x768.jpg 768w, https:\/\/puurexloo.nl\/wp-content\/uploads\/2022\/05\/Gourmet-Classic-1536x1536.jpg 1536w, https:\/\/puurexloo.nl\/wp-content\/uploads\/2022\/05\/Gourmet-Classic-2048x2048.jpg 2048w, https:\/\/puurexloo.nl\/wp-content\/uploads\/2022\/05\/Gourmet-Classic-600x600.jpg 600w, https:\/\/puurexloo.nl\/wp-content\/uploads\/2022\/05\/Gourmet-Classic-100x100.jpg 100w\" sizes=\"(max-width: 300px) 100vw, 300px\" data-xooWscFly=\"fly\" \/><h2 class=\"woocommerce-loop-product__title\">BRUUT Klassischer Feinschmecker<\/h2>\n\t<span class=\"price\"><span class=\"woocommerce-Price-amount amount\"><bdi><span class=\"woocommerce-Price-currencySymbol\">&euro;<\/span>19,95<\/bdi><\/span><\/span>\n<\/a><a href=\"https:\/\/puurexloo.nl\/de\/product\/klassisches-raclette\/\" aria-describedby=\"woocommerce_loop_add_to_cart_link_describedby_24745\" data-quantity=\"1\" class=\"button product_type_simple add_to_cart_button\" data-product_id=\"24745\" data-product_sku=\"gourmet-compleet\" aria-label=\"In den Warenkorb legen: \u201eBRUUT Klassischer Feinschmecker\u201c\" rel=\"nofollow\" data-success_message=\"\u201eBRUUT Klassischer Feinschmecker\u201c wurde deinem Warenkorb hinzugef\u00fcgt\">Reserveren<\/a>\t<span id=\"woocommerce_loop_add_to_cart_link_describedby_24745\" class=\"screen-reader-text\">\n\t\t\t<\/span>\n<span class=\"gtm4wp_productdata\" style=\"display:none; visibility:hidden;\" data-gtm4wp_product_data=\"{&quot;internal_id&quot;:24745,&quot;item_id&quot;:&quot;gourmet-compleet&quot;,&quot;item_name&quot;:&quot;BRUUT Klassischer Feinschmecker&quot;,&quot;sku&quot;:&quot;gourmet-compleet&quot;,&quot;price&quot;:19.95,&quot;stocklevel&quot;:null,&quot;stockstatus&quot;:&quot;instock&quot;,&quot;google_business_vertical&quot;:&quot;retail&quot;,&quot;item_category&quot;:&quot;Grillen &amp; Gourmetten&quot;,&quot;id&quot;:&quot;gourmet-compleet&quot;,&quot;item_brand&quot;:&quot;&quot;,&quot;productlink&quot;:&quot;https:\\\/\\\/puurexloo.nl\\\/de\\\/product\\\/klassisches-raclette\\\/&quot;,&quot;item_list_name&quot;:&quot;General Product List&quot;,&quot;index&quot;:1,&quot;product_type&quot;:&quot;simple&quot;}\"><\/span><\/li>\n<li class=\"product type-product post-24746 status-publish instock product_cat-diner-met-bezorgservice product_cat-gourmetten has-post-thumbnail taxable shipping-taxable purchasable product-type-simple\">\n\t<a href=\"https:\/\/puurexloo.nl\/de\/product\/tischgrillen\/\" class=\"woocommerce-LoopProduct-link woocommerce-loop-product__link\"><img decoding=\"async\" width=\"300\" height=\"300\" src=\"https:\/\/puurexloo.nl\/wp-content\/uploads\/2022\/03\/tafelgril-thijsaafke-300x300.jpg\" class=\"attachment-woocommerce_thumbnail size-woocommerce_thumbnail\" alt=\"Tischgrills\" srcset=\"https:\/\/puurexloo.nl\/wp-content\/uploads\/2022\/03\/tafelgril-thijsaafke-300x300.jpg 300w, https:\/\/puurexloo.nl\/wp-content\/uploads\/2022\/03\/tafelgril-thijsaafke-100x100.jpg 100w, https:\/\/puurexloo.nl\/wp-content\/uploads\/2022\/03\/tafelgril-thijsaafke.jpg 499w\" sizes=\"(max-width: 300px) 100vw, 300px\" data-xooWscFly=\"fly\" \/><h2 class=\"woocommerce-loop-product__title\">Tischgrills<\/h2>\n\t<span class=\"price\"><span class=\"woocommerce-Price-amount amount\"><bdi><span class=\"woocommerce-Price-currencySymbol\">&euro;<\/span>25,75<\/bdi><\/span><\/span>\n<\/a><a href=\"https:\/\/puurexloo.nl\/de\/product\/tischgrillen\/\" aria-describedby=\"woocommerce_loop_add_to_cart_link_describedby_24746\" data-quantity=\"1\" class=\"button product_type_simple add_to_cart_button\" data-product_id=\"24746\" data-product_sku=\"tafelgril\" aria-label=\"In den Warenkorb legen: \u201eTischgrills\u201c\" rel=\"nofollow\" data-success_message=\"\u201eTischgrills\u201c wurde deinem Warenkorb hinzugef\u00fcgt\">Reserveren<\/a>\t<span id=\"woocommerce_loop_add_to_cart_link_describedby_24746\" class=\"screen-reader-text\">\n\t\t\t<\/span>\n<span class=\"gtm4wp_productdata\" style=\"display:none; visibility:hidden;\" data-gtm4wp_product_data=\"{&quot;internal_id&quot;:24746,&quot;item_id&quot;:&quot;tafelgril&quot;,&quot;item_name&quot;:&quot;Tischgrills&quot;,&quot;sku&quot;:&quot;tafelgril&quot;,&quot;price&quot;:25.75,&quot;stocklevel&quot;:null,&quot;stockstatus&quot;:&quot;instock&quot;,&quot;google_business_vertical&quot;:&quot;retail&quot;,&quot;item_category&quot;:&quot;Grillen &amp; Gourmetten&quot;,&quot;id&quot;:&quot;tafelgril&quot;,&quot;item_brand&quot;:&quot;&quot;,&quot;productlink&quot;:&quot;https:\\\/\\\/puurexloo.nl\\\/de\\\/product\\\/tischgrillen\\\/&quot;,&quot;item_list_name&quot;:&quot;General Product List&quot;,&quot;index&quot;:2,&quot;product_type&quot;:&quot;simple&quot;}\"><\/span><\/li>\n<\/ul>\n<\/div>\t\t\t\t<\/div>\n\t\t\t\t<\/div>\n\t\t\t\t\t<\/div>\n\t\t<\/div>\n\t\t\t\t\t<\/div>\n\t\t<\/section>\n\t\t\t\t<\/div>\n\t\t","protected":false},"excerpt":{"rendered":"<p>Jetzt bestellen bei BRUUT Catering\u00a0bietet verschiedene Optionen f\u00fcr (gro\u00dfe und kleine) Familien oder Freundescliquen, wenn es ums Abendessen geht. Man denke an B\u00fcffets oder verschiedene leckere Pfannengerichte. Bei Fragen zur Bestellung k\u00f6nnt ihr euch direkt an\u00a0BRUUT Catering\u00a0wenden: +31 (0) 591 \u2013 547729. Beim B\u00fcffetrestaurant Thijs en Aafke kann man eine umfangreiche Platte mit verschiedenen St\u00fccken [&hellip;]<\/p>\n","protected":false},"author":27,"featured_media":0,"parent":22117,"menu_order":0,"comment_status":"closed","ping_status":"closed","template":"","meta":{"footnotes":""},"class_list":["post-23902","page","type-page","status-publish","hentry"],"_links":{"self":[{"href":"https:\/\/puurexloo.nl\/de\/wp-json\/wp\/v2\/pages\/23902","targetHints":{"allow":["GET"]}}],"collection":[{"href":"https:\/\/puurexloo.nl\/de\/wp-json\/wp\/v2\/pages"}],"about":[{"href":"https:\/\/puurexloo.nl\/de\/wp-json\/wp\/v2\/types\/page"}],"author":[{"embeddable":true,"href":"https:\/\/puurexloo.nl\/de\/wp-json\/wp\/v2\/users\/27"}],"replies":[{"embeddable":true,"href":"https:\/\/puurexloo.nl\/de\/wp-json\/wp\/v2\/comments?post=23902"}],"version-history":[{"count":4,"href":"https:\/\/puurexloo.nl\/de\/wp-json\/wp\/v2\/pages\/23902\/revisions"}],"predecessor-version":[{"id":23906,"href":"https:\/\/puurexloo.nl\/de\/wp-json\/wp\/v2\/pages\/23902\/revisions\/23906"}],"up":[{"embeddable":true,"href":"https:\/\/puurexloo.nl\/de\/wp-json\/wp\/v2\/pages\/22117"}],"wp:attachment":[{"href":"https:\/\/puurexloo.nl\/de\/wp-json\/wp\/v2\/media?parent=23902"}],"curies":[{"name":"wp","href":"https:\/\/api.w.org\/{rel}","templated":true}]}}