{"id":23931,"date":"2024-05-06T16:54:05","date_gmt":"2024-05-06T14:54:05","guid":{"rendered":"https:\/\/puurexloo.nl\/?page_id=23931"},"modified":"2024-05-06T16:55:15","modified_gmt":"2024-05-06T14:55:15","slug":"tapas","status":"publish","type":"page","link":"https:\/\/puurexloo.nl\/de\/onlineshop\/tapas\/","title":{"rendered":"Tapas"},"content":{"rendered":"\t\t<div data-elementor-type=\"wp-page\" data-elementor-id=\"23931\" class=\"elementor elementor-23931 elementor-12825\" data-elementor-post-type=\"page\">\n\t\t\t\t\t\t<section class=\"elementor-section elementor-top-section elementor-element elementor-element-1693186 elementor-section-boxed elementor-section-height-default elementor-section-height-default\" data-id=\"1693186\" data-element_type=\"section\">\n\t\t\t\t\t\t<div class=\"elementor-container elementor-column-gap-default\">\n\t\t\t\t\t<div class=\"elementor-column elementor-col-100 elementor-top-column elementor-element elementor-element-0ac22ec\" data-id=\"0ac22ec\" data-element_type=\"column\">\n\t\t\t<div class=\"elementor-widget-wrap elementor-element-populated\">\n\t\t\t\t\t\t<div class=\"elementor-element elementor-element-e0d56ce elementor-widget elementor-widget-global elementor-global-22316 elementor-widget-heading\" data-id=\"e0d56ce\" data-element_type=\"widget\" data-widget_type=\"heading.default\">\n\t\t\t\t<div class=\"elementor-widget-container\">\n\t\t\t\t\t<h2 class=\"elementor-heading-title elementor-size-default\">Jetzt bestellen bei<\/h2>\t\t\t\t<\/div>\n\t\t\t\t<\/div>\n\t\t\t\t<section class=\"elementor-section elementor-inner-section elementor-element elementor-element-c355332 elementor-section-boxed elementor-section-height-default elementor-section-height-default\" data-id=\"c355332\" data-element_type=\"section\">\n\t\t\t\t\t\t<div class=\"elementor-container elementor-column-gap-default\">\n\t\t\t\t\t<div class=\"elementor-column elementor-col-33 elementor-inner-column elementor-element elementor-element-dfe33b8\" data-id=\"dfe33b8\" data-element_type=\"column\">\n\t\t\t<div class=\"elementor-widget-wrap elementor-element-populated\">\n\t\t\t\t\t\t<div class=\"elementor-element elementor-element-3ed3204 elementor-widget elementor-widget-image\" data-id=\"3ed3204\" data-element_type=\"widget\" data-widget_type=\"image.default\">\n\t\t\t\t<div class=\"elementor-widget-container\">\n\t\t\t\t\t\t\t\t\t\t\t\t\t\t\t<img fetchpriority=\"high\" decoding=\"async\" width=\"274\" height=\"274\" src=\"https:\/\/puurexloo.nl\/wp-content\/uploads\/2022\/05\/bruut-catering.png\" class=\"attachment-large size-large wp-image-5620\" alt=\"\" srcset=\"https:\/\/puurexloo.nl\/wp-content\/uploads\/2022\/05\/bruut-catering.png 274w, https:\/\/puurexloo.nl\/wp-content\/uploads\/2022\/05\/bruut-catering-100x100.png 100w\" sizes=\"(max-width: 274px) 100vw, 274px\" \/>\t\t\t\t\t\t\t\t\t\t\t\t\t\t\t<\/div>\n\t\t\t\t<\/div>\n\t\t\t\t\t<\/div>\n\t\t<\/div>\n\t\t\t\t<div class=\"elementor-column elementor-col-66 elementor-inner-column elementor-element elementor-element-23927d8\" data-id=\"23927d8\" data-element_type=\"column\">\n\t\t\t<div class=\"elementor-widget-wrap elementor-element-populated\">\n\t\t\t\t\t\t<div class=\"elementor-element elementor-element-64b136f elementor-widget elementor-widget-text-editor\" data-id=\"64b136f\" data-element_type=\"widget\" data-widget_type=\"text-editor.default\">\n\t\t\t\t<div class=\"elementor-widget-container\">\n\t\t\t\t\t\t\t\t\t<p><strong>Mit der ganzen Familie lecker zu Abend essen, aber keine Lust zum Kochen?<\/strong><\/p><p><strong>BRUUT Catering<\/strong>\u00a0bietet verschiedene Optionen f\u00fcr (gro\u00dfe und kleine) Familien oder Freundescliquen, wenn es ums Abendessen geht. Man denke an B\u00fcffets oder verschiedene leckere Pfannengerichte.<\/p><p>Bei Fragen zur Bestellung k\u00f6nnt ihr euch direkt an\u00a0<em><strong>BRUUT Catering<\/strong><\/em>\u00a0wenden: +<strong><em>31 (0) 591 \u2013 547729<\/em><\/strong>.<\/p>\t\t\t\t\t\t\t\t<\/div>\n\t\t\t\t<\/div>\n\t\t\t\t\t<\/div>\n\t\t<\/div>\n\t\t\t\t\t<\/div>\n\t\t<\/section>\n\t\t\t\t\t<\/div>\n\t\t<\/div>\n\t\t\t\t\t<\/div>\n\t\t<\/section>\n\t\t\t\t<\/div>\n\t\t","protected":false},"excerpt":{"rendered":"<p>Jetzt bestellen bei Mit der ganzen Familie lecker zu Abend essen, aber keine Lust zum Kochen? BRUUT Catering\u00a0bietet verschiedene Optionen f\u00fcr (gro\u00dfe und kleine) Familien oder Freundescliquen, wenn es ums Abendessen geht. Man denke an B\u00fcffets oder verschiedene leckere Pfannengerichte. Bei Fragen zur Bestellung k\u00f6nnt ihr euch direkt an\u00a0BRUUT Catering\u00a0wenden: +31 (0) 591 \u2013 547729.<\/p>\n","protected":false},"author":27,"featured_media":0,"parent":22117,"menu_order":0,"comment_status":"closed","ping_status":"closed","template":"","meta":{"footnotes":""},"class_list":["post-23931","page","type-page","status-publish","hentry"],"_links":{"self":[{"href":"https:\/\/puurexloo.nl\/de\/wp-json\/wp\/v2\/pages\/23931","targetHints":{"allow":["GET"]}}],"collection":[{"href":"https:\/\/puurexloo.nl\/de\/wp-json\/wp\/v2\/pages"}],"about":[{"href":"https:\/\/puurexloo.nl\/de\/wp-json\/wp\/v2\/types\/page"}],"author":[{"embeddable":true,"href":"https:\/\/puurexloo.nl\/de\/wp-json\/wp\/v2\/users\/27"}],"replies":[{"embeddable":true,"href":"https:\/\/puurexloo.nl\/de\/wp-json\/wp\/v2\/comments?post=23931"}],"version-history":[{"count":4,"href":"https:\/\/puurexloo.nl\/de\/wp-json\/wp\/v2\/pages\/23931\/revisions"}],"predecessor-version":[{"id":23935,"href":"https:\/\/puurexloo.nl\/de\/wp-json\/wp\/v2\/pages\/23931\/revisions\/23935"}],"up":[{"embeddable":true,"href":"https:\/\/puurexloo.nl\/de\/wp-json\/wp\/v2\/pages\/22117"}],"wp:attachment":[{"href":"https:\/\/puurexloo.nl\/de\/wp-json\/wp\/v2\/media?parent=23931"}],"curies":[{"name":"wp","href":"https:\/\/api.w.org\/{rel}","templated":true}]}}