{"id":24860,"date":"2024-06-11T11:44:52","date_gmt":"2024-06-11T09:44:52","guid":{"rendered":"https:\/\/puurexloo.nl\/?page_id=24860"},"modified":"2024-11-06T16:09:10","modified_gmt":"2024-11-06T15:09:10","slug":"kunsthandwerk-glitzertattoos","status":"publish","type":"page","link":"https:\/\/puurexloo.nl\/de\/kunsthandwerk-glitzertattoos\/","title":{"rendered":"Kunsthandwerk &amp; Glitzertattoos"},"content":{"rendered":"\t\t<div data-elementor-type=\"wp-page\" data-elementor-id=\"24860\" class=\"elementor elementor-24860 elementor-13957\" data-elementor-post-type=\"page\">\n\t\t\t\t\t\t<section class=\"elementor-section elementor-top-section elementor-element elementor-element-7ca241d elementor-section-boxed elementor-section-height-default elementor-section-height-default\" data-id=\"7ca241d\" data-element_type=\"section\">\n\t\t\t\t\t\t<div class=\"elementor-container elementor-column-gap-default\">\n\t\t\t\t\t<div class=\"elementor-column elementor-col-100 elementor-top-column elementor-element elementor-element-b704d2b\" data-id=\"b704d2b\" data-element_type=\"column\">\n\t\t\t<div class=\"elementor-widget-wrap elementor-element-populated\">\n\t\t\t\t\t\t<section class=\"elementor-section elementor-inner-section elementor-element elementor-element-1798bb8 elementor-section-boxed elementor-section-height-default elementor-section-height-default\" data-id=\"1798bb8\" data-element_type=\"section\">\n\t\t\t\t\t\t<div class=\"elementor-container elementor-column-gap-default\">\n\t\t\t\t\t<div class=\"elementor-column elementor-col-33 elementor-inner-column elementor-element elementor-element-7b9b8ba\" data-id=\"7b9b8ba\" data-element_type=\"column\">\n\t\t\t<div class=\"elementor-widget-wrap elementor-element-populated\">\n\t\t\t\t\t\t<div class=\"elementor-element elementor-element-df4adf4 elementor-widget elementor-widget-image\" data-id=\"df4adf4\" data-element_type=\"widget\" data-widget_type=\"image.default\">\n\t\t\t\t<div class=\"elementor-widget-container\">\n\t\t\t\t\t\t\t\t\t\t\t\t\t\t\t<img fetchpriority=\"high\" decoding=\"async\" width=\"300\" height=\"300\" src=\"https:\/\/puurexloo.nl\/wp-content\/uploads\/2024\/03\/image00007-1-300x300.jpeg\" class=\"attachment-woocommerce_thumbnail size-woocommerce_thumbnail wp-image-21136\" alt=\"\" srcset=\"https:\/\/puurexloo.nl\/wp-content\/uploads\/2024\/03\/image00007-1-300x300.jpeg 300w, https:\/\/puurexloo.nl\/wp-content\/uploads\/2024\/03\/image00007-1-100x100.jpeg 100w\" sizes=\"(max-width: 300px) 100vw, 300px\" \/>\t\t\t\t\t\t\t\t\t\t\t\t\t\t\t<\/div>\n\t\t\t\t<\/div>\n\t\t\t\t\t<\/div>\n\t\t<\/div>\n\t\t\t\t<div class=\"elementor-column elementor-col-33 elementor-inner-column elementor-element elementor-element-202ba72\" data-id=\"202ba72\" data-element_type=\"column\">\n\t\t\t<div class=\"elementor-widget-wrap elementor-element-populated\">\n\t\t\t\t\t\t<div class=\"elementor-element elementor-element-8ecaa1d elementor-widget elementor-widget-image\" data-id=\"8ecaa1d\" data-element_type=\"widget\" data-widget_type=\"image.default\">\n\t\t\t\t<div class=\"elementor-widget-container\">\n\t\t\t\t\t\t\t\t\t\t\t\t\t\t\t<img decoding=\"async\" width=\"300\" height=\"300\" src=\"https:\/\/puurexloo.nl\/wp-content\/uploads\/2024\/03\/image00014-300x300.jpeg\" class=\"attachment-woocommerce_thumbnail size-woocommerce_thumbnail wp-image-21145\" alt=\"\" srcset=\"https:\/\/puurexloo.nl\/wp-content\/uploads\/2024\/03\/image00014-300x300.jpeg 300w, https:\/\/puurexloo.nl\/wp-content\/uploads\/2024\/03\/image00014-100x100.jpeg 100w\" sizes=\"(max-width: 300px) 100vw, 300px\" \/>\t\t\t\t\t\t\t\t\t\t\t\t\t\t\t<\/div>\n\t\t\t\t<\/div>\n\t\t\t\t\t<\/div>\n\t\t<\/div>\n\t\t\t\t<div class=\"elementor-column elementor-col-33 elementor-inner-column elementor-element elementor-element-1fd4de5\" data-id=\"1fd4de5\" data-element_type=\"column\">\n\t\t\t<div class=\"elementor-widget-wrap elementor-element-populated\">\n\t\t\t\t\t\t<div class=\"elementor-element elementor-element-b89612e elementor-widget elementor-widget-image\" data-id=\"b89612e\" data-element_type=\"widget\" data-widget_type=\"image.default\">\n\t\t\t\t<div class=\"elementor-widget-container\">\n\t\t\t\t\t\t\t\t\t\t\t\t\t\t\t<img decoding=\"async\" width=\"300\" height=\"300\" src=\"https:\/\/puurexloo.nl\/wp-content\/uploads\/2024\/03\/image00005-300x300.jpeg\" class=\"attachment-woocommerce_thumbnail size-woocommerce_thumbnail wp-image-21139\" alt=\"\" srcset=\"https:\/\/puurexloo.nl\/wp-content\/uploads\/2024\/03\/image00005-300x300.jpeg 300w, https:\/\/puurexloo.nl\/wp-content\/uploads\/2024\/03\/image00005-100x100.jpeg 100w\" sizes=\"(max-width: 300px) 100vw, 300px\" \/>\t\t\t\t\t\t\t\t\t\t\t\t\t\t\t<\/div>\n\t\t\t\t<\/div>\n\t\t\t\t\t<\/div>\n\t\t<\/div>\n\t\t\t\t\t<\/div>\n\t\t<\/section>\n\t\t\t\t<div class=\"elementor-element elementor-element-e561f53 elementor-widget elementor-widget-text-editor\" data-id=\"e561f53\" data-element_type=\"widget\" data-widget_type=\"text-editor.default\">\n\t\t\t\t<div class=\"elementor-widget-container\">\n\t\t\t\t\t\t\t\t\t<p style=\"text-align: justify;\">Schauen Sie bei Vanja&#8217;s vorbei, um Spa\u00df beim Basteln zu haben oder sich ein sch\u00f6nes Glitzertattoo stechen zu lassen!<br \/>W\u00e4hlen Sie zum Beispiel ein sch\u00f6nes Einhorn oder einen coolen Dinosaurier, eine sch\u00f6ne Blume oder eine furchterregende Schlange!<\/p>\n<p style=\"text-align: justify;\">Je nach Anzahl der Kinder werden die Bastelarbeiten und Glitzertattoos um Gesichtsbemalung, Haarschmuck und lustige Folienballons erweitert.<\/p>\n\t\t\t\t\t\t\t\t<\/div>\n\t\t\t\t<\/div>\n\t\t\t\t<div class=\"elementor-element elementor-element-1e7aed6 elementor-widget elementor-widget-text-editor\" data-id=\"1e7aed6\" data-element_type=\"widget\" data-widget_type=\"text-editor.default\">\n\t\t\t\t<div class=\"elementor-widget-container\">\n\t\t\t\t\t\t\t\t\t<p style=\"text-align: justify;\"><span style=\"font-family: 'Open Sans', sans-serif; font-size: 1rem; font-weight: bolder; text-align: left;\">Wenn<\/span><\/p>\n<div style=\"text-align: justify;\">\n<ul>\n<li>Donnerstag 15. August<\/li>\n<li>Samstag 17 August<\/li>\n<\/ul>\n<ul>\n<li>Donnerstag, 22. August<\/li>\n<li>Sonntag 25 August<\/li>\n<li>Donnerstag, 29. August<\/li>\n<\/ul>\n<\/div>\n\t\t\t\t\t\t\t\t<\/div>\n\t\t\t\t<\/div>\n\t\t\t\t<div class=\"elementor-element elementor-element-0927dd0 elementor-widget elementor-widget-text-editor\" data-id=\"0927dd0\" data-element_type=\"widget\" data-widget_type=\"text-editor.default\">\n\t\t\t\t<div class=\"elementor-widget-container\">\n\t\t\t\t\t\t\t\t\t<div style=\"text-align: justify;\">\n<div><span style=\"font-size: 16px; font-weight: bold; text-align: left;\">Zeit<\/span><\/div>\n<\/div>\n<div>\n<ul>\n<li>Zwischen 14:30h &#8211; 17:30h<\/li>\n<\/ul>\n<p><span style=\"font-family: 'Open Sans', sans-serif; font-size: 1rem; font-weight: bolder;\">Wo<\/span><\/p>\n<ul>\n<li><b>Das schwarze Zelt in der N\u00e4he der Minigolfanlage und des Air-Trampolins<\/b><\/li>\n<\/ul>\n<\/div>\n\t\t\t\t\t\t\t\t<\/div>\n\t\t\t\t<\/div>\n\t\t\t\t<div class=\"elementor-element elementor-element-b1639e8 elementor-widget elementor-widget-text-editor\" data-id=\"b1639e8\" data-element_type=\"widget\" data-widget_type=\"text-editor.default\">\n\t\t\t\t<div class=\"elementor-widget-container\">\n\t\t\t\t\t\t\t\t\t<p style=\"text-align: left;\"><span style=\"font-family: Open Sans, sans-serif;\"><span style=\"font-size: 16px;\"><b>Registrieren Sie sich<\/b><\/span><\/span><\/p>\n\t\t\t\t\t\t\t\t<\/div>\n\t\t\t\t<\/div>\n\t\t\t\t<div class=\"elementor-element elementor-element-0731493 elementor-button-align-stretch elementor-widget elementor-widget-form\" data-id=\"0731493\" data-element_type=\"widget\" data-settings=\"{&quot;step_next_label&quot;:&quot;N\\u00e4chste&quot;,&quot;step_previous_label&quot;:&quot;Vorherige&quot;,&quot;button_width&quot;:&quot;100&quot;,&quot;step_type&quot;:&quot;number_text&quot;,&quot;step_icon_shape&quot;:&quot;circle&quot;}\" data-widget_type=\"form.default\">\n\t\t\t\t<div class=\"elementor-widget-container\">\n\t\t\t\t\t\t\t<form class=\"elementor-form\" method=\"post\" name=\"Antragsformular Crafts &amp; Glitter Tattoos\" aria-label=\"Antragsformular Crafts &amp; Glitter Tattoos\">\n\t\t\t<input type=\"hidden\" name=\"post_id\" value=\"24860\"\/>\n\t\t\t<input type=\"hidden\" name=\"form_id\" value=\"0731493\"\/>\n\t\t\t<input type=\"hidden\" name=\"referer_title\" value=\"\" \/>\n\n\t\t\t\n\t\t\t<div class=\"elementor-form-fields-wrapper elementor-labels-above\">\n\t\t\t\t\t\t\t\t<div class=\"elementor-field-type-text elementor-field-group elementor-column elementor-field-group-name elementor-col-100 elementor-field-required elementor-mark-required\">\n\t\t\t\t\t\t\t\t\t\t\t\t<label for=\"form-field-name\" class=\"elementor-field-label\">\n\t\t\t\t\t\t\t\tName\t\t\t\t\t\t\t<\/label>\n\t\t\t\t\t\t\t\t\t\t\t\t\t\t<input size=\"1\" type=\"text\" name=\"form_fields[name]\" id=\"form-field-name\" class=\"elementor-field elementor-size-xs  elementor-field-textual\" placeholder=\"Name\" required=\"required\">\n\t\t\t\t\t\t\t\t\t\t\t<\/div>\n\t\t\t\t\t\t\t\t<div class=\"elementor-field-type-number elementor-field-group elementor-column elementor-field-group-field_ee13f91 elementor-col-100 elementor-field-required elementor-mark-required\">\n\t\t\t\t\t\t\t\t\t\t\t\t<label for=\"form-field-field_ee13f91\" class=\"elementor-field-label\">\n\t\t\t\t\t\t\t\tVillanummer\t\t\t\t\t\t\t<\/label>\n\t\t\t\t\t\t\t\t\t<input type=\"number\" name=\"form_fields[field_ee13f91]\" id=\"form-field-field_ee13f91\" class=\"elementor-field elementor-size-xs  elementor-field-textual\" placeholder=\"Villanummer\" required=\"required\" min=\"\" max=\"\" >\n\t\t\t\t\t\t<\/div>\n\t\t\t\t\t\t\t\t<div class=\"elementor-field-type-tel elementor-field-group elementor-column elementor-field-group-field_3273678 elementor-col-100 elementor-field-required elementor-mark-required\">\n\t\t\t\t\t\t\t\t\t\t\t\t<label for=\"form-field-field_3273678\" class=\"elementor-field-label\">\n\t\t\t\t\t\t\t\tRufnummer\t\t\t\t\t\t\t<\/label>\n\t\t\t\t\t\t\t\t<input size=\"1\" type=\"tel\" name=\"form_fields[field_3273678]\" id=\"form-field-field_3273678\" class=\"elementor-field elementor-size-xs  elementor-field-textual\" placeholder=\"Rufnummer\" required=\"required\" pattern=\"[0-9()#&amp;+*-=.]+\" title=\"Nur Nummern oder Telefon-Zeichen (#, -, *, etc) werden akzeptiert.\">\n\n\t\t\t\t\t\t<\/div>\n\t\t\t\t\t\t\t\t<div class=\"elementor-field-type-email elementor-field-group elementor-column elementor-field-group-email elementor-col-100 elementor-field-required elementor-mark-required\">\n\t\t\t\t\t\t\t\t\t\t\t\t<label for=\"form-field-email\" class=\"elementor-field-label\">\n\t\t\t\t\t\t\t\tE-Mail\t\t\t\t\t\t\t<\/label>\n\t\t\t\t\t\t\t\t\t\t\t\t\t\t<input size=\"1\" type=\"email\" name=\"form_fields[email]\" id=\"form-field-email\" class=\"elementor-field elementor-size-xs  elementor-field-textual\" placeholder=\"E-Mail\" required=\"required\">\n\t\t\t\t\t\t\t\t\t\t\t<\/div>\n\t\t\t\t\t\t\t\t<div class=\"elementor-field-type-text elementor-field-group elementor-column elementor-field-group-field_95c4cbf elementor-col-100 elementor-field-required elementor-mark-required\">\n\t\t\t\t\t\t\t\t\t\t\t\t<label for=\"form-field-field_95c4cbf\" class=\"elementor-field-label\">\n\t\t\t\t\t\t\t\tDatum\t\t\t\t\t\t\t<\/label>\n\t\t\t\t\t\t\t\t\t\t\t\t\t\t<input size=\"1\" type=\"text\" name=\"form_fields[field_95c4cbf]\" id=\"form-field-field_95c4cbf\" class=\"elementor-field elementor-size-xs  elementor-field-textual\" placeholder=\"Datum\" required=\"required\">\n\t\t\t\t\t\t\t\t\t\t\t<\/div>\n\t\t\t\t\t\t\t\t<div class=\"elementor-field-group elementor-column elementor-field-type-submit elementor-col-100 e-form__buttons\">\n\t\t\t\t\t<button class=\"elementor-button elementor-size-sm\" type=\"submit\">\n\t\t\t\t\t\t<span class=\"elementor-button-content-wrapper\">\n\t\t\t\t\t\t\t\t\t\t\t\t\t\t\t\t\t\t\t\t\t\t<span class=\"elementor-button-text\">Registrieren Sie sich<\/span>\n\t\t\t\t\t\t\t\t\t\t\t\t\t<\/span>\n\t\t\t\t\t<\/button>\n\t\t\t\t<\/div>\n\t\t\t<\/div>\n\t\t<\/form>\n\t\t\t\t\t\t<\/div>\n\t\t\t\t<\/div>\n\t\t\t\t\t<\/div>\n\t\t<\/div>\n\t\t\t\t\t<\/div>\n\t\t<\/section>\n\t\t\t\t<section class=\"elementor-section elementor-top-section elementor-element elementor-element-0b6dc73 elementor-section-boxed elementor-section-height-default elementor-section-height-default\" data-id=\"0b6dc73\" data-element_type=\"section\">\n\t\t\t\t\t\t<div class=\"elementor-container elementor-column-gap-default\">\n\t\t\t\t\t<div class=\"elementor-column elementor-col-100 elementor-top-column elementor-element elementor-element-1dd8ca3\" data-id=\"1dd8ca3\" data-element_type=\"column\">\n\t\t\t<div class=\"elementor-widget-wrap elementor-element-populated\">\n\t\t\t\t\t\t<div class=\"elementor-element elementor-element-22fa75d elementor-widget-divider--view-line elementor-widget elementor-widget-divider\" data-id=\"22fa75d\" data-element_type=\"widget\" data-widget_type=\"divider.default\">\n\t\t\t\t<div class=\"elementor-widget-container\">\n\t\t\t\t\t\t\t<div class=\"elementor-divider\">\n\t\t\t<span class=\"elementor-divider-separator\">\n\t\t\t\t\t\t<\/span>\n\t\t<\/div>\n\t\t\t\t\t\t<\/div>\n\t\t\t\t<\/div>\n\t\t\t\t<div class=\"elementor-element elementor-element-d129126 elementor-widget elementor-widget-text-editor\" data-id=\"d129126\" data-element_type=\"widget\" data-widget_type=\"text-editor.default\">\n\t\t\t\t<div class=\"elementor-widget-container\">\n\t\t\t\t\t\t\t\t\t<div class=\"elementor-element elementor-element-2035d4d elementor-widget elementor-widget-text-editor\" data-id=\"2035d4d\" data-element_type=\"widget\" data-widget_type=\"text-editor.default\">\n<div class=\"elementor-widget-container\">\n<h2 style=\"text-align: center;\">\u00dcber Vanja<\/h2>\n<\/div>\n<\/div>\n\t\t\t\t\t\t\t\t<\/div>\n\t\t\t\t<\/div>\n\t\t\t\t<div class=\"elementor-element elementor-element-334fdc1 elementor-align-center elementor-widget elementor-widget-button\" data-id=\"334fdc1\" data-element_type=\"widget\" data-widget_type=\"button.default\">\n\t\t\t\t<div class=\"elementor-widget-container\">\n\t\t\t\t\t\t\t\t\t<div class=\"elementor-button-wrapper\">\n\t\t\t\t\t<a class=\"elementor-button elementor-button-link elementor-size-sm\" href=\"https:\/\/vanjaglitterschmink.nl\/\">\n\t\t\t\t\t\t<span class=\"elementor-button-content-wrapper\">\n\t\t\t\t\t\t\t\t\t<span class=\"elementor-button-text\">F\u00fcr weitere Informationen \u00fcber Vanja, klicken Sie hier<\/span>\n\t\t\t\t\t<\/span>\n\t\t\t\t\t<\/a>\n\t\t\t\t<\/div>\n\t\t\t\t\t\t\t\t<\/div>\n\t\t\t\t<\/div>\n\t\t\t\t\t<\/div>\n\t\t<\/div>\n\t\t\t\t\t<\/div>\n\t\t<\/section>\n\t\t\t\t<\/div>\n\t\t","protected":false},"excerpt":{"rendered":"<p>Schauen Sie bei Vanja&#8217;s vorbei, um Spa\u00df beim Basteln zu haben oder sich ein sch\u00f6nes Glitzertattoo stechen zu lassen!W\u00e4hlen Sie zum Beispiel ein sch\u00f6nes Einhorn oder einen coolen Dinosaurier, eine sch\u00f6ne Blume oder eine furchterregende Schlange! Je nach Anzahl der Kinder werden die Bastelarbeiten und Glitzertattoos um Gesichtsbemalung, Haarschmuck und lustige Folienballons erweitert. Wenn Donnerstag [&hellip;]<\/p>\n","protected":false},"author":27,"featured_media":0,"parent":0,"menu_order":0,"comment_status":"closed","ping_status":"closed","template":"","meta":{"footnotes":""},"class_list":["post-24860","page","type-page","status-publish","hentry"],"_links":{"self":[{"href":"https:\/\/puurexloo.nl\/de\/wp-json\/wp\/v2\/pages\/24860","targetHints":{"allow":["GET"]}}],"collection":[{"href":"https:\/\/puurexloo.nl\/de\/wp-json\/wp\/v2\/pages"}],"about":[{"href":"https:\/\/puurexloo.nl\/de\/wp-json\/wp\/v2\/types\/page"}],"author":[{"embeddable":true,"href":"https:\/\/puurexloo.nl\/de\/wp-json\/wp\/v2\/users\/27"}],"replies":[{"embeddable":true,"href":"https:\/\/puurexloo.nl\/de\/wp-json\/wp\/v2\/comments?post=24860"}],"version-history":[{"count":6,"href":"https:\/\/puurexloo.nl\/de\/wp-json\/wp\/v2\/pages\/24860\/revisions"}],"predecessor-version":[{"id":30815,"href":"https:\/\/puurexloo.nl\/de\/wp-json\/wp\/v2\/pages\/24860\/revisions\/30815"}],"wp:attachment":[{"href":"https:\/\/puurexloo.nl\/de\/wp-json\/wp\/v2\/media?parent=24860"}],"curies":[{"name":"wp","href":"https:\/\/api.w.org\/{rel}","templated":true}]}}