{"id":24892,"date":"2024-06-11T13:14:20","date_gmt":"2024-06-11T11:14:20","guid":{"rendered":"https:\/\/puurexloo.nl\/?page_id=24892"},"modified":"2024-11-06T16:09:10","modified_gmt":"2024-11-06T15:09:10","slug":"fussballklinik","status":"publish","type":"page","link":"https:\/\/puurexloo.nl\/de\/fussballklinik\/","title":{"rendered":"Fu\u00dfball-Klinik"},"content":{"rendered":"\t\t<div data-elementor-type=\"wp-page\" data-elementor-id=\"24892\" class=\"elementor elementor-24892 elementor-13967\" data-elementor-post-type=\"page\">\n\t\t\t\t\t\t<section class=\"elementor-section elementor-top-section elementor-element elementor-element-142e2ab elementor-section-boxed elementor-section-height-default elementor-section-height-default\" data-id=\"142e2ab\" data-element_type=\"section\">\n\t\t\t\t\t\t<div class=\"elementor-container elementor-column-gap-default\">\n\t\t\t\t\t<div class=\"elementor-column elementor-col-100 elementor-top-column elementor-element elementor-element-fd12654\" data-id=\"fd12654\" data-element_type=\"column\">\n\t\t\t<div class=\"elementor-widget-wrap elementor-element-populated\">\n\t\t\t\t\t\t<section class=\"elementor-section elementor-inner-section elementor-element elementor-element-2d51b98 elementor-section-boxed elementor-section-height-default elementor-section-height-default\" data-id=\"2d51b98\" data-element_type=\"section\">\n\t\t\t\t\t\t<div class=\"elementor-container elementor-column-gap-default\">\n\t\t\t\t\t<div class=\"elementor-column elementor-col-50 elementor-inner-column elementor-element elementor-element-566ab6d\" data-id=\"566ab6d\" data-element_type=\"column\">\n\t\t\t<div class=\"elementor-widget-wrap elementor-element-populated\">\n\t\t\t\t\t\t<div class=\"elementor-element elementor-element-a3d3ab5 elementor-widget elementor-widget-image\" data-id=\"a3d3ab5\" data-element_type=\"widget\" data-widget_type=\"image.default\">\n\t\t\t\t<div class=\"elementor-widget-container\">\n\t\t\t\t\t\t\t\t\t\t\t\t\t\t\t<img decoding=\"async\" width=\"128\" height=\"96\" src=\"https:\/\/puurexloo.nl\/wp-content\/uploads\/2024\/08\/image00002.jpeg\" class=\"attachment-thumbnail size-thumbnail wp-image-27942\" alt=\"\" srcset=\"https:\/\/puurexloo.nl\/wp-content\/uploads\/2024\/08\/image00002.jpeg 1600w, https:\/\/puurexloo.nl\/wp-content\/uploads\/2024\/08\/image00002-768x576.jpeg 768w, https:\/\/puurexloo.nl\/wp-content\/uploads\/2024\/08\/image00002-1536x1152.jpeg 1536w, https:\/\/puurexloo.nl\/wp-content\/uploads\/2024\/08\/image00002-600x450.jpeg 600w\" sizes=\"(max-width: 128px) 100vw, 128px\" \/>\t\t\t\t\t\t\t\t\t\t\t\t\t\t\t<\/div>\n\t\t\t\t<\/div>\n\t\t\t\t\t<\/div>\n\t\t<\/div>\n\t\t\t\t<div class=\"elementor-column elementor-col-50 elementor-inner-column elementor-element elementor-element-2197201\" data-id=\"2197201\" data-element_type=\"column\">\n\t\t\t<div class=\"elementor-widget-wrap elementor-element-populated\">\n\t\t\t\t\t\t<div class=\"elementor-element elementor-element-c0201a5 elementor-widget elementor-widget-image\" data-id=\"c0201a5\" data-element_type=\"widget\" data-widget_type=\"image.default\">\n\t\t\t\t<div class=\"elementor-widget-container\">\n\t\t\t\t\t\t\t\t\t\t\t\t\t\t\t<img decoding=\"async\" width=\"128\" height=\"96\" src=\"https:\/\/puurexloo.nl\/wp-content\/uploads\/2024\/08\/image00014.jpeg\" class=\"attachment-thumbnail size-thumbnail wp-image-27939\" alt=\"\" srcset=\"https:\/\/puurexloo.nl\/wp-content\/uploads\/2024\/08\/image00014.jpeg 1600w, https:\/\/puurexloo.nl\/wp-content\/uploads\/2024\/08\/image00014-768x576.jpeg 768w, https:\/\/puurexloo.nl\/wp-content\/uploads\/2024\/08\/image00014-1536x1152.jpeg 1536w, https:\/\/puurexloo.nl\/wp-content\/uploads\/2024\/08\/image00014-600x450.jpeg 600w\" sizes=\"(max-width: 128px) 100vw, 128px\" \/>\t\t\t\t\t\t\t\t\t\t\t\t\t\t\t<\/div>\n\t\t\t\t<\/div>\n\t\t\t\t\t<\/div>\n\t\t<\/div>\n\t\t\t\t\t<\/div>\n\t\t<\/section>\n\t\t\t\t<div class=\"elementor-element elementor-element-796defd elementor-widget elementor-widget-text-editor\" data-id=\"796defd\" data-element_type=\"widget\" data-widget_type=\"text-editor.default\">\n\t\t\t\t<div class=\"elementor-widget-container\">\n\t\t\t\t\t\t\t\t\t<p style=\"text-align: left;\">Es geht nicht nur um Fu\u00dfball, sondern darum, gemeinsam Spa\u00df zu haben und dabei etwas zu lernen. Und das alles auf eine sehr zug\u00e4ngliche Weise. Sport und Bewegung bringen Menschen auf eine gesunde Art und Weise zusammen. Daf\u00fcr steht Footballskills Drenthe (FSD) im Allgemeinen und in der Vielfalt der Aktivit\u00e4ten, die es f\u00fcr Jung und Alt organisiert.     <\/p>\n<h6 style=\"text-align: left;\"><strong>Wo<\/strong><\/h6>\n<p style=\"text-align: left;\">Auf dem Tennisplatz.<\/p>\n\t\t\t\t\t\t\t\t<\/div>\n\t\t\t\t<\/div>\n\t\t\t\t<div class=\"elementor-element elementor-element-4785791 elementor-widget elementor-widget-text-editor\" data-id=\"4785791\" data-element_type=\"widget\" data-widget_type=\"text-editor.default\">\n\t\t\t\t<div class=\"elementor-widget-container\">\n\t\t\t\t\t\t\t\t\t<p style=\"text-align: left;\"><strong style=\"font-size: 1rem; font-family: 'Open Sans', sans-serif;\">Wenn<\/strong><\/p>\n<ul>\n<li>Sonntag 20 Oktober<\/li>\n<li>Mittwoch, 23. Oktober<\/li>\n<li>Samstag, 26. Oktober<\/li>\n<li>Mittwoch, 30. Oktober<\/li>\n<\/ul>\n\t\t\t\t\t\t\t\t<\/div>\n\t\t\t\t<\/div>\n\t\t\t\t<div class=\"elementor-element elementor-element-d1e67e2 elementor-widget elementor-widget-text-editor\" data-id=\"d1e67e2\" data-element_type=\"widget\" data-widget_type=\"text-editor.default\">\n\t\t\t\t<div class=\"elementor-widget-container\">\n\t\t\t\t\t\t\t\t\t<p style=\"text-align: left;\"><strong style=\"font-size: 1rem; font-family: 'Open Sans', sans-serif;\">Zeit<\/strong><\/p>\n<p>Sonntag 20 Oktober 14:00h bis 15:30h<\/p>\n<p style=\"text-align: left;\">An anderen Tagen zwischen 10:00 Uhr und 11:30 Uhr f\u00fcr 6 bis 16-J\u00e4hrige.<\/p>\n<h6 style=\"text-align: left;\"><strong>Registrieren Sie sich<\/strong><\/h6>\n<p style=\"text-align: left;\">Verwenden Sie das untenstehende Anmeldeformular.<\/p>\n<p style=\"text-align: left;\"><em><strong><br \/>Bitte melden Sie sich sp\u00e4testens 1 Tag im Voraus bis 18 Uhr an.<\/strong><\/em><\/p>\n\t\t\t\t\t\t\t\t<\/div>\n\t\t\t\t<\/div>\n\t\t\t\t<div class=\"elementor-element elementor-element-d802505 elementor-button-align-stretch elementor-widget elementor-widget-form\" data-id=\"d802505\" data-element_type=\"widget\" data-settings=\"{&quot;step_next_label&quot;:&quot;N\\u00e4chste&quot;,&quot;step_previous_label&quot;:&quot;Vorherige&quot;,&quot;button_width&quot;:&quot;100&quot;,&quot;step_type&quot;:&quot;number_text&quot;,&quot;step_icon_shape&quot;:&quot;circle&quot;}\" data-widget_type=\"form.default\">\n\t\t\t\t<div class=\"elementor-widget-container\">\n\t\t\t\t\t\t\t<form class=\"elementor-form\" method=\"post\" name=\"Anmeldeformular Football Clinic\" aria-label=\"Anmeldeformular Football Clinic\">\n\t\t\t<input type=\"hidden\" name=\"post_id\" value=\"24892\"\/>\n\t\t\t<input type=\"hidden\" name=\"form_id\" value=\"d802505\"\/>\n\t\t\t<input type=\"hidden\" name=\"referer_title\" value=\"\" \/>\n\n\t\t\t\n\t\t\t<div class=\"elementor-form-fields-wrapper elementor-labels-above\">\n\t\t\t\t\t\t\t\t<div class=\"elementor-field-type-text elementor-field-group elementor-column elementor-field-group-name elementor-col-100 elementor-field-required elementor-mark-required\">\n\t\t\t\t\t\t\t\t\t\t\t\t<label for=\"form-field-name\" class=\"elementor-field-label\">\n\t\t\t\t\t\t\t\tName\t\t\t\t\t\t\t<\/label>\n\t\t\t\t\t\t\t\t\t\t\t\t\t\t<input size=\"1\" type=\"text\" name=\"form_fields[name]\" id=\"form-field-name\" class=\"elementor-field elementor-size-xs  elementor-field-textual\" placeholder=\"Name\" required=\"required\">\n\t\t\t\t\t\t\t\t\t\t\t<\/div>\n\t\t\t\t\t\t\t\t<div class=\"elementor-field-type-text elementor-field-group elementor-column elementor-field-group-field_c95df68 elementor-col-100 elementor-field-required elementor-mark-required\">\n\t\t\t\t\t\t\t\t\t\t\t\t<label for=\"form-field-field_c95df68\" class=\"elementor-field-label\">\n\t\t\t\t\t\t\t\tAlter\t\t\t\t\t\t\t<\/label>\n\t\t\t\t\t\t\t\t\t\t\t\t\t\t<input size=\"1\" type=\"text\" name=\"form_fields[field_c95df68]\" id=\"form-field-field_c95df68\" class=\"elementor-field elementor-size-xs  elementor-field-textual\" placeholder=\"Alter\" required=\"required\">\n\t\t\t\t\t\t\t\t\t\t\t<\/div>\n\t\t\t\t\t\t\t\t<div class=\"elementor-field-type-number elementor-field-group elementor-column elementor-field-group-field_ee13f91 elementor-col-100 elementor-field-required elementor-mark-required\">\n\t\t\t\t\t\t\t\t\t\t\t\t<label for=\"form-field-field_ee13f91\" class=\"elementor-field-label\">\n\t\t\t\t\t\t\t\tVillanummer\t\t\t\t\t\t\t<\/label>\n\t\t\t\t\t\t\t\t\t<input type=\"number\" name=\"form_fields[field_ee13f91]\" id=\"form-field-field_ee13f91\" class=\"elementor-field elementor-size-xs  elementor-field-textual\" placeholder=\"Villanummer\" required=\"required\" min=\"\" max=\"\" >\n\t\t\t\t\t\t<\/div>\n\t\t\t\t\t\t\t\t<div class=\"elementor-field-type-tel elementor-field-group elementor-column elementor-field-group-field_3273678 elementor-col-100 elementor-field-required elementor-mark-required\">\n\t\t\t\t\t\t\t\t\t\t\t\t<label for=\"form-field-field_3273678\" class=\"elementor-field-label\">\n\t\t\t\t\t\t\t\tRufnummer\t\t\t\t\t\t\t<\/label>\n\t\t\t\t\t\t\t\t<input size=\"1\" type=\"tel\" name=\"form_fields[field_3273678]\" id=\"form-field-field_3273678\" class=\"elementor-field elementor-size-xs  elementor-field-textual\" placeholder=\"Rufnummer\" required=\"required\" pattern=\"[0-9()#&amp;+*-=.]+\" title=\"Nur Nummern oder Telefon-Zeichen (#, -, *, etc) werden akzeptiert.\">\n\n\t\t\t\t\t\t<\/div>\n\t\t\t\t\t\t\t\t<div class=\"elementor-field-type-email elementor-field-group elementor-column elementor-field-group-email elementor-col-100 elementor-field-required elementor-mark-required\">\n\t\t\t\t\t\t\t\t\t\t\t\t<label for=\"form-field-email\" class=\"elementor-field-label\">\n\t\t\t\t\t\t\t\tE-Mail\t\t\t\t\t\t\t<\/label>\n\t\t\t\t\t\t\t\t\t\t\t\t\t\t<input size=\"1\" type=\"email\" name=\"form_fields[email]\" id=\"form-field-email\" class=\"elementor-field elementor-size-xs  elementor-field-textual\" placeholder=\"E-Mail\" required=\"required\">\n\t\t\t\t\t\t\t\t\t\t\t<\/div>\n\t\t\t\t\t\t\t\t<div class=\"elementor-field-type-text elementor-field-group elementor-column elementor-field-group-field_95c4cbf elementor-col-100 elementor-field-required elementor-mark-required\">\n\t\t\t\t\t\t\t\t\t\t\t\t<label for=\"form-field-field_95c4cbf\" class=\"elementor-field-label\">\n\t\t\t\t\t\t\t\tDatum\t\t\t\t\t\t\t<\/label>\n\t\t\t\t\t\t\t\t\t\t\t\t\t\t<input size=\"1\" type=\"text\" name=\"form_fields[field_95c4cbf]\" id=\"form-field-field_95c4cbf\" class=\"elementor-field elementor-size-xs  elementor-field-textual\" placeholder=\"Datum\" required=\"required\">\n\t\t\t\t\t\t\t\t\t\t\t<\/div>\n\t\t\t\t\t\t\t\t<div class=\"elementor-field-group elementor-column elementor-field-type-submit elementor-col-100 e-form__buttons\">\n\t\t\t\t\t<button class=\"elementor-button elementor-size-sm\" type=\"submit\">\n\t\t\t\t\t\t<span class=\"elementor-button-content-wrapper\">\n\t\t\t\t\t\t\t\t\t\t\t\t\t\t\t\t\t\t\t\t\t\t<span class=\"elementor-button-text\">Registrieren Sie sich<\/span>\n\t\t\t\t\t\t\t\t\t\t\t\t\t<\/span>\n\t\t\t\t\t<\/button>\n\t\t\t\t<\/div>\n\t\t\t<\/div>\n\t\t<\/form>\n\t\t\t\t\t\t<\/div>\n\t\t\t\t<\/div>\n\t\t\t\t<div class=\"elementor-element elementor-element-917584b elementor-widget-divider--view-line elementor-widget elementor-widget-divider\" data-id=\"917584b\" data-element_type=\"widget\" data-widget_type=\"divider.default\">\n\t\t\t\t<div class=\"elementor-widget-container\">\n\t\t\t\t\t\t\t<div class=\"elementor-divider\">\n\t\t\t<span class=\"elementor-divider-separator\">\n\t\t\t\t\t\t<\/span>\n\t\t<\/div>\n\t\t\t\t\t\t<\/div>\n\t\t\t\t<\/div>\n\t\t\t\t<div class=\"elementor-element elementor-element-2035d4d elementor-widget elementor-widget-text-editor\" data-id=\"2035d4d\" data-element_type=\"widget\" data-widget_type=\"text-editor.default\">\n\t\t\t\t<div class=\"elementor-widget-container\">\n\t\t\t\t\t\t\t\t\t<h2 style=\"text-align: center;\">\u00dcber FSD<\/h2>\n\t\t\t\t\t\t\t\t<\/div>\n\t\t\t\t<\/div>\n\t\t\t\t<div class=\"elementor-element elementor-element-e9f6a70 elementor-align-center elementor-widget elementor-widget-button\" data-id=\"e9f6a70\" data-element_type=\"widget\" data-widget_type=\"button.default\">\n\t\t\t\t<div class=\"elementor-widget-container\">\n\t\t\t\t\t\t\t\t\t<div class=\"elementor-button-wrapper\">\n\t\t\t\t\t<a class=\"elementor-button elementor-button-link elementor-size-sm\" href=\"https:\/\/footballskillsdrenthe.nl\/\">\n\t\t\t\t\t\t<span class=\"elementor-button-content-wrapper\">\n\t\t\t\t\t\t\t\t\t<span class=\"elementor-button-text\">F\u00fcr weitere Informationen \u00fcber FSD klicken Sie hier<\/span>\n\t\t\t\t\t<\/span>\n\t\t\t\t\t<\/a>\n\t\t\t\t<\/div>\n\t\t\t\t\t\t\t\t<\/div>\n\t\t\t\t<\/div>\n\t\t\t\t\t<\/div>\n\t\t<\/div>\n\t\t\t\t\t<\/div>\n\t\t<\/section>\n\t\t\t\t<\/div>\n\t\t","protected":false},"excerpt":{"rendered":"<p>Es geht nicht nur um Fu\u00dfball, sondern darum, gemeinsam Spa\u00df zu haben und dabei etwas zu lernen. Und das alles auf eine sehr zug\u00e4ngliche Weise. Sport und Bewegung bringen Menschen auf eine gesunde Art und Weise zusammen. Daf\u00fcr steht Footballskills Drenthe (FSD) im Allgemeinen und in der Vielfalt der Aktivit\u00e4ten, die es f\u00fcr Jung und [&hellip;]<\/p>\n","protected":false},"author":27,"featured_media":0,"parent":0,"menu_order":0,"comment_status":"closed","ping_status":"closed","template":"","meta":{"footnotes":""},"class_list":["post-24892","page","type-page","status-publish","hentry"],"_links":{"self":[{"href":"https:\/\/puurexloo.nl\/de\/wp-json\/wp\/v2\/pages\/24892","targetHints":{"allow":["GET"]}}],"collection":[{"href":"https:\/\/puurexloo.nl\/de\/wp-json\/wp\/v2\/pages"}],"about":[{"href":"https:\/\/puurexloo.nl\/de\/wp-json\/wp\/v2\/types\/page"}],"author":[{"embeddable":true,"href":"https:\/\/puurexloo.nl\/de\/wp-json\/wp\/v2\/users\/27"}],"replies":[{"embeddable":true,"href":"https:\/\/puurexloo.nl\/de\/wp-json\/wp\/v2\/comments?post=24892"}],"version-history":[{"count":10,"href":"https:\/\/puurexloo.nl\/de\/wp-json\/wp\/v2\/pages\/24892\/revisions"}],"predecessor-version":[{"id":30813,"href":"https:\/\/puurexloo.nl\/de\/wp-json\/wp\/v2\/pages\/24892\/revisions\/30813"}],"wp:attachment":[{"href":"https:\/\/puurexloo.nl\/de\/wp-json\/wp\/v2\/media?parent=24892"}],"curies":[{"name":"wp","href":"https:\/\/api.w.org\/{rel}","templated":true}]}}