{"id":24908,"date":"2024-06-11T13:33:12","date_gmt":"2024-06-11T11:33:12","guid":{"rendered":"https:\/\/puurexloo.nl\/?page_id=24908"},"modified":"2026-04-21T11:58:46","modified_gmt":"2026-04-21T09:58:46","slug":"familie-resort-puur-exloo-pure-streekproducten-fietsroute-de-hondsrug","status":"publish","type":"page","link":"https:\/\/puurexloo.nl\/de\/familie-resort-puur-exloo-pure-streekproducten-fietsroute-de-hondsrug\/","title":{"rendered":"Familienurlaubsort PUUR Exloo Reine Regionalprodukte Fahrradroute De Hondsrug"},"content":{"rendered":"\t\t<div data-elementor-type=\"wp-page\" data-elementor-id=\"24908\" class=\"elementor elementor-24908 elementor-24006\" data-elementor-post-type=\"page\">\n\t\t\t\t\t\t<section class=\"elementor-section elementor-top-section elementor-element elementor-element-b575720 elementor-section-boxed elementor-section-height-default elementor-section-height-default\" data-id=\"b575720\" data-element_type=\"section\">\n\t\t\t\t\t\t<div class=\"elementor-container elementor-column-gap-default\">\n\t\t\t\t\t<div class=\"elementor-column elementor-col-100 elementor-top-column elementor-element elementor-element-bacefd0\" data-id=\"bacefd0\" data-element_type=\"column\">\n\t\t\t<div class=\"elementor-widget-wrap elementor-element-populated\">\n\t\t\t\t\t\t<div class=\"elementor-element elementor-element-5827a56 elementor-widget elementor-widget-text-editor\" data-id=\"5827a56\" data-element_type=\"widget\" data-widget_type=\"text-editor.default\">\n\t\t\t\t<div class=\"elementor-widget-container\">\n\t\t\t\t\t\t\t\t\t<p>Die Fahrradroute Puur Exloo Reine Regionalprodukte De Hondsrug wird Ihre Geschmacksnerven verf\u00fchren. Die Fahrradroute f\u00fchrt Sie vorbei an ehrlichen und k\u00f6stlichen lokalen Erzeugern in Drenthe. Dort k\u00f6nnen Sie die leckersten regionalen Produkte aus dem Hondsrug kaufen und genie\u00dfen. Ein wahrhaft reiner Genuss.   <\/p><p>Die Fahrradroute Reine Regionalprodukte befindet sich auf der Fahrradknotenpunktkarte des Hondsrug in Drenthe. Die Radknotenpunktkarte zeigt zehn Produzenten von k\u00f6stlichen Drenther K\u00f6stlichkeiten. Starten Sie vom Family Resort Puur Exloo.  <\/p><p>Einfach kostenlos registrieren und kostenlos herunterladen!<\/p>\t\t\t\t\t\t\t\t<\/div>\n\t\t\t\t<\/div>\n\t\t\t\t\t<\/div>\n\t\t<\/div>\n\t\t\t\t\t<\/div>\n\t\t<\/section>\n\t\t\t\t<section class=\"elementor-section elementor-top-section elementor-element elementor-element-41c533d elementor-section-boxed elementor-section-height-default elementor-section-height-default\" data-id=\"41c533d\" data-element_type=\"section\">\n\t\t\t\t\t\t<div class=\"elementor-container elementor-column-gap-default\">\n\t\t\t\t\t<div class=\"elementor-column elementor-col-100 elementor-top-column elementor-element elementor-element-58d899d\" data-id=\"58d899d\" data-element_type=\"column\">\n\t\t\t<div class=\"elementor-widget-wrap elementor-element-populated\">\n\t\t\t\t\t\t<div class=\"elementor-element elementor-element-325ae16 elementor-align-center elementor-widget elementor-widget-button\" data-id=\"325ae16\" data-element_type=\"widget\" data-widget_type=\"button.default\">\n\t\t\t\t<div class=\"elementor-widget-container\">\n\t\t\t\t\t\t\t\t\t<div class=\"elementor-button-wrapper\">\n\t\t\t\t\t<a class=\"elementor-button elementor-button-link elementor-size-md\" href=\"https:\/\/store.avenza.com\/products\/familie-resort-puur-exloo-pure-streekproducten-fietsroute-de-hondsrug_geo-de-vries-kartografie-bv-map?queryID=cb64461f0be223c21057f4a804be2a03&#038;objectID=43400332181660\" target=\"_blank\">\n\t\t\t\t\t\t<span class=\"elementor-button-content-wrapper\">\n\t\t\t\t\t\t\t\t\t<span class=\"elementor-button-text\">Klicken Sie hier, um die Fahrradroute herunterzuladen<\/span>\n\t\t\t\t\t<\/span>\n\t\t\t\t\t<\/a>\n\t\t\t\t<\/div>\n\t\t\t\t\t\t\t\t<\/div>\n\t\t\t\t<\/div>\n\t\t\t\t\t<\/div>\n\t\t<\/div>\n\t\t\t\t\t<\/div>\n\t\t<\/section>\n\t\t\t\t<\/div>\n\t\t","protected":false},"excerpt":{"rendered":"<p>Die Fahrradroute Puur Exloo Reine Regionalprodukte De Hondsrug wird Ihre Geschmacksnerven verf\u00fchren. Die Fahrradroute f\u00fchrt Sie vorbei an ehrlichen und k\u00f6stlichen lokalen Erzeugern in Drenthe. Dort k\u00f6nnen Sie die leckersten regionalen Produkte aus dem Hondsrug kaufen und genie\u00dfen. Ein wahrhaft reiner Genuss. Die Fahrradroute Reine Regionalprodukte befindet sich auf der Fahrradknotenpunktkarte des Hondsrug in Drenthe. [&hellip;]<\/p>\n","protected":false},"author":27,"featured_media":0,"parent":0,"menu_order":0,"comment_status":"closed","ping_status":"closed","template":"","meta":{"footnotes":""},"class_list":["post-24908","page","type-page","status-publish","hentry"],"_links":{"self":[{"href":"https:\/\/puurexloo.nl\/de\/wp-json\/wp\/v2\/pages\/24908","targetHints":{"allow":["GET"]}}],"collection":[{"href":"https:\/\/puurexloo.nl\/de\/wp-json\/wp\/v2\/pages"}],"about":[{"href":"https:\/\/puurexloo.nl\/de\/wp-json\/wp\/v2\/types\/page"}],"author":[{"embeddable":true,"href":"https:\/\/puurexloo.nl\/de\/wp-json\/wp\/v2\/users\/27"}],"replies":[{"embeddable":true,"href":"https:\/\/puurexloo.nl\/de\/wp-json\/wp\/v2\/comments?post=24908"}],"version-history":[{"count":8,"href":"https:\/\/puurexloo.nl\/de\/wp-json\/wp\/v2\/pages\/24908\/revisions"}],"predecessor-version":[{"id":42605,"href":"https:\/\/puurexloo.nl\/de\/wp-json\/wp\/v2\/pages\/24908\/revisions\/42605"}],"wp:attachment":[{"href":"https:\/\/puurexloo.nl\/de\/wp-json\/wp\/v2\/media?parent=24908"}],"curies":[{"name":"wp","href":"https:\/\/api.w.org\/{rel}","templated":true}]}}