{"id":27117,"date":"2024-07-29T11:01:15","date_gmt":"2024-07-29T09:01:15","guid":{"rendered":"https:\/\/puurexloo.nl\/?page_id=27117"},"modified":"2024-07-29T11:29:31","modified_gmt":"2024-07-29T09:29:31","slug":"eko-tours","status":"publish","type":"page","link":"https:\/\/puurexloo.nl\/de\/puur-exloo-erleben\/eko-tours\/","title":{"rendered":"Eko-Tours"},"content":{"rendered":"\t\t<div data-elementor-type=\"wp-page\" data-elementor-id=\"27117\" class=\"elementor elementor-27117 elementor-20254\" data-elementor-post-type=\"page\">\n\t\t\t\t\t\t<section class=\"elementor-section elementor-top-section elementor-element elementor-element-0808d7e elementor-section-boxed elementor-section-height-default elementor-section-height-default\" data-id=\"0808d7e\" data-element_type=\"section\">\n\t\t\t\t\t\t<div class=\"elementor-container elementor-column-gap-default\">\n\t\t\t\t\t<div class=\"elementor-column elementor-col-100 elementor-top-column elementor-element elementor-element-d73207b\" data-id=\"d73207b\" data-element_type=\"column\">\n\t\t\t<div class=\"elementor-widget-wrap elementor-element-populated\">\n\t\t\t\t\t\t<section class=\"elementor-section elementor-inner-section elementor-element elementor-element-5d7bf03 elementor-section-boxed elementor-section-height-default elementor-section-height-default\" data-id=\"5d7bf03\" data-element_type=\"section\">\n\t\t\t\t\t\t<div class=\"elementor-container elementor-column-gap-default\">\n\t\t\t\t\t<div class=\"elementor-column elementor-col-66 elementor-inner-column elementor-element elementor-element-b95e25a\" data-id=\"b95e25a\" data-element_type=\"column\">\n\t\t\t<div class=\"elementor-widget-wrap elementor-element-populated\">\n\t\t\t\t\t\t<div class=\"elementor-element elementor-element-4bcbdc4 elementor-widget__width-initial elementor-widget elementor-widget-text-editor\" data-id=\"4bcbdc4\" data-element_type=\"widget\" data-widget_type=\"text-editor.default\">\n\t\t\t\t<div class=\"elementor-widget-container\">\n\t\t\t\t\t\t\t\t\t<h1 style=\"text-align: center;\"><span style=\"font-size: 20px;\"><span class=\"jCAhz ChMk0b\"><span class=\"ryNqvb\">Bester Ausflug in Drenthe <br \/><\/span><\/span><span class=\"jCAhz\"><span class=\"ryNqvb\">ANWB 2024<\/span><\/span><\/span><\/h1><p><span class=\"jCAhz ChMk0b\"><span class=\"ryNqvb\">Machen Sie den sch\u00f6nsten Ausflug in Drenthe?<\/span><\/span> <span class=\"jCAhz ChMk0b\"><span class=\"ryNqvb\">Im Jahr 2023 gewann Eko-Tours den silbernen Preis des ANWB und im Jahr 2024 den goldenen Publikumspreis f\u00fcr den besten Ausflug in Drenthe.<\/span><\/span><\/p><p><span class=\"jCAhz\"><span class=\"ryNqvb\">Das sollten Sie sich nicht entgehen lassen.<\/span><\/span> <span class=\"jCAhz ChMk0b\"><span class=\"ryNqvb\">Erleben Sie mit Eko-Tours ein besonderes \u201egr\u00fcnes\u201c Abenteuer und gehen Sie mit Familie, Freunden oder Kollegen auf Entdeckungsreise durch die Natur.<\/span><\/span> <span class=\"jCAhz ChMk0b\"><span class=\"ryNqvb\">Fahren Sie mit einem 100 % elektrischen Gel\u00e4ndewagen oder einem anderen speziellen Elektrofahrzeug durch die wundersch\u00f6ne Landschaft von Drenthe.<\/span><\/span><\/p><p><span class=\"jCAhz ChMk0b\"><span class=\"ryNqvb\">Von Exloo aus, dem Herzen des UNESCO Global Geopark De Hondsrug, bietet Eko-Tours besondere Erlebnisse f\u00fcr Jung und Alt.<\/span><\/span> <span class=\"jCAhz ChMk0b\"><span class=\"ryNqvb\">Die wundersch\u00f6ne Natur, historische Sehensw\u00fcrdigkeiten und wundersch\u00f6ne Orte garantieren ein besonderes Erlebnis.<\/span><\/span> <span class=\"jCAhz ChMk0b\"><span class=\"ryNqvb\">Begleiten Sie uns auf eine abenteuerliche Reise mit einem unserer 100 % elektrischen Fahrzeuge.<\/span><\/span><\/p><p><span class=\"jCAhz ChMk0b\"><span class=\"ryNqvb\">Fahren Sie selbst in einem Eko-Explorer unter Anleitung eines fachkundigen F\u00fchrers.<\/span><\/span> <span class=\"jCAhz ChMk0b\"><span class=\"ryNqvb\">Mit diesem elektrischen Gel\u00e4ndewagen erm\u00f6glicht uns Staatsbosbeheer, ausschlie\u00dflich in den W\u00e4ldern zu fahren.<\/span><\/span> <span class=\"jCAhz ChMk0b\"><span class=\"ryNqvb\">Der Reisef\u00fchrer f\u00fchrt Sie zu Orten, die Sie sonst nicht betreten d\u00fcrfen, und erz\u00e4hlt ausf\u00fchrlich \u00fcber die Natur, Geschichte und Kultur von Drenthe.<\/span><\/span><\/p><div class=\"lRu31\" dir=\"ltr\"><span class=\"HwtZe\" lang=\"de\"><span class=\"jCAhz\"><span class=\"ryNqvb\">Sie k\u00f6nnen aber auch gemeinsam mit speziellen Zweir\u00e4dern, wie dem Eko-Chopper, dem Eko-Bike oder dem Eko-Cruiser, auf unseren sch\u00f6nen Radwegen touren.<\/span><\/span> <span class=\"jCAhz ChMk0b\"><span class=\"ryNqvb\">Gemeinsam mit Ihren Freunden, Ihrer Familie oder Ihren Kollegen k\u00f6nnen Sie auf Ihrem Smartphone auf wundersch\u00f6n kartierten Routen entlang der sch\u00f6nsten Orte im Hondsrug fahren.<\/span><\/span> <span class=\"jCAhz ChMk0b\"><span class=\"ryNqvb\">Oder erkunden Sie den Hunebed Highway im neuesten Eko-Carver.<\/span><\/span> <span class=\"jCAhz\"><span class=\"ryNqvb\">ein einzigartiges Erlebnis in diesem 100 % Elektroauto f\u00fcr 2 Personen.<\/span><\/span><\/span><\/div>\t\t\t\t\t\t\t\t<\/div>\n\t\t\t\t<\/div>\n\t\t\t\t\t<\/div>\n\t\t<\/div>\n\t\t\t\t<div class=\"elementor-column elementor-col-33 elementor-inner-column elementor-element elementor-element-383be20\" data-id=\"383be20\" data-element_type=\"column\">\n\t\t\t<div class=\"elementor-widget-wrap elementor-element-populated\">\n\t\t\t\t\t\t<div class=\"elementor-element elementor-element-79d72ba elementor-widget__width-initial elementor-widget elementor-widget-image\" data-id=\"79d72ba\" data-element_type=\"widget\" data-widget_type=\"image.default\">\n\t\t\t\t<div class=\"elementor-widget-container\">\n\t\t\t\t\t\t\t\t\t\t\t\t\t\t\t<img fetchpriority=\"high\" decoding=\"async\" width=\"1172\" height=\"1184\" src=\"https:\/\/puurexloo.nl\/wp-content\/uploads\/2024\/04\/logo-ANWB-2024-goud-rond-medium-res.png\" class=\"attachment-large size-large wp-image-21777\" alt=\"\" srcset=\"https:\/\/puurexloo.nl\/wp-content\/uploads\/2024\/04\/logo-ANWB-2024-goud-rond-medium-res.png 1172w, https:\/\/puurexloo.nl\/wp-content\/uploads\/2024\/04\/logo-ANWB-2024-goud-rond-medium-res-768x776.png 768w, https:\/\/puurexloo.nl\/wp-content\/uploads\/2024\/04\/logo-ANWB-2024-goud-rond-medium-res-600x606.png 600w, https:\/\/puurexloo.nl\/wp-content\/uploads\/2024\/04\/logo-ANWB-2024-goud-rond-medium-res-100x100.png 100w\" sizes=\"(max-width: 1172px) 100vw, 1172px\" \/>\t\t\t\t\t\t\t\t\t\t\t\t\t\t\t<\/div>\n\t\t\t\t<\/div>\n\t\t\t\t\t<\/div>\n\t\t<\/div>\n\t\t\t\t\t<\/div>\n\t\t<\/section>\n\t\t\t\t\t<\/div>\n\t\t<\/div>\n\t\t\t\t\t<\/div>\n\t\t<\/section>\n\t\t\t\t<section class=\"elementor-section elementor-top-section elementor-element elementor-element-762bcb6 elementor-section-boxed elementor-section-height-default elementor-section-height-default\" data-id=\"762bcb6\" data-element_type=\"section\">\n\t\t\t\t\t\t<div class=\"elementor-container elementor-column-gap-default\">\n\t\t\t\t\t<div class=\"elementor-column elementor-col-33 elementor-top-column elementor-element elementor-element-a849169\" data-id=\"a849169\" data-element_type=\"column\">\n\t\t\t<div class=\"elementor-widget-wrap elementor-element-populated\">\n\t\t\t\t\t\t<div class=\"elementor-element elementor-element-2740a9f elementor-cta--skin-cover elementor-animated-content elementor-bg-transform elementor-bg-transform-zoom-in elementor-widget elementor-widget-call-to-action\" data-id=\"2740a9f\" data-element_type=\"widget\" data-widget_type=\"call-to-action.default\">\n\t\t\t\t<div class=\"elementor-widget-container\">\n\t\t\t\t\t\t\t<a class=\"elementor-cta\" href=\"https:\/\/puurexloo.nl\/de\/ausfluege\/\">\n\t\t\t\t\t<div class=\"elementor-cta__bg-wrapper\">\n\t\t\t\t<div class=\"elementor-cta__bg elementor-bg\" style=\"background-image: url(https:\/\/puurexloo.nl\/wp-content\/uploads\/2024\/04\/DSC01331-scaled.jpg);\" role=\"img\" aria-label=\"DSC01331\"><\/div>\n\t\t\t\t<div class=\"elementor-cta__bg-overlay\"><\/div>\n\t\t\t<\/div>\n\t\t\t\t\t\t\t<div class=\"elementor-cta__content\">\n\t\t\t\t\n\t\t\t\t\t\t\t\t\t<h2 class=\"elementor-cta__title elementor-cta__content-item elementor-content-item elementor-animated-item--grow\">\n\t\t\t\t\t\tAusfl\u00fcge\t\t\t\t\t<\/h2>\n\t\t\t\t\n\t\t\t\t\n\t\t\t\t\t\t\t<\/div>\n\t\t\t\t\t\t<\/a>\n\t\t\t\t\t\t<\/div>\n\t\t\t\t<\/div>\n\t\t\t\t\t<\/div>\n\t\t<\/div>\n\t\t\t\t<div class=\"elementor-column elementor-col-33 elementor-top-column elementor-element elementor-element-3d8c736\" data-id=\"3d8c736\" data-element_type=\"column\">\n\t\t\t<div class=\"elementor-widget-wrap elementor-element-populated\">\n\t\t\t\t\t\t<div class=\"elementor-element elementor-element-5070f69 elementor-cta--skin-cover elementor-animated-content elementor-bg-transform elementor-bg-transform-zoom-in elementor-widget elementor-widget-call-to-action\" data-id=\"5070f69\" data-element_type=\"widget\" data-widget_type=\"call-to-action.default\">\n\t\t\t\t<div class=\"elementor-widget-container\">\n\t\t\t\t\t\t\t<a class=\"elementor-cta\" href=\"https:\/\/puurexloo.nl\/de\/puur-exloo-erleben\/eko-tours\/touren-ausfluege\/\">\n\t\t\t\t\t<div class=\"elementor-cta__bg-wrapper\">\n\t\t\t\t<div class=\"elementor-cta__bg elementor-bg\" style=\"background-image: url(https:\/\/puurexloo.nl\/wp-content\/uploads\/2024\/04\/20210716_161111-scaled.jpg);\" role=\"img\" aria-label=\"20210716_161111\"><\/div>\n\t\t\t\t<div class=\"elementor-cta__bg-overlay\"><\/div>\n\t\t\t<\/div>\n\t\t\t\t\t\t\t<div class=\"elementor-cta__content\">\n\t\t\t\t\n\t\t\t\t\t\t\t\t\t<h2 class=\"elementor-cta__title elementor-cta__content-item elementor-content-item elementor-animated-item--grow\">\n\t\t\t\t\t\tTouren &amp; Ausfl\u00fcge\t\t\t\t\t<\/h2>\n\t\t\t\t\n\t\t\t\t\n\t\t\t\t\t\t\t<\/div>\n\t\t\t\t\t\t<\/a>\n\t\t\t\t\t\t<\/div>\n\t\t\t\t<\/div>\n\t\t\t\t\t<\/div>\n\t\t<\/div>\n\t\t\t\t<div class=\"elementor-column elementor-col-33 elementor-top-column elementor-element elementor-element-be8141a\" data-id=\"be8141a\" data-element_type=\"column\">\n\t\t\t<div class=\"elementor-widget-wrap elementor-element-populated\">\n\t\t\t\t\t\t<div class=\"elementor-element elementor-element-b57e62b elementor-cta--skin-cover elementor-animated-content elementor-bg-transform elementor-bg-transform-zoom-in elementor-widget elementor-widget-call-to-action\" data-id=\"b57e62b\" data-element_type=\"widget\" data-widget_type=\"call-to-action.default\">\n\t\t\t\t<div class=\"elementor-widget-container\">\n\t\t\t\t\t\t\t<a class=\"elementor-cta\" href=\"https:\/\/puurexloo.nl\/de\/puur-exloo-erleben\/eko-tours\/huenenbett-highway-touren\/\">\n\t\t\t\t\t<div class=\"elementor-cta__bg-wrapper\">\n\t\t\t\t<div class=\"elementor-cta__bg elementor-bg\" style=\"background-image: url(https:\/\/puurexloo.nl\/wp-content\/uploads\/2024\/04\/rocks-carver-samen-met-Hunebed-Highway-Logo.png);\" role=\"img\" aria-label=\"rocks carver samen met Hunebed Highway Logo\"><\/div>\n\t\t\t\t<div class=\"elementor-cta__bg-overlay\"><\/div>\n\t\t\t<\/div>\n\t\t\t\t\t\t\t<div class=\"elementor-cta__content\">\n\t\t\t\t\n\t\t\t\t\t\t\t\t\t<h2 class=\"elementor-cta__title elementor-cta__content-item elementor-content-item elementor-animated-item--grow\">\n\t\t\t\t\t\tH\u00fcnenbett Highway Touren\t\t\t\t\t<\/h2>\n\t\t\t\t\n\t\t\t\t\n\t\t\t\t\t\t\t<\/div>\n\t\t\t\t\t\t<\/a>\n\t\t\t\t\t\t<\/div>\n\t\t\t\t<\/div>\n\t\t\t\t\t<\/div>\n\t\t<\/div>\n\t\t\t\t\t<\/div>\n\t\t<\/section>\n\t\t\t\t<section class=\"elementor-section elementor-top-section elementor-element elementor-element-fa9fda1 elementor-section-boxed elementor-section-height-default elementor-section-height-default\" data-id=\"fa9fda1\" data-element_type=\"section\">\n\t\t\t\t\t\t<div class=\"elementor-container elementor-column-gap-default\">\n\t\t\t\t\t<div class=\"elementor-column elementor-col-100 elementor-top-column elementor-element elementor-element-4d1db3c\" data-id=\"4d1db3c\" data-element_type=\"column\">\n\t\t\t<div class=\"elementor-widget-wrap elementor-element-populated\">\n\t\t\t\t\t\t<div class=\"elementor-element elementor-element-8a0a799 elementor-widget elementor-widget-text-editor\" data-id=\"8a0a799\" data-element_type=\"widget\" data-widget_type=\"text-editor.default\">\n\t\t\t\t<div class=\"elementor-widget-container\">\n\t\t\t\t\t\t\t\t\t<p>\u00a0<\/p><p>\u00a0<\/p>\t\t\t\t\t\t\t\t<\/div>\n\t\t\t\t<\/div>\n\t\t\t\t\t<\/div>\n\t\t<\/div>\n\t\t\t\t\t<\/div>\n\t\t<\/section>\n\t\t\t\t<\/div>\n\t\t","protected":false},"excerpt":{"rendered":"<p>Bester Ausflug in Drenthe ANWB 2024 Machen Sie den sch\u00f6nsten Ausflug in Drenthe? Im Jahr 2023 gewann Eko-Tours den silbernen Preis des ANWB und im Jahr 2024 den goldenen Publikumspreis f\u00fcr den besten Ausflug in Drenthe. Das sollten Sie sich nicht entgehen lassen. Erleben Sie mit Eko-Tours ein besonderes \u201egr\u00fcnes\u201c Abenteuer und gehen Sie mit [&hellip;]<\/p>\n","protected":false},"author":27,"featured_media":0,"parent":22269,"menu_order":0,"comment_status":"closed","ping_status":"closed","template":"","meta":{"footnotes":""},"class_list":["post-27117","page","type-page","status-publish","hentry"],"_links":{"self":[{"href":"https:\/\/puurexloo.nl\/de\/wp-json\/wp\/v2\/pages\/27117","targetHints":{"allow":["GET"]}}],"collection":[{"href":"https:\/\/puurexloo.nl\/de\/wp-json\/wp\/v2\/pages"}],"about":[{"href":"https:\/\/puurexloo.nl\/de\/wp-json\/wp\/v2\/types\/page"}],"author":[{"embeddable":true,"href":"https:\/\/puurexloo.nl\/de\/wp-json\/wp\/v2\/users\/27"}],"replies":[{"embeddable":true,"href":"https:\/\/puurexloo.nl\/de\/wp-json\/wp\/v2\/comments?post=27117"}],"version-history":[{"count":19,"href":"https:\/\/puurexloo.nl\/de\/wp-json\/wp\/v2\/pages\/27117\/revisions"}],"predecessor-version":[{"id":27164,"href":"https:\/\/puurexloo.nl\/de\/wp-json\/wp\/v2\/pages\/27117\/revisions\/27164"}],"up":[{"embeddable":true,"href":"https:\/\/puurexloo.nl\/de\/wp-json\/wp\/v2\/pages\/22269"}],"wp:attachment":[{"href":"https:\/\/puurexloo.nl\/de\/wp-json\/wp\/v2\/media?parent=27117"}],"curies":[{"name":"wp","href":"https:\/\/api.w.org\/{rel}","templated":true}]}}