{"id":27134,"date":"2024-07-29T11:12:31","date_gmt":"2024-07-29T09:12:31","guid":{"rendered":"https:\/\/puurexloo.nl\/?page_id=27134"},"modified":"2024-07-29T11:18:13","modified_gmt":"2024-07-29T09:18:13","slug":"ausfluege","status":"publish","type":"page","link":"https:\/\/puurexloo.nl\/de\/puur-exloo-erleben\/eko-tours\/ausfluege\/","title":{"rendered":"Ausfl\u00fcge"},"content":{"rendered":"\t\t<div data-elementor-type=\"wp-page\" data-elementor-id=\"27134\" class=\"elementor elementor-27134 elementor-20274\" data-elementor-post-type=\"page\">\n\t\t\t\t\t\t<section class=\"elementor-section elementor-top-section elementor-element elementor-element-a1a86c7 elementor-section-boxed elementor-section-height-default elementor-section-height-default\" data-id=\"a1a86c7\" data-element_type=\"section\">\n\t\t\t\t\t\t<div class=\"elementor-container elementor-column-gap-default\">\n\t\t\t\t\t<div class=\"elementor-column elementor-col-100 elementor-top-column elementor-element elementor-element-358c8ae\" data-id=\"358c8ae\" data-element_type=\"column\">\n\t\t\t<div class=\"elementor-widget-wrap elementor-element-populated\">\n\t\t\t\t\t\t<section class=\"elementor-section elementor-inner-section elementor-element elementor-element-b6815a4 elementor-section-boxed elementor-section-height-default elementor-section-height-default\" data-id=\"b6815a4\" data-element_type=\"section\">\n\t\t\t\t\t\t<div class=\"elementor-container elementor-column-gap-default\">\n\t\t\t\t\t<div class=\"elementor-column elementor-col-100 elementor-inner-column elementor-element elementor-element-0e81852\" data-id=\"0e81852\" data-element_type=\"column\">\n\t\t\t<div class=\"elementor-widget-wrap elementor-element-populated\">\n\t\t\t\t\t\t<section class=\"elementor-section elementor-inner-section elementor-element elementor-element-1f6a616 elementor-section-boxed elementor-section-height-default elementor-section-height-default\" data-id=\"1f6a616\" data-element_type=\"section\">\n\t\t\t\t\t\t<div class=\"elementor-container elementor-column-gap-default\">\n\t\t\t\t\t<div class=\"elementor-column elementor-col-66 elementor-inner-column elementor-element elementor-element-e983f56\" data-id=\"e983f56\" data-element_type=\"column\">\n\t\t\t<div class=\"elementor-widget-wrap elementor-element-populated\">\n\t\t\t\t\t\t<div class=\"elementor-element elementor-element-b6c0b76 elementor-widget elementor-widget-text-editor\" data-id=\"b6c0b76\" data-element_type=\"widget\" data-widget_type=\"text-editor.default\">\n\t\t\t\t<div class=\"elementor-widget-container\">\n\t\t\t\t\t\t\t\t\t<h1 class=\"s0div\" style=\"text-align: center;\"><span class=\"s0span s0text002\" style=\"font-size: 20px;\">Erleben Sie das gr\u00fcne Abenteuer\u00a0<\/span><\/h1><p><span class=\"jCAhz ChMk0b\"><span class=\"ryNqvb\">M\u00f6chten Sie gemeinsam ausgehen und einen abenteuerlichen Ausflug in eine waldreiche Gegend erleben?<\/span><\/span> <span class=\"jCAhz ChMk0b\"><span class=\"ryNqvb\">Erleben Sie Drenthe und buchen Sie einen Ausflug mit Eko-Tours.<\/span><\/span> <span class=\"jCAhz ChMk0b\"><span class=\"ryNqvb\">Fahren Sie selbst den 100 % elektrischen Eko-Explorer\u00a9 und erleben Sie die Natur und Kultur der Landschaft von Drenthe. <\/span><\/span><\/p><p><span class=\"jCAhz ChMk0b\"><span class=\"ryNqvb\">Dank der Zusammenarbeit mit Staatsbosbeheer k\u00f6nnen Sie mit Eko-Tours durch den Wald reiten und Orte besuchen, die Sie sonst nicht besuchen w\u00fcrden.<\/span><\/span> <span class=\"jCAhz ChMk0b\"><span class=\"ryNqvb\">Und nat\u00fcrlich ist die Fahrt mit dem Eko-Explorer\u00a9 sehr leise und Sie k\u00f6nnen die Natur in vollen Z\u00fcgen genie\u00dfen.<\/span><\/span><\/p><p><span class=\"jCAhz ChMk0b\"><span class=\"ryNqvb\">Es gibt immer einen F\u00fchrer, der sich im Wald auskennt und interessante Informationen f\u00fcr Sie bereith\u00e4lt.<\/span><\/span> <span class=\"jCAhz ChMk0b\"><span class=\"ryNqvb\">Unterwegs halten wir an einer Vielzahl von Orten an, an denen der F\u00fchrer \u00fcber Natur, Kultur, Geschichte oder Sehensw\u00fcrdigkeiten im Naturschutzgebiet erz\u00e4hlt.<\/span><\/span><\/p><p><span class=\"jCAhz\"><span class=\"ryNqvb\">Mit Eko-Tours k\u00f6nnen Sie wundersch\u00f6ne Orte inmitten der Natur besuchen.<\/span><\/span> <span class=\"jCAhz\"><span class=\"ryNqvb\">Es ist ein besonderes \u201egr\u00fcnes Abenteuer\u201c f\u00fcr alle Altersgruppen;<\/span><\/span> <span class=\"jCAhz\"><span class=\"ryNqvb\">Jung und Alt k\u00f6nnen in Drenthe auf Safari gehen.<\/span><\/span> <span class=\"jCAhz ChMk0b\"><span class=\"ryNqvb\">Der Eko-Tours-Ausflug ist auch f\u00fcr weniger mobile Menschen sehr gut geeignet.<\/span><\/span><\/p>\t\t\t\t\t\t\t\t<\/div>\n\t\t\t\t<\/div>\n\t\t\t\t<div class=\"elementor-element elementor-element-a17fad5 elementor-align-center elementor-widget elementor-widget-button\" data-id=\"a17fad5\" data-element_type=\"widget\" data-widget_type=\"button.default\">\n\t\t\t\t<div class=\"elementor-widget-container\">\n\t\t\t\t\t\t\t\t\t<div class=\"elementor-button-wrapper\">\n\t\t\t\t\t<a class=\"elementor-button elementor-button-link elementor-size-sm\" href=\"https:\/\/eko-tours.nl\/deutsch\/\">\n\t\t\t\t\t\t<span class=\"elementor-button-content-wrapper\">\n\t\t\t\t\t\t\t\t\t<span class=\"elementor-button-text\">Besuchen Sie die Website, um zu buchen<\/span>\n\t\t\t\t\t<\/span>\n\t\t\t\t\t<\/a>\n\t\t\t\t<\/div>\n\t\t\t\t\t\t\t\t<\/div>\n\t\t\t\t<\/div>\n\t\t\t\t\t<\/div>\n\t\t<\/div>\n\t\t\t\t<div class=\"elementor-column elementor-col-33 elementor-inner-column elementor-element elementor-element-1f933a7\" data-id=\"1f933a7\" data-element_type=\"column\">\n\t\t\t<div class=\"elementor-widget-wrap elementor-element-populated\">\n\t\t\t\t\t\t<div class=\"elementor-element elementor-element-ca0d1c3 elementor-widget__width-initial elementor-widget elementor-widget-image\" data-id=\"ca0d1c3\" data-element_type=\"widget\" data-widget_type=\"image.default\">\n\t\t\t\t<div class=\"elementor-widget-container\">\n\t\t\t\t\t\t\t\t\t\t\t\t\t\t\t<img decoding=\"async\" src=\"https:\/\/puurexloo.nl\/wp-content\/uploads\/elementor\/thumbs\/DSC01380-2-scaled-qmeoiwg9xh4o4y3tmgu2evdupck79s5k6yfbe2crho.jpg\" title=\"DSC01380-2\" alt=\"DSC01380-2\" loading=\"lazy\" \/>\t\t\t\t\t\t\t\t\t\t\t\t\t\t\t<\/div>\n\t\t\t\t<\/div>\n\t\t\t\t\t<\/div>\n\t\t<\/div>\n\t\t\t\t\t<\/div>\n\t\t<\/section>\n\t\t\t\t\t<\/div>\n\t\t<\/div>\n\t\t\t\t\t<\/div>\n\t\t<\/section>\n\t\t\t\t\t<\/div>\n\t\t<\/div>\n\t\t\t\t\t<\/div>\n\t\t<\/section>\n\t\t\t\t<section class=\"elementor-section elementor-top-section elementor-element elementor-element-d5573aa elementor-section-boxed elementor-section-height-default elementor-section-height-default\" data-id=\"d5573aa\" data-element_type=\"section\">\n\t\t\t\t\t\t<div class=\"elementor-container elementor-column-gap-default\">\n\t\t\t\t\t<div class=\"elementor-column elementor-col-100 elementor-top-column elementor-element elementor-element-f163bc8\" data-id=\"f163bc8\" data-element_type=\"column\">\n\t\t\t<div class=\"elementor-widget-wrap elementor-element-populated\">\n\t\t\t\t\t\t<section class=\"elementor-section elementor-inner-section elementor-element elementor-element-1997072 elementor-section-boxed elementor-section-height-default elementor-section-height-default\" data-id=\"1997072\" data-element_type=\"section\">\n\t\t\t\t\t\t<div class=\"elementor-container elementor-column-gap-default\">\n\t\t\t\t\t<div class=\"elementor-column elementor-col-50 elementor-inner-column elementor-element elementor-element-12fa148\" data-id=\"12fa148\" data-element_type=\"column\">\n\t\t\t<div class=\"elementor-widget-wrap elementor-element-populated\">\n\t\t\t\t\t\t<div class=\"elementor-element elementor-element-7fe4c6e elementor-widget__width-initial elementor-widget elementor-widget-image\" data-id=\"7fe4c6e\" data-element_type=\"widget\" data-widget_type=\"image.default\">\n\t\t\t\t<div class=\"elementor-widget-container\">\n\t\t\t\t\t\t\t\t\t\t\t\t\t\t\t<img decoding=\"async\" src=\"https:\/\/puurexloo.nl\/wp-content\/uploads\/elementor\/thumbs\/DSC00997-1-scaled-qmeoielfd9dlnl78jt8padhyuu6p19aepj0ikfpdq0.jpg\" title=\"DSC00997\" alt=\"DSC00997\" loading=\"lazy\" \/>\t\t\t\t\t\t\t\t\t\t\t\t\t\t\t<\/div>\n\t\t\t\t<\/div>\n\t\t\t\t\t<\/div>\n\t\t<\/div>\n\t\t\t\t<div class=\"elementor-column elementor-col-50 elementor-inner-column elementor-element elementor-element-2353209\" data-id=\"2353209\" data-element_type=\"column\">\n\t\t\t<div class=\"elementor-widget-wrap elementor-element-populated\">\n\t\t\t\t\t\t<div class=\"elementor-element elementor-element-dd04710 elementor-widget__width-initial elementor-widget elementor-widget-image\" data-id=\"dd04710\" data-element_type=\"widget\" data-widget_type=\"image.default\">\n\t\t\t\t<div class=\"elementor-widget-container\">\n\t\t\t\t\t\t\t\t\t\t\t\t\t\t\t<img decoding=\"async\" src=\"https:\/\/puurexloo.nl\/wp-content\/uploads\/elementor\/thumbs\/DSC01121-scaled-qmeoin1z2rp6k2uy6ewcetd47b0zyj7zqovvvxcu60.jpg\" title=\"DSC01121\" alt=\"DSC01121\" loading=\"lazy\" \/>\t\t\t\t\t\t\t\t\t\t\t\t\t\t\t<\/div>\n\t\t\t\t<\/div>\n\t\t\t\t\t<\/div>\n\t\t<\/div>\n\t\t\t\t\t<\/div>\n\t\t<\/section>\n\t\t\t\t\t<\/div>\n\t\t<\/div>\n\t\t\t\t\t<\/div>\n\t\t<\/section>\n\t\t\t\t<section class=\"elementor-section elementor-top-section elementor-element elementor-element-6e39bd2 elementor-section-boxed elementor-section-height-default elementor-section-height-default\" data-id=\"6e39bd2\" data-element_type=\"section\">\n\t\t\t\t\t\t<div class=\"elementor-container elementor-column-gap-default\">\n\t\t\t\t\t<div class=\"elementor-column elementor-col-100 elementor-top-column elementor-element elementor-element-2e86213\" data-id=\"2e86213\" data-element_type=\"column\">\n\t\t\t<div class=\"elementor-widget-wrap\">\n\t\t\t\t\t\t\t<\/div>\n\t\t<\/div>\n\t\t\t\t\t<\/div>\n\t\t<\/section>\n\t\t\t\t<\/div>\n\t\t","protected":false},"excerpt":{"rendered":"<p>Erleben Sie das gr\u00fcne Abenteuer\u00a0 M\u00f6chten Sie gemeinsam ausgehen und einen abenteuerlichen Ausflug in eine waldreiche Gegend erleben? Erleben Sie Drenthe und buchen Sie einen Ausflug mit Eko-Tours. Fahren Sie selbst den 100 % elektrischen Eko-Explorer\u00a9 und erleben Sie die Natur und Kultur der Landschaft von Drenthe. Dank der Zusammenarbeit mit Staatsbosbeheer k\u00f6nnen Sie mit [&hellip;]<\/p>\n","protected":false},"author":27,"featured_media":0,"parent":27117,"menu_order":0,"comment_status":"closed","ping_status":"closed","template":"","meta":{"footnotes":""},"class_list":["post-27134","page","type-page","status-publish","hentry"],"_links":{"self":[{"href":"https:\/\/puurexloo.nl\/de\/wp-json\/wp\/v2\/pages\/27134","targetHints":{"allow":["GET"]}}],"collection":[{"href":"https:\/\/puurexloo.nl\/de\/wp-json\/wp\/v2\/pages"}],"about":[{"href":"https:\/\/puurexloo.nl\/de\/wp-json\/wp\/v2\/types\/page"}],"author":[{"embeddable":true,"href":"https:\/\/puurexloo.nl\/de\/wp-json\/wp\/v2\/users\/27"}],"replies":[{"embeddable":true,"href":"https:\/\/puurexloo.nl\/de\/wp-json\/wp\/v2\/comments?post=27134"}],"version-history":[{"count":4,"href":"https:\/\/puurexloo.nl\/de\/wp-json\/wp\/v2\/pages\/27134\/revisions"}],"predecessor-version":[{"id":27142,"href":"https:\/\/puurexloo.nl\/de\/wp-json\/wp\/v2\/pages\/27134\/revisions\/27142"}],"up":[{"embeddable":true,"href":"https:\/\/puurexloo.nl\/de\/wp-json\/wp\/v2\/pages\/27117"}],"wp:attachment":[{"href":"https:\/\/puurexloo.nl\/de\/wp-json\/wp\/v2\/media?parent=27134"}],"curies":[{"name":"wp","href":"https:\/\/api.w.org\/{rel}","templated":true}]}}