{"id":27143,"date":"2024-07-29T11:19:13","date_gmt":"2024-07-29T09:19:13","guid":{"rendered":"https:\/\/puurexloo.nl\/?page_id=27143"},"modified":"2024-07-29T11:24:24","modified_gmt":"2024-07-29T09:24:24","slug":"touren-ausfluege","status":"publish","type":"page","link":"https:\/\/puurexloo.nl\/de\/puur-exloo-erleben\/eko-tours\/touren-ausfluege\/","title":{"rendered":"Touren &#038; Ausfl\u00fcge"},"content":{"rendered":"\t\t<div data-elementor-type=\"wp-page\" data-elementor-id=\"27143\" class=\"elementor elementor-27143 elementor-20291\" data-elementor-post-type=\"page\">\n\t\t\t\t\t\t<section class=\"elementor-section elementor-top-section elementor-element elementor-element-7b72f1f elementor-section-boxed elementor-section-height-default elementor-section-height-default\" data-id=\"7b72f1f\" data-element_type=\"section\">\n\t\t\t\t\t\t<div class=\"elementor-container elementor-column-gap-default\">\n\t\t\t\t\t<div class=\"elementor-column elementor-col-100 elementor-top-column elementor-element elementor-element-0303f6f\" data-id=\"0303f6f\" data-element_type=\"column\">\n\t\t\t<div class=\"elementor-widget-wrap elementor-element-populated\">\n\t\t\t\t\t\t<section class=\"elementor-section elementor-inner-section elementor-element elementor-element-a27e65d elementor-section-boxed elementor-section-height-default elementor-section-height-default\" data-id=\"a27e65d\" data-element_type=\"section\">\n\t\t\t\t\t\t<div class=\"elementor-container elementor-column-gap-default\">\n\t\t\t\t\t<div class=\"elementor-column elementor-col-66 elementor-inner-column elementor-element elementor-element-d21496a\" data-id=\"d21496a\" data-element_type=\"column\">\n\t\t\t<div class=\"elementor-widget-wrap elementor-element-populated\">\n\t\t\t\t\t\t<div class=\"elementor-element elementor-element-afbfb6d elementor-widget__width-initial elementor-widget elementor-widget-text-editor\" data-id=\"afbfb6d\" data-element_type=\"widget\" data-widget_type=\"text-editor.default\">\n\t\t\t\t<div class=\"elementor-widget-container\">\n\t\t\t\t\t\t\t\t\t<h1 class=\"s0div\" style=\"text-align: center;\"><span class=\"s0span s0text002\" style=\"font-size: 20px;\">Besuchen Sie die sch\u00f6nsten Orte<br \/><\/span><span class=\"s0span s0text002\" style=\"font-size: 20px;\">mit unseren Hondsrug-Touren\u00a0<\/span><\/h1><p><span class=\"jCAhz ChMk0b\"><span class=\"ryNqvb\">Erleben Sie den UNESCO Global Geopark Hondsrug in einem der Spezialfahrzeuge von Eko-Tours.<\/span><\/span> <span class=\"jCAhz ChMk0b\"><span class=\"ryNqvb\">Sie fahren gemeinsam ruhig und entspannt durch die Natur, vorbei an Sehensw\u00fcrdigkeiten und wundersch\u00f6nen D\u00f6rfern.<\/span><\/span> <span class=\"jCAhz ChMk0b\"><span class=\"ryNqvb\">Wir schicken Sie nicht einfach \u201ein den Wald\u201c, sondern geben Ihnen in der speziellen Routen-App eine Route mit umfangreichen Informationen zur Tour, Umgebung, Natur, Geschichte und Sehensw\u00fcrdigkeiten an die Hand.<\/span><\/span><\/p><p><span class=\"jCAhz ChMk0b\"><span class=\"ryNqvb\">Eko-Tours verf\u00fcgt \u00fcber eine gro\u00dfe Anzahl verschiedener Fahrzeuge und Sie k\u00f6nnen Touren von 2 oder 3 Stunden unternehmen, je nachdem, ob Sie eine von uns geplante Route oder eine Route Ihrer Wahl w\u00e4hlen.<\/span><\/span> <span class=\"jCAhz ChMk0b\"><span class=\"ryNqvb\">Treffen Sie Ihre Wahl aus den vielen Fahrzeugen wie dem Eko-Bike (elektrisches Fatbike), dem Eko-Cruiser (Elektroroller) oder einem der 4 Arten von Elektro-Choppern;<\/span><\/span> <span class=\"jCAhz ChMk0b\"><span class=\"ryNqvb\">der Eko-Easy, Eko-Chopper, Eko-Duo Chopper oder Eko-Roadster.<\/span><\/span><\/p><p><span class=\"jCAhz ChMk0b\"><span class=\"ryNqvb\">Die Fahrzeuge sind in der Geschwindigkeit so angepasst, dass man auch gemeinsam eine Tour unternehmen kann.<\/span><\/span> <span class=\"jCAhz ChMk0b\"><span class=\"ryNqvb\">F\u00fcr fast alle gibt es ein Fahrzeug, mit dem sie gemeinsam die sch\u00f6ne Gegend erkunden k\u00f6nnen.<\/span><\/span><\/p>\t\t\t\t\t\t\t\t<\/div>\n\t\t\t\t<\/div>\n\t\t\t\t<div class=\"elementor-element elementor-element-d0b07ff elementor-align-center elementor-widget elementor-widget-button\" data-id=\"d0b07ff\" data-element_type=\"widget\" data-widget_type=\"button.default\">\n\t\t\t\t<div class=\"elementor-widget-container\">\n\t\t\t\t\t\t\t\t\t<div class=\"elementor-button-wrapper\">\n\t\t\t\t\t<a class=\"elementor-button elementor-button-link elementor-size-sm\" href=\"https:\/\/eko-tours.nl\/puur-exloo\/\">\n\t\t\t\t\t\t<span class=\"elementor-button-content-wrapper\">\n\t\t\t\t\t\t\t\t\t<span class=\"elementor-button-text\">Besuchen Sie die Website, um zu buchen<\/span>\n\t\t\t\t\t<\/span>\n\t\t\t\t\t<\/a>\n\t\t\t\t<\/div>\n\t\t\t\t\t\t\t\t<\/div>\n\t\t\t\t<\/div>\n\t\t\t\t\t<\/div>\n\t\t<\/div>\n\t\t\t\t<div class=\"elementor-column elementor-col-33 elementor-inner-column elementor-element elementor-element-79bdedd\" data-id=\"79bdedd\" data-element_type=\"column\">\n\t\t\t<div class=\"elementor-widget-wrap elementor-element-populated\">\n\t\t\t\t\t\t<div class=\"elementor-element elementor-element-e168fae elementor-widget__width-initial elementor-widget elementor-widget-image\" data-id=\"e168fae\" data-element_type=\"widget\" data-widget_type=\"image.default\">\n\t\t\t\t<div class=\"elementor-widget-container\">\n\t\t\t\t\t\t\t\t\t\t\t\t\t\t\t<img fetchpriority=\"high\" decoding=\"async\" width=\"768\" height=\"563\" src=\"https:\/\/puurexloo.nl\/wp-content\/uploads\/2024\/04\/DSC06387-768x563.jpg\" class=\"attachment-medium_large size-medium_large wp-image-21822\" alt=\"\" srcset=\"https:\/\/puurexloo.nl\/wp-content\/uploads\/2024\/04\/DSC06387-768x563.jpg 768w, https:\/\/puurexloo.nl\/wp-content\/uploads\/2024\/04\/DSC06387-1536x1127.jpg 1536w, https:\/\/puurexloo.nl\/wp-content\/uploads\/2024\/04\/DSC06387-2048x1503.jpg 2048w, https:\/\/puurexloo.nl\/wp-content\/uploads\/2024\/04\/DSC06387-600x440.jpg 600w\" sizes=\"(max-width: 768px) 100vw, 768px\" \/>\t\t\t\t\t\t\t\t\t\t\t\t\t\t\t<\/div>\n\t\t\t\t<\/div>\n\t\t\t\t\t<\/div>\n\t\t<\/div>\n\t\t\t\t\t<\/div>\n\t\t<\/section>\n\t\t\t\t<section class=\"elementor-section elementor-inner-section elementor-element elementor-element-4aee853 elementor-section-boxed elementor-section-height-default elementor-section-height-default\" data-id=\"4aee853\" data-element_type=\"section\">\n\t\t\t\t\t\t<div class=\"elementor-container elementor-column-gap-default\">\n\t\t\t\t\t<div class=\"elementor-column elementor-col-50 elementor-inner-column elementor-element elementor-element-47c1010\" data-id=\"47c1010\" data-element_type=\"column\">\n\t\t\t<div class=\"elementor-widget-wrap elementor-element-populated\">\n\t\t\t\t\t\t<div class=\"elementor-element elementor-element-6ef2df6 elementor-widget__width-initial elementor-widget elementor-widget-image\" data-id=\"6ef2df6\" data-element_type=\"widget\" data-widget_type=\"image.default\">\n\t\t\t\t<div class=\"elementor-widget-container\">\n\t\t\t\t\t\t\t\t\t\t\t\t\t\t\t<img decoding=\"async\" src=\"https:\/\/puurexloo.nl\/wp-content\/uploads\/elementor\/thumbs\/DSC06178-scaled-qmek565c4y4vjtlcouhd71w5kh6bfz2traeik4u6k8.jpg\" title=\"DSC06178\" alt=\"DSC06178\" loading=\"lazy\" \/>\t\t\t\t\t\t\t\t\t\t\t\t\t\t\t<\/div>\n\t\t\t\t<\/div>\n\t\t\t\t\t<\/div>\n\t\t<\/div>\n\t\t\t\t<div class=\"elementor-column elementor-col-50 elementor-inner-column elementor-element elementor-element-5b95a03\" data-id=\"5b95a03\" data-element_type=\"column\">\n\t\t\t<div class=\"elementor-widget-wrap elementor-element-populated\">\n\t\t\t\t\t\t<div class=\"elementor-element elementor-element-ac7b6b6 elementor-widget__width-initial elementor-widget elementor-widget-image\" data-id=\"ac7b6b6\" data-element_type=\"widget\" data-widget_type=\"image.default\">\n\t\t\t\t<div class=\"elementor-widget-container\">\n\t\t\t\t\t\t\t\t\t\t\t\t\t\t\t<img decoding=\"async\" src=\"https:\/\/puurexloo.nl\/wp-content\/uploads\/elementor\/thumbs\/DSC09643-scaled-qmelfwofye44ttpds1rk69b8w6tc66mcum5nlfjh6g.jpg\" title=\"DSC09643\" alt=\"DSC09643\" loading=\"lazy\" \/>\t\t\t\t\t\t\t\t\t\t\t\t\t\t\t<\/div>\n\t\t\t\t<\/div>\n\t\t\t\t\t<\/div>\n\t\t<\/div>\n\t\t\t\t\t<\/div>\n\t\t<\/section>\n\t\t\t\t<section class=\"elementor-section elementor-inner-section elementor-element elementor-element-25007a6 elementor-section-boxed elementor-section-height-default elementor-section-height-default\" data-id=\"25007a6\" data-element_type=\"section\">\n\t\t\t\t\t\t<div class=\"elementor-container elementor-column-gap-default\">\n\t\t\t\t\t<div class=\"elementor-column elementor-col-100 elementor-inner-column elementor-element elementor-element-a7d21e2\" data-id=\"a7d21e2\" data-element_type=\"column\">\n\t\t\t<div class=\"elementor-widget-wrap\">\n\t\t\t\t\t\t\t<\/div>\n\t\t<\/div>\n\t\t\t\t\t<\/div>\n\t\t<\/section>\n\t\t\t\t\t<\/div>\n\t\t<\/div>\n\t\t\t\t\t<\/div>\n\t\t<\/section>\n\t\t\t\t<\/div>\n\t\t","protected":false},"excerpt":{"rendered":"<p>Besuchen Sie die sch\u00f6nsten Ortemit unseren Hondsrug-Touren\u00a0 Erleben Sie den UNESCO Global Geopark Hondsrug in einem der Spezialfahrzeuge von Eko-Tours. Sie fahren gemeinsam ruhig und entspannt durch die Natur, vorbei an Sehensw\u00fcrdigkeiten und wundersch\u00f6nen D\u00f6rfern. Wir schicken Sie nicht einfach \u201ein den Wald\u201c, sondern geben Ihnen in der speziellen Routen-App eine Route mit umfangreichen Informationen [&hellip;]<\/p>\n","protected":false},"author":27,"featured_media":0,"parent":27117,"menu_order":0,"comment_status":"closed","ping_status":"closed","template":"","meta":{"footnotes":""},"class_list":["post-27143","page","type-page","status-publish","hentry"],"_links":{"self":[{"href":"https:\/\/puurexloo.nl\/de\/wp-json\/wp\/v2\/pages\/27143","targetHints":{"allow":["GET"]}}],"collection":[{"href":"https:\/\/puurexloo.nl\/de\/wp-json\/wp\/v2\/pages"}],"about":[{"href":"https:\/\/puurexloo.nl\/de\/wp-json\/wp\/v2\/types\/page"}],"author":[{"embeddable":true,"href":"https:\/\/puurexloo.nl\/de\/wp-json\/wp\/v2\/users\/27"}],"replies":[{"embeddable":true,"href":"https:\/\/puurexloo.nl\/de\/wp-json\/wp\/v2\/comments?post=27143"}],"version-history":[{"count":4,"href":"https:\/\/puurexloo.nl\/de\/wp-json\/wp\/v2\/pages\/27143\/revisions"}],"predecessor-version":[{"id":27150,"href":"https:\/\/puurexloo.nl\/de\/wp-json\/wp\/v2\/pages\/27143\/revisions\/27150"}],"up":[{"embeddable":true,"href":"https:\/\/puurexloo.nl\/de\/wp-json\/wp\/v2\/pages\/27117"}],"wp:attachment":[{"href":"https:\/\/puurexloo.nl\/de\/wp-json\/wp\/v2\/media?parent=27143"}],"curies":[{"name":"wp","href":"https:\/\/api.w.org\/{rel}","templated":true}]}}