{"id":27151,"date":"2024-07-29T11:25:03","date_gmt":"2024-07-29T09:25:03","guid":{"rendered":"https:\/\/puurexloo.nl\/?page_id=27151"},"modified":"2024-07-29T11:27:05","modified_gmt":"2024-07-29T09:27:05","slug":"huenenbett-highway-touren","status":"publish","type":"page","link":"https:\/\/puurexloo.nl\/de\/puur-exloo-erleben\/eko-tours\/huenenbett-highway-touren\/","title":{"rendered":"H\u00fcnenbett Highway Touren"},"content":{"rendered":"\t\t<div data-elementor-type=\"wp-page\" data-elementor-id=\"27151\" class=\"elementor elementor-27151 elementor-20299\" data-elementor-post-type=\"page\">\n\t\t\t\t\t\t<section class=\"elementor-section elementor-top-section elementor-element elementor-element-544f8f9 elementor-section-boxed elementor-section-height-default elementor-section-height-default\" data-id=\"544f8f9\" data-element_type=\"section\">\n\t\t\t\t\t\t<div class=\"elementor-container elementor-column-gap-default\">\n\t\t\t\t\t<div class=\"elementor-column elementor-col-100 elementor-top-column elementor-element elementor-element-e8232d6\" data-id=\"e8232d6\" data-element_type=\"column\">\n\t\t\t<div class=\"elementor-widget-wrap elementor-element-populated\">\n\t\t\t\t\t\t<section class=\"elementor-section elementor-inner-section elementor-element elementor-element-fac4a5f elementor-section-boxed elementor-section-height-default elementor-section-height-default\" data-id=\"fac4a5f\" data-element_type=\"section\">\n\t\t\t\t\t\t<div class=\"elementor-container elementor-column-gap-default\">\n\t\t\t\t\t<div class=\"elementor-column elementor-col-100 elementor-inner-column elementor-element elementor-element-aced8e1\" data-id=\"aced8e1\" data-element_type=\"column\">\n\t\t\t<div class=\"elementor-widget-wrap elementor-element-populated\">\n\t\t\t\t\t\t<section class=\"elementor-section elementor-inner-section elementor-element elementor-element-5ad2f61 elementor-section-boxed elementor-section-height-default elementor-section-height-default\" data-id=\"5ad2f61\" data-element_type=\"section\">\n\t\t\t\t\t\t<div class=\"elementor-container elementor-column-gap-default\">\n\t\t\t\t\t<div class=\"elementor-column elementor-col-66 elementor-inner-column elementor-element elementor-element-5121154\" data-id=\"5121154\" data-element_type=\"column\">\n\t\t\t<div class=\"elementor-widget-wrap elementor-element-populated\">\n\t\t\t\t\t\t<div class=\"elementor-element elementor-element-6176bbe elementor-widget elementor-widget-text-editor\" data-id=\"6176bbe\" data-element_type=\"widget\" data-widget_type=\"text-editor.default\">\n\t\t\t\t<div class=\"elementor-widget-container\">\n\t\t\t\t\t\t\t\t\t<h1 class=\"s0div\" style=\"text-align: center;\"><span class=\"s0span s0text002\" style=\"font-size: 20px;\">Eine einzigartige Tour ab Exloo<\/span><\/h1><p class=\"s0div\"><span class=\"jCAhz ChMk0b\"><span class=\"ryNqvb\">Fahren Sie im speziellen Eko-Rocks\u00a9 oder Eko-Carver\u00a9 entlang der vielen Sehensw\u00fcrdigkeiten und sch\u00f6nsten Orte in der wundersch\u00f6nen Natur von Drenthe rund um den Hunebed Highway.<\/span><\/span> <span class=\"jCAhz ChMk0b\"><span class=\"ryNqvb\">Eine wunderbar entspannende Tour von ca. 4 Stunden mit viel Platz und Zeit, um unterwegs etwas zu trinken oder das mitgebrachte Mittagessen zu essen.<\/span><\/span><\/p><p><span class=\"jCAhz ChMk0b\"><span class=\"ryNqvb\">Herrlich ruhig und entspannt fahren Sie gemeinsam durch die Natur, vorbei an wundersch\u00f6nen Orten, durch wundersch\u00f6ne D\u00f6rfer, \u00fcber die Heide und durch den Wald und besuchen die sch\u00f6nsten Punkte der Routen.<\/span><\/span> <span class=\"jCAhz ChMk0b\"><span class=\"ryNqvb\">Wer wei\u00df, vielleicht treffen Sie unterwegs auch auf verschiedene Tiere!<\/span><\/span><\/p><p><span class=\"jCAhz ChMk0b\"><span class=\"ryNqvb\">Man wird nicht einfach \u201ein den Wald geschickt\u201c.<\/span><\/span> <span class=\"jCAhz ChMk0b\"><span class=\"ryNqvb\">Nein\u2026 wir geben Ihnen eine Route auf Ihrem Smartphone, der Sie folgen k\u00f6nnen.<\/span><\/span> <span class=\"jCAhz ChMk0b\"><span class=\"ryNqvb\">Denn das bedeutet, dass Sie eine besondere Tour entlang der sch\u00f6nsten Orte und Sehensw\u00fcrdigkeiten unternehmen und nichts von der Sch\u00f6nheit verpassen, die rund um den Hunebed Highway zu finden ist.<\/span><\/span><\/p><div class=\"lRu31\" dir=\"ltr\"><span class=\"HwtZe\" lang=\"de\"><span class=\"jCAhz\"><span class=\"ryNqvb\">Die Eko-Rocks und Eko-Carver sind jeweils 45 km lang und wir haben sch\u00f6ne, ruhige Stra\u00dfen ausgew\u00e4hlt, um die Gegend in gem\u00e4chlichem Tempo zu erkunden.<\/span><\/span> <span class=\"jCAhz ChMk0b\"><span class=\"ryNqvb\">Um die Fahrzeuge bei uns fahren zu d\u00fcrfen, ben\u00f6tigen Sie einen B-F\u00fchrerschein.<\/span><\/span><\/span><\/div>\t\t\t\t\t\t\t\t<\/div>\n\t\t\t\t<\/div>\n\t\t\t\t<div class=\"elementor-element elementor-element-42a669d elementor-align-center elementor-widget elementor-widget-button\" data-id=\"42a669d\" data-element_type=\"widget\" data-widget_type=\"button.default\">\n\t\t\t\t<div class=\"elementor-widget-container\">\n\t\t\t\t\t\t\t\t\t<div class=\"elementor-button-wrapper\">\n\t\t\t\t\t<a class=\"elementor-button elementor-button-link elementor-size-sm\" href=\"https:\/\/eko-tours.nl\/deutsch\/\">\n\t\t\t\t\t\t<span class=\"elementor-button-content-wrapper\">\n\t\t\t\t\t\t\t\t\t<span class=\"elementor-button-text\">Besuchen Sie die Website, um zu buchen<\/span>\n\t\t\t\t\t<\/span>\n\t\t\t\t\t<\/a>\n\t\t\t\t<\/div>\n\t\t\t\t\t\t\t\t<\/div>\n\t\t\t\t<\/div>\n\t\t\t\t\t<\/div>\n\t\t<\/div>\n\t\t\t\t<div class=\"elementor-column elementor-col-33 elementor-inner-column elementor-element elementor-element-b3f891d\" data-id=\"b3f891d\" data-element_type=\"column\">\n\t\t\t<div class=\"elementor-widget-wrap elementor-element-populated\">\n\t\t\t\t\t\t<div class=\"elementor-element elementor-element-1342dd5 elementor-widget__width-initial elementor-widget elementor-widget-image\" data-id=\"1342dd5\" data-element_type=\"widget\" data-widget_type=\"image.default\">\n\t\t\t\t<div class=\"elementor-widget-container\">\n\t\t\t\t\t\t\t\t\t\t\t\t\t\t\t<img decoding=\"async\" src=\"https:\/\/puurexloo.nl\/wp-content\/uploads\/elementor\/thumbs\/20210721_134054-scaled-qmeox0z1ohfb6en7ua4p4wc4ab0nbjagkvc3db2v0o.jpg\" title=\"20210721_134054\" alt=\"20210721_134054\" loading=\"lazy\" \/>\t\t\t\t\t\t\t\t\t\t\t\t\t\t\t<\/div>\n\t\t\t\t<\/div>\n\t\t\t\t\t<\/div>\n\t\t<\/div>\n\t\t\t\t\t<\/div>\n\t\t<\/section>\n\t\t\t\t\t<\/div>\n\t\t<\/div>\n\t\t\t\t\t<\/div>\n\t\t<\/section>\n\t\t\t\t\t<\/div>\n\t\t<\/div>\n\t\t\t\t\t<\/div>\n\t\t<\/section>\n\t\t\t\t<section class=\"elementor-section elementor-top-section elementor-element elementor-element-dceac5c elementor-section-boxed elementor-section-height-default elementor-section-height-default\" data-id=\"dceac5c\" data-element_type=\"section\">\n\t\t\t\t\t\t<div class=\"elementor-container elementor-column-gap-default\">\n\t\t\t\t\t<div class=\"elementor-column elementor-col-100 elementor-top-column elementor-element elementor-element-6068f72\" data-id=\"6068f72\" data-element_type=\"column\">\n\t\t\t<div class=\"elementor-widget-wrap elementor-element-populated\">\n\t\t\t\t\t\t<section class=\"elementor-section elementor-inner-section elementor-element elementor-element-aee8042 elementor-section-boxed elementor-section-height-default elementor-section-height-default\" data-id=\"aee8042\" data-element_type=\"section\">\n\t\t\t\t\t\t<div class=\"elementor-container elementor-column-gap-default\">\n\t\t\t\t\t<div class=\"elementor-column elementor-col-50 elementor-inner-column elementor-element elementor-element-49d63b0\" data-id=\"49d63b0\" data-element_type=\"column\">\n\t\t\t<div class=\"elementor-widget-wrap elementor-element-populated\">\n\t\t\t\t\t\t<div class=\"elementor-element elementor-element-7a56864 elementor-widget__width-initial elementor-widget elementor-widget-image\" data-id=\"7a56864\" data-element_type=\"widget\" data-widget_type=\"image.default\">\n\t\t\t\t<div class=\"elementor-widget-container\">\n\t\t\t\t\t\t\t\t\t\t\t\t\t\t\t<img decoding=\"async\" src=\"https:\/\/puurexloo.nl\/wp-content\/uploads\/elementor\/thumbs\/20220709_155205b-scaled-qmeovn5lm9hz5vz0918jwj8o16xsfsubj1rovq2s3c.jpg\" title=\"20220709_155205b\" alt=\"20220709_155205b\" loading=\"lazy\" \/>\t\t\t\t\t\t\t\t\t\t\t\t\t\t\t<\/div>\n\t\t\t\t<\/div>\n\t\t\t\t\t<\/div>\n\t\t<\/div>\n\t\t\t\t<div class=\"elementor-column elementor-col-50 elementor-inner-column elementor-element elementor-element-8b83ddb\" data-id=\"8b83ddb\" data-element_type=\"column\">\n\t\t\t<div class=\"elementor-widget-wrap elementor-element-populated\">\n\t\t\t\t\t\t<div class=\"elementor-element elementor-element-d404d3d elementor-widget__width-initial elementor-widget elementor-widget-image\" data-id=\"d404d3d\" data-element_type=\"widget\" data-widget_type=\"image.default\">\n\t\t\t\t<div class=\"elementor-widget-container\">\n\t\t\t\t\t\t\t\t\t\t\t\t\t\t\t<img decoding=\"async\" src=\"https:\/\/puurexloo.nl\/wp-content\/uploads\/elementor\/thumbs\/20220705_124320-scaled-qmeovje8uxctvg4guzm1mk6tnngbl0fe6j5qym8cs8.jpg\" title=\"20220705_124320\" alt=\"20220705_124320\" loading=\"lazy\" \/>\t\t\t\t\t\t\t\t\t\t\t\t\t\t\t<\/div>\n\t\t\t\t<\/div>\n\t\t\t\t\t<\/div>\n\t\t<\/div>\n\t\t\t\t\t<\/div>\n\t\t<\/section>\n\t\t\t\t\t<\/div>\n\t\t<\/div>\n\t\t\t\t\t<\/div>\n\t\t<\/section>\n\t\t\t\t<section class=\"elementor-section elementor-top-section elementor-element elementor-element-8e78fb8 elementor-section-boxed elementor-section-height-default elementor-section-height-default\" data-id=\"8e78fb8\" data-element_type=\"section\">\n\t\t\t\t\t\t<div class=\"elementor-container elementor-column-gap-default\">\n\t\t\t\t\t<div class=\"elementor-column elementor-col-100 elementor-top-column elementor-element elementor-element-d3077f3\" data-id=\"d3077f3\" data-element_type=\"column\">\n\t\t\t<div class=\"elementor-widget-wrap\">\n\t\t\t\t\t\t\t<\/div>\n\t\t<\/div>\n\t\t\t\t\t<\/div>\n\t\t<\/section>\n\t\t\t\t<\/div>\n\t\t","protected":false},"excerpt":{"rendered":"<p>Eine einzigartige Tour ab Exloo Fahren Sie im speziellen Eko-Rocks\u00a9 oder Eko-Carver\u00a9 entlang der vielen Sehensw\u00fcrdigkeiten und sch\u00f6nsten Orte in der wundersch\u00f6nen Natur von Drenthe rund um den Hunebed Highway. Eine wunderbar entspannende Tour von ca. 4 Stunden mit viel Platz und Zeit, um unterwegs etwas zu trinken oder das mitgebrachte Mittagessen zu essen. Herrlich [&hellip;]<\/p>\n","protected":false},"author":27,"featured_media":0,"parent":27117,"menu_order":0,"comment_status":"closed","ping_status":"closed","template":"","meta":{"footnotes":""},"class_list":["post-27151","page","type-page","status-publish","hentry"],"_links":{"self":[{"href":"https:\/\/puurexloo.nl\/de\/wp-json\/wp\/v2\/pages\/27151","targetHints":{"allow":["GET"]}}],"collection":[{"href":"https:\/\/puurexloo.nl\/de\/wp-json\/wp\/v2\/pages"}],"about":[{"href":"https:\/\/puurexloo.nl\/de\/wp-json\/wp\/v2\/types\/page"}],"author":[{"embeddable":true,"href":"https:\/\/puurexloo.nl\/de\/wp-json\/wp\/v2\/users\/27"}],"replies":[{"embeddable":true,"href":"https:\/\/puurexloo.nl\/de\/wp-json\/wp\/v2\/comments?post=27151"}],"version-history":[{"count":4,"href":"https:\/\/puurexloo.nl\/de\/wp-json\/wp\/v2\/pages\/27151\/revisions"}],"predecessor-version":[{"id":27158,"href":"https:\/\/puurexloo.nl\/de\/wp-json\/wp\/v2\/pages\/27151\/revisions\/27158"}],"up":[{"embeddable":true,"href":"https:\/\/puurexloo.nl\/de\/wp-json\/wp\/v2\/pages\/27117"}],"wp:attachment":[{"href":"https:\/\/puurexloo.nl\/de\/wp-json\/wp\/v2\/media?parent=27151"}],"curies":[{"name":"wp","href":"https:\/\/api.w.org\/{rel}","templated":true}]}}