{"id":30672,"date":"2024-11-06T15:12:32","date_gmt":"2024-11-06T14:12:32","guid":{"rendered":"https:\/\/puurexloo.nl\/japanische-kueche-sushi-schuesseln\/"},"modified":"2024-11-06T15:12:32","modified_gmt":"2024-11-06T14:12:32","slug":"japanische-kueche-sushi-schuesseln","status":"publish","type":"page","link":"https:\/\/puurexloo.nl\/de\/japanische-kueche-sushi-schuesseln\/","title":{"rendered":"Japanische K\u00fcche\/ Sushi &amp; Sch\u00fcsseln"},"content":{"rendered":"\t\t<div data-elementor-type=\"wp-page\" data-elementor-id=\"30672\" class=\"elementor elementor-30672\" data-elementor-post-type=\"page\">\n\t\t\t\t\t\t<section class=\"elementor-section elementor-top-section elementor-element elementor-element-9b248fa elementor-section-boxed elementor-section-height-default elementor-section-height-default\" data-id=\"9b248fa\" data-element_type=\"section\">\n\t\t\t\t\t\t<div class=\"elementor-container elementor-column-gap-default\">\n\t\t\t\t\t<div class=\"elementor-column elementor-col-100 elementor-top-column elementor-element elementor-element-e86f45d\" data-id=\"e86f45d\" data-element_type=\"column\">\n\t\t\t<div class=\"elementor-widget-wrap elementor-element-populated\">\n\t\t\t\t\t\t<div class=\"elementor-element elementor-element-77af3ad elementor-widget elementor-widget-global elementor-global-13217 elementor-widget-heading\" data-id=\"77af3ad\" data-element_type=\"widget\" data-widget_type=\"heading.default\">\n\t\t\t\t<div class=\"elementor-widget-container\">\n\t\t\t\t\t<h2 class=\"elementor-heading-title elementor-size-default\">Je gaat nu bestellen bij<\/h2>\t\t\t\t<\/div>\n\t\t\t\t<\/div>\n\t\t\t\t\t<\/div>\n\t\t<\/div>\n\t\t\t\t\t<\/div>\n\t\t<\/section>\n\t\t\t\t<section class=\"elementor-section elementor-top-section elementor-element elementor-element-e85810d elementor-section-boxed elementor-section-height-default elementor-section-height-default\" data-id=\"e85810d\" data-element_type=\"section\">\n\t\t\t\t\t\t<div class=\"elementor-container elementor-column-gap-default\">\n\t\t\t\t\t<div class=\"elementor-column elementor-col-100 elementor-top-column elementor-element elementor-element-28094d6\" data-id=\"28094d6\" data-element_type=\"column\">\n\t\t\t<div class=\"elementor-widget-wrap elementor-element-populated\">\n\t\t\t\t\t\t<section class=\"elementor-section elementor-inner-section elementor-element elementor-element-6c7780e elementor-section-boxed elementor-section-height-default elementor-section-height-default\" data-id=\"6c7780e\" data-element_type=\"section\">\n\t\t\t\t\t\t<div class=\"elementor-container elementor-column-gap-default\">\n\t\t\t\t\t<div class=\"elementor-column elementor-col-33 elementor-inner-column elementor-element elementor-element-88f7908\" data-id=\"88f7908\" data-element_type=\"column\">\n\t\t\t<div class=\"elementor-widget-wrap elementor-element-populated\">\n\t\t\t\t\t\t<div class=\"elementor-element elementor-element-aefb949 elementor-widget elementor-widget-image\" data-id=\"aefb949\" data-element_type=\"widget\" data-widget_type=\"image.default\">\n\t\t\t\t<div class=\"elementor-widget-container\">\n\t\t\t\t\t\t\t\t\t\t\t\t\t\t\t<img fetchpriority=\"high\" decoding=\"async\" width=\"576\" height=\"675\" src=\"https:\/\/puurexloo.nl\/wp-content\/uploads\/2024\/06\/Logo-DoreMie.png\" class=\"attachment-large size-large wp-image-25244\" alt=\"\" \/>\t\t\t\t\t\t\t\t\t\t\t\t\t\t\t<\/div>\n\t\t\t\t<\/div>\n\t\t\t\t\t<\/div>\n\t\t<\/div>\n\t\t\t\t<div class=\"elementor-column elementor-col-66 elementor-inner-column elementor-element elementor-element-a348b70\" data-id=\"a348b70\" data-element_type=\"column\">\n\t\t\t<div class=\"elementor-widget-wrap elementor-element-populated\">\n\t\t\t\t\t\t<div class=\"elementor-element elementor-element-7b167ee elementor-widget elementor-widget-text-editor\" data-id=\"7b167ee\" data-element_type=\"widget\" data-widget_type=\"text-editor.default\">\n\t\t\t\t<div class=\"elementor-widget-container\">\n\t\t\t\t\t\t\t\t\t<p><strong>Dor\u00e9-Mie <\/strong>\u00f6ffnete 2021 seine T\u00fcren im Herzen von Klazienaveen. Dor\u00e9, frei \u00fcbersetzt aus dem Japanischen, bedeutet &#8216;wiederholen&#8217; und &#8216;Mie&#8217; bezieht sich auf japanische\/chinesische Nudeln. Dies spiegelt das Ziel wider, n\u00e4mlich dass die Menschen nach einem ersten Besuch gerne wiederkommen.  <\/p>\n<p><strong>Lieferbedingungen<\/strong><\/p>\n<ul>\n<li><u>Heute vor 14:00 Uhr bestellt, wird heute zwischen 16:00 und 18:00 Uhr geliefert.<\/u><\/li>\n<li><u><u>Lieferung nur am Freitag, Samstag und Sonntag<\/u><br \/><\/u><\/li>\n<li>Bitte geben Sie unter Anmerkungen das gew\u00fcnschte Lieferdatum ein<\/li>\n<li>Bestellungen, die nach 14:00 Uhr f\u00fcr denselben Tag aufgegeben werden, werden automatisch storniert (kontaktieren Sie Dor\u00e9-Mie f\u00fcr weitere Optionen)<\/li>\n<\/ul>\n<p>Bei Fragen zu Ihrer Bestellung oder zu gr\u00f6\u00dferen Bestellungen an anderen Tagen, wenden Sie sich bitte direkt an <em><strong>Dor\u00e9-Mie<\/strong><\/em> \u00fcber: <strong><em>0591 &#8211; 224 487<\/em><\/strong>.<\/p>\n<p>F\u00fcr die verschiedenen Ma\u00dfst\u00e4be <strong><em>\u20ac 9,9<\/em><em>0<\/em><\/strong> zu <strong><em>Pfanne auf Leihbasis<\/em><\/strong> Geb\u00fchr. Sie k\u00f6nnen die Pfannen w\u00e4hrend der <a href=\"https:\/\/puurexloo.nl\/de\/service-kontakt\/\">\u00d6ffnungszeiten<\/a> im G\u00e4stehaus abgeben, bitte geben Sie die Bestellnummer an. Das Geld wird dann auf die Kontonummer zur\u00fcckerstattet, mit der Sie die Bestellung bezahlt haben.  <\/p>\n<p><u><b>Bitte beachten Sie, dass ein Mindestbestellwert von 40,00 \u20ac gilt!  <\/b><\/u><\/p>\n\t\t\t\t\t\t\t\t<\/div>\n\t\t\t\t<\/div>\n\t\t\t\t\t<\/div>\n\t\t<\/div>\n\t\t\t\t\t<\/div>\n\t\t<\/section>\n\t\t\t\t\t<\/div>\n\t\t<\/div>\n\t\t\t\t\t<\/div>\n\t\t<\/section>\n\t\t\t\t<section class=\"elementor-section elementor-top-section elementor-element elementor-element-58086be elementor-section-boxed elementor-section-height-default elementor-section-height-default\" data-id=\"58086be\" data-element_type=\"section\">\n\t\t\t\t\t\t<div class=\"elementor-container elementor-column-gap-default\">\n\t\t\t\t\t<div class=\"elementor-column elementor-col-100 elementor-top-column elementor-element elementor-element-160890a\" data-id=\"160890a\" data-element_type=\"column\">\n\t\t\t<div class=\"elementor-widget-wrap elementor-element-populated\">\n\t\t\t\t\t\t<section class=\"elementor-section elementor-inner-section elementor-element elementor-element-3fc88ce elementor-section-boxed elementor-section-height-default elementor-section-height-default\" data-id=\"3fc88ce\" data-element_type=\"section\">\n\t\t\t\t\t\t<div class=\"elementor-container elementor-column-gap-default\">\n\t\t\t\t\t<div class=\"elementor-column elementor-col-33 elementor-inner-column elementor-element elementor-element-05b90e5\" data-id=\"05b90e5\" data-element_type=\"column\">\n\t\t\t<div class=\"elementor-widget-wrap elementor-element-populated\">\n\t\t\t\t\t\t<div class=\"elementor-element elementor-element-c5ff443 elementor-cta--skin-cover elementor-animated-content elementor-bg-transform elementor-bg-transform-zoom-in elementor-widget elementor-widget-call-to-action\" data-id=\"c5ff443\" data-element_type=\"widget\" data-widget_type=\"call-to-action.default\">\n\t\t\t\t<div class=\"elementor-widget-container\">\n\t\t\t\t\t\t\t<a class=\"elementor-cta\" href=\"https:\/\/puurexloo.nl\/de\/pokebowls\/\">\n\t\t\t\t\t<div class=\"elementor-cta__bg-wrapper\">\n\t\t\t\t<div class=\"elementor-cta__bg elementor-bg\" style=\"background-image: url(https:\/\/puurexloo.nl\/wp-content\/uploads\/2024\/06\/Sweet-Salmon.jpg);\" role=\"img\" aria-label=\"Sweet Salmon\"><\/div>\n\t\t\t\t<div class=\"elementor-cta__bg-overlay\"><\/div>\n\t\t\t<\/div>\n\t\t\t\t\t\t\t<div class=\"elementor-cta__content\">\n\t\t\t\t\n\t\t\t\t\t\t\t\t\t<h2 class=\"elementor-cta__title elementor-cta__content-item elementor-content-item elementor-animated-item--grow\">\n\t\t\t\t\t\tPok\u00e9bowls\t\t\t\t\t<\/h2>\n\t\t\t\t\n\t\t\t\t\n\t\t\t\t\t\t\t<\/div>\n\t\t\t\t\t\t<\/a>\n\t\t\t\t\t\t<\/div>\n\t\t\t\t<\/div>\n\t\t\t\t\t<\/div>\n\t\t<\/div>\n\t\t\t\t<div class=\"elementor-column elementor-col-33 elementor-inner-column elementor-element elementor-element-dd6d416\" data-id=\"dd6d416\" data-element_type=\"column\">\n\t\t\t<div class=\"elementor-widget-wrap elementor-element-populated\">\n\t\t\t\t\t\t<div class=\"elementor-element elementor-element-6b3848a elementor-cta--skin-cover elementor-animated-content elementor-bg-transform elementor-bg-transform-zoom-in elementor-widget elementor-widget-call-to-action\" data-id=\"6b3848a\" data-element_type=\"widget\" data-widget_type=\"call-to-action.default\">\n\t\t\t\t<div class=\"elementor-widget-container\">\n\t\t\t\t\t\t\t<a class=\"elementor-cta\" href=\"https:\/\/puurexloo.nl\/dragon-rolls\/\">\n\t\t\t\t\t<div class=\"elementor-cta__bg-wrapper\">\n\t\t\t\t<div class=\"elementor-cta__bg elementor-bg\" style=\"background-image: url(https:\/\/puurexloo.nl\/wp-content\/uploads\/2024\/06\/image_123650291-32.jpg);\" role=\"img\" aria-label=\"image_123650291 (32)\"><\/div>\n\t\t\t\t<div class=\"elementor-cta__bg-overlay\"><\/div>\n\t\t\t<\/div>\n\t\t\t\t\t\t\t<div class=\"elementor-cta__content\">\n\t\t\t\t\n\t\t\t\t\t\t\t\t\t<h2 class=\"elementor-cta__title elementor-cta__content-item elementor-content-item elementor-animated-item--grow\">\n\t\t\t\t\t\tSushi \/ Drachenrollen\t\t\t\t\t<\/h2>\n\t\t\t\t\n\t\t\t\t\n\t\t\t\t\t\t\t<\/div>\n\t\t\t\t\t\t<\/a>\n\t\t\t\t\t\t<\/div>\n\t\t\t\t<\/div>\n\t\t\t\t\t<\/div>\n\t\t<\/div>\n\t\t\t\t<div class=\"elementor-column elementor-col-33 elementor-inner-column elementor-element elementor-element-074405e\" data-id=\"074405e\" data-element_type=\"column\">\n\t\t\t<div class=\"elementor-widget-wrap elementor-element-populated\">\n\t\t\t\t\t\t<div class=\"elementor-element elementor-element-4528089 elementor-cta--skin-cover elementor-animated-content elementor-bg-transform elementor-bg-transform-zoom-in elementor-widget elementor-widget-call-to-action\" data-id=\"4528089\" data-element_type=\"widget\" data-widget_type=\"call-to-action.default\">\n\t\t\t\t<div class=\"elementor-widget-container\">\n\t\t\t\t\t\t\t<a class=\"elementor-cta\" href=\"https:\/\/puurexloo.nl\/de\/verschiedene-boxen\/\">\n\t\t\t\t\t<div class=\"elementor-cta__bg-wrapper\">\n\t\t\t\t<div class=\"elementor-cta__bg elementor-bg\" style=\"background-image: url(https:\/\/puurexloo.nl\/wp-content\/uploads\/2024\/06\/Chef_special-Box-logo.jpg);\" role=\"img\" aria-label=\"Chef_special Box logo\"><\/div>\n\t\t\t\t<div class=\"elementor-cta__bg-overlay\"><\/div>\n\t\t\t<\/div>\n\t\t\t\t\t\t\t<div class=\"elementor-cta__content\">\n\t\t\t\t\n\t\t\t\t\t\t\t\t\t<h2 class=\"elementor-cta__title elementor-cta__content-item elementor-content-item elementor-animated-item--grow\">\n\t\t\t\t\t\tVerschiedene Boxen\t\t\t\t\t<\/h2>\n\t\t\t\t\n\t\t\t\t\n\t\t\t\t\t\t\t<\/div>\n\t\t\t\t\t\t<\/a>\n\t\t\t\t\t\t<\/div>\n\t\t\t\t<\/div>\n\t\t\t\t\t<\/div>\n\t\t<\/div>\n\t\t\t\t\t<\/div>\n\t\t<\/section>\n\t\t\t\t<section class=\"elementor-section elementor-inner-section elementor-element elementor-element-cc31a8b elementor-section-boxed elementor-section-height-default elementor-section-height-default\" data-id=\"cc31a8b\" data-element_type=\"section\">\n\t\t\t\t\t\t<div class=\"elementor-container elementor-column-gap-default\">\n\t\t\t\t\t<div class=\"elementor-column elementor-col-33 elementor-inner-column elementor-element elementor-element-4856fd2\" data-id=\"4856fd2\" data-element_type=\"column\">\n\t\t\t<div class=\"elementor-widget-wrap elementor-element-populated\">\n\t\t\t\t\t\t<div class=\"elementor-element elementor-element-dc01a8f elementor-cta--skin-cover elementor-animated-content elementor-bg-transform elementor-bg-transform-zoom-in elementor-widget elementor-widget-call-to-action\" data-id=\"dc01a8f\" data-element_type=\"widget\" data-widget_type=\"call-to-action.default\">\n\t\t\t\t<div class=\"elementor-widget-container\">\n\t\t\t\t\t\t\t<a class=\"elementor-cta\" href=\"https:\/\/puurexloo.nl\/de\/verschiedene-skalen\/\">\n\t\t\t\t\t<div class=\"elementor-cta__bg-wrapper\">\n\t\t\t\t<div class=\"elementor-cta__bg elementor-bg\" style=\"background-image: url(https:\/\/puurexloo.nl\/wp-content\/uploads\/2024\/06\/Japas-Japanse-tapas.jpg);\" role=\"img\" aria-label=\"Japas (Japanse tapas)\"><\/div>\n\t\t\t\t<div class=\"elementor-cta__bg-overlay\"><\/div>\n\t\t\t<\/div>\n\t\t\t\t\t\t\t<div class=\"elementor-cta__content\">\n\t\t\t\t\n\t\t\t\t\t\t\t\t\t<h2 class=\"elementor-cta__title elementor-cta__content-item elementor-content-item elementor-animated-item--grow\">\n\t\t\t\t\t\tVerschiedene Skalen\t\t\t\t\t<\/h2>\n\t\t\t\t\n\t\t\t\t\n\t\t\t\t\t\t\t<\/div>\n\t\t\t\t\t\t<\/a>\n\t\t\t\t\t\t<\/div>\n\t\t\t\t<\/div>\n\t\t\t\t\t<\/div>\n\t\t<\/div>\n\t\t\t\t<div class=\"elementor-column elementor-col-33 elementor-inner-column elementor-element elementor-element-402073e\" data-id=\"402073e\" data-element_type=\"column\">\n\t\t\t<div class=\"elementor-widget-wrap elementor-element-populated\">\n\t\t\t\t\t\t<div class=\"elementor-element elementor-element-59c481c elementor-cta--skin-cover elementor-animated-content elementor-bg-transform elementor-bg-transform-zoom-in elementor-widget elementor-widget-call-to-action\" data-id=\"59c481c\" data-element_type=\"widget\" data-widget_type=\"call-to-action.default\">\n\t\t\t\t<div class=\"elementor-widget-container\">\n\t\t\t\t\t\t\t<a class=\"elementor-cta\" href=\"https:\/\/puurexloo.nl\/de\/desserts\/\">\n\t\t\t\t\t<div class=\"elementor-cta__bg-wrapper\">\n\t\t\t\t<div class=\"elementor-cta__bg elementor-bg\" style=\"background-image: url(https:\/\/puurexloo.nl\/wp-content\/uploads\/2024\/06\/Dessert-Japanse-Cheese-Cake-Chocolate-Small.jpg);\" role=\"img\" aria-label=\"Dessert Japanse Cheese Cake Chocolate Small\"><\/div>\n\t\t\t\t<div class=\"elementor-cta__bg-overlay\"><\/div>\n\t\t\t<\/div>\n\t\t\t\t\t\t\t<div class=\"elementor-cta__content\">\n\t\t\t\t\n\t\t\t\t\t\t\t\t\t<h2 class=\"elementor-cta__title elementor-cta__content-item elementor-content-item elementor-animated-item--grow\">\n\t\t\t\t\t\tDesserts\t\t\t\t\t<\/h2>\n\t\t\t\t\n\t\t\t\t\n\t\t\t\t\t\t\t<\/div>\n\t\t\t\t\t\t<\/a>\n\t\t\t\t\t\t<\/div>\n\t\t\t\t<\/div>\n\t\t\t\t\t<\/div>\n\t\t<\/div>\n\t\t\t\t<div class=\"elementor-column elementor-col-33 elementor-inner-column elementor-element elementor-element-fa21e7c\" data-id=\"fa21e7c\" data-element_type=\"column\">\n\t\t\t<div class=\"elementor-widget-wrap elementor-element-populated\">\n\t\t\t\t\t\t<div class=\"elementor-element elementor-element-fe0e26f elementor-cta--skin-cover elementor-animated-content elementor-bg-transform elementor-bg-transform-zoom-in elementor-widget elementor-widget-call-to-action\" data-id=\"fe0e26f\" data-element_type=\"widget\" data-widget_type=\"call-to-action.default\">\n\t\t\t\t<div class=\"elementor-widget-container\">\n\t\t\t\t\t\t\t<a class=\"elementor-cta\" href=\"https:\/\/puurexloo.nl\/de\/alkoholfreie-getraenke\/\">\n\t\t\t\t\t<div class=\"elementor-cta__bg-wrapper\">\n\t\t\t\t<div class=\"elementor-cta__bg elementor-bg\" style=\"background-image: url(https:\/\/puurexloo.nl\/wp-content\/uploads\/2024\/06\/pepsi-330.jpeg);\" role=\"img\" aria-label=\"pepsi 330\"><\/div>\n\t\t\t\t<div class=\"elementor-cta__bg-overlay\"><\/div>\n\t\t\t<\/div>\n\t\t\t\t\t\t\t<div class=\"elementor-cta__content\">\n\t\t\t\t\n\t\t\t\t\t\t\t\t\t<h2 class=\"elementor-cta__title elementor-cta__content-item elementor-content-item elementor-animated-item--grow\">\n\t\t\t\t\t\tAlkoholfreie Getr\u00e4nke\t\t\t\t\t<\/h2>\n\t\t\t\t\n\t\t\t\t\n\t\t\t\t\t\t\t<\/div>\n\t\t\t\t\t\t<\/a>\n\t\t\t\t\t\t<\/div>\n\t\t\t\t<\/div>\n\t\t\t\t\t<\/div>\n\t\t<\/div>\n\t\t\t\t\t<\/div>\n\t\t<\/section>\n\t\t\t\t<section class=\"elementor-section elementor-inner-section elementor-element elementor-element-eef6c9a elementor-section-boxed elementor-section-height-default elementor-section-height-default\" data-id=\"eef6c9a\" data-element_type=\"section\">\n\t\t\t\t\t\t<div class=\"elementor-container elementor-column-gap-default\">\n\t\t\t\t\t<div class=\"elementor-column elementor-col-33 elementor-inner-column elementor-element elementor-element-ad85595\" data-id=\"ad85595\" data-element_type=\"column\">\n\t\t\t<div class=\"elementor-widget-wrap\">\n\t\t\t\t\t\t\t<\/div>\n\t\t<\/div>\n\t\t\t\t<div class=\"elementor-column elementor-col-33 elementor-inner-column elementor-element elementor-element-efee780\" data-id=\"efee780\" data-element_type=\"column\">\n\t\t\t<div class=\"elementor-widget-wrap\">\n\t\t\t\t\t\t\t<\/div>\n\t\t<\/div>\n\t\t\t\t<div class=\"elementor-column elementor-col-33 elementor-inner-column elementor-element elementor-element-b82bcc6\" data-id=\"b82bcc6\" data-element_type=\"column\">\n\t\t\t<div class=\"elementor-widget-wrap\">\n\t\t\t\t\t\t\t<\/div>\n\t\t<\/div>\n\t\t\t\t\t<\/div>\n\t\t<\/section>\n\t\t\t\t\t<\/div>\n\t\t<\/div>\n\t\t\t\t\t<\/div>\n\t\t<\/section>\n\t\t\t\t<\/div>\n\t\t","protected":false},"excerpt":{"rendered":"<p>Je gaat nu bestellen bij Dor\u00e9-Mie \u00f6ffnete 2021 seine T\u00fcren im Herzen von Klazienaveen. Dor\u00e9, frei \u00fcbersetzt aus dem Japanischen, bedeutet &#8216;wiederholen&#8217; und &#8216;Mie&#8217; bezieht sich auf japanische\/chinesische Nudeln. Dies spiegelt das Ziel wider, n\u00e4mlich dass die Menschen nach einem ersten Besuch gerne wiederkommen. Lieferbedingungen Heute vor 14:00 Uhr bestellt, wird heute zwischen 16:00 und [&hellip;]<\/p>\n","protected":false},"author":27,"featured_media":0,"parent":0,"menu_order":0,"comment_status":"closed","ping_status":"closed","template":"","meta":{"footnotes":""},"class_list":["post-30672","page","type-page","status-publish","hentry"],"_links":{"self":[{"href":"https:\/\/puurexloo.nl\/de\/wp-json\/wp\/v2\/pages\/30672","targetHints":{"allow":["GET"]}}],"collection":[{"href":"https:\/\/puurexloo.nl\/de\/wp-json\/wp\/v2\/pages"}],"about":[{"href":"https:\/\/puurexloo.nl\/de\/wp-json\/wp\/v2\/types\/page"}],"author":[{"embeddable":true,"href":"https:\/\/puurexloo.nl\/de\/wp-json\/wp\/v2\/users\/27"}],"replies":[{"embeddable":true,"href":"https:\/\/puurexloo.nl\/de\/wp-json\/wp\/v2\/comments?post=30672"}],"version-history":[{"count":1,"href":"https:\/\/puurexloo.nl\/de\/wp-json\/wp\/v2\/pages\/30672\/revisions"}],"predecessor-version":[{"id":30677,"href":"https:\/\/puurexloo.nl\/de\/wp-json\/wp\/v2\/pages\/30672\/revisions\/30677"}],"wp:attachment":[{"href":"https:\/\/puurexloo.nl\/de\/wp-json\/wp\/v2\/media?parent=30672"}],"curies":[{"name":"wp","href":"https:\/\/api.w.org\/{rel}","templated":true}]}}