{"id":30801,"date":"2024-11-06T16:09:06","date_gmt":"2024-11-06T15:09:06","guid":{"rendered":"https:\/\/puurexloo.nl\/drenthe-quizzz-online\/"},"modified":"2024-11-06T16:09:10","modified_gmt":"2024-11-06T15:09:10","slug":"drenthe-quizzz-online","status":"publish","type":"page","link":"https:\/\/puurexloo.nl\/de\/drenthe-quizzz-online\/","title":{"rendered":"Drenthe Quizzz &#8211; Online"},"content":{"rendered":"\t\t<div data-elementor-type=\"wp-page\" data-elementor-id=\"30801\" class=\"elementor elementor-30801 elementor-14010\" data-elementor-post-type=\"page\">\n\t\t\t\t\t\t<section class=\"elementor-section elementor-top-section elementor-element elementor-element-b5387db elementor-section-boxed elementor-section-height-default elementor-section-height-default\" data-id=\"b5387db\" data-element_type=\"section\">\n\t\t\t\t\t\t<div class=\"elementor-container elementor-column-gap-default\">\n\t\t\t\t\t<div class=\"elementor-column elementor-col-100 elementor-top-column elementor-element elementor-element-82f30fe\" data-id=\"82f30fe\" data-element_type=\"column\">\n\t\t\t<div class=\"elementor-widget-wrap elementor-element-populated\">\n\t\t\t\t\t\t<section class=\"elementor-section elementor-inner-section elementor-element elementor-element-1bebe75 elementor-section-boxed elementor-section-height-default elementor-section-height-default\" data-id=\"1bebe75\" data-element_type=\"section\">\n\t\t\t\t\t\t<div class=\"elementor-container elementor-column-gap-default\">\n\t\t\t\t\t<div class=\"elementor-column elementor-col-33 elementor-inner-column elementor-element elementor-element-3757bc3\" data-id=\"3757bc3\" data-element_type=\"column\">\n\t\t\t<div class=\"elementor-widget-wrap elementor-element-populated\">\n\t\t\t\t\t\t<div class=\"elementor-element elementor-element-acfd74a elementor-widget elementor-widget-image\" data-id=\"acfd74a\" data-element_type=\"widget\" data-widget_type=\"image.default\">\n\t\t\t\t<div class=\"elementor-widget-container\">\n\t\t\t\t\t\t\t\t\t\t\t\t\t\t\t<img fetchpriority=\"high\" decoding=\"async\" width=\"600\" height=\"450\" src=\"https:\/\/puurexloo.nl\/wp-content\/uploads\/2021\/08\/Borger-Grootste-Hunebed-600x450.jpg\" class=\"attachment-woocommerce_single size-woocommerce_single wp-image-2593\" alt=\"\" srcset=\"https:\/\/puurexloo.nl\/wp-content\/uploads\/2021\/08\/Borger-Grootste-Hunebed-600x450.jpg 600w, https:\/\/puurexloo.nl\/wp-content\/uploads\/2021\/08\/Borger-Grootste-Hunebed.jpg 768w\" sizes=\"(max-width: 600px) 100vw, 600px\" \/>\t\t\t\t\t\t\t\t\t\t\t\t\t\t\t<\/div>\n\t\t\t\t<\/div>\n\t\t\t\t\t<\/div>\n\t\t<\/div>\n\t\t\t\t<div class=\"elementor-column elementor-col-33 elementor-inner-column elementor-element elementor-element-ce6de81\" data-id=\"ce6de81\" data-element_type=\"column\">\n\t\t\t<div class=\"elementor-widget-wrap elementor-element-populated\">\n\t\t\t\t\t\t<div class=\"elementor-element elementor-element-5e25bb9 elementor-widget elementor-widget-image\" data-id=\"5e25bb9\" data-element_type=\"widget\" data-widget_type=\"image.default\">\n\t\t\t\t<div class=\"elementor-widget-container\">\n\t\t\t\t\t\t\t\t\t\t\t\t\t\t\t<img decoding=\"async\" width=\"600\" height=\"400\" src=\"https:\/\/puurexloo.nl\/wp-content\/uploads\/2022\/10\/puurgenieten-achtergrond-schapen-600x400.jpg\" class=\"attachment-woocommerce_single size-woocommerce_single wp-image-7740\" alt=\"\" srcset=\"https:\/\/puurexloo.nl\/wp-content\/uploads\/2022\/10\/puurgenieten-achtergrond-schapen-600x400.jpg 600w, https:\/\/puurexloo.nl\/wp-content\/uploads\/2022\/10\/puurgenieten-achtergrond-schapen-768x512.jpg 768w, https:\/\/puurexloo.nl\/wp-content\/uploads\/2022\/10\/puurgenieten-achtergrond-schapen-1536x1024.jpg 1536w, https:\/\/puurexloo.nl\/wp-content\/uploads\/2022\/10\/puurgenieten-achtergrond-schapen.jpg 1920w\" sizes=\"(max-width: 600px) 100vw, 600px\" \/>\t\t\t\t\t\t\t\t\t\t\t\t\t\t\t<\/div>\n\t\t\t\t<\/div>\n\t\t\t\t\t<\/div>\n\t\t<\/div>\n\t\t\t\t<div class=\"elementor-column elementor-col-33 elementor-inner-column elementor-element elementor-element-5e9d694\" data-id=\"5e9d694\" data-element_type=\"column\">\n\t\t\t<div class=\"elementor-widget-wrap elementor-element-populated\">\n\t\t\t\t\t\t<div class=\"elementor-element elementor-element-b6217e9 elementor-widget elementor-widget-image\" data-id=\"b6217e9\" data-element_type=\"widget\" data-widget_type=\"image.default\">\n\t\t\t\t<div class=\"elementor-widget-container\">\n\t\t\t\t\t\t\t\t\t\t\t\t\t\t\t<img decoding=\"async\" width=\"600\" height=\"397\" src=\"https:\/\/puurexloo.nl\/wp-content\/uploads\/2023\/07\/Mammoet-600x397.jpg\" class=\"attachment-woocommerce_single size-woocommerce_single wp-image-14014\" alt=\"\" srcset=\"https:\/\/puurexloo.nl\/wp-content\/uploads\/2023\/07\/Mammoet-600x397.jpg 600w, https:\/\/puurexloo.nl\/wp-content\/uploads\/2023\/07\/Mammoet.jpg 640w\" sizes=\"(max-width: 600px) 100vw, 600px\" \/>\t\t\t\t\t\t\t\t\t\t\t\t\t\t\t<\/div>\n\t\t\t\t<\/div>\n\t\t\t\t\t<\/div>\n\t\t<\/div>\n\t\t\t\t\t<\/div>\n\t\t<\/section>\n\t\t\t\t<div class=\"elementor-element elementor-element-43e1485 elementor-widget__width-initial elementor-widget elementor-widget-text-editor\" data-id=\"43e1485\" data-element_type=\"widget\" data-widget_type=\"text-editor.default\">\n\t\t\t\t<div class=\"elementor-widget-container\">\n\t\t\t\t\t\t\t\t\t<p style=\"text-align: left;\"><strong><br \/>Nehmen Sie am Drenthe Quizzz teil und gewinnen Sie ein leckeres Drenthe-Paket! <\/strong>Dieses Paket wurde zusammengestellt von der <span style=\"color: #916188;\"><a style=\"color: #916188;\" href=\"https:\/\/landwinkelexloo.nl\/\">Landwinkel Exloo<\/a><\/span>.<\/p>\n<h6 style=\"text-align: left;\"><strong>Wenn<\/strong><\/h6>\n<ul>\n<li>Dienstagabend, 27. August<\/li>\n<\/ul>\n<h6 style=\"text-align: left;\"><strong>Zeit<\/strong><\/h6>\n<p>Von 20:00h bis +- 20:30h.<\/p>\n<p style=\"text-align: left;\"><b style=\"font-size: 1rem; font-family: 'Open Sans', sans-serif;\">Information &amp; Anmeldung<\/b><\/p>\n<p style=\"text-align: left;\">Die Anmeldung ist bis sp\u00e4testens 17:00 Uhr am Tag des Quizzz \u00fcber das untenstehende Anmeldeformular m\u00f6glich. <br \/><em><strong><span style=\"text-decoration-line: underline;\">Bitte beachten Sie<\/span>: max. 1 Teilnehmer pro Villa erlaubt!<\/strong><\/em><\/p>\n<p style=\"text-align: left;\">Am Tag, an dem das Quizzz stattfindet, erhalten Sie gegen 19:45 Uhr eine E-Mail mit allen notwendigen Informationen zur Teilnahme.  <br \/>Das Einzige, worum Sie sich dann k\u00fcmmern m\u00fcssen, ist, rechtzeitig zum Start bereit zu sein!  <\/p>\n<p style=\"text-align: left;\">Nach dem Quizzz werden die richtigen Antworten &#8211; zusammen mit einigen lustigen Fakten &#8211; per E-Mail an alle Teilnehmer geschickt.<\/p>\n<p style=\"text-align: left;\"><em><strong>Der Gewinner wird pers\u00f6nlich kontaktiert<\/strong><\/em><\/p>\n\t\t\t\t\t\t\t\t<\/div>\n\t\t\t\t<\/div>\n\t\t\t\t<div class=\"elementor-element elementor-element-05771aa elementor-button-align-stretch elementor-widget elementor-widget-form\" data-id=\"05771aa\" data-element_type=\"widget\" data-settings=\"{&quot;step_next_label&quot;:&quot;N\\u00e4chste&quot;,&quot;step_previous_label&quot;:&quot;Vorherige&quot;,&quot;button_width&quot;:&quot;100&quot;,&quot;step_type&quot;:&quot;number_text&quot;,&quot;step_icon_shape&quot;:&quot;circle&quot;}\" data-widget_type=\"form.default\">\n\t\t\t\t<div class=\"elementor-widget-container\">\n\t\t\t\t\t\t\t<form class=\"elementor-form\" method=\"post\" name=\"Anmeldeformular Drenthe Quizzz\" aria-label=\"Anmeldeformular Drenthe Quizzz\">\n\t\t\t<input type=\"hidden\" name=\"post_id\" value=\"30801\"\/>\n\t\t\t<input type=\"hidden\" name=\"form_id\" value=\"05771aa\"\/>\n\t\t\t<input type=\"hidden\" name=\"referer_title\" value=\"\" \/>\n\n\t\t\t\n\t\t\t<div class=\"elementor-form-fields-wrapper elementor-labels-above\">\n\t\t\t\t\t\t\t\t<div class=\"elementor-field-type-text elementor-field-group elementor-column elementor-field-group-name elementor-col-100 elementor-field-required elementor-mark-required\">\n\t\t\t\t\t\t\t\t\t\t\t\t<label for=\"form-field-name\" class=\"elementor-field-label\">\n\t\t\t\t\t\t\t\tName\t\t\t\t\t\t\t<\/label>\n\t\t\t\t\t\t\t\t\t\t\t\t\t\t<input size=\"1\" type=\"text\" name=\"form_fields[name]\" id=\"form-field-name\" class=\"elementor-field elementor-size-xs  elementor-field-textual\" placeholder=\"Name\" required=\"required\">\n\t\t\t\t\t\t\t\t\t\t\t<\/div>\n\t\t\t\t\t\t\t\t<div class=\"elementor-field-type-number elementor-field-group elementor-column elementor-field-group-field_ee13f91 elementor-col-100 elementor-field-required elementor-mark-required\">\n\t\t\t\t\t\t\t\t\t\t\t\t<label for=\"form-field-field_ee13f91\" class=\"elementor-field-label\">\n\t\t\t\t\t\t\t\tVillanummer\t\t\t\t\t\t\t<\/label>\n\t\t\t\t\t\t\t\t\t<input type=\"number\" name=\"form_fields[field_ee13f91]\" id=\"form-field-field_ee13f91\" class=\"elementor-field elementor-size-xs  elementor-field-textual\" placeholder=\"Villanummer\" required=\"required\" min=\"\" max=\"\" >\n\t\t\t\t\t\t<\/div>\n\t\t\t\t\t\t\t\t<div class=\"elementor-field-type-tel elementor-field-group elementor-column elementor-field-group-field_3273678 elementor-col-100 elementor-field-required elementor-mark-required\">\n\t\t\t\t\t\t\t\t\t\t\t\t<label for=\"form-field-field_3273678\" class=\"elementor-field-label\">\n\t\t\t\t\t\t\t\tRufnummer\t\t\t\t\t\t\t<\/label>\n\t\t\t\t\t\t\t\t<input size=\"1\" type=\"tel\" name=\"form_fields[field_3273678]\" id=\"form-field-field_3273678\" class=\"elementor-field elementor-size-xs  elementor-field-textual\" placeholder=\"Rufnummer\" required=\"required\" pattern=\"[0-9()#&amp;+*-=.]+\" title=\"Nur Nummern oder Telefon-Zeichen (#, -, *, etc) werden akzeptiert.\">\n\n\t\t\t\t\t\t<\/div>\n\t\t\t\t\t\t\t\t<div class=\"elementor-field-type-email elementor-field-group elementor-column elementor-field-group-email elementor-col-100 elementor-field-required elementor-mark-required\">\n\t\t\t\t\t\t\t\t\t\t\t\t<label for=\"form-field-email\" class=\"elementor-field-label\">\n\t\t\t\t\t\t\t\tE-Mail\t\t\t\t\t\t\t<\/label>\n\t\t\t\t\t\t\t\t\t\t\t\t\t\t<input size=\"1\" type=\"email\" name=\"form_fields[email]\" id=\"form-field-email\" class=\"elementor-field elementor-size-xs  elementor-field-textual\" placeholder=\"E-Mail\" required=\"required\">\n\t\t\t\t\t\t\t\t\t\t\t<\/div>\n\t\t\t\t\t\t\t\t<div class=\"elementor-field-type-text elementor-field-group elementor-column elementor-field-group-field_95c4cbf elementor-col-100 elementor-field-required elementor-mark-required\">\n\t\t\t\t\t\t\t\t\t\t\t\t<label for=\"form-field-field_95c4cbf\" class=\"elementor-field-label\">\n\t\t\t\t\t\t\t\tQuiz Datum\t\t\t\t\t\t\t<\/label>\n\t\t\t\t\t\t\t\t\t\t\t\t\t\t<input size=\"1\" type=\"text\" name=\"form_fields[field_95c4cbf]\" id=\"form-field-field_95c4cbf\" class=\"elementor-field elementor-size-xs  elementor-field-textual\" placeholder=\"Quiz Datum\" required=\"required\">\n\t\t\t\t\t\t\t\t\t\t\t<\/div>\n\t\t\t\t\t\t\t\t<div class=\"elementor-field-group elementor-column elementor-field-type-submit elementor-col-100 e-form__buttons\">\n\t\t\t\t\t<button class=\"elementor-button elementor-size-sm\" type=\"submit\">\n\t\t\t\t\t\t<span class=\"elementor-button-content-wrapper\">\n\t\t\t\t\t\t\t\t\t\t\t\t\t\t\t\t\t\t\t\t\t\t<span class=\"elementor-button-text\">Registrieren Sie sich<\/span>\n\t\t\t\t\t\t\t\t\t\t\t\t\t<\/span>\n\t\t\t\t\t<\/button>\n\t\t\t\t<\/div>\n\t\t\t<\/div>\n\t\t<\/form>\n\t\t\t\t\t\t<\/div>\n\t\t\t\t<\/div>\n\t\t\t\t<section class=\"elementor-section elementor-inner-section elementor-element elementor-element-da9725e elementor-section-boxed elementor-section-height-default elementor-section-height-default\" data-id=\"da9725e\" data-element_type=\"section\">\n\t\t\t\t\t\t<div class=\"elementor-container elementor-column-gap-default\">\n\t\t\t\t\t<div class=\"elementor-column elementor-col-33 elementor-inner-column elementor-element elementor-element-b9cec36\" data-id=\"b9cec36\" data-element_type=\"column\">\n\t\t\t<div class=\"elementor-widget-wrap elementor-element-populated\">\n\t\t\t\t\t\t<div class=\"elementor-element elementor-element-f187d92 elementor-widget elementor-widget-image\" data-id=\"f187d92\" data-element_type=\"widget\" data-widget_type=\"image.default\">\n\t\t\t\t<div class=\"elementor-widget-container\">\n\t\t\t\t\t\t\t\t\t\t\t\t\t\t\t<img loading=\"lazy\" decoding=\"async\" width=\"600\" height=\"450\" src=\"https:\/\/puurexloo.nl\/wp-content\/uploads\/2023\/06\/Regio_01_196968-600x450.jpg\" class=\"attachment-woocommerce_single size-woocommerce_single wp-image-13727\" alt=\"\" srcset=\"https:\/\/puurexloo.nl\/wp-content\/uploads\/2023\/06\/Regio_01_196968-600x450.jpg 600w, https:\/\/puurexloo.nl\/wp-content\/uploads\/2023\/06\/Regio_01_196968-768x576.jpg 768w, https:\/\/puurexloo.nl\/wp-content\/uploads\/2023\/06\/Regio_01_196968-1536x1152.jpg 1536w, https:\/\/puurexloo.nl\/wp-content\/uploads\/2023\/06\/Regio_01_196968.jpg 2048w\" sizes=\"(max-width: 600px) 100vw, 600px\" \/>\t\t\t\t\t\t\t\t\t\t\t\t\t\t\t<\/div>\n\t\t\t\t<\/div>\n\t\t\t\t\t<\/div>\n\t\t<\/div>\n\t\t\t\t<div class=\"elementor-column elementor-col-33 elementor-inner-column elementor-element elementor-element-dba5832\" data-id=\"dba5832\" data-element_type=\"column\">\n\t\t\t<div class=\"elementor-widget-wrap elementor-element-populated\">\n\t\t\t\t\t\t<div class=\"elementor-element elementor-element-9437057 elementor-widget elementor-widget-image\" data-id=\"9437057\" data-element_type=\"widget\" data-widget_type=\"image.default\">\n\t\t\t\t<div class=\"elementor-widget-container\">\n\t\t\t\t\t\t\t\t\t\t\t\t\t\t\t<img loading=\"lazy\" decoding=\"async\" width=\"600\" height=\"400\" src=\"https:\/\/puurexloo.nl\/wp-content\/uploads\/2023\/07\/Schaap-600x400.jpg\" class=\"attachment-woocommerce_single size-woocommerce_single wp-image-14025\" alt=\"\" srcset=\"https:\/\/puurexloo.nl\/wp-content\/uploads\/2023\/07\/Schaap-600x400.jpg 600w, https:\/\/puurexloo.nl\/wp-content\/uploads\/2023\/07\/Schaap.jpg 640w\" sizes=\"(max-width: 600px) 100vw, 600px\" \/>\t\t\t\t\t\t\t\t\t\t\t\t\t\t\t<\/div>\n\t\t\t\t<\/div>\n\t\t\t\t\t<\/div>\n\t\t<\/div>\n\t\t\t\t<div class=\"elementor-column elementor-col-33 elementor-inner-column elementor-element elementor-element-a568dbd\" data-id=\"a568dbd\" data-element_type=\"column\">\n\t\t\t<div class=\"elementor-widget-wrap elementor-element-populated\">\n\t\t\t\t\t\t<div class=\"elementor-element elementor-element-6ab6a6b elementor-widget elementor-widget-image\" data-id=\"6ab6a6b\" data-element_type=\"widget\" data-widget_type=\"image.default\">\n\t\t\t\t<div class=\"elementor-widget-container\">\n\t\t\t\t\t\t\t\t\t\t\t\t\t\t\t<img loading=\"lazy\" decoding=\"async\" width=\"532\" height=\"640\" src=\"https:\/\/puurexloo.nl\/wp-content\/uploads\/2023\/07\/vincent-van-gogh-1089315_640.webp\" class=\"attachment-woocommerce_single size-woocommerce_single wp-image-14028\" alt=\"\" \/>\t\t\t\t\t\t\t\t\t\t\t\t\t\t\t<\/div>\n\t\t\t\t<\/div>\n\t\t\t\t\t<\/div>\n\t\t<\/div>\n\t\t\t\t\t<\/div>\n\t\t<\/section>\n\t\t\t\t\t<\/div>\n\t\t<\/div>\n\t\t\t\t\t<\/div>\n\t\t<\/section>\n\t\t\t\t<\/div>\n\t\t","protected":false},"excerpt":{"rendered":"<p>Nehmen Sie am Drenthe Quizzz teil und gewinnen Sie ein leckeres Drenthe-Paket! Dieses Paket wurde zusammengestellt von der Landwinkel Exloo. Wenn Dienstagabend, 27. August Zeit Von 20:00h bis +- 20:30h. Information &amp; Anmeldung Die Anmeldung ist bis sp\u00e4testens 17:00 Uhr am Tag des Quizzz \u00fcber das untenstehende Anmeldeformular m\u00f6glich. Bitte beachten Sie: max. 1 Teilnehmer [&hellip;]<\/p>\n","protected":false},"author":27,"featured_media":0,"parent":0,"menu_order":0,"comment_status":"closed","ping_status":"closed","template":"","meta":{"footnotes":""},"class_list":["post-30801","page","type-page","status-publish","hentry"],"_links":{"self":[{"href":"https:\/\/puurexloo.nl\/de\/wp-json\/wp\/v2\/pages\/30801","targetHints":{"allow":["GET"]}}],"collection":[{"href":"https:\/\/puurexloo.nl\/de\/wp-json\/wp\/v2\/pages"}],"about":[{"href":"https:\/\/puurexloo.nl\/de\/wp-json\/wp\/v2\/types\/page"}],"author":[{"embeddable":true,"href":"https:\/\/puurexloo.nl\/de\/wp-json\/wp\/v2\/users\/27"}],"replies":[{"embeddable":true,"href":"https:\/\/puurexloo.nl\/de\/wp-json\/wp\/v2\/comments?post=30801"}],"version-history":[{"count":2,"href":"https:\/\/puurexloo.nl\/de\/wp-json\/wp\/v2\/pages\/30801\/revisions"}],"predecessor-version":[{"id":30810,"href":"https:\/\/puurexloo.nl\/de\/wp-json\/wp\/v2\/pages\/30801\/revisions\/30810"}],"wp:attachment":[{"href":"https:\/\/puurexloo.nl\/de\/wp-json\/wp\/v2\/media?parent=30801"}],"curies":[{"name":"wp","href":"https:\/\/api.w.org\/{rel}","templated":true}]}}