{"id":22990,"date":"2024-04-24T16:59:30","date_gmt":"2024-04-24T14:59:30","guid":{"rendered":"https:\/\/puurexloo.nl\/?post_type=product&#038;p=22990"},"modified":"2024-11-06T16:09:11","modified_gmt":"2024-11-06T15:09:11","slug":"fibula-workshop","status":"publish","type":"product","link":"https:\/\/puurexloo.nl\/de\/product\/fibula-workshop\/","title":{"rendered":"Fibula Workshop"},"content":{"rendered":"","protected":false},"excerpt":{"rendered":"<p>M\u00f6chten Sie eine pr\u00e4historische Bastelwerkstatt f\u00fcr Ihren Urlaub kaufen? Dann k\u00f6nnte der Fibula-Workshop genau das Richtige f\u00fcr Sie sein! Pro Bestellung k\u00f6nnen bis zu 4 Fibeln hergestellt werden.  <\/p>\n<div>\n<div>\n<h6><b>Inhalt<\/b><\/h6>\n<ul>\n<li>1x Hunebed Tasche pro Bestellung<\/li>\n<li>Fibula Workshop<\/li>\n<\/ul>\n<\/div>\n<div>\n<h6><strong>Lieferzeiten<\/strong><\/h6>\n<ul>\n<li>\nM<strong>ontag bis Freitag<\/strong>: Bestellungen vor 16:00 Uhr werden noch am selben Tag vor 18:00 Uhr zugestellt;<\/li>\n<li><strong>Samstag<\/strong>: An Samstagen werden <strong>keine <\/strong>Lieferungen vorgenommen.<\/li>\n<li><strong>Sonntag<\/strong>: An Sonntagen werden <strong>keine <\/strong>Lieferungen vorgenommen.<\/li>\n<\/ul>\n<\/div>\n<\/div>\n","protected":false},"featured_media":13105,"template":"","meta":[],"product_brand":[],"product_cat":[116],"product_tag":[],"class_list":{"0":"post-22990","1":"product","2":"type-product","3":"status-publish","4":"has-post-thumbnail","6":"product_cat-park-activiteiten","8":"first","9":"outofstock","10":"taxable","11":"shipping-taxable","12":"purchasable","13":"product-type-simple"},"wcpa_form_fields":null,"_links":{"self":[{"href":"https:\/\/puurexloo.nl\/de\/wp-json\/wp\/v2\/product\/22990","targetHints":{"allow":["GET"]}}],"collection":[{"href":"https:\/\/puurexloo.nl\/de\/wp-json\/wp\/v2\/product"}],"about":[{"href":"https:\/\/puurexloo.nl\/de\/wp-json\/wp\/v2\/types\/product"}],"wp:featuredmedia":[{"embeddable":true,"href":"https:\/\/puurexloo.nl\/de\/wp-json\/wp\/v2\/media\/13105"}],"wp:attachment":[{"href":"https:\/\/puurexloo.nl\/de\/wp-json\/wp\/v2\/media?parent=22990"}],"wp:term":[{"taxonomy":"product_brand","embeddable":true,"href":"https:\/\/puurexloo.nl\/de\/wp-json\/wp\/v2\/product_brand?post=22990"},{"taxonomy":"product_cat","embeddable":true,"href":"https:\/\/puurexloo.nl\/de\/wp-json\/wp\/v2\/product_cat?post=22990"},{"taxonomy":"product_tag","embeddable":true,"href":"https:\/\/puurexloo.nl\/de\/wp-json\/wp\/v2\/product_tag?post=22990"}],"curies":[{"name":"wp","href":"https:\/\/api.w.org\/{rel}","templated":true}]}}