{"id":23006,"date":"2024-04-25T10:44:46","date_gmt":"2024-04-25T08:44:46","guid":{"rendered":"https:\/\/puurexloo.nl\/?post_type=product&#038;p=23006"},"modified":"2024-11-06T16:09:06","modified_gmt":"2024-11-06T15:09:06","slug":"happy-stones-mit-glitzerstiften","status":"publish","type":"product","link":"https:\/\/puurexloo.nl\/de\/product\/happy-stones-mit-glitzerstiften\/","title":{"rendered":"Gl\u00fcckliche Steine mit Glitzerstiften"},"content":{"rendered":"","protected":false},"excerpt":{"rendered":"<p>\u00dcberall im Park sind Happy Stones versteckt. F\u00e4rben Sie Ihren eigenen Happy Stone und tauschen Sie ihn gegen einen der Happy Stones im Park ein! Sie k\u00f6nnen diesen als Souvenir von PUUR Exloo behalten.  <\/p>\n<h6><strong>Inhalt<\/strong><\/h6>\n<ul>\n<li>3 Gl\u00fcckliche Steine<\/li>\n<li>3 Glitzerstifte<\/li>\n<\/ul>\n<div>\n<h6><strong>Lieferzeiten<\/strong><\/h6>\n<ul>\n<li>\nM<strong>ontag bis Freitag<\/strong>: Bestellungen vor 16:00 Uhr werden noch am selben Tag vor 18:00 Uhr zugestellt;<\/li>\n<li><strong>Samstag<\/strong>: An Samstagen werden <strong>keine <\/strong>Lieferungen vorgenommen.<\/li>\n<li><strong>Sonntag<\/strong>: An Sonntagen werden <strong>keine <\/strong>Lieferungen vorgenommen.<\/li>\n<\/ul>\n<\/div>\n","protected":false},"featured_media":13769,"template":"","meta":[],"product_brand":[],"product_cat":[116],"product_tag":[],"class_list":{"0":"post-23006","1":"product","2":"type-product","3":"status-publish","4":"has-post-thumbnail","6":"product_cat-park-activiteiten","8":"first","9":"instock","10":"taxable","11":"shipping-taxable","12":"purchasable","13":"product-type-simple"},"wcpa_form_fields":null,"_links":{"self":[{"href":"https:\/\/puurexloo.nl\/de\/wp-json\/wp\/v2\/product\/23006","targetHints":{"allow":["GET"]}}],"collection":[{"href":"https:\/\/puurexloo.nl\/de\/wp-json\/wp\/v2\/product"}],"about":[{"href":"https:\/\/puurexloo.nl\/de\/wp-json\/wp\/v2\/types\/product"}],"wp:featuredmedia":[{"embeddable":true,"href":"https:\/\/puurexloo.nl\/de\/wp-json\/wp\/v2\/media\/13769"}],"wp:attachment":[{"href":"https:\/\/puurexloo.nl\/de\/wp-json\/wp\/v2\/media?parent=23006"}],"wp:term":[{"taxonomy":"product_brand","embeddable":true,"href":"https:\/\/puurexloo.nl\/de\/wp-json\/wp\/v2\/product_brand?post=23006"},{"taxonomy":"product_cat","embeddable":true,"href":"https:\/\/puurexloo.nl\/de\/wp-json\/wp\/v2\/product_cat?post=23006"},{"taxonomy":"product_tag","embeddable":true,"href":"https:\/\/puurexloo.nl\/de\/wp-json\/wp\/v2\/product_tag?post=23006"}],"curies":[{"name":"wp","href":"https:\/\/api.w.org\/{rel}","templated":true}]}}