{"id":23014,"date":"2024-04-25T11:09:11","date_gmt":"2024-04-25T09:09:11","guid":{"rendered":"https:\/\/puurexloo.nl\/?post_type=product&#038;p=23014"},"modified":"2024-11-06T16:09:06","modified_gmt":"2024-11-06T15:09:06","slug":"hunebed-highway-paket-2","status":"publish","type":"product","link":"https:\/\/puurexloo.nl\/de\/product\/hunebed-highway-paket-2\/","title":{"rendered":"Hunebed Highway Paket II"},"content":{"rendered":"","protected":false},"excerpt":{"rendered":"<div class=\"group w-full text-token-text-primary border-b border-black\/10 dark:border-gray-900\/50 bg-gray-50 dark:bg-[#444654]\">\n<div class=\"flex p-4 gap-4 text-base md:gap-6 md:max-w-2xl lg:max-w-[38rem] xl:max-w-3xl md:py-6 lg:px-0 m-auto\">\n<div class=\"relative flex w-[calc(100%-50px)] flex-col gap-1 md:gap-3 lg:w-[calc(100%-115px)]\">\n<div class=\"flex flex-grow flex-col gap-3\">\n<div class=\"min-h-[20px] flex flex-col items-start gap-3 overflow-x-auto whitespace-pre-wrap break-words\">\n<div class=\"markdown prose w-full break-words dark:prose-invert light\">\n<p>Tauchen Sie in die Geschichte ein, wenn Sie die Hunebed-Autobahn in Drenthe entlangfahren. Uralte Dolmen und malerische Landschaften bilden die Kulisse dieser bezaubernden Route. Erleben Sie, wie die Vergangenheit und die Gegenwart auf dieser magischen Reise zusammenkommen. Als Andenken an den Hunebed Highway (HHW) haben wir dieses Paket speziell f\u00fcr Sie zusammengestellt! Verw\u00f6hnen Sie sich selbst oder \u00fcberraschen Sie jemand anderen damit. Dieses Paket ist dasselbe wie das Hunebed Highway Paket I, jedoch ohne das HHW Metallschild.  <\/p>\n<h6><strong>Inhalt<\/strong><\/h6>\n<ul>\n<li>Baumwolltasche<\/li>\n<li>Becher<\/li>\n<li>Lik\u00f6rflasche (14,9 %)<\/li>\n<li>Spielkarten<\/li>\n<li>Schl\u00fcsselanh\u00e4nger<\/li>\n<li>Stift<\/li>\n<\/ul>\n<h6><strong>Lieferzeiten<\/strong><\/h6>\n<ul>\n<li>\nM<strong>ontag bis Freitag<\/strong>: Bestellungen vor 16:00 Uhr werden noch am selben Tag vor 18:00 Uhr zugestellt;<\/li>\n<li><strong>Samstag<\/strong>: An Samstagen werden <strong>keine <\/strong>Lieferungen vorgenommen.<\/li>\n<li><strong>Sonntag<\/strong>: An Sonntagen werden <strong>keine <\/strong>Lieferungen vorgenommen.<\/li>\n<\/ul>\n<\/div>\n<\/div>\n<\/div>\n<\/div>\n<\/div>\n<\/div>\n","protected":false},"featured_media":16198,"template":"","meta":[],"product_brand":[],"product_cat":[116],"product_tag":[],"class_list":{"0":"post-23014","1":"product","2":"type-product","3":"status-publish","4":"has-post-thumbnail","6":"product_cat-park-activiteiten","8":"first","9":"outofstock","10":"taxable","11":"shipping-taxable","12":"purchasable","13":"product-type-simple"},"wcpa_form_fields":null,"_links":{"self":[{"href":"https:\/\/puurexloo.nl\/de\/wp-json\/wp\/v2\/product\/23014","targetHints":{"allow":["GET"]}}],"collection":[{"href":"https:\/\/puurexloo.nl\/de\/wp-json\/wp\/v2\/product"}],"about":[{"href":"https:\/\/puurexloo.nl\/de\/wp-json\/wp\/v2\/types\/product"}],"wp:featuredmedia":[{"embeddable":true,"href":"https:\/\/puurexloo.nl\/de\/wp-json\/wp\/v2\/media\/16198"}],"wp:attachment":[{"href":"https:\/\/puurexloo.nl\/de\/wp-json\/wp\/v2\/media?parent=23014"}],"wp:term":[{"taxonomy":"product_brand","embeddable":true,"href":"https:\/\/puurexloo.nl\/de\/wp-json\/wp\/v2\/product_brand?post=23014"},{"taxonomy":"product_cat","embeddable":true,"href":"https:\/\/puurexloo.nl\/de\/wp-json\/wp\/v2\/product_cat?post=23014"},{"taxonomy":"product_tag","embeddable":true,"href":"https:\/\/puurexloo.nl\/de\/wp-json\/wp\/v2\/product_tag?post=23014"}],"curies":[{"name":"wp","href":"https:\/\/api.w.org\/{rel}","templated":true}]}}