{"id":23017,"date":"2024-04-25T11:13:27","date_gmt":"2024-04-25T09:13:27","guid":{"rendered":"https:\/\/puurexloo.nl\/?post_type=product&#038;p=23017"},"modified":"2024-11-06T16:09:19","modified_gmt":"2024-11-06T15:09:19","slug":"smartphone-schnitzeljagd-lotje","status":"publish","type":"product","link":"https:\/\/puurexloo.nl\/de\/product\/smartphone-schnitzeljagd-lotje\/","title":{"rendered":"Fate Smartphone Schnitzeljagd"},"content":{"rendered":"","protected":false},"excerpt":{"rendered":"<p><strong>Ein Outdoor-Erlebnis f\u00fcr die ganze Familie!<\/strong><\/p>\n<p>Diese Smartphone-Schnitzeljagd ist eine aktive, wandernde Schatzsuche mit lustigen Fragen, witzigen Fakten und verr\u00fcckten Aufgaben. Suchen Sie zusammen mit Lotje nach den geheimen Schl\u00fcsseln, die Ihnen den Weg vorbei an den lustigsten und sch\u00f6nsten Orten in der Natur zeigen werden. Wenn Sie einen Schl\u00fcssel finden, erhalten Sie den n\u00e4chsten Hinweis und k\u00f6nnen die Schatzsuche fortsetzen. <em>Die Schatzsuche ist ca. 3 km lang und f\u00fcr Kinder ab 6 Jahren geeignet.<\/em> Schauen Sie sich den Online-Flyer (siehe Fotos) an, um weitere Anweisungen zu erhalten und loszulegen! Oder klicken Sie <span style=\"color: #916188;\"><a style=\"color: #916188;\" href=\"https:\/\/izi.travel\/nl\/6b4a-de-geheime-sleutels-van-puur-exloo\/nl\">hier<\/a>.<\/span><\/p>\n","protected":false},"featured_media":7475,"template":"","meta":[],"product_brand":[],"product_cat":[116],"product_tag":[],"class_list":{"0":"post-23017","1":"product","2":"type-product","3":"status-publish","4":"has-post-thumbnail","6":"product_cat-park-activiteiten","8":"first","9":"instock","10":"taxable","11":"shipping-taxable","12":"product-type-simple"},"wcpa_form_fields":null,"_links":{"self":[{"href":"https:\/\/puurexloo.nl\/de\/wp-json\/wp\/v2\/product\/23017","targetHints":{"allow":["GET"]}}],"collection":[{"href":"https:\/\/puurexloo.nl\/de\/wp-json\/wp\/v2\/product"}],"about":[{"href":"https:\/\/puurexloo.nl\/de\/wp-json\/wp\/v2\/types\/product"}],"wp:featuredmedia":[{"embeddable":true,"href":"https:\/\/puurexloo.nl\/de\/wp-json\/wp\/v2\/media\/7475"}],"wp:attachment":[{"href":"https:\/\/puurexloo.nl\/de\/wp-json\/wp\/v2\/media?parent=23017"}],"wp:term":[{"taxonomy":"product_brand","embeddable":true,"href":"https:\/\/puurexloo.nl\/de\/wp-json\/wp\/v2\/product_brand?post=23017"},{"taxonomy":"product_cat","embeddable":true,"href":"https:\/\/puurexloo.nl\/de\/wp-json\/wp\/v2\/product_cat?post=23017"},{"taxonomy":"product_tag","embeddable":true,"href":"https:\/\/puurexloo.nl\/de\/wp-json\/wp\/v2\/product_tag?post=23017"}],"curies":[{"name":"wp","href":"https:\/\/api.w.org\/{rel}","templated":true}]}}