{"id":23019,"date":"2024-04-25T11:18:57","date_gmt":"2024-04-25T09:18:57","guid":{"rendered":"https:\/\/puurexloo.nl\/?post_type=product&#038;p=23019"},"modified":"2024-11-06T16:09:23","modified_gmt":"2024-11-06T15:09:23","slug":"freilichtmuseum-puur-exloo","status":"publish","type":"product","link":"https:\/\/puurexloo.nl\/de\/product\/freilichtmuseum-puur-exloo\/","title":{"rendered":"PUUR Exloo Freilichtmuseum"},"content":{"rendered":"","protected":false},"excerpt":{"rendered":"<h2><strong>  &#8211; Geschichten aus dem Hondsrug<\/strong><\/h2>\n<p>Das Freilichtmuseum f\u00fchrt Sie zu interessanten und besonderen Orten auf dem Hondsrug rund um PUUR Exloo. Die Geschichte zu jedem Ort wird in der App erz\u00e4hlt. Die Geschichten erscheinen automatisch, wenn Sie einen Ort besuchen, aber Sie k\u00f6nnen sie sich auch von Ihrer Villa aus anh\u00f6ren, indem Sie sie antippen. Sobald Sie das Intro angeh\u00f6rt haben, wird Ihnen erkl\u00e4rt, wie es funktioniert. Im Online-Flyer (siehe Fotos) finden Sie weitere Anweisungen, wie Sie loslegen k\u00f6nnen! Oder klicken Sie <span style=\"color: #916188;\"><a style=\"color: #916188;\" href=\"https:\/\/izi.travel\/nl\/55de-puur-exloo-outdoor-museum-verhalen-van-de-hondsrug\/nl\">hier<\/a><\/span>.   <\/p>\n","protected":false},"featured_media":15523,"template":"","meta":[],"product_brand":[],"product_cat":[116],"product_tag":[],"class_list":{"0":"post-23019","1":"product","2":"type-product","3":"status-publish","4":"has-post-thumbnail","6":"product_cat-park-activiteiten","8":"first","9":"instock","10":"taxable","11":"shipping-taxable","12":"product-type-simple"},"wcpa_form_fields":null,"_links":{"self":[{"href":"https:\/\/puurexloo.nl\/de\/wp-json\/wp\/v2\/product\/23019","targetHints":{"allow":["GET"]}}],"collection":[{"href":"https:\/\/puurexloo.nl\/de\/wp-json\/wp\/v2\/product"}],"about":[{"href":"https:\/\/puurexloo.nl\/de\/wp-json\/wp\/v2\/types\/product"}],"wp:featuredmedia":[{"embeddable":true,"href":"https:\/\/puurexloo.nl\/de\/wp-json\/wp\/v2\/media\/15523"}],"wp:attachment":[{"href":"https:\/\/puurexloo.nl\/de\/wp-json\/wp\/v2\/media?parent=23019"}],"wp:term":[{"taxonomy":"product_brand","embeddable":true,"href":"https:\/\/puurexloo.nl\/de\/wp-json\/wp\/v2\/product_brand?post=23019"},{"taxonomy":"product_cat","embeddable":true,"href":"https:\/\/puurexloo.nl\/de\/wp-json\/wp\/v2\/product_cat?post=23019"},{"taxonomy":"product_tag","embeddable":true,"href":"https:\/\/puurexloo.nl\/de\/wp-json\/wp\/v2\/product_tag?post=23019"}],"curies":[{"name":"wp","href":"https:\/\/api.w.org\/{rel}","templated":true}]}}