{"id":23020,"date":"2024-04-25T11:23:53","date_gmt":"2024-04-25T09:23:53","guid":{"rendered":"https:\/\/puurexloo.nl\/?post_type=product&#038;p=23020"},"modified":"2024-11-06T16:09:14","modified_gmt":"2024-11-06T15:09:14","slug":"malkreide","status":"publish","type":"product","link":"https:\/\/puurexloo.nl\/de\/product\/malkreide\/","title":{"rendered":"Machen Sie Ihre eigene Kreidekreation f\u00fcr den B\u00fcrgersteig"},"content":{"rendered":"","protected":false},"excerpt":{"rendered":"<p>Bringen Sie Farbe in die Stra\u00dfen von PUUR Exloo mit Ihrer eigenen sch\u00f6nen Kreidekreation!<\/p>\n<h6><strong>Lieferzeiten<\/strong><\/h6>\n<ul>\n<li>\nM<strong>ontag bis Freitag<\/strong>: Bestellungen vor 16:00 Uhr werden noch am selben Tag vor 18:00 Uhr zugestellt;<\/li>\n<li><strong>Samstag<\/strong>: An Samstagen werden <strong>keine <\/strong>Lieferungen vorgenommen.<\/li>\n<li><strong>Sonntag<\/strong>: An Sonntagen werden <strong>keine <\/strong>Lieferungen vorgenommen.<\/li>\n<\/ul>\n","protected":false},"featured_media":11717,"template":"","meta":[],"product_brand":[],"product_cat":[116],"product_tag":[],"class_list":{"0":"post-23020","1":"product","2":"type-product","3":"status-publish","4":"has-post-thumbnail","6":"product_cat-park-activiteiten","8":"first","9":"instock","10":"taxable","11":"shipping-taxable","12":"purchasable","13":"product-type-simple"},"wcpa_form_fields":null,"_links":{"self":[{"href":"https:\/\/puurexloo.nl\/de\/wp-json\/wp\/v2\/product\/23020","targetHints":{"allow":["GET"]}}],"collection":[{"href":"https:\/\/puurexloo.nl\/de\/wp-json\/wp\/v2\/product"}],"about":[{"href":"https:\/\/puurexloo.nl\/de\/wp-json\/wp\/v2\/types\/product"}],"wp:featuredmedia":[{"embeddable":true,"href":"https:\/\/puurexloo.nl\/de\/wp-json\/wp\/v2\/media\/11717"}],"wp:attachment":[{"href":"https:\/\/puurexloo.nl\/de\/wp-json\/wp\/v2\/media?parent=23020"}],"wp:term":[{"taxonomy":"product_brand","embeddable":true,"href":"https:\/\/puurexloo.nl\/de\/wp-json\/wp\/v2\/product_brand?post=23020"},{"taxonomy":"product_cat","embeddable":true,"href":"https:\/\/puurexloo.nl\/de\/wp-json\/wp\/v2\/product_cat?post=23020"},{"taxonomy":"product_tag","embeddable":true,"href":"https:\/\/puurexloo.nl\/de\/wp-json\/wp\/v2\/product_tag?post=23020"}],"curies":[{"name":"wp","href":"https:\/\/api.w.org\/{rel}","templated":true}]}}