{"id":23504,"date":"2024-05-02T13:09:15","date_gmt":"2024-05-02T11:09:15","guid":{"rendered":"https:\/\/puurexloo.nl\/?post_type=product&#038;p=23504"},"modified":"2024-11-06T16:09:06","modified_gmt":"2024-11-06T15:09:06","slug":"babybadewanne-und-wickelauflage","status":"publish","type":"product","link":"https:\/\/puurexloo.nl\/de\/product\/babybadewanne-und-wickelauflage\/","title":{"rendered":"Babybadewanne &amp; Wickelauflage"},"content":{"rendered":"","protected":false},"excerpt":{"rendered":"<p>Bestellen Sie jetzt eine komfortable Babywanne zum Waschen Ihres Babys. Ein Badewannenst\u00e4nder und ein Abflussschlauch sind im Lieferumfang enthalten und sorgen f\u00fcr zus\u00e4tzlichen Komfort beim Baden. Die Babywanne wird standardm\u00e4\u00dfig mit einer Wickelauflage zum Anziehen und Pflegen Ihres Kindes geliefert. Das Kissen ist aus weichem Material gefertigt, damit Ihr Kind bequem liegt.   <\/p>\n<h6><strong>Lieferzeiten<\/strong><\/h6>\n<ul>\n<li>\nM<strong>ontag bis Freitag<\/strong>: Bestellungen vor 16:00 Uhr werden noch am selben Tag vor 18:00 Uhr zugestellt;<\/li>\n<li><strong>Samstag<\/strong>: An Samstagen werden <strong>keine <\/strong>Lieferungen vorgenommen.<\/li>\n<li><strong>Sonntag<\/strong>: An Sonntagen werden <strong>keine <\/strong>Lieferungen vorgenommen.<\/li>\n<\/ul>\n","protected":false},"featured_media":16422,"template":"","meta":[],"product_brand":[],"product_cat":[15],"product_tag":[],"class_list":{"0":"post-23504","1":"product","2":"type-product","3":"status-publish","4":"has-post-thumbnail","6":"product_cat-geen-categorie","8":"first","9":"instock","10":"taxable","11":"shipping-taxable","12":"purchasable","13":"product-type-simple"},"wcpa_form_fields":null,"_links":{"self":[{"href":"https:\/\/puurexloo.nl\/de\/wp-json\/wp\/v2\/product\/23504","targetHints":{"allow":["GET"]}}],"collection":[{"href":"https:\/\/puurexloo.nl\/de\/wp-json\/wp\/v2\/product"}],"about":[{"href":"https:\/\/puurexloo.nl\/de\/wp-json\/wp\/v2\/types\/product"}],"wp:featuredmedia":[{"embeddable":true,"href":"https:\/\/puurexloo.nl\/de\/wp-json\/wp\/v2\/media\/16422"}],"wp:attachment":[{"href":"https:\/\/puurexloo.nl\/de\/wp-json\/wp\/v2\/media?parent=23504"}],"wp:term":[{"taxonomy":"product_brand","embeddable":true,"href":"https:\/\/puurexloo.nl\/de\/wp-json\/wp\/v2\/product_brand?post=23504"},{"taxonomy":"product_cat","embeddable":true,"href":"https:\/\/puurexloo.nl\/de\/wp-json\/wp\/v2\/product_cat?post=23504"},{"taxonomy":"product_tag","embeddable":true,"href":"https:\/\/puurexloo.nl\/de\/wp-json\/wp\/v2\/product_tag?post=23504"}],"curies":[{"name":"wp","href":"https:\/\/api.w.org\/{rel}","templated":true}]}}