{"id":23505,"date":"2024-05-02T13:13:09","date_gmt":"2024-05-02T11:13:09","guid":{"rendered":"https:\/\/puurexloo.nl\/?post_type=product&#038;p=23505"},"modified":"2024-11-06T16:09:49","modified_gmt":"2024-11-06T15:09:49","slug":"bademaentel-und-hausschuhe","status":"publish","type":"product","link":"https:\/\/puurexloo.nl\/de\/product\/bademaentel-und-hausschuhe\/","title":{"rendered":"Badem\u00e4ntel &amp; Hausschuhe"},"content":{"rendered":"<p>Wei\u00dfer Bademantel in Universalgr\u00f6\u00dfe XL zu mieten, die Hausschuhe k\u00f6nnen Sie mit nach Hause nehmen,<\/p>\n<h6><strong>Lieferzeiten<\/strong><\/h6>\n<ul>\n<li>\nM<strong>ontag bis Freitag<\/strong>: Bestellungen vor 16:00 Uhr werden noch am selben Tag vor 18:00 Uhr zugestellt;<\/li>\n<li><strong>Samstag<\/strong>: An Samstagen werden <strong>keine <\/strong>Lieferungen vorgenommen.<\/li>\n<li><strong>Sonntag<\/strong>: An Sonntagen werden <strong>keine <\/strong>Lieferungen vorgenommen.<\/li>\n<\/ul>\n<p><strong>Der Preis pro Bademantel und Hausschuhe betr\u00e4gt \u20ac12,50.<\/strong><\/p>\n<p>&nbsp;<\/p>\n","protected":false},"excerpt":{"rendered":"<p>Wie sch\u00f6n ist es, jeden Tag unbeschwert mit bequemen Hausschuhen und einem wohlig warmen Bademantel aus dem Bett zu steigen. Bestellen Sie diesen luxuri\u00f6sen Genuss schon vor Ihrer Ankunft, damit Sie es w\u00e4hrend Ihres Aufenthalts besonders bequem haben und ihn auch nach der Sauna verwenden k\u00f6nnen. <\/p>\n","protected":false},"featured_media":13866,"template":"","meta":[],"product_brand":[],"product_cat":[15],"product_tag":[],"class_list":{"0":"post-23505","1":"product","2":"type-product","3":"status-publish","4":"has-post-thumbnail","6":"product_cat-geen-categorie","8":"first","9":"instock","10":"virtual","11":"taxable","12":"purchasable","13":"product-type-simple"},"wcpa_form_fields":null,"_links":{"self":[{"href":"https:\/\/puurexloo.nl\/de\/wp-json\/wp\/v2\/product\/23505","targetHints":{"allow":["GET"]}}],"collection":[{"href":"https:\/\/puurexloo.nl\/de\/wp-json\/wp\/v2\/product"}],"about":[{"href":"https:\/\/puurexloo.nl\/de\/wp-json\/wp\/v2\/types\/product"}],"wp:featuredmedia":[{"embeddable":true,"href":"https:\/\/puurexloo.nl\/de\/wp-json\/wp\/v2\/media\/13866"}],"wp:attachment":[{"href":"https:\/\/puurexloo.nl\/de\/wp-json\/wp\/v2\/media?parent=23505"}],"wp:term":[{"taxonomy":"product_brand","embeddable":true,"href":"https:\/\/puurexloo.nl\/de\/wp-json\/wp\/v2\/product_brand?post=23505"},{"taxonomy":"product_cat","embeddable":true,"href":"https:\/\/puurexloo.nl\/de\/wp-json\/wp\/v2\/product_cat?post=23505"},{"taxonomy":"product_tag","embeddable":true,"href":"https:\/\/puurexloo.nl\/de\/wp-json\/wp\/v2\/product_tag?post=23505"}],"curies":[{"name":"wp","href":"https:\/\/api.w.org\/{rel}","templated":true}]}}