{"id":23506,"date":"2024-05-02T13:16:29","date_gmt":"2024-05-02T11:16:29","guid":{"rendered":"https:\/\/puurexloo.nl\/?post_type=product&#038;p=23506"},"modified":"2024-11-06T16:09:48","modified_gmt":"2024-11-06T15:09:48","slug":"komplettes-sauna-set","status":"publish","type":"product","link":"https:\/\/puurexloo.nl\/de\/product\/komplettes-sauna-set\/","title":{"rendered":"Komplettes Sauna-Set"},"content":{"rendered":"<h6><strong>Lieferzeiten<\/strong><\/h6>\n<ul>\n<li>\nM<strong>ontag bis Freitag<\/strong>: Bestellungen vor 16:00 Uhr werden noch am selben Tag vor 18:00 Uhr zugestellt;<\/li>\n<li><strong>Samstag<\/strong>: <strong>vor<\/strong> 12:00 Uhr bestellt, wird am Samstag vor 18:00 Uhr geliefert.<\/li>\n<li><strong>Sonntag<\/strong>: An Sonntagen werden <strong>keine <\/strong>Lieferungen vorgenommen.<\/li>\n<\/ul>\n<p>&nbsp;<\/p>\n<p>&nbsp;<\/p>\n","protected":false},"excerpt":{"rendered":"<div class=\"woocommerce-product-details__short-description\">\n<p>Wie sch\u00f6n ist es, jeden Tag unbeschwert mit bequemen Hausschuhen und einem wohlig warmen Bademantel aus dem Bett zu steigen. Bestellen Sie diesen luxuri\u00f6sen Genuss schon vor Ihrer Ankunft, damit Sie es w\u00e4hrend Ihres Aufenthalts besonders bequem haben und ihn auch nach der Sauna verwenden k\u00f6nnen. <\/p>\n<p><strong>Inhalt<\/strong><\/p>\n<\/div>\n<p>&#8211; 2x wei\u00dfe Badem\u00e4ntel in Universalgr\u00f6\u00dfe XL zum Ausleihen. &#8211; 2x Hausschuhe in Universalgr\u00f6\u00dfe f\u00fcr den pers\u00f6nlichen Gebrauch. &#8211; Sauna-Make-up-\u00d6l 25ml. Eukalyptus, Hamam oder Zitronengras (Zufallsprinzip)<\/p>\n","protected":false},"featured_media":30240,"template":"","meta":[],"product_brand":[],"product_cat":[441],"product_tag":[],"class_list":{"0":"post-23506","1":"product","2":"type-product","3":"status-publish","4":"has-post-thumbnail","6":"product_cat-saunaenwellness","8":"first","9":"instock","10":"virtual","11":"taxable","12":"purchasable","13":"product-type-simple"},"wcpa_form_fields":null,"_links":{"self":[{"href":"https:\/\/puurexloo.nl\/de\/wp-json\/wp\/v2\/product\/23506","targetHints":{"allow":["GET"]}}],"collection":[{"href":"https:\/\/puurexloo.nl\/de\/wp-json\/wp\/v2\/product"}],"about":[{"href":"https:\/\/puurexloo.nl\/de\/wp-json\/wp\/v2\/types\/product"}],"wp:featuredmedia":[{"embeddable":true,"href":"https:\/\/puurexloo.nl\/de\/wp-json\/wp\/v2\/media\/30240"}],"wp:attachment":[{"href":"https:\/\/puurexloo.nl\/de\/wp-json\/wp\/v2\/media?parent=23506"}],"wp:term":[{"taxonomy":"product_brand","embeddable":true,"href":"https:\/\/puurexloo.nl\/de\/wp-json\/wp\/v2\/product_brand?post=23506"},{"taxonomy":"product_cat","embeddable":true,"href":"https:\/\/puurexloo.nl\/de\/wp-json\/wp\/v2\/product_cat?post=23506"},{"taxonomy":"product_tag","embeddable":true,"href":"https:\/\/puurexloo.nl\/de\/wp-json\/wp\/v2\/product_tag?post=23506"}],"curies":[{"name":"wp","href":"https:\/\/api.w.org\/{rel}","templated":true}]}}