{"id":23508,"date":"2024-05-02T13:19:48","date_gmt":"2024-05-02T11:19:48","guid":{"rendered":"https:\/\/puurexloo.nl\/?post_type=product&#038;p=23508"},"modified":"2024-11-06T16:09:49","modified_gmt":"2024-11-06T15:09:49","slug":"zusaetzliches-handtuchset","status":"publish","type":"product","link":"https:\/\/puurexloo.nl\/de\/product\/zusaetzliches-handtuchset\/","title":{"rendered":"Extra Handtuchpaket"},"content":{"rendered":"<h6><strong>Lieferzeiten<\/strong><\/h6>\n<ul>\n<li>\nM<strong>ontag bis Freitag<\/strong>: Bestellungen vor 16:00 Uhr werden noch am selben Tag vor 18:00 Uhr zugestellt;<\/li>\n<li><strong>Samstag<\/strong>: An Samstagen werden <strong>keine <\/strong>Lieferungen vorgenommen.<\/li>\n<li><strong>Sonntag<\/strong>: An Sonntagen werden <strong>keine <\/strong>Lieferungen vorgenommen.<\/li>\n<\/ul>\n","protected":false},"excerpt":{"rendered":"<p>Die Standardanzahl an Handt\u00fcchern in der Villa h\u00e4ngt vom gebuchten Typ ab: &#8211; Bei einer Villa f\u00fcr 6 Personen werden standardm\u00e4\u00dfig 6 Handtuchsets zur Verf\u00fcgung gestellt. &#8211; Bei einer Villa f\u00fcr 8 Personen werden standardm\u00e4\u00dfig 8 Handtuchsets zur Verf\u00fcgung gestellt. &#8211; Bei einer Villa f\u00fcr 10 Personen werden standardm\u00e4\u00dfig 10 Handtuchsets zur Verf\u00fcgung gestellt. 1 Handtuch-Set besteht aus 1 gro\u00dfen und 1 kleinen Handtuch. Ben\u00f6tigen Sie zus\u00e4tzliche Handt\u00fccher, um sie zum Beispiel zum Pool oder zum Wellness mitzunehmen? Dann buchen Sie hier ein zus\u00e4tzliches Handtuch-Set.<\/p>\n<p>&nbsp;<\/p>\n","protected":false},"featured_media":13859,"template":"","meta":[],"product_brand":[],"product_cat":[15],"product_tag":[],"class_list":{"0":"post-23508","1":"product","2":"type-product","3":"status-publish","4":"has-post-thumbnail","6":"product_cat-geen-categorie","8":"first","9":"instock","10":"virtual","11":"taxable","12":"purchasable","13":"product-type-simple"},"wcpa_form_fields":null,"_links":{"self":[{"href":"https:\/\/puurexloo.nl\/de\/wp-json\/wp\/v2\/product\/23508","targetHints":{"allow":["GET"]}}],"collection":[{"href":"https:\/\/puurexloo.nl\/de\/wp-json\/wp\/v2\/product"}],"about":[{"href":"https:\/\/puurexloo.nl\/de\/wp-json\/wp\/v2\/types\/product"}],"wp:featuredmedia":[{"embeddable":true,"href":"https:\/\/puurexloo.nl\/de\/wp-json\/wp\/v2\/media\/13859"}],"wp:attachment":[{"href":"https:\/\/puurexloo.nl\/de\/wp-json\/wp\/v2\/media?parent=23508"}],"wp:term":[{"taxonomy":"product_brand","embeddable":true,"href":"https:\/\/puurexloo.nl\/de\/wp-json\/wp\/v2\/product_brand?post=23508"},{"taxonomy":"product_cat","embeddable":true,"href":"https:\/\/puurexloo.nl\/de\/wp-json\/wp\/v2\/product_cat?post=23508"},{"taxonomy":"product_tag","embeddable":true,"href":"https:\/\/puurexloo.nl\/de\/wp-json\/wp\/v2\/product_tag?post=23508"}],"curies":[{"name":"wp","href":"https:\/\/api.w.org\/{rel}","templated":true}]}}