{"id":23509,"date":"2024-05-02T13:21:48","date_gmt":"2024-05-02T11:21:48","guid":{"rendered":"https:\/\/puurexloo.nl\/?post_type=product&#038;p=23509"},"modified":"2024-11-06T16:09:48","modified_gmt":"2024-11-06T15:09:48","slug":"zusaetzliches-kinderbett","status":"publish","type":"product","link":"https:\/\/puurexloo.nl\/de\/product\/zusaetzliches-kinderbett\/","title":{"rendered":"Extra Kinderbett"},"content":{"rendered":"","protected":false},"excerpt":{"rendered":"<p>Ist 1 Kinderbett nicht genug f\u00fcr Sie? Buchen Sie hier ein zus\u00e4tzliches Kinderbett und wir halten es f\u00fcr Sie bereit, einschlie\u00dflich zus\u00e4tzlicher Kinderbettw\u00e4sche. <\/p>\n<h6><strong>Bedingungen<\/strong><\/h6>\n<ul>\n<li>M\u00f6glich von <strong>Montag bis Freitag<\/strong>;<\/li>\n<li>Wenn Sie <strong>montags und freitags<\/strong> vor 17 Uhr bestellen, erhalten Sie die Lieferung noch am selben Tag vor 19 Uhr;<\/li>\n<li>Bei einer Bestellung vor 12:00 Uhr von <strong>Dienstag bis Donnerstag<\/strong> erfolgt die Lieferung am selben Tag bis 18:00 Uhr.<\/li>\n<\/ul>\n","protected":false},"featured_media":16694,"template":"","meta":[],"product_brand":[],"product_cat":[15],"product_tag":[],"class_list":{"0":"post-23509","1":"product","2":"type-product","3":"status-publish","4":"has-post-thumbnail","6":"product_cat-geen-categorie","8":"first","9":"instock","10":"virtual","11":"taxable","12":"purchasable","13":"product-type-simple"},"wcpa_form_fields":null,"_links":{"self":[{"href":"https:\/\/puurexloo.nl\/de\/wp-json\/wp\/v2\/product\/23509","targetHints":{"allow":["GET"]}}],"collection":[{"href":"https:\/\/puurexloo.nl\/de\/wp-json\/wp\/v2\/product"}],"about":[{"href":"https:\/\/puurexloo.nl\/de\/wp-json\/wp\/v2\/types\/product"}],"wp:featuredmedia":[{"embeddable":true,"href":"https:\/\/puurexloo.nl\/de\/wp-json\/wp\/v2\/media\/16694"}],"wp:attachment":[{"href":"https:\/\/puurexloo.nl\/de\/wp-json\/wp\/v2\/media?parent=23509"}],"wp:term":[{"taxonomy":"product_brand","embeddable":true,"href":"https:\/\/puurexloo.nl\/de\/wp-json\/wp\/v2\/product_brand?post=23509"},{"taxonomy":"product_cat","embeddable":true,"href":"https:\/\/puurexloo.nl\/de\/wp-json\/wp\/v2\/product_cat?post=23509"},{"taxonomy":"product_tag","embeddable":true,"href":"https:\/\/puurexloo.nl\/de\/wp-json\/wp\/v2\/product_tag?post=23509"}],"curies":[{"name":"wp","href":"https:\/\/api.w.org\/{rel}","templated":true}]}}