{"id":23510,"date":"2024-05-02T13:28:17","date_gmt":"2024-05-02T11:28:17","guid":{"rendered":"https:\/\/puurexloo.nl\/?post_type=product&#038;p=23510"},"modified":"2024-11-06T16:09:48","modified_gmt":"2024-11-06T15:09:48","slug":"zusaetzlicher-hochstuhl","status":"publish","type":"product","link":"https:\/\/puurexloo.nl\/de\/product\/zusaetzlicher-hochstuhl\/","title":{"rendered":"Extra Hochstuhl"},"content":{"rendered":"","protected":false},"excerpt":{"rendered":"<p>Ist 1 Hochstuhl nicht genug f\u00fcr Sie? Dann buchen Sie hier einen zus\u00e4tzlichen Hochstuhl und wir sorgen daf\u00fcr, dass er in der Villa aufgestellt wird. <\/p>\n<h6><strong>Bedingungen<\/strong><\/h6>\n<ul>\n<li>M\u00f6glich von <strong>Montag bis Freitag<\/strong>;<\/li>\n<li>Wenn Sie <strong>montags und freitags<\/strong> vor 17 Uhr bestellen, erhalten Sie die Lieferung noch am selben Tag vor 19 Uhr;<\/li>\n<li>Bei einer Bestellung vor 12:00 Uhr von <strong>Dienstag bis Donnerstag<\/strong> erfolgt die Lieferung am selben Tag bis 18:00 Uhr.<\/li>\n<\/ul>\n","protected":false},"featured_media":3717,"template":"","meta":[],"product_brand":[],"product_cat":[15],"product_tag":[],"class_list":{"0":"post-23510","1":"product","2":"type-product","3":"status-publish","4":"has-post-thumbnail","6":"product_cat-geen-categorie","8":"first","9":"instock","10":"virtual","11":"taxable","12":"purchasable","13":"product-type-simple"},"wcpa_form_fields":null,"_links":{"self":[{"href":"https:\/\/puurexloo.nl\/de\/wp-json\/wp\/v2\/product\/23510","targetHints":{"allow":["GET"]}}],"collection":[{"href":"https:\/\/puurexloo.nl\/de\/wp-json\/wp\/v2\/product"}],"about":[{"href":"https:\/\/puurexloo.nl\/de\/wp-json\/wp\/v2\/types\/product"}],"wp:featuredmedia":[{"embeddable":true,"href":"https:\/\/puurexloo.nl\/de\/wp-json\/wp\/v2\/media\/3717"}],"wp:attachment":[{"href":"https:\/\/puurexloo.nl\/de\/wp-json\/wp\/v2\/media?parent=23510"}],"wp:term":[{"taxonomy":"product_brand","embeddable":true,"href":"https:\/\/puurexloo.nl\/de\/wp-json\/wp\/v2\/product_brand?post=23510"},{"taxonomy":"product_cat","embeddable":true,"href":"https:\/\/puurexloo.nl\/de\/wp-json\/wp\/v2\/product_cat?post=23510"},{"taxonomy":"product_tag","embeddable":true,"href":"https:\/\/puurexloo.nl\/de\/wp-json\/wp\/v2\/product_tag?post=23510"}],"curies":[{"name":"wp","href":"https:\/\/api.w.org\/{rel}","templated":true}]}}