{"id":23514,"date":"2024-05-02T14:05:13","date_gmt":"2024-05-02T12:05:13","guid":{"rendered":"https:\/\/puurexloo.nl\/?post_type=product&#038;p=23514"},"modified":"2024-11-06T16:09:48","modified_gmt":"2024-11-06T15:09:48","slug":"zusaetzliche-reinigung-eures-ferienhauses-fuer-6-personen","status":"publish","type":"product","link":"https:\/\/puurexloo.nl\/de\/product\/zusaetzliche-reinigung-eures-ferienhauses-fuer-6-personen\/","title":{"rendered":"Zus\u00e4tzliche Reinigung Ihrer 6-Personen-Villa"},"content":{"rendered":"","protected":false},"excerpt":{"rendered":"<p>Diese zus\u00e4tzliche Reinigung beinhaltet: Betten machen, M\u00fcll entfernen und einen neuen M\u00fcllbeutel bereitstellen, Zwischenreinigung der sanit\u00e4ren Anlagen, Staubsaugen der Eingangsmatte, Entfernen von st\u00f6rendem Schmutz im Wohnzimmer\/der K\u00fcche, Auffrischen der Villa mit Duftspray, Auff\u00fcllen von Annehmlichkeiten und Toilettenpapier.<\/p>\n<h6><strong>Bedingungen<\/strong><\/h6>\n<ul>\n<li>M\u00f6glich von <strong>Dienstag bis Donnerstag<\/strong>;<\/li>\n<li>Buchen Sie mindestens 2 Tage im Voraus;<\/li>\n<li>Tag und Uhrzeit immer nach Vereinbarung.<\/li>\n<\/ul>\n<h6><strong>Ausgenommen<\/strong><\/h6>\n<ul>\n<li>Neue Bettw\u00e4sche, Handt\u00fccher und K\u00fcchenausstattung.<\/li>\n<\/ul>\n","protected":false},"featured_media":27920,"template":"","meta":[],"product_brand":[],"product_cat":[15],"product_tag":[],"class_list":{"0":"post-23514","1":"product","2":"type-product","3":"status-publish","4":"has-post-thumbnail","6":"product_cat-geen-categorie","8":"first","9":"instock","10":"virtual","11":"taxable","12":"purchasable","13":"product-type-simple"},"wcpa_form_fields":null,"_links":{"self":[{"href":"https:\/\/puurexloo.nl\/de\/wp-json\/wp\/v2\/product\/23514","targetHints":{"allow":["GET"]}}],"collection":[{"href":"https:\/\/puurexloo.nl\/de\/wp-json\/wp\/v2\/product"}],"about":[{"href":"https:\/\/puurexloo.nl\/de\/wp-json\/wp\/v2\/types\/product"}],"wp:featuredmedia":[{"embeddable":true,"href":"https:\/\/puurexloo.nl\/de\/wp-json\/wp\/v2\/media\/27920"}],"wp:attachment":[{"href":"https:\/\/puurexloo.nl\/de\/wp-json\/wp\/v2\/media?parent=23514"}],"wp:term":[{"taxonomy":"product_brand","embeddable":true,"href":"https:\/\/puurexloo.nl\/de\/wp-json\/wp\/v2\/product_brand?post=23514"},{"taxonomy":"product_cat","embeddable":true,"href":"https:\/\/puurexloo.nl\/de\/wp-json\/wp\/v2\/product_cat?post=23514"},{"taxonomy":"product_tag","embeddable":true,"href":"https:\/\/puurexloo.nl\/de\/wp-json\/wp\/v2\/product_tag?post=23514"}],"curies":[{"name":"wp","href":"https:\/\/api.w.org\/{rel}","templated":true}]}}