{"id":23530,"date":"2024-05-02T14:37:23","date_gmt":"2024-05-02T12:37:23","guid":{"rendered":"https:\/\/puurexloo.nl\/?post_type=product&#038;p=23530"},"modified":"2024-05-02T14:37:23","modified_gmt":"2024-05-02T12:37:23","slug":"bauernsuppen-paket","status":"publish","type":"product","link":"https:\/\/puurexloo.nl\/de\/product\/bauernsuppen-paket\/","title":{"rendered":"Bauernsuppen-Paket"},"content":{"rendered":"","protected":false},"excerpt":{"rendered":"<p><strong>Paketinhalt<\/strong><\/p>\n<ul>\n<li>Glas mit Rinder- oder H\u00fchnerbr\u00fche<\/li>\n<li>Bouillonw\u00fcrfel<\/li>\n<li>Suppenbuchstaben<\/li>\n<li>Suppengr\u00fcn (nicht abgebildet)<\/li>\n<li>Br\u00f6tchen oder Baguette zum Aufbacken (nicht abgebildet)<\/li>\n<li>Bauern-Dip<\/li>\n<li>Nije-K\u00e4se (Wei\u00dfschimmelk\u00e4se)<\/li>\n<li>Nusssnack<\/li>\n<\/ul>\n","protected":false},"featured_media":2106,"template":"","meta":[],"product_brand":[],"product_cat":[428],"product_tag":[],"class_list":{"0":"post-23530","1":"product","2":"type-product","3":"status-publish","4":"has-post-thumbnail","6":"product_cat-streekproducten-de","8":"first","9":"instock","10":"taxable","11":"shipping-taxable","12":"purchasable","13":"product-type-simple"},"wcpa_form_fields":null,"_links":{"self":[{"href":"https:\/\/puurexloo.nl\/de\/wp-json\/wp\/v2\/product\/23530","targetHints":{"allow":["GET"]}}],"collection":[{"href":"https:\/\/puurexloo.nl\/de\/wp-json\/wp\/v2\/product"}],"about":[{"href":"https:\/\/puurexloo.nl\/de\/wp-json\/wp\/v2\/types\/product"}],"wp:featuredmedia":[{"embeddable":true,"href":"https:\/\/puurexloo.nl\/de\/wp-json\/wp\/v2\/media\/2106"}],"wp:attachment":[{"href":"https:\/\/puurexloo.nl\/de\/wp-json\/wp\/v2\/media?parent=23530"}],"wp:term":[{"taxonomy":"product_brand","embeddable":true,"href":"https:\/\/puurexloo.nl\/de\/wp-json\/wp\/v2\/product_brand?post=23530"},{"taxonomy":"product_cat","embeddable":true,"href":"https:\/\/puurexloo.nl\/de\/wp-json\/wp\/v2\/product_cat?post=23530"},{"taxonomy":"product_tag","embeddable":true,"href":"https:\/\/puurexloo.nl\/de\/wp-json\/wp\/v2\/product_tag?post=23530"}],"curies":[{"name":"wp","href":"https:\/\/api.w.org\/{rel}","templated":true}]}}