{"id":23720,"date":"2024-05-03T12:40:33","date_gmt":"2024-05-03T10:40:33","guid":{"rendered":"https:\/\/puurexloo.nl\/?post_type=product&#038;p=23720"},"modified":"2024-11-06T16:09:20","modified_gmt":"2024-11-06T15:09:20","slug":"bruuts-bbq-special","status":"publish","type":"product","link":"https:\/\/puurexloo.nl\/de\/product\/bruuts-bbq-special\/","title":{"rendered":"Bruut&#8217;s BBQ Spezial"},"content":{"rendered":"","protected":false},"excerpt":{"rendered":"<p class=\"MsoNormal\" style=\"margin-bottom: .0001pt; line-height: normal; background: white; vertical-align: baseline;\"><strong><span style=\"font-size: 12.5pt; font-family: 'Arial',sans-serif; border: none windowtext 1.0pt; padding: 0cm;\">Das Bruuts BBQ Special besteht aus:<\/span><\/strong><\/p>\n<ul>\n<li class=\"MsoNormal\" style=\"line-height: normal; background: white; vertical-align: baseline;\"><span style=\"font-size: 12.5pt; font-family: 'Arial',sans-serif;\">Frisch gebackenes Brot mit Kr\u00e4uterbutter und einem frischen Dip<\/span><\/li>\n<li class=\"MsoNormal\" style=\"line-height: normal; background: white; vertical-align: baseline;\"><span style=\"font-size: 12.5pt; font-family: 'Arial',sans-serif;\">Unser eigener Drenthe-Salat<\/span><\/li>\n<li class=\"MsoNormal\" style=\"line-height: normal; background: white; vertical-align: baseline;\"><span style=\"font-size: 12.5pt; font-family: 'Arial',sans-serif;\">Hausgemachter Nudelsalat mit sonnengetrockneten Tomaten, Oliven und Gem\u00fcse<\/span><\/li>\n<li class=\"MsoNormal\" style=\"line-height: normal; background: white; vertical-align: baseline;\"><span style=\"font-size: 12.5pt; font-family: 'Arial',sans-serif;\">Salat aus Tomaten- und Mozzarella-Ecken<\/span><\/li>\n<li class=\"MsoNormal\" style=\"line-height: normal; background: white; vertical-align: baseline;\"><span style=\"font-size: 12.5pt; font-family: 'Arial',sans-serif;\">Melone und Ananas in Scheiben<\/span><\/li>\n<li class=\"MsoNormal\" style=\"line-height: normal; background: white; vertical-align: baseline;\"><span style=\"font-size: 12.5pt; font-family: 'Arial',sans-serif;\">Amerikanischer Krautsalat<\/span><\/li>\n<\/ul>\n<p class=\"MsoNormal\" style=\"margin-bottom: .0001pt; line-height: normal; background: white; vertical-align: baseline;\"><strong><span style=\"font-size: 12.5pt; font-family: 'Arial',sans-serif; border: none windowtext 1.0pt; padding: 0cm;\">Fleisch (5 St\u00fcck pro Person)<\/span><\/strong><i><span style=\"font-size: 12.5pt; font-family: 'Arial',sans-serif;\"><br \/>\n<\/span><\/i><\/p>\n<ul>\n<li class=\"MsoNormal\" style=\"line-height: normal; background: white; vertical-align: baseline;\"><span style=\"font-size: 12.5pt; font-family: 'Arial',sans-serif;\">Zartes Steak am Spie\u00df<\/span><\/li>\n<li class=\"MsoNormal\" style=\"line-height: normal; background: white; vertical-align: baseline;\"><span style=\"font-size: 12.5pt; font-family: 'Arial',sans-serif;\">Black Angus Rindfleisch-Burger<\/span><\/li>\n<li class=\"MsoNormal\" style=\"line-height: normal; background: white; vertical-align: baseline;\"><span style=\"font-size: 12.5pt; font-family: 'Arial',sans-serif;\">Zarte Spare Ribs<\/span><\/li>\n<li class=\"MsoNormal\" style=\"line-height: normal; background: white; vertical-align: baseline;\"><span style=\"font-size: 12.5pt; font-family: 'Arial',sans-serif;\">Burger aus H\u00e4hnchenschenkel mit Speck<\/span><\/li>\n<li class=\"MsoNormal\" style=\"line-height: normal; background: white; vertical-align: baseline;\"><span style=\"font-size: 12.5pt; font-family: 'Arial',sans-serif;\">Spie\u00df mit Schweinefilet<\/span><\/li>\n<\/ul>\n<p><strong>Drei Arten von Saucen<\/strong><\/p>\n<ul>\n<li>Knoblauch<\/li>\n<li>Grillen<\/li>\n<li>Whisky\/Cocktail<\/li>\n<\/ul>\n","protected":false},"featured_media":5721,"template":"","meta":[],"product_brand":[],"product_cat":[126,445,234],"product_tag":[],"class_list":{"0":"post-23720","1":"product","2":"type-product","3":"status-publish","4":"has-post-thumbnail","6":"product_cat-barbecuen","7":"product_cat-bruut-catering","8":"product_cat-diner-met-bezorgservice","9":"wcpa_has_options","11":"first","12":"instock","13":"sold-individually","14":"taxable","15":"shipping-taxable","16":"purchasable","17":"product-type-simple"},"wcpa_form_fields":{"rules":{"pric_overide_base_price":false,"pric_overide_base_price_if_gt_zero":false,"pric_overide_base_price_fully":false,"pric_cal_option_once":false,"pric_use_as_fee":false,"bind_quantity":false,"quantity_bind_formula":false},"fields":[{"type":"select","elementId":"wcpa-select-1744786850303","label":"BBQ nodig?","description":"Het huren van \u00e9\u00e9n BBQ is geschikt voor 6 tot 8 personen.","enablePrice":true,"priceOptions":"different_for_all","pricingType":"fixed","name":"select-1744786850303","cl_rule":"show","col":6,"values":[{"label":"G\u00e9\u00e9n BBQ nodig","value":"geen-barbecue","price":"","pimage":"","pimage_id":"","pthumb":""},{"label":"Huur \u00e9\u00e9n BBQ","value":"1-barbecue","price":"25","pimage":"","pimage_id":"","pthumb":""},{"label":"Huur twee BBQ's","value":"2-barbecues","price":"50","pimage":"","pimage_id":"","pthumb":""}],"relations":false,"form_id":33848,"form_rules":{"pric_cal_option_once":false,"exclude_from_discount":false,"pric_use_as_fee":false,"fee_label":"Fee","render_after_acb":false,"disp_hide_options_price":false}}]},"_links":{"self":[{"href":"https:\/\/puurexloo.nl\/de\/wp-json\/wp\/v2\/product\/23720","targetHints":{"allow":["GET"]}}],"collection":[{"href":"https:\/\/puurexloo.nl\/de\/wp-json\/wp\/v2\/product"}],"about":[{"href":"https:\/\/puurexloo.nl\/de\/wp-json\/wp\/v2\/types\/product"}],"wp:featuredmedia":[{"embeddable":true,"href":"https:\/\/puurexloo.nl\/de\/wp-json\/wp\/v2\/media\/5721"}],"wp:attachment":[{"href":"https:\/\/puurexloo.nl\/de\/wp-json\/wp\/v2\/media?parent=23720"}],"wp:term":[{"taxonomy":"product_brand","embeddable":true,"href":"https:\/\/puurexloo.nl\/de\/wp-json\/wp\/v2\/product_brand?post=23720"},{"taxonomy":"product_cat","embeddable":true,"href":"https:\/\/puurexloo.nl\/de\/wp-json\/wp\/v2\/product_cat?post=23720"},{"taxonomy":"product_tag","embeddable":true,"href":"https:\/\/puurexloo.nl\/de\/wp-json\/wp\/v2\/product_tag?post=23720"}],"curies":[{"name":"wp","href":"https:\/\/api.w.org\/{rel}","templated":true}]}}