{"id":23721,"date":"2024-05-03T13:16:52","date_gmt":"2024-05-03T11:16:52","guid":{"rendered":"https:\/\/puurexloo.nl\/?post_type=product&#038;p=23721"},"modified":"2024-11-06T16:09:19","modified_gmt":"2024-11-06T15:09:19","slug":"bruuts-bbq-classic","status":"publish","type":"product","link":"https:\/\/puurexloo.nl\/de\/product\/bruuts-bbq-classic\/","title":{"rendered":"Bruut&#8217;s Classic BBQ"},"content":{"rendered":"","protected":false},"excerpt":{"rendered":"<p class=\"MsoNormal\" style=\"margin-bottom: .0001pt; line-height: normal; background: white; vertical-align: baseline;\"><b><span style=\"font-size: 12.5pt; font-family: 'Arial',sans-serif; border: none windowtext 1.0pt; padding: 0cm;\">Bruut&#8217;s Classic BBQ besteht aus<\/span><\/b><\/p>\n<ul>\n<li class=\"MsoNormal\" style=\"line-height: normal; background: white; vertical-align: baseline;\"><span style=\"font-size: 12.5pt; font-family: 'Arial',sans-serif;\">Franz\u00f6sisches Brot mit Kr\u00e4uterbutter und einem frischen Dip<br \/>\n<\/span><\/li>\n<li class=\"MsoNormal\" style=\"line-height: normal; background: white; vertical-align: baseline;\"><span style=\"font-size: 12.5pt; font-family: 'Arial',sans-serif;\">Rindfleischsalat<br \/>\n<\/span><\/li>\n<li class=\"MsoNormal\" style=\"line-height: normal; background: white; vertical-align: baseline;\"><span style=\"font-size: 12.5pt; font-family: 'Arial',sans-serif;\">Unser eigener Drenthe-Salat<br \/>\n<\/span><\/li>\n<li class=\"MsoNormal\" style=\"line-height: normal; background: white; vertical-align: baseline;\"><span style=\"font-size: 12.5pt; font-family: 'Arial',sans-serif;\">Hausgemachter Krautsalat<\/span><\/li>\n<\/ul>\n<p><strong><span style=\"font-size: 12.5pt; font-family: 'Arial',sans-serif; border: none windowtext 1.0pt; padding: 0cm;\">Fleisch (5 St\u00fcck pro Person)<\/span><\/strong><\/p>\n<ul>\n<li class=\"MsoNormal\" style=\"line-height: normal; background: white; vertical-align: baseline;\"><span style=\"font-size: 12.5pt; font-family: 'Arial',sans-serif;\">Grillwurst<br \/>\n<\/span><\/li>\n<li class=\"MsoNormal\" style=\"line-height: normal; background: white; vertical-align: baseline;\"><span style=\"font-size: 12.5pt; font-family: 'Arial',sans-serif;\">Mariniertes Schweinesteak<br \/>\n<\/span><\/li>\n<li class=\"MsoNormal\" style=\"line-height: normal; background: white; vertical-align: baseline;\"><span style=\"font-size: 12.5pt; font-family: 'Arial',sans-serif;\">Hamburger<br \/>\n<\/span><\/li>\n<li class=\"MsoNormal\" style=\"line-height: normal; background: white; vertical-align: baseline;\"><span style=\"font-size: 12.5pt; font-family: 'Arial',sans-serif;\">Hausgemachtes H\u00e4hnchen-Satay<br \/>\n<\/span><\/li>\n<li class=\"MsoNormal\" style=\"line-height: normal; background: white; vertical-align: baseline;\"><span style=\"font-size: 12.5pt; font-family: 'Arial',sans-serif;\">H\u00e4hnchen-Pesto-Spie\u00dfchen<\/span><\/li>\n<\/ul>\n<p class=\"MsoNormal\" style=\"margin-bottom: .0001pt; line-height: normal; background: white; vertical-align: baseline;\"><strong><span style=\"font-size: 12.5pt; font-family: 'Arial',sans-serif;\"> <\/span><span style=\"font-family: Arial, sans-serif; font-size: 12.5pt;\">Drei Arten von Saucen<\/span><\/strong><\/p>\n<ul>\n<li class=\"MsoNormal\" style=\"line-height: normal; background: white; vertical-align: baseline;\"><span style=\"font-family: Arial, sans-serif; font-size: 12.5pt;\">Knoblauch<\/span><\/li>\n<li class=\"MsoNormal\" style=\"line-height: normal; background: white; vertical-align: baseline;\"><span style=\"font-family: Arial, sans-serif; font-size: 12.5pt;\">Grillen<\/span><\/li>\n<li class=\"MsoNormal\" style=\"line-height: normal; background: white; vertical-align: baseline;\"><span style=\"font-family: Arial, sans-serif; font-size: 12.5pt;\">Whisky\/Cocktail<\/span><\/li>\n<\/ul>\n","protected":false},"featured_media":24544,"template":"","meta":[],"product_brand":[],"product_cat":[126,445,234],"product_tag":[],"class_list":{"0":"post-23721","1":"product","2":"type-product","3":"status-publish","4":"has-post-thumbnail","6":"product_cat-barbecuen","7":"product_cat-bruut-catering","8":"product_cat-diner-met-bezorgservice","9":"wcpa_has_options","11":"first","12":"instock","13":"taxable","14":"shipping-taxable","15":"purchasable","16":"product-type-simple"},"wcpa_form_fields":{"rules":{"pric_overide_base_price":false,"pric_overide_base_price_if_gt_zero":false,"pric_overide_base_price_fully":false,"pric_cal_option_once":false,"pric_use_as_fee":false,"bind_quantity":false,"quantity_bind_formula":false},"fields":[{"type":"select","elementId":"wcpa-select-1744786850303","label":"BBQ nodig?","description":"Het huren van \u00e9\u00e9n BBQ is geschikt voor 6 tot 8 personen.","enablePrice":true,"priceOptions":"different_for_all","pricingType":"fixed","name":"select-1744786850303","cl_rule":"show","col":6,"values":[{"label":"G\u00e9\u00e9n BBQ nodig","value":"geen-barbecue","price":"","pimage":"","pimage_id":"","pthumb":""},{"label":"Huur \u00e9\u00e9n BBQ","value":"1-barbecue","price":"25","pimage":"","pimage_id":"","pthumb":""},{"label":"Huur twee BBQ's","value":"2-barbecues","price":"50","pimage":"","pimage_id":"","pthumb":""}],"relations":false,"form_id":33848,"form_rules":{"pric_cal_option_once":false,"exclude_from_discount":false,"pric_use_as_fee":false,"fee_label":"Fee","render_after_acb":false,"disp_hide_options_price":false}}]},"_links":{"self":[{"href":"https:\/\/puurexloo.nl\/de\/wp-json\/wp\/v2\/product\/23721","targetHints":{"allow":["GET"]}}],"collection":[{"href":"https:\/\/puurexloo.nl\/de\/wp-json\/wp\/v2\/product"}],"about":[{"href":"https:\/\/puurexloo.nl\/de\/wp-json\/wp\/v2\/types\/product"}],"wp:featuredmedia":[{"embeddable":true,"href":"https:\/\/puurexloo.nl\/de\/wp-json\/wp\/v2\/media\/24544"}],"wp:attachment":[{"href":"https:\/\/puurexloo.nl\/de\/wp-json\/wp\/v2\/media?parent=23721"}],"wp:term":[{"taxonomy":"product_brand","embeddable":true,"href":"https:\/\/puurexloo.nl\/de\/wp-json\/wp\/v2\/product_brand?post=23721"},{"taxonomy":"product_cat","embeddable":true,"href":"https:\/\/puurexloo.nl\/de\/wp-json\/wp\/v2\/product_cat?post=23721"},{"taxonomy":"product_tag","embeddable":true,"href":"https:\/\/puurexloo.nl\/de\/wp-json\/wp\/v2\/product_tag?post=23721"}],"curies":[{"name":"wp","href":"https:\/\/api.w.org\/{rel}","templated":true}]}}