{"id":23942,"date":"2024-05-06T16:58:21","date_gmt":"2024-05-06T14:58:21","guid":{"rendered":"https:\/\/puurexloo.nl\/?post_type=product&#038;p=23942"},"modified":"2024-11-06T16:09:47","modified_gmt":"2024-11-06T15:09:47","slug":"foodsharing-dinner-fuer-feinschmecker","status":"publish","type":"product","link":"https:\/\/puurexloo.nl\/de\/product\/foodsharing-dinner-fuer-feinschmecker\/","title":{"rendered":"BRUUT Burgundisches Foodsharing-Dinner"},"content":{"rendered":"","protected":false},"excerpt":{"rendered":"<h3>BRUUT Burgundisches Foodsharing-Dinner<\/h3>\n<p><b>Vorspeisen  <\/b><\/p>\n<ul>\n<li>Franz\u00f6sisches Brot mit Kr\u00e4uterbutter und frischem Kr\u00e4uterdip<\/li>\n<li>Nudelsalat mit gegrilltem Gem\u00fcse, Mozzarella und Pesto-Dressing<\/li>\n<li>Hausgemachter Salat aus Drenthe<\/li>\n<li>Fleischplatte mit getrocknetem Schinken, Nagelholz und Schenk<\/li>\n<li>Gr\u00fcner Salat mit R\u00e4ucherlachs, Ei und roten Zwiebeln.<\/li>\n<li>Carpaccio mit K\u00e4sescheiben, Rucola und frischem Dressing<\/li>\n<li>Frischer Rohkostsalat<\/li>\n<\/ul>\n<p>&nbsp;<\/p>\n<h4 class=\"p1\"><strong>Warme Gerichte:  <\/strong><\/h4>\n<p>&nbsp;<\/p>\n<ul>\n<li>Medaillons vom Schweinefilet mit Pilzsauce<\/li>\n<li>Knusprig gebratene H\u00e4hnchenschenkel nach burgundischer Art<\/li>\n<li>Burgunderschinken am Knochen mit Honig-Senf-Sauce<\/li>\n<li>H\u00e4hnchenschenkel Satay mit Erdnusssauce<\/li>\n<\/ul>\n<p>&nbsp;<\/p>\n<h4 class=\"p1\"><strong>Beilagen:  <\/strong><\/h4>\n<p>&nbsp;<\/p>\n<ul>\n<li>Pellkartoffeln<\/li>\n<li>Hausgemachtes Nasi Goreng<\/li>\n<li>Geschmortes Gem\u00fcse der Saison<\/li>\n<\/ul>\n<p>&nbsp;<\/p>\n[quick_view id=\"4240\" text=\"Bestellen Sie ein gro\u00dfes Dessert\"]\n","protected":false},"featured_media":5580,"template":"","meta":[],"product_brand":[],"product_cat":[445,234,162],"product_tag":[],"class_list":{"0":"post-23942","1":"product","2":"type-product","3":"status-publish","4":"has-post-thumbnail","6":"product_cat-bruut-catering","7":"product_cat-diner-met-bezorgservice","8":"product_cat-foodsharing","10":"first","11":"instock","12":"sold-individually","13":"taxable","14":"shipping-taxable","15":"purchasable","16":"product-type-simple"},"wcpa_form_fields":null,"_links":{"self":[{"href":"https:\/\/puurexloo.nl\/de\/wp-json\/wp\/v2\/product\/23942","targetHints":{"allow":["GET"]}}],"collection":[{"href":"https:\/\/puurexloo.nl\/de\/wp-json\/wp\/v2\/product"}],"about":[{"href":"https:\/\/puurexloo.nl\/de\/wp-json\/wp\/v2\/types\/product"}],"wp:featuredmedia":[{"embeddable":true,"href":"https:\/\/puurexloo.nl\/de\/wp-json\/wp\/v2\/media\/5580"}],"wp:attachment":[{"href":"https:\/\/puurexloo.nl\/de\/wp-json\/wp\/v2\/media?parent=23942"}],"wp:term":[{"taxonomy":"product_brand","embeddable":true,"href":"https:\/\/puurexloo.nl\/de\/wp-json\/wp\/v2\/product_brand?post=23942"},{"taxonomy":"product_cat","embeddable":true,"href":"https:\/\/puurexloo.nl\/de\/wp-json\/wp\/v2\/product_cat?post=23942"},{"taxonomy":"product_tag","embeddable":true,"href":"https:\/\/puurexloo.nl\/de\/wp-json\/wp\/v2\/product_tag?post=23942"}],"curies":[{"name":"wp","href":"https:\/\/api.w.org\/{rel}","templated":true}]}}