{"id":24745,"date":"2024-06-07T12:01:43","date_gmt":"2024-06-07T10:01:43","guid":{"rendered":"https:\/\/puurexloo.nl\/?post_type=product&#038;p=24745"},"modified":"2024-11-06T16:09:24","modified_gmt":"2024-11-06T15:09:24","slug":"klassisches-raclette","status":"publish","type":"product","link":"https:\/\/puurexloo.nl\/de\/product\/klassisches-raclette\/","title":{"rendered":"BRUUT Klassischer Feinschmecker"},"content":{"rendered":"","protected":false},"excerpt":{"rendered":"<h3>BRUUT Klassischer Feinschmecker<\/h3>\n<p><strong>Das komplette Gourmet-Men\u00fc besteht aus<\/strong><\/p>\n<ul>\n<li>H\u00e4hnchen-Satay-Spie\u00df<\/li>\n<li>Lollypop-Spie\u00df (gew\u00fcrztes Hackfleisch auf einem Spie\u00df)<\/li>\n<li>Weich gekochter Schweinebauch<\/li>\n<li>Mini-Hamburger<\/li>\n<li>Mariniertes Schweinefilet<\/li>\n<li>Steaks<\/li>\n<li>Zigeunerschnitzel<\/li>\n<li>Mini-W\u00fcrstchen<\/li>\n<li>Hausgemachtes H\u00e4hnchen-Schawarma<\/li>\n<\/ul>\n<p><strong>Verschiedene Arten von Beilagen<\/strong><\/p>\n<ul>\n<li>R\u00f6sti-Runden<\/li>\n<li>Paprikastreifen<\/li>\n<li>Pilzscheiben<\/li>\n<li>Zwiebelringe<\/li>\n<li>Hausgemachter Salat aus Drenthe<\/li>\n<li>Handgemachter Rindfleischsalat<\/li>\n<li>Baguette mit Kr\u00e4uterbutter und Pesto-Dip<\/li>\n<li>Knoblauch, BBQ &amp; Cocktailsauce<\/li>\n<\/ul>\n<p>Sie erhalten mindestens eine Sorte pro Person.<\/p>\n<p>&nbsp;<\/p>\n[quick_view id=\"4240\" text=\"Bestellen Sie ein gro\u00dfes Dessert\"]\n","protected":false},"featured_media":5615,"template":"","meta":[],"product_brand":[],"product_cat":[445,234,125],"product_tag":[],"class_list":{"0":"post-24745","1":"product","2":"type-product","3":"status-publish","4":"has-post-thumbnail","6":"product_cat-bruut-catering","7":"product_cat-diner-met-bezorgservice","8":"product_cat-gourmetten","9":"wcpa_has_options","11":"first","12":"instock","13":"sold-individually","14":"taxable","15":"shipping-taxable","16":"purchasable","17":"product-type-simple"},"wcpa_form_fields":{"rules":{"pric_overide_base_price":false,"pric_overide_base_price_if_gt_zero":false,"pric_overide_base_price_fully":false,"pric_cal_option_once":false,"pric_use_as_fee":false,"bind_quantity":false,"quantity_bind_formula":false},"fields":[{"type":"select","elementId":"wcpa-select-1770896106049","label":"Vis-Gourmet bijbestellen","description":"Klik het gewenste aantal aan","enablePrice":true,"priceOptions":"different_for_all","pricingType":"fixed","name":"select-1770896106049","cl_rule":"show","col":6,"values":[{"label":"Geen Vis-Gourmet","value":"Geen Vis-Gourmet","price":"","pimage":"","pimage_id":"","pthumb":""},{"label":"1 x Vis-Gourmet","value":"1 x Vis-Gourmet","price":"9,95","pimage":"","pimage_id":"","pthumb":""},{"label":"2 x Vis-Gourmet","value":"2 x Vis-Gourmet","price":"19,90","pimage":"","pimage_id":"","pthumb":""},{"label":"3 x Vis-Gourmet","value":"3 x Vis-Gourmet","price":"29,85","pimage":"","pimage_id":"","pthumb":""},{"label":"4 x Vis-Gourmet","value":"4 x Vis-Gourmet","price":"39,80","pimage":"","pimage_id":"","pthumb":""},{"label":"5 x Vis-Gourmet","value":"5 x Vis-Gourmet","price":"49,75","pimage":"","pimage_id":"","pthumb":""},{"label":"6 x Vis-Gourmet","value":"6 x Vis-Gourmet","price":"59,70","pimage":"","pimage_id":"","pthumb":""},{"label":"7 x Vis-Gourmet","value":"7 x Vis-Gourmet","price":"69,65","pimage":"","pimage_id":"","pthumb":""},{"label":"8 x Vis-Gourmet","value":"8 x Vis-Gourmet","price":"79,60","pimage":"","pimage_id":"","pthumb":""},{"label":"9 x Vis-Gourmet","value":"9 x Vis-Gourmet","price":"89,55","pimage":"","pimage_id":"","pthumb":""},{"label":"10 x Vis-Gourmet","value":"10 x Vis-Gourmet","price":"99,50","pimage":"","pimage_id":"","pthumb":""}],"relations":false,"form_id":41637,"form_rules":{"pric_cal_option_once":false,"exclude_from_discount":false,"pric_use_as_fee":false,"fee_label":"Fee","render_after_acb":false,"disp_hide_options_price":false}},{"type":"select","elementId":"wcpa-select-67ff59661435f","label":"Gourmetstel nodig?","description":"Het huren van \u00e9\u00e9n Gourmetstel is geschikt voor max. 8 personen.","enablePrice":true,"priceOptions":"different_for_all","pricingType":"fixed","name":"select-67ff596614368","cl_rule":"show","col":6,"values":[{"label":"G\u00e9\u00e9n Gourmetstel nodig","value":"geen-gourmetstel","price":"","pimage":"","pimage_id":"","pthumb":""},{"label":"Huur \u00e9\u00e9n Gourmetstel","value":"1-gourmetstel","price":"17,50","pimage":"","pimage_id":"","pthumb":""},{"label":"Huur twee Gourmetstellen","value":"2-gourmetstellen","price":"35","pimage":"","pimage_id":"","pthumb":""}],"relations":false,"form_id":33850,"form_rules":{"pric_cal_option_once":false,"exclude_from_discount":false,"pric_use_as_fee":false,"fee_label":"Fee","render_after_acb":false,"disp_hide_options_price":false}}]},"_links":{"self":[{"href":"https:\/\/puurexloo.nl\/de\/wp-json\/wp\/v2\/product\/24745","targetHints":{"allow":["GET"]}}],"collection":[{"href":"https:\/\/puurexloo.nl\/de\/wp-json\/wp\/v2\/product"}],"about":[{"href":"https:\/\/puurexloo.nl\/de\/wp-json\/wp\/v2\/types\/product"}],"wp:featuredmedia":[{"embeddable":true,"href":"https:\/\/puurexloo.nl\/de\/wp-json\/wp\/v2\/media\/5615"}],"wp:attachment":[{"href":"https:\/\/puurexloo.nl\/de\/wp-json\/wp\/v2\/media?parent=24745"}],"wp:term":[{"taxonomy":"product_brand","embeddable":true,"href":"https:\/\/puurexloo.nl\/de\/wp-json\/wp\/v2\/product_brand?post=24745"},{"taxonomy":"product_cat","embeddable":true,"href":"https:\/\/puurexloo.nl\/de\/wp-json\/wp\/v2\/product_cat?post=24745"},{"taxonomy":"product_tag","embeddable":true,"href":"https:\/\/puurexloo.nl\/de\/wp-json\/wp\/v2\/product_tag?post=24745"}],"curies":[{"name":"wp","href":"https:\/\/api.w.org\/{rel}","templated":true}]}}