{"id":24746,"date":"2024-06-07T12:08:11","date_gmt":"2024-06-07T10:08:11","guid":{"rendered":"https:\/\/puurexloo.nl\/?post_type=product&#038;p=24746"},"modified":"2024-11-06T16:09:20","modified_gmt":"2024-11-06T15:09:20","slug":"tischgrillen","status":"publish","type":"product","link":"https:\/\/puurexloo.nl\/de\/product\/tischgrillen\/","title":{"rendered":"Tischgrills"},"content":{"rendered":"","protected":false},"excerpt":{"rendered":"<p>Die Thijs &amp; Aafke Grillplatte ist sauber und sicher im Gebrauch, ohne Spritzer und ohne unangenehme Essensger\u00fcche hinterher.<\/p>\n<p><strong>Eine umfangreiche Platte mit verschiedenen Fleischsorten<\/strong><\/p>\n<ul>\n<li>Marinierte H\u00fchnerbrust<\/li>\n<li>Steak-Tipps<\/li>\n<li>Schweinslende<\/li>\n<li>Spare-Ribs<\/li>\n<li>Speckscheiben<\/li>\n<\/ul>\n<p><strong>Kalte Beilagen nach Wahl  <\/strong><\/p>\n<ul>\n<li>Gurkensalat<\/li>\n<li>Schaufelsalat<\/li>\n<li>Gr\u00fcner Salat<\/li>\n<li>Geschnittene Zwiebel<\/li>\n<li>Paprika in Scheiben geschnitten<\/li>\n<li>Pilze<\/li>\n<\/ul>\n<p><strong>Oder warme Beilagen<\/strong><\/p>\n<ul>\n<li>Roseval<\/li>\n<li>Chicor\u00e9e mit Schinken und K\u00e4se<\/li>\n<li>Blumenkohl mit K\u00e4sesauce<\/li>\n<\/ul>\n<p>Nat\u00fcrlich haben wir auch eine glutenfreie Variante, haben Sie irgendwelche Ern\u00e4hrungsbed\u00fcrfnisse? Lassen Sie es uns wissen! <\/p>\n","protected":false},"featured_media":4932,"template":"","meta":[],"product_brand":[],"product_cat":[234,125],"product_tag":[],"class_list":{"0":"post-24746","1":"product","2":"type-product","3":"status-publish","4":"has-post-thumbnail","6":"product_cat-diner-met-bezorgservice","7":"product_cat-gourmetten","9":"first","10":"instock","11":"taxable","12":"shipping-taxable","13":"purchasable","14":"product-type-simple"},"wcpa_form_fields":null,"_links":{"self":[{"href":"https:\/\/puurexloo.nl\/de\/wp-json\/wp\/v2\/product\/24746","targetHints":{"allow":["GET"]}}],"collection":[{"href":"https:\/\/puurexloo.nl\/de\/wp-json\/wp\/v2\/product"}],"about":[{"href":"https:\/\/puurexloo.nl\/de\/wp-json\/wp\/v2\/types\/product"}],"wp:featuredmedia":[{"embeddable":true,"href":"https:\/\/puurexloo.nl\/de\/wp-json\/wp\/v2\/media\/4932"}],"wp:attachment":[{"href":"https:\/\/puurexloo.nl\/de\/wp-json\/wp\/v2\/media?parent=24746"}],"wp:term":[{"taxonomy":"product_brand","embeddable":true,"href":"https:\/\/puurexloo.nl\/de\/wp-json\/wp\/v2\/product_brand?post=24746"},{"taxonomy":"product_cat","embeddable":true,"href":"https:\/\/puurexloo.nl\/de\/wp-json\/wp\/v2\/product_cat?post=24746"},{"taxonomy":"product_tag","embeddable":true,"href":"https:\/\/puurexloo.nl\/de\/wp-json\/wp\/v2\/product_tag?post=24746"}],"curies":[{"name":"wp","href":"https:\/\/api.w.org\/{rel}","templated":true}]}}