{"id":24747,"date":"2024-06-07T12:10:57","date_gmt":"2024-06-07T10:10:57","guid":{"rendered":"https:\/\/puurexloo.nl\/?post_type=product&#038;p=24747"},"modified":"2024-06-07T12:10:58","modified_gmt":"2024-06-07T10:10:58","slug":"tapas-fleisch","status":"publish","type":"product","link":"https:\/\/puurexloo.nl\/de\/product\/tapas-fleisch\/","title":{"rendered":"Tapas: Fleisch"},"content":{"rendered":"","protected":false},"excerpt":{"rendered":"<p><strong>Vorspeisen<\/strong><\/p>\n<ul>\n<li>Spanisches Brot mit Kr\u00e4uterbutter und einem milden Pesto-Dip<\/li>\n<li>Kartoffelsalat mit gebratenem Speck<\/li>\n<li>Marinierte Oliven, sonnengetrocknete Tomaten und mit Frischk\u00e4se gef\u00fcllte s\u00fc\u00dfe Paprika<\/li>\n<li>Frischer Tomaten-Mozzarella-Salat mit frischem Dressing<\/li>\n<li>Datteln mit Speck umh\u00fcllt<\/li>\n<li>Wurstplatte mit spanischem Schinken, Fuet-Wurst, Chorizo und Melone<\/li>\n<\/ul>\n<p><strong>Hauptspeisen<\/strong><\/p>\n<ul>\n<li>Spareribs von Marc mit s\u00fc\u00dfem Lack<\/li>\n<li>Schweinefiletspie\u00dfe mit gebratenen Pilzen<\/li>\n<li>Fleischb\u00e4llchen in w\u00fcrziger Paprikasauce<\/li>\n<li>Knusprige H\u00e4hnchenfl\u00fcgel mit Honig<\/li>\n<li>Marinierte Champignons<\/li>\n<\/ul>\n<p>Die B\u00fcffets werden in sogenannten Partypfannen geliefert. Das Dinner ist innerhalb von 15 Minuten hei\u00df.<\/p>\n","protected":false},"featured_media":25808,"template":"","meta":[],"product_brand":[],"product_cat":[15],"product_tag":[],"class_list":{"0":"post-24747","1":"product","2":"type-product","3":"status-publish","4":"has-post-thumbnail","6":"product_cat-geen-categorie","8":"first","9":"instock","10":"sold-individually","11":"taxable","12":"shipping-taxable","13":"purchasable","14":"product-type-simple"},"wcpa_form_fields":null,"_links":{"self":[{"href":"https:\/\/puurexloo.nl\/de\/wp-json\/wp\/v2\/product\/24747","targetHints":{"allow":["GET"]}}],"collection":[{"href":"https:\/\/puurexloo.nl\/de\/wp-json\/wp\/v2\/product"}],"about":[{"href":"https:\/\/puurexloo.nl\/de\/wp-json\/wp\/v2\/types\/product"}],"wp:featuredmedia":[{"embeddable":true,"href":"https:\/\/puurexloo.nl\/de\/wp-json\/wp\/v2\/media\/25808"}],"wp:attachment":[{"href":"https:\/\/puurexloo.nl\/de\/wp-json\/wp\/v2\/media?parent=24747"}],"wp:term":[{"taxonomy":"product_brand","embeddable":true,"href":"https:\/\/puurexloo.nl\/de\/wp-json\/wp\/v2\/product_brand?post=24747"},{"taxonomy":"product_cat","embeddable":true,"href":"https:\/\/puurexloo.nl\/de\/wp-json\/wp\/v2\/product_cat?post=24747"},{"taxonomy":"product_tag","embeddable":true,"href":"https:\/\/puurexloo.nl\/de\/wp-json\/wp\/v2\/product_tag?post=24747"}],"curies":[{"name":"wp","href":"https:\/\/api.w.org\/{rel}","templated":true}]}}