{"id":24748,"date":"2024-06-07T12:13:33","date_gmt":"2024-06-07T10:13:33","guid":{"rendered":"https:\/\/puurexloo.nl\/?post_type=product&#038;p=24748"},"modified":"2024-06-07T12:13:34","modified_gmt":"2024-06-07T10:13:34","slug":"tapas-fleisch-und-fisch","status":"publish","type":"product","link":"https:\/\/puurexloo.nl\/de\/product\/tapas-fleisch-und-fisch\/","title":{"rendered":"Tapas: Fleisch und Fisch"},"content":{"rendered":"","protected":false},"excerpt":{"rendered":"<p><strong>Vorspeisen<\/strong><\/p>\n<ul>\n<li>Spanisches Brot mit Kr\u00e4uterbutter und einem milden Pesto-Dip<\/li>\n<li>Kartoffelsalat mit gebratenem Speck<\/li>\n<li>Marinierte Oliven, sonnengetrocknete Tomaten und mit Frischk\u00e4se gef\u00fcllte s\u00fc\u00dfe Paprika<\/li>\n<li>Frischer Tomaten-Mozzarella-Salat mit frischem Dressing<\/li>\n<li>Datteln mit Speck umh\u00fcllt<\/li>\n<li>Wurstplatte mit spanischem Schinken, Fuet-Wurst, Chorizo und Melone<\/li>\n<\/ul>\n<p><strong>Hauptspeisen<\/strong><\/p>\n<ul>\n<li>Spareribs von Marc mit s\u00fc\u00dfem Lack<\/li>\n<li>Fleischb\u00e4llchen in w\u00fcrziger Paprikasauce<\/li>\n<li>Knusprige H\u00e4hnchenfl\u00fcgel mit Honig<\/li>\n<li>Paella mit Schweinefilet und verschiedenen Muscheln und Schalentieren<\/li>\n<li>Gebratene Garnelen mit Knoblauch, Lauch und Zwiebeln<\/li>\n<\/ul>\n<p>Die B\u00fcffets werden in sogenannten Partypfannen geliefert. Das Dinner ist innerhalb von 15 Minuten hei\u00df.<\/p>\n","protected":false},"featured_media":5723,"template":"","meta":[],"product_brand":[],"product_cat":[427,422],"product_tag":[],"class_list":{"0":"post-24748","1":"product","2":"type-product","3":"status-publish","4":"has-post-thumbnail","6":"product_cat-diner-met-bezorgservice-de","7":"product_cat-tapas-de","9":"first","10":"instock","11":"taxable","12":"shipping-taxable","13":"purchasable","14":"product-type-simple"},"wcpa_form_fields":null,"_links":{"self":[{"href":"https:\/\/puurexloo.nl\/de\/wp-json\/wp\/v2\/product\/24748","targetHints":{"allow":["GET"]}}],"collection":[{"href":"https:\/\/puurexloo.nl\/de\/wp-json\/wp\/v2\/product"}],"about":[{"href":"https:\/\/puurexloo.nl\/de\/wp-json\/wp\/v2\/types\/product"}],"wp:featuredmedia":[{"embeddable":true,"href":"https:\/\/puurexloo.nl\/de\/wp-json\/wp\/v2\/media\/5723"}],"wp:attachment":[{"href":"https:\/\/puurexloo.nl\/de\/wp-json\/wp\/v2\/media?parent=24748"}],"wp:term":[{"taxonomy":"product_brand","embeddable":true,"href":"https:\/\/puurexloo.nl\/de\/wp-json\/wp\/v2\/product_brand?post=24748"},{"taxonomy":"product_cat","embeddable":true,"href":"https:\/\/puurexloo.nl\/de\/wp-json\/wp\/v2\/product_cat?post=24748"},{"taxonomy":"product_tag","embeddable":true,"href":"https:\/\/puurexloo.nl\/de\/wp-json\/wp\/v2\/product_tag?post=24748"}],"curies":[{"name":"wp","href":"https:\/\/api.w.org\/{rel}","templated":true}]}}