{"id":25180,"date":"2024-06-19T13:56:11","date_gmt":"2024-06-19T11:56:11","guid":{"rendered":"https:\/\/puurexloo.nl\/?post_type=product&#038;p=25180"},"modified":"2024-10-25T14:18:26","modified_gmt":"2024-10-25T12:18:26","slug":"kinderfahrrad-loekie-princess-20%e2%80%b3","status":"publish","type":"product","link":"https:\/\/puurexloo.nl\/de\/product\/kinderfahrrad-loekie-princess-20%e2%80%b3\/","title":{"rendered":"Kinderfahrrad Loekie Princess 20\u2033"},"content":{"rendered":"","protected":false},"excerpt":{"rendered":"<ul>\n<li>Ideales Fahrrad f\u00fcr eine echte Prinzessin<\/li>\n<li>K\u00f6rpergr\u00f6\u00dfe zwischen 120 \u2013 130 cm<\/li>\n<li>Doppelbremsen; Handbremse und R\u00fccktrittbremse<\/li>\n<li>Praktischer Gep\u00e4cktr\u00e4ger, sowohl vorne als auch hinten<\/li>\n<\/ul>\n","protected":false},"featured_media":9505,"template":"","meta":[],"product_brand":[],"product_cat":[68],"product_tag":[],"class_list":{"0":"post-25180","1":"product","2":"type-product","3":"status-publish","4":"has-post-thumbnail","6":"product_cat-kinderfietsen","8":"first","9":"instock","10":"taxable","11":"shipping-taxable","12":"purchasable","13":"product-type-simple"},"wcpa_form_fields":null,"_links":{"self":[{"href":"https:\/\/puurexloo.nl\/de\/wp-json\/wp\/v2\/product\/25180","targetHints":{"allow":["GET"]}}],"collection":[{"href":"https:\/\/puurexloo.nl\/de\/wp-json\/wp\/v2\/product"}],"about":[{"href":"https:\/\/puurexloo.nl\/de\/wp-json\/wp\/v2\/types\/product"}],"wp:featuredmedia":[{"embeddable":true,"href":"https:\/\/puurexloo.nl\/de\/wp-json\/wp\/v2\/media\/9505"}],"wp:attachment":[{"href":"https:\/\/puurexloo.nl\/de\/wp-json\/wp\/v2\/media?parent=25180"}],"wp:term":[{"taxonomy":"product_brand","embeddable":true,"href":"https:\/\/puurexloo.nl\/de\/wp-json\/wp\/v2\/product_brand?post=25180"},{"taxonomy":"product_cat","embeddable":true,"href":"https:\/\/puurexloo.nl\/de\/wp-json\/wp\/v2\/product_cat?post=25180"},{"taxonomy":"product_tag","embeddable":true,"href":"https:\/\/puurexloo.nl\/de\/wp-json\/wp\/v2\/product_tag?post=25180"}],"curies":[{"name":"wp","href":"https:\/\/api.w.org\/{rel}","templated":true}]}}