{"id":30523,"date":"2024-11-06T14:59:08","date_gmt":"2024-11-06T13:59:08","guid":{"rendered":"https:\/\/puurexloo.nl\/product\/einweichpackung-3x-und-mentholkristalle-1x\/"},"modified":"2024-11-06T14:59:08","modified_gmt":"2024-11-06T13:59:08","slug":"einweichpackung-3x-und-mentholkristalle-1x","status":"publish","type":"product","link":"https:\/\/puurexloo.nl\/de\/product\/einweichpackung-3x-und-mentholkristalle-1x\/","title":{"rendered":"Einweichpackung 3x und Mentholkristalle 1x"},"content":{"rendered":"<h6><strong>Lieferzeiten<\/strong><\/h6>\n<ul>\n<li>\nM<strong>ontag bis Freitag<\/strong>: Bei Bestellung vor 16:00 Uhr erfolgt die Lieferung am selben Tag bis 18:00 Uhr;<\/li>\n<li><strong>Samstag<\/strong>: vor 12:00 Uhr bestellt, wird am Samstag vor 18:00 Uhr geliefert<\/li>\n<li><strong>Sonntag<\/strong>: An Sonntagen werden <strong>keine <\/strong>Lieferungen vorgenommen.<\/li>\n<\/ul>\n<p>Pakete nur f\u00fcr Samstag und Sonntag verf\u00fcgbar.<\/p>\n<hr>\n<h2>Waschmittel Zitronengras\/Hamom\/Eukalyptus &amp; Menthol Kristalle<\/h2>\n<p>F\u00fcr die korrekte Verwendung der D\u00fcfte und Kristalle lesen Sie bitte die Erkl\u00e4rungen, die dem jeweiligen Produkt beiliegen.<\/p>\n<p><a href=\"https:\/\/puurexloo.nl\/product\/menthol-kristallen\/\">Menthol-Kristalle<\/a><\/p>\n<p><a href=\"https:\/\/puurexloo.nl\/product\/lemongrass-opgiet\/\">Zitronengras-Aufguss<\/a><\/p>\n<p><a href=\"https:\/\/puurexloo.nl\/product\/hamam-opgietmiddel-sauna\/\">Hamam Aufgusssauna<\/a><\/p>\n<p><a href=\"https:\/\/puurexloo.nl\/product\/eucalyptus-sauna-opgietmiddel\/\">Eukalyptus Sauna Fl\u00fcssigkeit<\/a><\/p>\n<p>&nbsp;<\/p>\n","protected":false},"excerpt":{"rendered":"<div class=\"woocommerce-product-details__short-description\">\n<p>Eukalyptus-Aufguss 25 ml Zitronengras-Aufguss 25 ml Hamam-Aufguss 25 ml Mentholkristalle 10 gr.<\/p>\n<\/div>\n<p>&nbsp;<\/p>\n","protected":false},"featured_media":30438,"template":"","meta":[],"product_brand":[],"product_cat":[441],"product_tag":[],"class_list":{"0":"post-30523","1":"product","2":"type-product","3":"status-publish","4":"has-post-thumbnail","6":"product_cat-saunaenwellness","8":"first","9":"instock","10":"taxable","11":"shipping-taxable","12":"purchasable","13":"product-type-simple"},"wcpa_form_fields":null,"_links":{"self":[{"href":"https:\/\/puurexloo.nl\/de\/wp-json\/wp\/v2\/product\/30523","targetHints":{"allow":["GET"]}}],"collection":[{"href":"https:\/\/puurexloo.nl\/de\/wp-json\/wp\/v2\/product"}],"about":[{"href":"https:\/\/puurexloo.nl\/de\/wp-json\/wp\/v2\/types\/product"}],"wp:featuredmedia":[{"embeddable":true,"href":"https:\/\/puurexloo.nl\/de\/wp-json\/wp\/v2\/media\/30438"}],"wp:attachment":[{"href":"https:\/\/puurexloo.nl\/de\/wp-json\/wp\/v2\/media?parent=30523"}],"wp:term":[{"taxonomy":"product_brand","embeddable":true,"href":"https:\/\/puurexloo.nl\/de\/wp-json\/wp\/v2\/product_brand?post=30523"},{"taxonomy":"product_cat","embeddable":true,"href":"https:\/\/puurexloo.nl\/de\/wp-json\/wp\/v2\/product_cat?post=30523"},{"taxonomy":"product_tag","embeddable":true,"href":"https:\/\/puurexloo.nl\/de\/wp-json\/wp\/v2\/product_tag?post=30523"}],"curies":[{"name":"wp","href":"https:\/\/api.w.org\/{rel}","templated":true}]}}