{"id":30538,"date":"2024-11-06T15:09:46","date_gmt":"2024-11-06T14:09:46","guid":{"rendered":"https:\/\/puurexloo.nl\/product\/eukalyptus-sauna-fluessigkeit\/"},"modified":"2024-11-06T15:09:46","modified_gmt":"2024-11-06T14:09:46","slug":"eukalyptus-sauna-fluessigkeit","status":"publish","type":"product","link":"https:\/\/puurexloo.nl\/de\/product\/eukalyptus-sauna-fluessigkeit\/","title":{"rendered":"Eukalyptus Sauna Fl\u00fcssigkeit"},"content":{"rendered":"<h6><strong>Lieferzeiten<\/strong><\/h6>\n<ul>\n<li>\nM<strong>ontag bis Freitag<\/strong>: Bei Bestellung vor 16:00 Uhr erfolgt die Lieferung am selben Tag bis 18:00 Uhr;<\/li>\n<li><strong>Samstag<\/strong>: An Samstagen werden <strong>keine <\/strong>Lieferungen vorgenommen.<\/li>\n<li><strong>Sonntag<\/strong>: An Sonntagen werden <strong>keine <\/strong>Lieferungen vorgenommen.<\/li>\n<\/ul>\n<p>Pakete nur f\u00fcr Samstag und Sonntag verf\u00fcgbar.<\/p>\n<hr>\n<h2>Parf\u00fcm Eukalyptus Sauna Fl\u00fcssig<\/h2>\n<p>Der Eukalyptus-Aufguss basiert auf dem nat\u00fcrlichen \u00e4therischen \u00d6l von Eucalyptus Globulus. Der Duft von Eucalyptus Globulus in diesem Aufguss f\u00fcr die Sauna ist st\u00e4rker als der Duft von Eucalyptus Radiata und Eucalyptus Smithii. Aus diesem Grund wird diese Eukalyptusart am h\u00e4ufigsten in der Aromatherapie verwendet. Dieser Eukalyptusduft l\u00e4sst sich gut mit fast allen anderen D\u00fcften kombinieren.<\/p>\n<h3>Operation<\/h3>\n<p>Eukalyptus steigert die Konzentrationsf\u00e4higkeit und baut Stress ab. Das Einatmen von Eukalyptus erleichtert die Atmung. Ein Eukalyptusaufguss hat daher eine lindernde Wirkung bei Erk\u00e4ltungen. Eukalyptus hat eine erfrischende und belebende Wirkung auf die Psyche. Dieses Saunaaufgusskonzentrat mit nat\u00fcrlichem \u00e4therischem Eukalyptus\u00f6l wehrt M\u00fccken und andere Insekten ab.<\/p>\n<h4>Verwenden Sie<\/h4>\n<p>F\u00fcr einen starken, frischen, kampfer\u00e4hnlichen Duft k\u00f6nnen Sie einen Eukalyptusaufguss in die Sauna gie\u00dfen. Verwenden Sie 5 ml pro Liter Wasser oder Eis im Saunak\u00fcbel. Wenn der Duft nicht stark genug ist, verwenden Sie ein wenig mehr. Wenn der Duft zu stark ist, verwenden Sie etwas weniger.<\/p>\n<h5>Eukalyptus-Tee ist gut zum Mischen geeignet:<\/h5>\n<p>Zitrone, Kiefer, Kirsche, Krauseminze, Lavendel, Zitronengras, Minze, Pfefferminze und Menthol.<\/p>\n<p>&nbsp;<\/p>\n","protected":false},"excerpt":{"rendered":"<div class=\"woocommerce-product-details__short-description\">\n<p>Eukalyptustee 25 ml hat ein herrlich frisches und belebendes kampferartiges Aroma. Eukalyptusbl\u00e4tter werden vor allem bei Erkrankungen der Atemwege eingesetzt. Eukalyptus ist der beliebteste Saunaduft und wird daher in allen Saunen verwendet.  <\/p>\n<\/div>\n<p>&nbsp;<\/p>\n","protected":false},"featured_media":30181,"template":"","meta":[],"product_brand":[],"product_cat":[441],"product_tag":[],"class_list":{"0":"post-30538","1":"product","2":"type-product","3":"status-publish","4":"has-post-thumbnail","6":"product_cat-saunaenwellness","8":"first","9":"instock","10":"virtual","11":"taxable","12":"purchasable","13":"product-type-simple"},"wcpa_form_fields":null,"_links":{"self":[{"href":"https:\/\/puurexloo.nl\/de\/wp-json\/wp\/v2\/product\/30538","targetHints":{"allow":["GET"]}}],"collection":[{"href":"https:\/\/puurexloo.nl\/de\/wp-json\/wp\/v2\/product"}],"about":[{"href":"https:\/\/puurexloo.nl\/de\/wp-json\/wp\/v2\/types\/product"}],"wp:featuredmedia":[{"embeddable":true,"href":"https:\/\/puurexloo.nl\/de\/wp-json\/wp\/v2\/media\/30181"}],"wp:attachment":[{"href":"https:\/\/puurexloo.nl\/de\/wp-json\/wp\/v2\/media?parent=30538"}],"wp:term":[{"taxonomy":"product_brand","embeddable":true,"href":"https:\/\/puurexloo.nl\/de\/wp-json\/wp\/v2\/product_brand?post=30538"},{"taxonomy":"product_cat","embeddable":true,"href":"https:\/\/puurexloo.nl\/de\/wp-json\/wp\/v2\/product_cat?post=30538"},{"taxonomy":"product_tag","embeddable":true,"href":"https:\/\/puurexloo.nl\/de\/wp-json\/wp\/v2\/product_tag?post=30538"}],"curies":[{"name":"wp","href":"https:\/\/api.w.org\/{rel}","templated":true}]}}