{"id":30540,"date":"2024-11-06T15:09:47","date_gmt":"2024-11-06T14:09:47","guid":{"rendered":"https:\/\/puurexloo.nl\/product\/geschenkpaket-sauna-gold-m\/"},"modified":"2024-11-06T15:09:47","modified_gmt":"2024-11-06T14:09:47","slug":"geschenkpaket-sauna-gold-m","status":"publish","type":"product","link":"https:\/\/puurexloo.nl\/de\/product\/geschenkpaket-sauna-gold-m\/","title":{"rendered":"Geschenkpaket Sauna Gold M"},"content":{"rendered":"<h6><strong>Lieferzeiten<\/strong><\/h6>\n<ul>\n<li>\nM<strong>ontag bis Freitag<\/strong>: Bei Bestellung vor 16:00 Uhr erfolgt die Lieferung am selben Tag bis 18:00 Uhr;<\/li>\n<li><strong>Samstag<\/strong>: <strong>vor<\/strong> 12:00 Uhr bestellt, wird am Samstag vor 18:00 Uhr geliefert.<\/li>\n<li><strong>Sonntag<\/strong>: An Sonntagen werden <strong>keine <\/strong>Lieferungen vorgenommen.<\/li>\n<\/ul>\n<h2>Sauna Gold Geschenkset M<\/h2>\n<p>Sauna Gold Geschenkset M enth\u00e4lt die folgenden k\u00f6stlichen Saunad\u00fcfte:<\/p>\n<ul>\n<li>100 ml Birkentee<\/li>\n<li>100 ml Rosenaufguss<\/li>\n<li>100 ml Sauna Gold Fl\u00fcssigkeit<\/li>\n<li>100 ml Orangen-Zedernholz-Aufguss<\/li>\n<li>10 Gramm Menthol-Kristalle<\/li>\n<\/ul>\n<p>Dieses Geschenkpaket wird in einer Geschenkt\u00fcte geliefert.<\/p>\n<h3>Verwenden Sie<\/h3>\n<p>Verwenden Sie 5 ml Saunaaufguss pro Liter Wasser oder Eis im Saunak\u00fcbel. R\u00fchren Sie das Wasser mit der Saunafl\u00fcssigkeit darin um und sch\u00f6pfen Sie die Mischung vom Boden des Saunak\u00fcbels auf den Saunaofen. Die Saunad\u00fcfte in diesem Geschenkpaket k\u00f6nnen auch miteinander kombiniert werden. <\/p>\n","protected":false},"excerpt":{"rendered":"<div class=\"woocommerce-product-details__short-description\">\n<p>Dieses Geschenkpaket enth\u00e4lt blumige, holzige und zitrusartige D\u00fcfte. Dieses Geschenkpaket ist sehr gefragt, denn es enth\u00e4lt die D\u00fcfte, die bei den meisten Saunag\u00e4ngern beliebt sind. Sauna Gold ist der Saunaduft mit Eukalyptus-, Kiefern- und Mentholkristallen.  <\/p>\n<\/div>\n<p>&nbsp;<\/p>\n","protected":false},"featured_media":30203,"template":"","meta":[],"product_brand":[],"product_cat":[441],"product_tag":[],"class_list":{"0":"post-30540","1":"product","2":"type-product","3":"status-publish","4":"has-post-thumbnail","6":"product_cat-saunaenwellness","8":"first","9":"instock","10":"virtual","11":"taxable","12":"purchasable","13":"product-type-simple"},"wcpa_form_fields":null,"_links":{"self":[{"href":"https:\/\/puurexloo.nl\/de\/wp-json\/wp\/v2\/product\/30540","targetHints":{"allow":["GET"]}}],"collection":[{"href":"https:\/\/puurexloo.nl\/de\/wp-json\/wp\/v2\/product"}],"about":[{"href":"https:\/\/puurexloo.nl\/de\/wp-json\/wp\/v2\/types\/product"}],"wp:featuredmedia":[{"embeddable":true,"href":"https:\/\/puurexloo.nl\/de\/wp-json\/wp\/v2\/media\/30203"}],"wp:attachment":[{"href":"https:\/\/puurexloo.nl\/de\/wp-json\/wp\/v2\/media?parent=30540"}],"wp:term":[{"taxonomy":"product_brand","embeddable":true,"href":"https:\/\/puurexloo.nl\/de\/wp-json\/wp\/v2\/product_brand?post=30540"},{"taxonomy":"product_cat","embeddable":true,"href":"https:\/\/puurexloo.nl\/de\/wp-json\/wp\/v2\/product_cat?post=30540"},{"taxonomy":"product_tag","embeddable":true,"href":"https:\/\/puurexloo.nl\/de\/wp-json\/wp\/v2\/product_tag?post=30540"}],"curies":[{"name":"wp","href":"https:\/\/api.w.org\/{rel}","templated":true}]}}