{"id":30556,"date":"2024-11-06T15:09:48","date_gmt":"2024-11-06T14:09:48","guid":{"rendered":"https:\/\/puurexloo.nl\/product\/menthol-kristalle\/"},"modified":"2024-11-06T15:09:48","modified_gmt":"2024-11-06T14:09:48","slug":"menthol-kristalle","status":"publish","type":"product","link":"https:\/\/puurexloo.nl\/de\/product\/menthol-kristalle\/","title":{"rendered":"Menthol-Kristalle"},"content":{"rendered":"<h6><strong>Lieferzeiten<\/strong><\/h6>\n<ul>\n<li>\nM<strong>ontag bis Freitag<\/strong>: Bei Bestellung vor 16:00 Uhr erfolgt die Lieferung am selben Tag bis 18:00 Uhr;<\/li>\n<li><strong>Samstag<\/strong>: An Samstagen werden <strong>keine <\/strong>Lieferungen vorgenommen.<\/li>\n<li><strong>Sonntag<\/strong>: An Sonntagen werden <strong>keine <\/strong>Lieferungen vorgenommen.<\/li>\n<\/ul>\n<p>Pakete nur f\u00fcr Samstag und Sonntag verf\u00fcgbar.<\/p>\n<hr>\n<h2>Duftstoff Menthol-Kristalle<\/h2>\n<p>\u00c4therische Mentholkristalle sind erfrischende, \u00f6lige Kristalle mit einem frischen, scharfen, leicht s\u00fc\u00dfen und minzigen Duft.<\/p>\n<p>Mentholkristalle sind viel erfrischender und st\u00e4rker als Minz\u00f6l und Pfefferminz\u00f6l, da es sich um den reinen Mentholbestandteil handelt, der aus diesen \u00d6len extrahiert wird. Diese Kristalle werden durch Einfrieren des (Pfefferminz-)\u00d6ls gewonnen. In der Sauna kann es Ihnen sogar kalt werden, wenn Sie ein paar Mentholkristalle in das Wasser auf dem Saunaofen geben. <\/p>\n<h3>Operation<\/h3>\n<p>Nat\u00fcrliche, \u00e4therische Mentholkristalle haben eine erfrischende und k\u00fchlende Wirkung. Der frische und leicht stechende Duft hat eine anregende Wirkung auf das Gehirn. Die Kristalle wecken Sie auf und machen Sie munter. Mentholkristalle helfen Ihnen, sich besser zu konzentrieren, indem sie Energie in den Kopf und das Gehirn schicken. Dadurch eignen sich die Kristalle auch zum Lernen in der Schule oder bei der Arbeit. Menthol ist gut, um es verd\u00fcnnt auf fettiger Haut zu verwenden.<br \/>\nDie Kristalle lindern den Juckreiz und haben eine beruhigende Wirkung. Bei Atemwegsproblemen verschaffen Mentholkristalle Linderung und das Einatmen wird von vielen Asthmatikern als angenehm empfunden.<\/p>\n<h4>Wof\u00fcr werden \u00e4therische \u00d6le verwendet?<\/h4>\n<p>Menthol wird seit Jahrzehnten ohne Nebenwirkungen in Arzneimitteln, Kosmetika, Lebensmitteln und Getr\u00e4nken und zum Beispiel in Halsbonbons verwendet.<\/p>\n<h2>Verwenden Sie<\/h2>\n<ul>\n<li><strong>In der Sauna:<\/strong> Geben Sie 2 bis 4 Kristalle in das Wasser in der Saunawanne (lassen Sie sie sich gut aufl\u00f6sen)<\/li>\n<li><strong>In einem Massage\u00f6l:<\/strong> Geben Sie bis zu 1 bis 2 Mentholkristalle auf 250 ml S\u00fc\u00dfmandel\u00f6l f\u00fcr ein nat\u00fcrliches, erfrischendes Massage\u00f6l.<\/li>\n<li><strong>Zum D\u00e4mpfen:<\/strong> 1 bis 2 Kristalle in kochendes Wasser geben und mit einem Handtuch \u00fcber dem Kopf d\u00e4mpfen<\/li>\n<li>Tragen Sie einige in S\u00fc\u00dfmandel\u00f6l verd\u00fcnnte Menthol-Kristalle auf Schl\u00e4fen und Stirn auf, um Spannungskopfschmerzen zu bek\u00e4mpfen.<\/li>\n<\/ul>\n<h3>Warnungen<\/h3>\n<ul>\n<li>Nehmen Sie das \u00e4therische \u00d6l nicht pur ein oder verwenden Sie es nur auf der Haut.<\/li>\n<li>Verwenden Sie es nicht bei Verstopfung und Durchfall.<\/li>\n<li>Bei empfindlicher oder gesch\u00e4digter Haut sollten Sie keine Mentholkristalle verwenden.<\/li>\n<li>Nicht w\u00e4hrend der Schwangerschaft und Stillzeit verwenden.<\/li>\n<li>Nicht bei Kindern unter 2 Jahren anwenden.<\/li>\n<li>Beachten Sie, dass Mentholkristalle viel st\u00e4rker sind als Minz\u00f6l und Pfefferminz\u00f6l. Verwenden Sie sie also sehr sparsam. <\/li>\n<\/ul>\n<h2>Mentholkristalle sind gut zum Mischen und Aufl\u00f6sen in<\/h2>\n<p>Das \u00e4therische \u00d6l l\u00e4sst sich gut mit Zitrusd\u00fcften wie Orange, Zitrone, Zitronengras und Limette kombinieren. Sie lassen sich auch gut mit Lavandin, Lavendel, Eukalyptus und Kiefer kombinieren. Mentholkristalle l\u00f6sen sich etwas weniger gut in Minze und Pfefferminz\u00f6l auf, aber sie lassen sich gut mit diesen kombinieren.  <\/p>\n<h3>Gewinnen<\/h3>\n<p>Menthol ist ein nat\u00fcrlicher Extrakt aus der Pflanze &#8216;Mentha Arvensis&#8217;. Dies ist eine mehrj\u00e4hrige Pflanze, die zur Familie der Lippenbl\u00fctler (Labiatae oder Lamiaceae) geh\u00f6rt. Sie ist eine Pflanze f\u00fcr feuchte bis nasse, n\u00e4hrstoffreiche B\u00f6den: man findet sie auf Ackerland, an Gew\u00e4ssern, in sumpfigen Wiesen, entlang von Mooren und in Laubw\u00e4ldern. Die Pflanze ist in Indien, China und Japan heimisch.<\/p>\n<p>Um Mentholkristalle zu gewinnen, wird das Minz\u00f6l zentrifugiert und wenn es oben abgek\u00fchlt ist, beginnt das Menthol aus dem \u00d6l zu kristallisieren. Et voil\u00e0: Mentholkristalle sind aus dem \u00d6l entstanden! Da die Mentholkristalle aus dem Pfefferminz- oder Minz\u00f6l destilliert werden, haben sie eine fettige Beschichtung aus ihrem Inneren. Dadurch sind die Mentholkristalle zum Beispiel in reinem Alkohol und Eukalyptus\u00f6l l\u00f6slich.<\/p>\n","protected":false},"excerpt":{"rendered":"<div class=\"woocommerce-product-details__short-description\">\n<p>Reine, nat\u00fcrliche Mentholkristalle 10 gr sind feste, farblose Kristalle mit einem frischen Minzaroma. Mentholkristalle reinigen die Luft, erh\u00f6hen die Aufmerksamkeit und Konzentration und erleichtern das Atmen. Sie eignen sich gut zur Verwendung in der Sauna und in Cremes.  <\/p>\n<\/div>\n<p>&nbsp;<\/p>\n","protected":false},"featured_media":30193,"template":"","meta":[],"product_brand":[],"product_cat":[441],"product_tag":[],"class_list":{"0":"post-30556","1":"product","2":"type-product","3":"status-publish","4":"has-post-thumbnail","6":"product_cat-saunaenwellness","8":"first","9":"instock","10":"virtual","11":"taxable","12":"purchasable","13":"product-type-simple"},"wcpa_form_fields":null,"_links":{"self":[{"href":"https:\/\/puurexloo.nl\/de\/wp-json\/wp\/v2\/product\/30556","targetHints":{"allow":["GET"]}}],"collection":[{"href":"https:\/\/puurexloo.nl\/de\/wp-json\/wp\/v2\/product"}],"about":[{"href":"https:\/\/puurexloo.nl\/de\/wp-json\/wp\/v2\/types\/product"}],"wp:featuredmedia":[{"embeddable":true,"href":"https:\/\/puurexloo.nl\/de\/wp-json\/wp\/v2\/media\/30193"}],"wp:attachment":[{"href":"https:\/\/puurexloo.nl\/de\/wp-json\/wp\/v2\/media?parent=30556"}],"wp:term":[{"taxonomy":"product_brand","embeddable":true,"href":"https:\/\/puurexloo.nl\/de\/wp-json\/wp\/v2\/product_brand?post=30556"},{"taxonomy":"product_cat","embeddable":true,"href":"https:\/\/puurexloo.nl\/de\/wp-json\/wp\/v2\/product_cat?post=30556"},{"taxonomy":"product_tag","embeddable":true,"href":"https:\/\/puurexloo.nl\/de\/wp-json\/wp\/v2\/product_tag?post=30556"}],"curies":[{"name":"wp","href":"https:\/\/api.w.org\/{rel}","templated":true}]}}