{"id":30557,"date":"2024-11-06T15:09:49","date_gmt":"2024-11-06T14:09:49","guid":{"rendered":"https:\/\/puurexloo.nl\/product\/gefrorenes-puzzle\/"},"modified":"2024-11-06T15:09:49","modified_gmt":"2024-11-06T14:09:49","slug":"gefrorenes-puzzle","status":"publish","type":"product","link":"https:\/\/puurexloo.nl\/de\/product\/gefrorenes-puzzle\/","title":{"rendered":"Gefrorenes Puzzle"},"content":{"rendered":"<h6><strong>Lieferzeiten<\/strong><\/h6>\n<ul>\n<li>\nM<strong>ontag bis Freitag<\/strong>: Bestellungen vor 16:00 Uhr werden noch am selben Tag vor 18:00 Uhr zugestellt;<\/li>\n<li><strong>Samstag<\/strong>: An Samstagen werden <strong>keine <\/strong>Lieferungen vorgenommen.<\/li>\n<li><strong>Sonntag<\/strong>: An Sonntagen werden <strong>keine <\/strong>Lieferungen vorgenommen.<\/li>\n<\/ul>\n","protected":false},"excerpt":{"rendered":"<p>&nbsp;<\/p>\n<p>Mit diesem wundersch\u00f6nen XXL-Puzzle von Ravensburger wird es kleinen Prinzessinnen nie wieder langweilig! Dieses Puzzle besteht aus 300 gro\u00dfen Teilen, die zusammen ein wundersch\u00f6nes Bild zum Thema Disney Frozen 2 ergeben. Die Puzzleteile im XXL-Format lassen sich leichter zusammensetzen und das Ergebnis ist ein Kunstwerk in Postergr\u00f6\u00dfe, das in keinem Kinderzimmer fehl am Platz wirken wird.<\/p>\n","protected":false},"featured_media":29405,"template":"","meta":[],"product_brand":[],"product_cat":[116,357],"product_tag":[],"class_list":{"0":"post-30557","1":"product","2":"type-product","3":"status-publish","4":"has-post-thumbnail","6":"product_cat-park-activiteiten","7":"product_cat-zomer-activiteiten","9":"first","10":"instock","11":"sale","12":"taxable","13":"shipping-taxable","14":"purchasable","15":"product-type-simple"},"wcpa_form_fields":null,"_links":{"self":[{"href":"https:\/\/puurexloo.nl\/de\/wp-json\/wp\/v2\/product\/30557","targetHints":{"allow":["GET"]}}],"collection":[{"href":"https:\/\/puurexloo.nl\/de\/wp-json\/wp\/v2\/product"}],"about":[{"href":"https:\/\/puurexloo.nl\/de\/wp-json\/wp\/v2\/types\/product"}],"wp:featuredmedia":[{"embeddable":true,"href":"https:\/\/puurexloo.nl\/de\/wp-json\/wp\/v2\/media\/29405"}],"wp:attachment":[{"href":"https:\/\/puurexloo.nl\/de\/wp-json\/wp\/v2\/media?parent=30557"}],"wp:term":[{"taxonomy":"product_brand","embeddable":true,"href":"https:\/\/puurexloo.nl\/de\/wp-json\/wp\/v2\/product_brand?post=30557"},{"taxonomy":"product_cat","embeddable":true,"href":"https:\/\/puurexloo.nl\/de\/wp-json\/wp\/v2\/product_cat?post=30557"},{"taxonomy":"product_tag","embeddable":true,"href":"https:\/\/puurexloo.nl\/de\/wp-json\/wp\/v2\/product_tag?post=30557"}],"curies":[{"name":"wp","href":"https:\/\/api.w.org\/{rel}","templated":true}]}}